{"id":84884,"date":"2019-02-17T19:14:53","date_gmt":"2019-02-17T19:14:53","guid":{"rendered":"https:\/\/carlaszabo.com\/about\/"},"modified":"2026-01-13T12:11:46","modified_gmt":"2026-01-13T12:11:46","slug":"despre","status":"publish","type":"page","link":"https:\/\/carlaszabo.com\/ro\/despre\/","title":{"rendered":"Despre"},"content":{"rendered":"<div class=\"wpb-content-wrapper\"><p>[vc_row padding_bottom_multiplier=&#8221;&#8221;][vc_column column_width_use_pixel=&#8221;yes&#8221; align_horizontal=&#8221;align_center&#8221; gutter_size=&#8221;3&#8243; overlay_alpha=&#8221;50&#8243; shift_x=&#8221;0&#8243; shift_y=&#8221;0&#8243; shift_y_down=&#8221;0&#8243; z_index=&#8221;0&#8243; medium_width=&#8221;0&#8243; mobile_width=&#8221;0&#8243; column_custom_position=&#8221;yes&#8221; position_top=&#8221;minus-3x&#8221; column_width_pixel=&#8221;900&#8243;][vc_custom_heading heading_semantic=&#8221;h5&#8243; text_font=&#8221;font-762333&#8243; text_size=&#8221;h5&#8243; text_weight=&#8221;400&#8243; text_height=&#8221;fontheight-357766&#8243; text_space=&#8221;fontspace-781688&#8243; sub_lead=&#8221;yes&#8221; sub_reduced=&#8221;yes&#8221; css_animation=&#8221;bottom-t-top&#8221; uncode_shortcode_id=&#8221;204426&#8243;]<\/p>\n<p style=\"text-align: justify;\">Carla Szabo, omul \u0219i designerul, traduce via\u021ba interioar\u0103 a oamenilor \u00een bijuterii, abord\u00e2nd teme care reprezint\u0103 tr\u0103irile intime ale fiin\u021bei, tr\u0103iri care ne unesc pe noi, oamenii, \u00een ciuda oric\u0103ror diferen\u021be aparente.<\/p>\n<p style=\"text-align: justify;\">\u201cEste dorin\u021ba mea ca fiecare material \u00een maniera \u00een care acesta este prelucrat, s\u0103 urmeze \u0219i s\u0103 redea structura interioar\u0103 a fiin\u021bei. Astfel, fiecare obiect c\u0103ruia ii dau via\u021b\u0103 pentru oameni, nu este o podoab\u0103 menit\u0103 s\u0103 impresioneze lumea exterioar\u0103, ci o bucurie simpl\u0103, adus\u0103 sufletului l\u0103sat s\u0103 se manifeste \u00een exterior.\u201d<\/p>\n<p>[\/vc_custom_heading][vc_separator sep_color=&#8221;,Default&#8221; css_animation=&#8221;bottom-t-top&#8221; animation_delay=&#8221;200&#8243; el_width=&#8221;150px&#8221; el_height=&#8221;3px&#8221;][\/vc_column][\/vc_row][vc_row padding_bottom_multiplier=&#8221;&#8221;][vc_column column_width_use_pixel=&#8221;yes&#8221; align_horizontal=&#8221;align_center&#8221; gutter_size=&#8221;3&#8243; overlay_alpha=&#8221;50&#8243; shift_x=&#8221;0&#8243; shift_y=&#8221;0&#8243; shift_y_down=&#8221;0&#8243; z_index=&#8221;0&#8243; medium_width=&#8221;0&#8243; mobile_width=&#8221;0&#8243; column_custom_position=&#8221;yes&#8221; position_top=&#8221;minus-3x&#8221; column_width_pixel=&#8221;900&#8243;][vc_custom_heading heading_semantic=&#8221;h5&#8243; text_font=&#8221;font-762333&#8243; text_size=&#8221;fontsize-155944&#8243; text_weight=&#8221;600&#8243; text_transform=&#8221;uppercase&#8221; text_height=&#8221;fontheight-357766&#8243; text_space=&#8221;fontspace-111509&#8243; sub_lead=&#8221;yes&#8221; sub_reduced=&#8221;yes&#8221; css_animation=&#8221;bottom-t-top&#8221; animation_delay=&#8221;300&#8243;]Design Story[\/vc_custom_heading][vc_custom_heading heading_semantic=&#8221;h5&#8243; text_font=&#8221;font-762333&#8243; text_size=&#8221;h5&#8243; text_weight=&#8221;400&#8243; text_height=&#8221;fontheight-357766&#8243; text_space=&#8221;fontspace-781688&#8243; sub_lead=&#8221;yes&#8221; sub_reduced=&#8221;yes&#8221; css_animation=&#8221;bottom-t-top&#8221; animation_delay=&#8221;500&#8243; uncode_shortcode_id=&#8221;152588&#8243;]<\/p>\n<p style=\"text-align: justify;\">Carla Szabo este un designer de bijuterii surprinz\u0103tor. Piesele ei schimb\u0103 cu gra\u0163ie registrul \u015fi trec f\u0103r\u0103 efort de la design conceptual la piese inteligente dar \u015fi la piese amuzante.\u00a0Absolvent\u0103 de arte frumoase, Carla a lucrat mai \u00eent\u00e2i \u00een publicitate \u015fi apoi \u00een design interior. \u00cen 2004, a \u00eenceput s\u0103 fac\u0103 bijuterii. Materialele pe care le folose\u015fte sunt diverse dar are o \u00eenclina\u0163ie c\u0103tre cele de provenien\u0163\u0103 natural\u0103. Colec\u0163iile \u00eei sunt inspirate de natur\u0103 (Botanica, Bugs), de cultur\u0103 urban\u0103 (Funny Stories, Street Life), de istoria trecut\u0103 \u015fi prezent\u0103 (Folk Attack, Pion\u2019ieri\/Pion\u2019azi) dar \u015fi de auto-descoperire ( I AM, Sur-Faces, Articula).<\/p>\n<p>[\/vc_custom_heading][vc_separator sep_color=&#8221;,Default&#8221; css_animation=&#8221;bottom-t-top&#8221; animation_delay=&#8221;600&#8243; el_width=&#8221;150px&#8221; el_height=&#8221;3px&#8221;][\/vc_column][\/vc_row][vc_row padding_bottom_multiplier=&#8221;&#8221;][vc_column column_width_use_pixel=&#8221;yes&#8221; align_horizontal=&#8221;align_center&#8221; gutter_size=&#8221;3&#8243; overlay_alpha=&#8221;50&#8243; shift_x=&#8221;0&#8243; shift_y=&#8221;0&#8243; shift_y_down=&#8221;0&#8243; z_index=&#8221;0&#8243; medium_width=&#8221;0&#8243; mobile_width=&#8221;0&#8243; column_custom_position=&#8221;yes&#8221; position_top=&#8221;minus-3x&#8221; column_width_pixel=&#8221;900&#8243;][vc_custom_heading heading_semantic=&#8221;h5&#8243; text_font=&#8221;font-762333&#8243; text_size=&#8221;fontsize-155944&#8243; text_weight=&#8221;600&#8243; text_transform=&#8221;uppercase&#8221; text_height=&#8221;fontheight-357766&#8243; text_space=&#8221;fontspace-111509&#8243; sub_lead=&#8221;yes&#8221; sub_reduced=&#8221;yes&#8221; css_animation=&#8221;bottom-t-top&#8221; animation_delay=&#8221;700&#8243;]Corporate[\/vc_custom_heading][vc_custom_heading heading_semantic=&#8221;h5&#8243; text_font=&#8221;font-762333&#8243; text_size=&#8221;h5&#8243; text_weight=&#8221;400&#8243; text_height=&#8221;fontheight-357766&#8243; text_space=&#8221;fontspace-781688&#8243; sub_lead=&#8221;yes&#8221; sub_reduced=&#8221;yes&#8221; css_animation=&#8221;bottom-t-top&#8221; animation_delay=&#8221;800&#8243;]<\/p>\n<p style=\"text-align: justify;\">Carla colaboreaz\u0103, de asemenea, cu agen\u021bii de publicitate locale sau cu branduri importante de pe pia\u021b\u0103, pentru care a creat obiecte personalizate. Av\u00e2nd \u00eentotdeauna \u00een minte obiectivele clientului, Carla g\u0103se\u0219te solu\u021bii creative pentru orice tem\u0103 primit\u0103. Piesele sale conceptuale se caracterizeaz\u0103 prin integrarea subtil\u0103 a elementelor de branding, o aten\u021bie deosebit\u0103 la detalii \u0219i o execu\u021bie precis\u0103. \u00cei place s\u0103 se joace cu diverse materiale \u0219i s\u0103 \u00eembine tehnici de produc\u021bie tradi\u021bionale \u0219i inovatoare. Acesta este modul \u00een care obiectele promo\u021bionale devin piese dorite de oricine.<\/p>\n<p>[\/vc_custom_heading][vc_empty_space empty_h=&#8221;3&#8243;][\/vc_column][\/vc_row]<\/p>\n<\/div>","protected":false},"excerpt":{"rendered":"<p>[vc_row padding_bottom_multiplier=&#8221;&#8221;][vc_column column_width_use_pixel=&#8221;yes&#8221; align_horizontal=&#8221;align_center&#8221; gutter_size=&#8221;3&#8243; overlay_alpha=&#8221;50&#8243; shift_x=&#8221;0&#8243; shift_y=&#8221;0&#8243; shift_y_down=&#8221;0&#8243; z_index=&#8221;0&#8243; medium_width=&#8221;0&#8243; mobile_width=&#8221;0&#8243; column_custom_position=&#8221;yes&#8221; position_top=&#8221;minus-3x&#8221; column_width_pixel=&#8221;900&#8243;][vc_custom_heading heading_semantic=&#8221;h5&#8243; text_font=&#8221;font-762333&#8243; text_size=&#8221;h5&#8243; text_weight=&#8221;400&#8243; text_height=&#8221;fontheight-357766&#8243; [&hellip;]<\/p>\n","protected":false},"author":1,"featured_media":0,"parent":0,"menu_order":0,"comment_status":"closed","ping_status":"closed","template":"","meta":{"footnotes":""},"class_list":["post-84884","page","type-page","status-publish","hentry"],"yoast_head":"<!-- This site is optimized with the Yoast SEO plugin v27.6 - https:\/\/yoast.com\/product\/yoast-seo-wordpress\/ -->\n<title>Despre | Carla Szabo<\/title>\n<meta name=\"description\" content=\"Absolvent\u0103 de arte frumoase, Carla a lucrat mai \u00eent\u00e2i \u00een publicitate \u015fi apoi \u00een design interior. \u00cen 2004, a \u00eenceput s\u0103 fac\u0103 bijuterii. \u00cen anii urm\u0103tori, a devenit unul dintre cei mai importan\u0163i creatori de bijuterie din \u0163ar\u0103, fiecare nou\u0103 colec\u0163ie aduc\u00e2nd un nou punct de vedere asupra universului s\u0103u ingenios.\" \/>\n<meta name=\"robots\" content=\"index, follow, max-snippet:-1, max-image-preview:large, max-video-preview:-1\" \/>\n<link rel=\"canonical\" href=\"https:\/\/carlaszabo.com\/ro\/despre\/\" \/>\n<meta property=\"og:locale\" content=\"ro_RO\" \/>\n<meta property=\"og:type\" content=\"article\" \/>\n<meta property=\"og:title\" content=\"About | Carla Szabo\" \/>\n<meta property=\"og:description\" content=\"Absolvent\u0103 de arte frumoase, Carla a lucrat mai \u00eent\u00e2i \u00een publicitate \u015fi apoi \u00een design interior. \u00cen 2004, a \u00eenceput s\u0103 fac\u0103 bijuterii. \u00cen anii urm\u0103tori, a devenit unul dintre cei mai importan\u0163i creatori de bijuterie din \u0163ar\u0103, fiecare nou\u0103 colec\u0163ie aduc\u00e2nd un nou punct de vedere asupra universului s\u0103u ingenios.\" \/>\n<meta property=\"og:url\" content=\"https:\/\/carlaszabo.com\/ro\/despre\/\" \/>\n<meta property=\"og:site_name\" content=\"Carla Szabo\" \/>\n<meta property=\"article:modified_time\" content=\"2026-01-13T12:11:46+00:00\" \/>\n<meta property=\"og:image\" content=\"https:\/\/carlaszabo.com\/wp-content\/uploads\/2019\/09\/about.jpg\" \/>\n\t<meta property=\"og:image:width\" content=\"1920\" \/>\n\t<meta property=\"og:image:height\" content=\"1080\" \/>\n\t<meta property=\"og:image:type\" content=\"image\/jpeg\" \/>\n<meta name=\"twitter:card\" content=\"summary_large_image\" \/>\n<meta name=\"twitter:label1\" content=\"Timp estimat pentru citire\" \/>\n\t<meta name=\"twitter:data1\" content=\"3 minute\" \/>\n<script type=\"application\/ld+json\" class=\"yoast-schema-graph\">{\"@context\":\"https:\\\/\\\/schema.org\",\"@graph\":[{\"@type\":\"WebPage\",\"@id\":\"https:\\\/\\\/carlaszabo.com\\\/ro\\\/despre\\\/\",\"url\":\"https:\\\/\\\/carlaszabo.com\\\/ro\\\/despre\\\/\",\"name\":\"Despre | Carla Szabo\",\"isPartOf\":{\"@id\":\"https:\\\/\\\/carlaszabo.com\\\/ro\\\/#website\"},\"datePublished\":\"2019-02-17T19:14:53+00:00\",\"dateModified\":\"2026-01-13T12:11:46+00:00\",\"description\":\"Absolvent\u0103 de arte frumoase, Carla a lucrat mai \u00eent\u00e2i \u00een publicitate \u015fi apoi \u00een design interior. \u00cen 2004, a \u00eenceput s\u0103 fac\u0103 bijuterii. \u00cen anii urm\u0103tori, a devenit unul dintre cei mai importan\u0163i creatori de bijuterie din \u0163ar\u0103, fiecare nou\u0103 colec\u0163ie aduc\u00e2nd un nou punct de vedere asupra universului s\u0103u ingenios.\",\"breadcrumb\":{\"@id\":\"https:\\\/\\\/carlaszabo.com\\\/ro\\\/despre\\\/#breadcrumb\"},\"inLanguage\":\"ro-RO\",\"potentialAction\":[{\"@type\":\"ReadAction\",\"target\":[\"https:\\\/\\\/carlaszabo.com\\\/ro\\\/despre\\\/\"]}]},{\"@type\":\"BreadcrumbList\",\"@id\":\"https:\\\/\\\/carlaszabo.com\\\/ro\\\/despre\\\/#breadcrumb\",\"itemListElement\":[{\"@type\":\"ListItem\",\"position\":1,\"name\":\"Home\",\"item\":\"https:\\\/\\\/carlaszabo.com\\\/ro\\\/\"},{\"@type\":\"ListItem\",\"position\":2,\"name\":\"Despre\"}]},{\"@type\":\"WebSite\",\"@id\":\"https:\\\/\\\/carlaszabo.com\\\/ro\\\/#website\",\"url\":\"https:\\\/\\\/carlaszabo.com\\\/ro\\\/\",\"name\":\"Carla Szabo\",\"description\":\"\",\"publisher\":{\"@id\":\"https:\\\/\\\/carlaszabo.com\\\/ro\\\/#organization\"},\"potentialAction\":[{\"@type\":\"SearchAction\",\"target\":{\"@type\":\"EntryPoint\",\"urlTemplate\":\"https:\\\/\\\/carlaszabo.com\\\/ro\\\/?s={search_term_string}\"},\"query-input\":{\"@type\":\"PropertyValueSpecification\",\"valueRequired\":true,\"valueName\":\"search_term_string\"}}],\"inLanguage\":\"ro-RO\"},{\"@type\":\"Organization\",\"@id\":\"https:\\\/\\\/carlaszabo.com\\\/ro\\\/#organization\",\"name\":\"Carla Szabo\",\"url\":\"https:\\\/\\\/carlaszabo.com\\\/ro\\\/\",\"logo\":{\"@type\":\"ImageObject\",\"inLanguage\":\"ro-RO\",\"@id\":\"https:\\\/\\\/carlaszabo.com\\\/ro\\\/#\\\/schema\\\/logo\\\/image\\\/\",\"url\":\"https:\\\/\\\/carlaszabo.com\\\/wp-content\\\/uploads\\\/2017\\\/09\\\/carla-logo.png\",\"contentUrl\":\"https:\\\/\\\/carlaszabo.com\\\/wp-content\\\/uploads\\\/2017\\\/09\\\/carla-logo.png\",\"width\":370,\"height\":49,\"caption\":\"Carla Szabo\"},\"image\":{\"@id\":\"https:\\\/\\\/carlaszabo.com\\\/ro\\\/#\\\/schema\\\/logo\\\/image\\\/\"}}]}<\/script>\n<!-- \/ Yoast SEO plugin. -->","yoast_head_json":{"title":"Despre | Carla Szabo","description":"Absolvent\u0103 de arte frumoase, Carla a lucrat mai \u00eent\u00e2i \u00een publicitate \u015fi apoi \u00een design interior. \u00cen 2004, a \u00eenceput s\u0103 fac\u0103 bijuterii. \u00cen anii urm\u0103tori, a devenit unul dintre cei mai importan\u0163i creatori de bijuterie din \u0163ar\u0103, fiecare nou\u0103 colec\u0163ie aduc\u00e2nd un nou punct de vedere asupra universului s\u0103u ingenios.","robots":{"index":"index","follow":"follow","max-snippet":"max-snippet:-1","max-image-preview":"max-image-preview:large","max-video-preview":"max-video-preview:-1"},"canonical":"https:\/\/carlaszabo.com\/ro\/despre\/","og_locale":"ro_RO","og_type":"article","og_title":"About | Carla Szabo","og_description":"Absolvent\u0103 de arte frumoase, Carla a lucrat mai \u00eent\u00e2i \u00een publicitate \u015fi apoi \u00een design interior. \u00cen 2004, a \u00eenceput s\u0103 fac\u0103 bijuterii. \u00cen anii urm\u0103tori, a devenit unul dintre cei mai importan\u0163i creatori de bijuterie din \u0163ar\u0103, fiecare nou\u0103 colec\u0163ie aduc\u00e2nd un nou punct de vedere asupra universului s\u0103u ingenios.","og_url":"https:\/\/carlaszabo.com\/ro\/despre\/","og_site_name":"Carla Szabo","article_modified_time":"2026-01-13T12:11:46+00:00","og_image":[{"width":1920,"height":1080,"url":"https:\/\/carlaszabo.com\/wp-content\/uploads\/2019\/09\/about.jpg","type":"image\/jpeg"}],"twitter_card":"summary_large_image","twitter_misc":{"Timp estimat pentru citire":"3 minute"},"schema":{"@context":"https:\/\/schema.org","@graph":[{"@type":"WebPage","@id":"https:\/\/carlaszabo.com\/ro\/despre\/","url":"https:\/\/carlaszabo.com\/ro\/despre\/","name":"Despre | Carla Szabo","isPartOf":{"@id":"https:\/\/carlaszabo.com\/ro\/#website"},"datePublished":"2019-02-17T19:14:53+00:00","dateModified":"2026-01-13T12:11:46+00:00","description":"Absolvent\u0103 de arte frumoase, Carla a lucrat mai \u00eent\u00e2i \u00een publicitate \u015fi apoi \u00een design interior. \u00cen 2004, a \u00eenceput s\u0103 fac\u0103 bijuterii. \u00cen anii urm\u0103tori, a devenit unul dintre cei mai importan\u0163i creatori de bijuterie din \u0163ar\u0103, fiecare nou\u0103 colec\u0163ie aduc\u00e2nd un nou punct de vedere asupra universului s\u0103u ingenios.","breadcrumb":{"@id":"https:\/\/carlaszabo.com\/ro\/despre\/#breadcrumb"},"inLanguage":"ro-RO","potentialAction":[{"@type":"ReadAction","target":["https:\/\/carlaszabo.com\/ro\/despre\/"]}]},{"@type":"BreadcrumbList","@id":"https:\/\/carlaszabo.com\/ro\/despre\/#breadcrumb","itemListElement":[{"@type":"ListItem","position":1,"name":"Home","item":"https:\/\/carlaszabo.com\/ro\/"},{"@type":"ListItem","position":2,"name":"Despre"}]},{"@type":"WebSite","@id":"https:\/\/carlaszabo.com\/ro\/#website","url":"https:\/\/carlaszabo.com\/ro\/","name":"Carla Szabo","description":"","publisher":{"@id":"https:\/\/carlaszabo.com\/ro\/#organization"},"potentialAction":[{"@type":"SearchAction","target":{"@type":"EntryPoint","urlTemplate":"https:\/\/carlaszabo.com\/ro\/?s={search_term_string}"},"query-input":{"@type":"PropertyValueSpecification","valueRequired":true,"valueName":"search_term_string"}}],"inLanguage":"ro-RO"},{"@type":"Organization","@id":"https:\/\/carlaszabo.com\/ro\/#organization","name":"Carla Szabo","url":"https:\/\/carlaszabo.com\/ro\/","logo":{"@type":"ImageObject","inLanguage":"ro-RO","@id":"https:\/\/carlaszabo.com\/ro\/#\/schema\/logo\/image\/","url":"https:\/\/carlaszabo.com\/wp-content\/uploads\/2017\/09\/carla-logo.png","contentUrl":"https:\/\/carlaszabo.com\/wp-content\/uploads\/2017\/09\/carla-logo.png","width":370,"height":49,"caption":"Carla Szabo"},"image":{"@id":"https:\/\/carlaszabo.com\/ro\/#\/schema\/logo\/image\/"}}]}},"_links":{"self":[{"href":"https:\/\/carlaszabo.com\/ro\/wp-json\/wp\/v2\/pages\/84884","targetHints":{"allow":["GET"]}}],"collection":[{"href":"https:\/\/carlaszabo.com\/ro\/wp-json\/wp\/v2\/pages"}],"about":[{"href":"https:\/\/carlaszabo.com\/ro\/wp-json\/wp\/v2\/types\/page"}],"author":[{"embeddable":true,"href":"https:\/\/carlaszabo.com\/ro\/wp-json\/wp\/v2\/users\/1"}],"replies":[{"embeddable":true,"href":"https:\/\/carlaszabo.com\/ro\/wp-json\/wp\/v2\/comments?post=84884"}],"version-history":[{"count":5,"href":"https:\/\/carlaszabo.com\/ro\/wp-json\/wp\/v2\/pages\/84884\/revisions"}],"predecessor-version":[{"id":378648,"href":"https:\/\/carlaszabo.com\/ro\/wp-json\/wp\/v2\/pages\/84884\/revisions\/378648"}],"wp:attachment":[{"href":"https:\/\/carlaszabo.com\/ro\/wp-json\/wp\/v2\/media?parent=84884"}],"curies":[{"name":"wp","href":"https:\/\/api.w.org\/{rel}","templated":true}]}}