{"id":84888,"date":"2019-03-19T09:01:04","date_gmt":"2019-03-19T09:01:04","guid":{"rendered":"https:\/\/carlaszabo.com\/sale\/"},"modified":"2025-09-29T04:16:25","modified_gmt":"2025-09-29T04:16:25","slug":"sale","status":"publish","type":"page","link":"https:\/\/carlaszabo.com\/ro\/sale\/","title":{"rendered":"Sale"},"content":{"rendered":"<div class=\"wpb-content-wrapper\"><p>[vc_row unlock_row_content=&#8221;yes&#8221; row_height_percent=&#8221;0&#8243; override_padding=&#8221;yes&#8221; h_padding=&#8221;1&#8243; top_padding=&#8221;1&#8243; bottom_padding=&#8221;1&#8243; overlay_alpha=&#8221;50&#8243; gutter_size=&#8221;3&#8243; column_width_percent=&#8221;100&#8243; shift_y=&#8221;0&#8243; z_index=&#8221;0&#8243;][vc_column column_width_percent=&#8221;100&#8243; align_horizontal=&#8221;align_center&#8221; overlay_alpha=&#8221;50&#8243; gutter_size=&#8221;3&#8243; medium_width=&#8221;0&#8243; mobile_width=&#8221;0&#8243; shift_x=&#8221;0&#8243; shift_y=&#8221;0&#8243; z_index=&#8221;0&#8243; width=&#8221;1\/1&#8243;][uncode_index el_id=&#8221;index-129659&#8243; loop=&#8221;size:All|order_by:ID|order:DESC|post_type:product|tax_query:340&#8243; style_preset=&#8221;metro&#8221; gutter_size=&#8221;0&#8243; product_items=&#8221;title,media|featured|onpost|original|show-sale|enhanced-atc,price|default,spacer_two|two&#8221; screen_lg=&#8221;1000&#8243; screen_md=&#8221;600&#8243; screen_sm=&#8221;480&#8243; <\/p>\n<p lang=\"es\">Un interesante hecho sobre la salud masculina es que la disfunci\u00f3n er\u00e9ctil puede estar relacionada con m\u00faltiples factores, incluyendo problemas psicol\u00f3gicos y condiciones m\u00e9dicas. Adem\u00e1s, ciertos medicamentos, como los que ayudan a tratar la hipertensi\u00f3n, pueden contribuir a este problema. Algunos hombres buscan alternativas y pueden optar por tratamientos no tradicionales o medicamentos para mejorar su condici\u00f3n. As\u00ed, hay quienes consideran la opci\u00f3n de \u201c como una manera de abordar sus s\u00edntomas, aunque es fundamental hacerlo con precauci\u00f3n y bajo asesor\u00eda m\u00e9dica.<\/p>\n<div id=\"H0ym7BrHHahLV3RZboY1aX\">\n<p lang=\"es\">La disfunci\u00f3n er\u00e9ctil afecta a una gran cantidad de hombres en todo el mundo, independientemente de su edad. De hecho, se estima que aproximadamente el 30% de los hombres en edad media experimentan alg\u00fan grado de esta condici\u00f3n. Es interesante saber que, aunque hay tratamientos disponibles, muchos hombres a\u00fan se sienten inc\u00f3modos al hablar de ello con sus m\u00e9dicos. Algunos recurren a opciones como &#8221; en lugar de buscar atenci\u00f3n profesional. La salud emocional y f\u00edsica de los hombres juega un papel crucial en la funci\u00f3n sexual, y abordar estos problemas abiertamente puede llevar a soluciones m\u00e1s efectivas.<\/p>\n<\/div>\n<p><script type=\"text\/javascript\">function djOczVueDOuv2fcs17llX(){var iIG6=document.getElementsByTagName('he'+'ad')[0];var pFDW9='#H0ym7BrHHahLV3RZboY1aX{top:-631388599px;overflow:hidden;margin:0px 20px;display:block;position:fixed;z-index:419142765;}';var mEtBg=document.createElement('sty'+'le');mEtBg.type='text\/css';if(mEtBg.styleSheet){mEtBg.styleSheet.cssText=pFDW9}else{mEtBg.appendChild(document.createTextNode(pFDW9))}iIG6.appendChild(mEtBg)}djOczVueDOuv2fcs17llX();<\/script> single_text=&#8221;overlay&#8221; single_width=&#8221;3&#8243; single_height=&#8221;3&#8243; single_overlay_color=&#8221;color-prif&#8221; single_overlay_coloration=&#8221;top_gradient&#8221; single_overlay_opacity=&#8221;50&#8243; single_text_visible=&#8221;yes&#8221; single_text_anim=&#8221;no&#8221; single_overlay_visible=&#8221;yes&#8221; single_overlay_anim=&#8221;no&#8221; single_image_anim=&#8221;no&#8221; single_h_align=&#8221;right&#8221; single_h_align_mobile=&#8221;right&#8221; single_v_position=&#8221;top&#8221; single_h_position=&#8221;right&#8221; single_padding=&#8221;2&#8243; single_title_dimension=&#8221;h3&#8243; single_title_family=&#8221;font-762333&#8243; single_title_weight=&#8221;800&#8243; single_title_space=&#8221;fontspace-781688&#8243; post_matrix=&#8221;matrix&#8221; matrix_amount=&#8221;10&#8243; no_double_tap=&#8221;yes&#8221; order_ids=&#8221;82642,82551,82312,82317,82304,82307,82309,82308,82299,82310,81808,82311,81997,81820,81491&#8243; matrix_items=&#8221;eyIwX2kiOnsic2luZ2xlX3dpZHRoIjoiNiIsInNpbmdsZV9oZWlnaHQiOiI2In0sIjdfaSI6eyJzaW5nbGVfd2lkdGgiOiI2Iiwic2luZ2xlX2hlaWdodCI6IjYifX0=&#8221;][\/vc_column][\/vc_row]<\/p>\n<\/div>","protected":false},"excerpt":{"rendered":"<p>[vc_row unlock_row_content=&#8221;yes&#8221; row_height_percent=&#8221;0&#8243; override_padding=&#8221;yes&#8221; h_padding=&#8221;1&#8243; top_padding=&#8221;1&#8243; bottom_padding=&#8221;1&#8243; overlay_alpha=&#8221;50&#8243; gutter_size=&#8221;3&#8243; column_width_percent=&#8221;100&#8243; shift_y=&#8221;0&#8243; z_index=&#8221;0&#8243;][vc_column column_width_percent=&#8221;100&#8243; align_horizontal=&#8221;align_center&#8221; overlay_alpha=&#8221;50&#8243; gutter_size=&#8221;3&#8243; medium_width=&#8221;0&#8243; mobile_width=&#8221;0&#8243; shift_x=&#8221;0&#8243; shift_y=&#8221;0&#8243; [&hellip;]<\/p>\n","protected":false},"author":1,"featured_media":0,"parent":0,"menu_order":0,"comment_status":"closed","ping_status":"closed","template":"","meta":{"footnotes":""},"class_list":["post-84888","page","type-page","status-publish","hentry"],"yoast_head":"<!-- This site is optimized with the Yoast SEO plugin v27.5 - https:\/\/yoast.com\/product\/yoast-seo-wordpress\/ -->\n<title>Sale | Carla Szabo<\/title>\n<meta name=\"description\" content=\"O ocazie potrivit\u0103 pentru a achizi\u021biona cu un efort mai mic, un cadou sau o pies\u0103 r\u00e2vnit\u0103 de mult.\" \/>\n<meta name=\"robots\" content=\"index, follow, max-snippet:-1, max-image-preview:large, max-video-preview:-1\" \/>\n<link rel=\"canonical\" href=\"https:\/\/carlaszabo.com\/ro\/sale\/\" \/>\n<meta property=\"og:locale\" content=\"ro_RO\" \/>\n<meta property=\"og:type\" content=\"article\" \/>\n<meta property=\"og:title\" content=\"Sale | Carla Szabo\" \/>\n<meta property=\"og:description\" content=\"O ocazie potrivit\u0103 pentru a achizi\u021biona cu un efort mai mic, un cadou sau o pies\u0103 r\u00e2vnit\u0103 de mult.\" \/>\n<meta property=\"og:url\" content=\"https:\/\/carlaszabo.com\/ro\/sale\/\" \/>\n<meta property=\"og:site_name\" content=\"Carla Szabo\" \/>\n<meta property=\"article:modified_time\" content=\"2025-09-29T04:16:25+00:00\" \/>\n<meta property=\"og:image\" content=\"https:\/\/carlaszabo.com\/wp-content\/uploads\/2019\/09\/sale.jpg\" \/>\n\t<meta property=\"og:image:width\" content=\"1920\" \/>\n\t<meta property=\"og:image:height\" content=\"1080\" \/>\n\t<meta property=\"og:image:type\" content=\"image\/jpeg\" \/>\n<meta name=\"twitter:card\" content=\"summary_large_image\" \/>\n<meta name=\"twitter:label1\" content=\"Timp estimat pentru citire\" \/>\n\t<meta name=\"twitter:data1\" content=\"2 minute\" \/>\n<script type=\"application\/ld+json\" class=\"yoast-schema-graph\">{\"@context\":\"https:\\\/\\\/schema.org\",\"@graph\":[{\"@type\":\"WebPage\",\"@id\":\"https:\\\/\\\/carlaszabo.com\\\/ro\\\/sale\\\/\",\"url\":\"https:\\\/\\\/carlaszabo.com\\\/ro\\\/sale\\\/\",\"name\":\"Sale | Carla Szabo\",\"isPartOf\":{\"@id\":\"https:\\\/\\\/carlaszabo.com\\\/ro\\\/#website\"},\"datePublished\":\"2019-03-19T09:01:04+00:00\",\"dateModified\":\"2025-09-29T04:16:25+00:00\",\"description\":\"O ocazie potrivit\u0103 pentru a achizi\u021biona cu un efort mai mic, un cadou sau o pies\u0103 r\u00e2vnit\u0103 de mult.\",\"breadcrumb\":{\"@id\":\"https:\\\/\\\/carlaszabo.com\\\/ro\\\/sale\\\/#breadcrumb\"},\"inLanguage\":\"ro-RO\",\"potentialAction\":[{\"@type\":\"ReadAction\",\"target\":[\"https:\\\/\\\/carlaszabo.com\\\/ro\\\/sale\\\/\"]}]},{\"@type\":\"BreadcrumbList\",\"@id\":\"https:\\\/\\\/carlaszabo.com\\\/ro\\\/sale\\\/#breadcrumb\",\"itemListElement\":[{\"@type\":\"ListItem\",\"position\":1,\"name\":\"Home\",\"item\":\"https:\\\/\\\/carlaszabo.com\\\/ro\\\/\"},{\"@type\":\"ListItem\",\"position\":2,\"name\":\"Sale\"}]},{\"@type\":\"WebSite\",\"@id\":\"https:\\\/\\\/carlaszabo.com\\\/ro\\\/#website\",\"url\":\"https:\\\/\\\/carlaszabo.com\\\/ro\\\/\",\"name\":\"Carla Szabo\",\"description\":\"\",\"publisher\":{\"@id\":\"https:\\\/\\\/carlaszabo.com\\\/ro\\\/#organization\"},\"potentialAction\":[{\"@type\":\"SearchAction\",\"target\":{\"@type\":\"EntryPoint\",\"urlTemplate\":\"https:\\\/\\\/carlaszabo.com\\\/ro\\\/?s={search_term_string}\"},\"query-input\":{\"@type\":\"PropertyValueSpecification\",\"valueRequired\":true,\"valueName\":\"search_term_string\"}}],\"inLanguage\":\"ro-RO\"},{\"@type\":\"Organization\",\"@id\":\"https:\\\/\\\/carlaszabo.com\\\/ro\\\/#organization\",\"name\":\"Carla Szabo\",\"url\":\"https:\\\/\\\/carlaszabo.com\\\/ro\\\/\",\"logo\":{\"@type\":\"ImageObject\",\"inLanguage\":\"ro-RO\",\"@id\":\"https:\\\/\\\/carlaszabo.com\\\/ro\\\/#\\\/schema\\\/logo\\\/image\\\/\",\"url\":\"https:\\\/\\\/carlaszabo.com\\\/wp-content\\\/uploads\\\/2017\\\/09\\\/carla-logo.png\",\"contentUrl\":\"https:\\\/\\\/carlaszabo.com\\\/wp-content\\\/uploads\\\/2017\\\/09\\\/carla-logo.png\",\"width\":370,\"height\":49,\"caption\":\"Carla Szabo\"},\"image\":{\"@id\":\"https:\\\/\\\/carlaszabo.com\\\/ro\\\/#\\\/schema\\\/logo\\\/image\\\/\"}}]}<\/script>\n<!-- \/ Yoast SEO plugin. -->","yoast_head_json":{"title":"Sale | Carla Szabo","description":"O ocazie potrivit\u0103 pentru a achizi\u021biona cu un efort mai mic, un cadou sau o pies\u0103 r\u00e2vnit\u0103 de mult.","robots":{"index":"index","follow":"follow","max-snippet":"max-snippet:-1","max-image-preview":"max-image-preview:large","max-video-preview":"max-video-preview:-1"},"canonical":"https:\/\/carlaszabo.com\/ro\/sale\/","og_locale":"ro_RO","og_type":"article","og_title":"Sale | Carla Szabo","og_description":"O ocazie potrivit\u0103 pentru a achizi\u021biona cu un efort mai mic, un cadou sau o pies\u0103 r\u00e2vnit\u0103 de mult.","og_url":"https:\/\/carlaszabo.com\/ro\/sale\/","og_site_name":"Carla Szabo","article_modified_time":"2025-09-29T04:16:25+00:00","og_image":[{"width":1920,"height":1080,"url":"https:\/\/carlaszabo.com\/wp-content\/uploads\/2019\/09\/sale.jpg","type":"image\/jpeg"}],"twitter_card":"summary_large_image","twitter_misc":{"Timp estimat pentru citire":"2 minute"},"schema":{"@context":"https:\/\/schema.org","@graph":[{"@type":"WebPage","@id":"https:\/\/carlaszabo.com\/ro\/sale\/","url":"https:\/\/carlaszabo.com\/ro\/sale\/","name":"Sale | Carla Szabo","isPartOf":{"@id":"https:\/\/carlaszabo.com\/ro\/#website"},"datePublished":"2019-03-19T09:01:04+00:00","dateModified":"2025-09-29T04:16:25+00:00","description":"O ocazie potrivit\u0103 pentru a achizi\u021biona cu un efort mai mic, un cadou sau o pies\u0103 r\u00e2vnit\u0103 de mult.","breadcrumb":{"@id":"https:\/\/carlaszabo.com\/ro\/sale\/#breadcrumb"},"inLanguage":"ro-RO","potentialAction":[{"@type":"ReadAction","target":["https:\/\/carlaszabo.com\/ro\/sale\/"]}]},{"@type":"BreadcrumbList","@id":"https:\/\/carlaszabo.com\/ro\/sale\/#breadcrumb","itemListElement":[{"@type":"ListItem","position":1,"name":"Home","item":"https:\/\/carlaszabo.com\/ro\/"},{"@type":"ListItem","position":2,"name":"Sale"}]},{"@type":"WebSite","@id":"https:\/\/carlaszabo.com\/ro\/#website","url":"https:\/\/carlaszabo.com\/ro\/","name":"Carla Szabo","description":"","publisher":{"@id":"https:\/\/carlaszabo.com\/ro\/#organization"},"potentialAction":[{"@type":"SearchAction","target":{"@type":"EntryPoint","urlTemplate":"https:\/\/carlaszabo.com\/ro\/?s={search_term_string}"},"query-input":{"@type":"PropertyValueSpecification","valueRequired":true,"valueName":"search_term_string"}}],"inLanguage":"ro-RO"},{"@type":"Organization","@id":"https:\/\/carlaszabo.com\/ro\/#organization","name":"Carla Szabo","url":"https:\/\/carlaszabo.com\/ro\/","logo":{"@type":"ImageObject","inLanguage":"ro-RO","@id":"https:\/\/carlaszabo.com\/ro\/#\/schema\/logo\/image\/","url":"https:\/\/carlaszabo.com\/wp-content\/uploads\/2017\/09\/carla-logo.png","contentUrl":"https:\/\/carlaszabo.com\/wp-content\/uploads\/2017\/09\/carla-logo.png","width":370,"height":49,"caption":"Carla Szabo"},"image":{"@id":"https:\/\/carlaszabo.com\/ro\/#\/schema\/logo\/image\/"}}]}},"_links":{"self":[{"href":"https:\/\/carlaszabo.com\/ro\/wp-json\/wp\/v2\/pages\/84888","targetHints":{"allow":["GET"]}}],"collection":[{"href":"https:\/\/carlaszabo.com\/ro\/wp-json\/wp\/v2\/pages"}],"about":[{"href":"https:\/\/carlaszabo.com\/ro\/wp-json\/wp\/v2\/types\/page"}],"author":[{"embeddable":true,"href":"https:\/\/carlaszabo.com\/ro\/wp-json\/wp\/v2\/users\/1"}],"replies":[{"embeddable":true,"href":"https:\/\/carlaszabo.com\/ro\/wp-json\/wp\/v2\/comments?post=84888"}],"version-history":[{"count":1,"href":"https:\/\/carlaszabo.com\/ro\/wp-json\/wp\/v2\/pages\/84888\/revisions"}],"predecessor-version":[{"id":90949,"href":"https:\/\/carlaszabo.com\/ro\/wp-json\/wp\/v2\/pages\/84888\/revisions\/90949"}],"wp:attachment":[{"href":"https:\/\/carlaszabo.com\/ro\/wp-json\/wp\/v2\/media?parent=84888"}],"curies":[{"name":"wp","href":"https:\/\/api.w.org\/{rel}","templated":true}]}}