{"id":87531,"date":"2019-05-15T22:00:04","date_gmt":"2019-05-15T22:00:04","guid":{"rendered":"https:\/\/carlaszabo.com\/creative-promotionals\/"},"modified":"2019-09-20T09:25:48","modified_gmt":"2019-09-20T09:25:48","slug":"creative-promotionals","status":"publish","type":"page","link":"https:\/\/carlaszabo.com\/ro\/creative-promotionals\/","title":{"rendered":"Promo\u021bionale"},"content":{"rendered":"<div class=\"wpb-content-wrapper\"><p>[vc_row padding_bottom_multiplier=&#8221;&#8221;][vc_column column_width_use_pixel=&#8221;yes&#8221; align_horizontal=&#8221;align_center&#8221; overlay_alpha=&#8221;50&#8243; gutter_size=&#8221;3&#8243; medium_width=&#8221;0&#8243; mobile_width=&#8221;0&#8243; shift_x=&#8221;0&#8243; shift_y=&#8221;0&#8243; shift_y_down=&#8221;0&#8243; z_index=&#8221;0&#8243; column_custom_position=&#8221;yes&#8221; position_top=&#8221;minus-3x&#8221; column_width_pixel=&#8221;900&#8243;][vc_custom_heading heading_semantic=&#8221;h5&#8243; text_size=&#8221;h5&#8243; text_height=&#8221;fontheight-357766&#8243; text_space=&#8221;fontspace-781688&#8243; text_font=&#8221;font-762333&#8243; text_weight=&#8221;400&#8243; sub_lead=&#8221;yes&#8221; sub_reduced=&#8221;yes&#8221; css_animation=&#8221;bottom-t-top&#8221;]<\/p>\n<p style=\"text-align: justify;\">Carla colaboreaz\u0103, de asemenea, cu agen\u021bii de publicitate locale sau cu branduri importante de pe pia\u021b\u0103, pentru care a creat obiecte personalizate. Av\u00e2nd \u00eentotdeauna \u00een minte obiectivele clientului, Carla g\u0103se\u0219te solu\u021bii creative pentru orice tem\u0103 primit\u0103. Piesele sale conceptuale se caracterizeaz\u0103 prin integrarea subtil\u0103 a elementelor de branding, o aten\u021bie deosebit\u0103 la detalii \u0219i o execu\u021bie precis\u0103. \u00cei place s\u0103 se joace cu diverse materiale \u0219i s\u0103 \u00eembine tehnici de produc\u021bie tradi\u021bionale \u0219i inovatoare. Acesta este modul \u00een care obiectele promo\u021bionale devin piese dorite de oricine.<\/p>\n<p>[\/vc_custom_heading][vc_separator css_animation=&#8221;bottom-t-top&#8221; animation_delay=&#8221;200&#8243; el_width=&#8221;150px&#8221; el_height=&#8221;3px&#8221;][\/vc_column][\/vc_row][vc_row unlock_row_content=&#8221;yes&#8221; row_height_percent=&#8221;100&#8243; back_color=&#8221;color-lxmt&#8221; overlay_alpha=&#8221;100&#8243; gutter_size=&#8221;100&#8243; column_width_percent=&#8221;100&#8243; shift_y=&#8221;0&#8243; z_index=&#8221;0&#8243; style=&#8221;inherited&#8221;][vc_column column_width_percent=&#8221;100&#8243; overlay_alpha=&#8221;50&#8243; gutter_size=&#8221;3&#8243; medium_width=&#8221;0&#8243; mobile_width=&#8221;0&#8243; shift_x=&#8221;0&#8243; shift_y=&#8221;0&#8243; shift_y_down=&#8221;0&#8243; z_index=&#8221;0&#8243; width=&#8221;1\/1&#8243;][vc_empty_space empty_h=&#8221;2&#8243;][uncode_index el_id=&#8221;index-1507484453&#8243; loop=&#8221;size:All|order_by:date|order:ASC|post_type:portfolio|tax_query:403,404,402,405&#8243; style_preset=&#8221;metro&#8221; filtering=&#8221;yes&#8221; filtering_position=&#8221;center&#8221; filter_scroll=&#8221;yes&#8221; gutter_size=&#8221;2&#8243; product_items=&#8221;media|featured|onpost|original|hide-sale|enhanced-atc,title,price|default&#8221; portfolio_items=&#8221;title,media|featured|onpost|original&#8221; screen_lg=&#8221;1000&#8243; screen_md=&#8221;600&#8243; screen_sm=&#8221;480&#8243; single_text=&#8221;overlay&#8221; single_width=&#8221;3&#8243; single_height=&#8221;3&#8243; single_style=&#8221;dark&#8221; single_overlay_color=&#8221;color-lxmt&#8221; single_overlay_coloration=&#8221;top_gradient&#8221; single_overlay_opacity=&#8221;70&#8243; single_text_visible=&#8221;yes&#8221; single_text_anim=&#8221;no&#8221; single_overlay_visible=&#8221;yes&#8221; single_overlay_anim=&#8221;no&#8221; single_image_anim_move=&#8221;yes&#8221; single_h_align=&#8221;right&#8221; single_v_position=&#8221;top&#8221; single_h_position=&#8221;right&#8221; single_padding=&#8221;2&#8243; single_text_lead=&#8221;yes&#8221; single_text_reduced=&#8221;yes&#8221; single_title_transform=&#8221;uppercase&#8221; single_title_dimension=&#8221;h2&#8243; single_title_semantic=&#8221;h2&#8243; single_title_family=&#8221;font-762333&#8243; single_title_weight=&#8221;700&#8243; single_border=&#8221;yes&#8221; custom_order=&#8221;yes&#8221; no_double_tap=&#8221;yes&#8221; order_ids=&#8221;19263,18962,18964&#8243;][\/vc_column][\/vc_row]<\/p>\n<\/div>","protected":false},"excerpt":{"rendered":"<p>[vc_row padding_bottom_multiplier=&#8221;&#8221;][vc_column column_width_use_pixel=&#8221;yes&#8221; align_horizontal=&#8221;align_center&#8221; overlay_alpha=&#8221;50&#8243; gutter_size=&#8221;3&#8243; medium_width=&#8221;0&#8243; mobile_width=&#8221;0&#8243; shift_x=&#8221;0&#8243; shift_y=&#8221;0&#8243; shift_y_down=&#8221;0&#8243; z_index=&#8221;0&#8243; column_custom_position=&#8221;yes&#8221; position_top=&#8221;minus-3x&#8221; column_width_pixel=&#8221;900&#8243;][vc_custom_heading heading_semantic=&#8221;h5&#8243; text_size=&#8221;h5&#8243; text_height=&#8221;fontheight-357766&#8243; text_space=&#8221;fontspace-781688&#8243; text_font=&#8221;font-762333&#8243; [&hellip;]<\/p>\n","protected":false},"author":1,"featured_media":0,"parent":0,"menu_order":0,"comment_status":"closed","ping_status":"closed","template":"","meta":{"footnotes":""},"class_list":["post-87531","page","type-page","status-publish","hentry"],"yoast_head":"<!-- This site is optimized with the Yoast SEO plugin v27.4 - https:\/\/yoast.com\/product\/yoast-seo-wordpress\/ -->\n<title>Promo\u021bionale | Carla Szabo<\/title>\n<meta name=\"description\" content=\"Av\u00e2nd \u00een minte obiectivele clientului, Carla Szabo g\u0103se\u0219te solu\u021bii creative pentru orice tem\u0103 primit\u0103. Piesele sale conceptuale se caracterizeaz\u0103 prin integrarea subtil\u0103 a elementelor de branding, o aten\u021bie deosebit\u0103 la detalii \u0219i o execu\u021bie precis\u0103.\" \/>\n<meta name=\"robots\" content=\"index, follow, max-snippet:-1, max-image-preview:large, max-video-preview:-1\" \/>\n<link rel=\"canonical\" href=\"https:\/\/carlaszabo.com\/ro\/creative-promotionals\/\" \/>\n<meta property=\"og:locale\" content=\"ro_RO\" \/>\n<meta property=\"og:type\" content=\"article\" \/>\n<meta property=\"og:title\" content=\"Creative Promotionals | Carla Szabo\" \/>\n<meta property=\"og:description\" content=\"Av\u00e2nd \u00een minte obiectivele clientului, Carla Szabo g\u0103se\u0219te solu\u021bii creative pentru orice tem\u0103 primit\u0103. Piesele sale conceptuale se caracterizeaz\u0103 prin integrarea subtil\u0103 a elementelor de branding, o aten\u021bie deosebit\u0103 la detalii \u0219i o execu\u021bie precis\u0103.\" \/>\n<meta property=\"og:url\" content=\"https:\/\/carlaszabo.com\/ro\/creative-promotionals\/\" \/>\n<meta property=\"og:site_name\" content=\"Carla Szabo\" \/>\n<meta property=\"article:modified_time\" content=\"2019-09-20T09:25:48+00:00\" \/>\n<meta property=\"og:image\" content=\"https:\/\/carlaszabo.com\/wp-content\/uploads\/2019\/09\/promo.jpg\" \/>\n\t<meta property=\"og:image:width\" content=\"1920\" \/>\n\t<meta property=\"og:image:height\" content=\"1080\" \/>\n\t<meta property=\"og:image:type\" content=\"image\/jpeg\" \/>\n<meta name=\"twitter:card\" content=\"summary_large_image\" \/>\n<meta name=\"twitter:label1\" content=\"Timp estimat pentru citire\" \/>\n\t<meta name=\"twitter:data1\" content=\"2 minute\" \/>\n<script type=\"application\/ld+json\" class=\"yoast-schema-graph\">{\"@context\":\"https:\\\/\\\/schema.org\",\"@graph\":[{\"@type\":\"WebPage\",\"@id\":\"https:\\\/\\\/carlaszabo.com\\\/ro\\\/creative-promotionals\\\/\",\"url\":\"https:\\\/\\\/carlaszabo.com\\\/ro\\\/creative-promotionals\\\/\",\"name\":\"Promo\u021bionale | Carla Szabo\",\"isPartOf\":{\"@id\":\"https:\\\/\\\/carlaszabo.com\\\/ro\\\/#website\"},\"datePublished\":\"2019-05-15T22:00:04+00:00\",\"dateModified\":\"2019-09-20T09:25:48+00:00\",\"description\":\"Av\u00e2nd \u00een minte obiectivele clientului, Carla Szabo g\u0103se\u0219te solu\u021bii creative pentru orice tem\u0103 primit\u0103. Piesele sale conceptuale se caracterizeaz\u0103 prin integrarea subtil\u0103 a elementelor de branding, o aten\u021bie deosebit\u0103 la detalii \u0219i o execu\u021bie precis\u0103.\",\"breadcrumb\":{\"@id\":\"https:\\\/\\\/carlaszabo.com\\\/ro\\\/creative-promotionals\\\/#breadcrumb\"},\"inLanguage\":\"ro-RO\",\"potentialAction\":[{\"@type\":\"ReadAction\",\"target\":[\"https:\\\/\\\/carlaszabo.com\\\/ro\\\/creative-promotionals\\\/\"]}]},{\"@type\":\"BreadcrumbList\",\"@id\":\"https:\\\/\\\/carlaszabo.com\\\/ro\\\/creative-promotionals\\\/#breadcrumb\",\"itemListElement\":[{\"@type\":\"ListItem\",\"position\":1,\"name\":\"Home\",\"item\":\"https:\\\/\\\/carlaszabo.com\\\/ro\\\/\"},{\"@type\":\"ListItem\",\"position\":2,\"name\":\"Promo\u021bionale\"}]},{\"@type\":\"WebSite\",\"@id\":\"https:\\\/\\\/carlaszabo.com\\\/ro\\\/#website\",\"url\":\"https:\\\/\\\/carlaszabo.com\\\/ro\\\/\",\"name\":\"Carla Szabo\",\"description\":\"\",\"publisher\":{\"@id\":\"https:\\\/\\\/carlaszabo.com\\\/ro\\\/#organization\"},\"potentialAction\":[{\"@type\":\"SearchAction\",\"target\":{\"@type\":\"EntryPoint\",\"urlTemplate\":\"https:\\\/\\\/carlaszabo.com\\\/ro\\\/?s={search_term_string}\"},\"query-input\":{\"@type\":\"PropertyValueSpecification\",\"valueRequired\":true,\"valueName\":\"search_term_string\"}}],\"inLanguage\":\"ro-RO\"},{\"@type\":\"Organization\",\"@id\":\"https:\\\/\\\/carlaszabo.com\\\/ro\\\/#organization\",\"name\":\"Carla Szabo\",\"url\":\"https:\\\/\\\/carlaszabo.com\\\/ro\\\/\",\"logo\":{\"@type\":\"ImageObject\",\"inLanguage\":\"ro-RO\",\"@id\":\"https:\\\/\\\/carlaszabo.com\\\/ro\\\/#\\\/schema\\\/logo\\\/image\\\/\",\"url\":\"https:\\\/\\\/carlaszabo.com\\\/wp-content\\\/uploads\\\/2017\\\/09\\\/carla-logo.png\",\"contentUrl\":\"https:\\\/\\\/carlaszabo.com\\\/wp-content\\\/uploads\\\/2017\\\/09\\\/carla-logo.png\",\"width\":370,\"height\":49,\"caption\":\"Carla Szabo\"},\"image\":{\"@id\":\"https:\\\/\\\/carlaszabo.com\\\/ro\\\/#\\\/schema\\\/logo\\\/image\\\/\"}}]}<\/script>\n<!-- \/ Yoast SEO plugin. -->","yoast_head_json":{"title":"Promo\u021bionale | Carla Szabo","description":"Av\u00e2nd \u00een minte obiectivele clientului, Carla Szabo g\u0103se\u0219te solu\u021bii creative pentru orice tem\u0103 primit\u0103. Piesele sale conceptuale se caracterizeaz\u0103 prin integrarea subtil\u0103 a elementelor de branding, o aten\u021bie deosebit\u0103 la detalii \u0219i o execu\u021bie precis\u0103.","robots":{"index":"index","follow":"follow","max-snippet":"max-snippet:-1","max-image-preview":"max-image-preview:large","max-video-preview":"max-video-preview:-1"},"canonical":"https:\/\/carlaszabo.com\/ro\/creative-promotionals\/","og_locale":"ro_RO","og_type":"article","og_title":"Creative Promotionals | Carla Szabo","og_description":"Av\u00e2nd \u00een minte obiectivele clientului, Carla Szabo g\u0103se\u0219te solu\u021bii creative pentru orice tem\u0103 primit\u0103. Piesele sale conceptuale se caracterizeaz\u0103 prin integrarea subtil\u0103 a elementelor de branding, o aten\u021bie deosebit\u0103 la detalii \u0219i o execu\u021bie precis\u0103.","og_url":"https:\/\/carlaszabo.com\/ro\/creative-promotionals\/","og_site_name":"Carla Szabo","article_modified_time":"2019-09-20T09:25:48+00:00","og_image":[{"width":1920,"height":1080,"url":"https:\/\/carlaszabo.com\/wp-content\/uploads\/2019\/09\/promo.jpg","type":"image\/jpeg"}],"twitter_card":"summary_large_image","twitter_misc":{"Timp estimat pentru citire":"2 minute"},"schema":{"@context":"https:\/\/schema.org","@graph":[{"@type":"WebPage","@id":"https:\/\/carlaszabo.com\/ro\/creative-promotionals\/","url":"https:\/\/carlaszabo.com\/ro\/creative-promotionals\/","name":"Promo\u021bionale | Carla Szabo","isPartOf":{"@id":"https:\/\/carlaszabo.com\/ro\/#website"},"datePublished":"2019-05-15T22:00:04+00:00","dateModified":"2019-09-20T09:25:48+00:00","description":"Av\u00e2nd \u00een minte obiectivele clientului, Carla Szabo g\u0103se\u0219te solu\u021bii creative pentru orice tem\u0103 primit\u0103. Piesele sale conceptuale se caracterizeaz\u0103 prin integrarea subtil\u0103 a elementelor de branding, o aten\u021bie deosebit\u0103 la detalii \u0219i o execu\u021bie precis\u0103.","breadcrumb":{"@id":"https:\/\/carlaszabo.com\/ro\/creative-promotionals\/#breadcrumb"},"inLanguage":"ro-RO","potentialAction":[{"@type":"ReadAction","target":["https:\/\/carlaszabo.com\/ro\/creative-promotionals\/"]}]},{"@type":"BreadcrumbList","@id":"https:\/\/carlaszabo.com\/ro\/creative-promotionals\/#breadcrumb","itemListElement":[{"@type":"ListItem","position":1,"name":"Home","item":"https:\/\/carlaszabo.com\/ro\/"},{"@type":"ListItem","position":2,"name":"Promo\u021bionale"}]},{"@type":"WebSite","@id":"https:\/\/carlaszabo.com\/ro\/#website","url":"https:\/\/carlaszabo.com\/ro\/","name":"Carla Szabo","description":"","publisher":{"@id":"https:\/\/carlaszabo.com\/ro\/#organization"},"potentialAction":[{"@type":"SearchAction","target":{"@type":"EntryPoint","urlTemplate":"https:\/\/carlaszabo.com\/ro\/?s={search_term_string}"},"query-input":{"@type":"PropertyValueSpecification","valueRequired":true,"valueName":"search_term_string"}}],"inLanguage":"ro-RO"},{"@type":"Organization","@id":"https:\/\/carlaszabo.com\/ro\/#organization","name":"Carla Szabo","url":"https:\/\/carlaszabo.com\/ro\/","logo":{"@type":"ImageObject","inLanguage":"ro-RO","@id":"https:\/\/carlaszabo.com\/ro\/#\/schema\/logo\/image\/","url":"https:\/\/carlaszabo.com\/wp-content\/uploads\/2017\/09\/carla-logo.png","contentUrl":"https:\/\/carlaszabo.com\/wp-content\/uploads\/2017\/09\/carla-logo.png","width":370,"height":49,"caption":"Carla Szabo"},"image":{"@id":"https:\/\/carlaszabo.com\/ro\/#\/schema\/logo\/image\/"}}]}},"_links":{"self":[{"href":"https:\/\/carlaszabo.com\/ro\/wp-json\/wp\/v2\/pages\/87531","targetHints":{"allow":["GET"]}}],"collection":[{"href":"https:\/\/carlaszabo.com\/ro\/wp-json\/wp\/v2\/pages"}],"about":[{"href":"https:\/\/carlaszabo.com\/ro\/wp-json\/wp\/v2\/types\/page"}],"author":[{"embeddable":true,"href":"https:\/\/carlaszabo.com\/ro\/wp-json\/wp\/v2\/users\/1"}],"replies":[{"embeddable":true,"href":"https:\/\/carlaszabo.com\/ro\/wp-json\/wp\/v2\/comments?post=87531"}],"version-history":[{"count":1,"href":"https:\/\/carlaszabo.com\/ro\/wp-json\/wp\/v2\/pages\/87531\/revisions"}],"predecessor-version":[{"id":90948,"href":"https:\/\/carlaszabo.com\/ro\/wp-json\/wp\/v2\/pages\/87531\/revisions\/90948"}],"wp:attachment":[{"href":"https:\/\/carlaszabo.com\/ro\/wp-json\/wp\/v2\/media?parent=87531"}],"curies":[{"name":"wp","href":"https:\/\/api.w.org\/{rel}","templated":true}]}}