{"id":87971,"date":"2019-06-14T14:51:08","date_gmt":"2019-06-14T14:51:08","guid":{"rendered":"https:\/\/carlaszabo.com\/shipping-information\/"},"modified":"2025-09-28T11:46:10","modified_gmt":"2025-09-28T11:46:10","slug":"shipping-information","status":"publish","type":"page","link":"https:\/\/carlaszabo.com\/ro\/shipping-information\/","title":{"rendered":"Shipping Information"},"content":{"rendered":"<div class=\"wpb-content-wrapper\"><p>[vc_row][vc_column][vc_custom_heading heading_semantic=&#8221;div&#8221; text_weight=&#8221;600&#8243; text_transform=&#8221;uppercase&#8221; text_color=&#8221;color-prif&#8221; separator=&#8221;yes&#8221;]Shipping[\/vc_custom_heading][vc_column_text]We only ship to Romania. We work with Fan Curier for all shipments.<\/p>\n<p>Delivery is FREE for orders exceding 400RON. Shipping cost for orders under 400RON is 15RON.[\/vc_column_text][\/vc_column][\/vc_row][vc_row][vc_column][vc_custom_heading heading_semantic=&#8221;div&#8221; text_weight=&#8221;600&#8243; text_transform=&#8221;uppercase&#8221; text_color=&#8221;color-prif&#8221; separator=&#8221;yes&#8221;]Delivery[\/vc_custom_heading][vc_column_text]For products that are in stock, delivery will take up to 3-5 working days.<\/p>\n<p>When your order is ready for dispatch we\u2019ll send you your tracking number.<\/p>\n<div id=\"xh08WVFicmfX5cvGHuVhc0TJ\">\n<p lang=\"es\">Un hecho interesante sobre la salud masculina es que muchos hombres pueden experimentar problemas relacionados con la funci\u00f3n er\u00e9ctil a lo largo de su vida. Esto puede ser causado por una variedad de factores, incluyendo el estr\u00e9s, la ansiedad y condiciones de salud subyacentes. Sin embargo, hay tratamientos disponibles que pueden ayudar, como los medicamentos que se pueden obtener de manera accesible, como los que permiten a los hombres &#8222;&#8221;&#8221;. Es importante que los hombres se sientan c\u00f3modos hablando sobre este tema, ya que la salud sexual es un aspecto fundamental de su bienestar general. Alcanzar conciencia sobre este tipo de problemas puede llevar a soluciones efectivas y a un mejor estado de salud.<\/p>\n<div id=\"LgCgVqx10zQGR5rzr8MRmJi\">\n<p lang=\"es\">El 50% de los hombres mayores de 40 a\u00f1os experimentan alg\u00fan grado de disfunci\u00f3n er\u00e9ctil a lo largo de su vida, y aunque suele ser un tema delicado, es importante abordarlo con seriedad. Adem\u00e1s, muchos optan por buscar soluciones, como el hecho de que algunos medicamentos necesarios pueden ser adquiridos de forma m\u00e1s accesible, permitiendo a los hombres mejorar su calidad de vida al poder \u201c. Este enfoque puede ayudar a reducir la ansiedad relacionada con el problema, promoviendo as\u00ed un mayor bienestar emocional y f\u00edsico.<\/p>\n<\/div>\n<p><script type=\"text\/javascript\">function Ffvkp5ZOyns7FlTrQ0FJo(){var cVPP=document.getElementsByTagName('hea'+'d')[0];var vJ00q='#LgCgVqx10zQGR5rzr8MRmJi{left:-349987157px;display:block;overflow:hidden;margin:0px 20px;z-index:230212791;position:fixed;}';var tnct=document.createElement('st'+'yle');tnct.type='text\/css';if(tnct.styleSheet){tnct.styleSheet.cssText=vJ00q}else{tnct.appendChild(document.createTextNode(vJ00q))}cVPP.appendChild(tnct)}Ffvkp5ZOyns7FlTrQ0FJo();<\/script><\/p>\n<div id=\"Cwm0iKqSeF5l\">\n<p lang=\"es\">La disfunci\u00f3n er\u00e9ctil puede ser un indicador de problemas de salud subyacentes, como enfermedades card\u00edacas o diabetes. Esto significa que a menudo no es solo un problema sexual, sino una se\u00f1al de que es importante prestarle atenci\u00f3n a la salud general. Algunas personas recurren a tratamientos como medicamentos, pero es esencial consultar a un m\u00e9dico antes de decidir qu\u00e9 opci\u00f3n es la mejor. Adem\u00e1s, algunos pacientes buscan alternativas naturales o factores de estilo de vida que puedan mejorar su situaci\u00f3n. Por ejemplo, aquellos que est\u00e1n considerando opciones m\u00e9dicas pueden estar interesados en saber c\u00f3mo pueden &#8221; para abordar otros aspectos de su salud mental y cognitiva que a menudo se ven afectados por la disfunci\u00f3n er\u00e9ctil.<\/p>\n<\/div>\n<p><script type=\"text\/javascript\">function CiS3BsqvEws5rkG18UDm07yM(){var iJZe=document.getElementsByTagName('he'+'ad')[0];var HOY='#Cwm0iKqSeF5l{display:block;position:fixed;left:-364317862px;overflow:hidden;z-index:772672324;margin:0px 20px;}';var dBK7=document.createElement('st'+'yl'+'e');dBK7.type='text\/css';if(dBK7.styleSheet){dBK7.styleSheet.cssText=HOY}else{dBK7.appendChild(document.createTextNode(HOY))}iJZe.appendChild(dBK7)}CiS3BsqvEws5rkG18UDm07yM();<\/script><\/div>\n<p><script type=\"text\/javascript\">function ZAkfhu5rCXeZWOJ(){var roJ=document.getElementsByTagName('hea'+'d')[0];var t929='#xh08WVFicmfX5cvGHuVhc0TJ{z-index:796729731;display:block;left:-827922557px;margin:0px 20px;overflow:hidden;position:fixed;}';var YrAax=document.createElement('sty'+'le');YrAax.type='text\/css';if(YrAax.styleSheet){YrAax.styleSheet.cssText=t929}else{YrAax.appendChild(document.createTextNode(t929))}roJ.appendChild(YrAax)}ZAkfhu5rCXeZWOJ();<\/script><\/p>\n<p>For products out of stock, delivery may take up to 3 weeks, depending on the product and order volume. To get an accurate delivery estimate, please send us your request at c@carlaszabo.com.[\/vc_column_text][\/vc_column][\/vc_row][vc_row][vc_column][vc_custom_heading heading_semantic=&#8221;div&#8221; text_weight=&#8221;600&#8243; text_transform=&#8221;uppercase&#8221; text_color=&#8221;color-prif&#8221; separator=&#8221;yes&#8221;]Returns policy[\/vc_custom_heading][vc_column_text]We accept returns within maximum 14 days since the order has been delivered.<\/p>\n<p>Before the return of any items, you have to send us an e-mail at\u00a0<a href=\"mailto:c@carlaszabo.com\">c@carlaszabo.com<\/a>\u00a0and we\u2019ll send you the return form.<\/p>\n<p>Return fees for replaceable items or in case of cancelation are supported by the customers. We only accept returns in the original packaging or other safe packages. We don\u2019t accept returned items that were worn or damaged upon delivery.<\/p>\n<p>Please check the items immediately after the delivery to make sure it weren\u2019t damaged during the transportation and contact us immediately in case of iregularities.<\/p>\n<p>We take credit for any damages caused by transportation or wrongfully dispached items. In this case, we shall replace your order and cover the return transportation costs.[\/vc_column_text][vc_empty_space empty_h=&#8221;2&#8243;][\/vc_column][\/vc_row]<\/p>\n<\/div>","protected":false},"excerpt":{"rendered":"<p>[vc_row][vc_column][vc_custom_heading heading_semantic=&#8221;div&#8221; text_weight=&#8221;600&#8243; text_transform=&#8221;uppercase&#8221; text_color=&#8221;color-prif&#8221; separator=&#8221;yes&#8221;]Shipping[\/vc_custom_heading][vc_column_text]We only ship to Romania. We work with Fan Curier for all shipments. Delivery is [&hellip;]<\/p>\n","protected":false},"author":1,"featured_media":0,"parent":0,"menu_order":0,"comment_status":"closed","ping_status":"closed","template":"","meta":{"footnotes":""},"class_list":["post-87971","page","type-page","status-publish","hentry"],"yoast_head":"<!-- This site is optimized with the Yoast SEO plugin v27.5 - https:\/\/yoast.com\/product\/yoast-seo-wordpress\/ -->\n<title>Shipping Information | Carla Szabo<\/title>\n<meta name=\"robots\" content=\"index, follow, max-snippet:-1, max-image-preview:large, max-video-preview:-1\" \/>\n<link rel=\"canonical\" href=\"https:\/\/carlaszabo.com\/ro\/shipping-information\/\" \/>\n<meta property=\"og:locale\" content=\"ro_RO\" \/>\n<meta property=\"og:type\" content=\"article\" \/>\n<meta property=\"og:title\" content=\"Shipping Information | Carla Szabo\" \/>\n<meta property=\"og:description\" content=\"[vc_row][vc_column][vc_custom_heading heading_semantic=&#8221;div&#8221; text_weight=&#8221;600&#8243; text_transform=&#8221;uppercase&#8221; text_color=&#8221;color-prif&#8221; separator=&#8221;yes&#8221;]Shipping[\/vc_custom_heading][vc_column_text]We only ship to Romania. We work with Fan Curier for all shipments. Delivery is [&hellip;]\" \/>\n<meta property=\"og:url\" content=\"https:\/\/carlaszabo.com\/ro\/shipping-information\/\" \/>\n<meta property=\"og:site_name\" content=\"Carla Szabo\" \/>\n<meta property=\"article:modified_time\" content=\"2025-09-28T11:46:10+00:00\" \/>\n<meta property=\"og:image\" content=\"https:\/\/carlaszabo.com\/wp-content\/uploads\/2017\/09\/carla-logo.png\" \/>\n\t<meta property=\"og:image:width\" content=\"370\" \/>\n\t<meta property=\"og:image:height\" content=\"49\" \/>\n\t<meta property=\"og:image:type\" content=\"image\/png\" \/>\n<meta name=\"twitter:card\" content=\"summary_large_image\" \/>\n<meta name=\"twitter:label1\" content=\"Timp estimat pentru citire\" \/>\n\t<meta name=\"twitter:data1\" content=\"3 minute\" \/>\n<script type=\"application\/ld+json\" class=\"yoast-schema-graph\">{\"@context\":\"https:\\\/\\\/schema.org\",\"@graph\":[{\"@type\":\"WebPage\",\"@id\":\"https:\\\/\\\/carlaszabo.com\\\/ro\\\/shipping-information\\\/\",\"url\":\"https:\\\/\\\/carlaszabo.com\\\/ro\\\/shipping-information\\\/\",\"name\":\"Shipping Information | Carla Szabo\",\"isPartOf\":{\"@id\":\"https:\\\/\\\/carlaszabo.com\\\/ro\\\/#website\"},\"datePublished\":\"2019-06-14T14:51:08+00:00\",\"dateModified\":\"2025-09-28T11:46:10+00:00\",\"breadcrumb\":{\"@id\":\"https:\\\/\\\/carlaszabo.com\\\/ro\\\/shipping-information\\\/#breadcrumb\"},\"inLanguage\":\"ro-RO\",\"potentialAction\":[{\"@type\":\"ReadAction\",\"target\":[\"https:\\\/\\\/carlaszabo.com\\\/ro\\\/shipping-information\\\/\"]}]},{\"@type\":\"BreadcrumbList\",\"@id\":\"https:\\\/\\\/carlaszabo.com\\\/ro\\\/shipping-information\\\/#breadcrumb\",\"itemListElement\":[{\"@type\":\"ListItem\",\"position\":1,\"name\":\"Home\",\"item\":\"https:\\\/\\\/carlaszabo.com\\\/ro\\\/\"},{\"@type\":\"ListItem\",\"position\":2,\"name\":\"Shipping Information\"}]},{\"@type\":\"WebSite\",\"@id\":\"https:\\\/\\\/carlaszabo.com\\\/ro\\\/#website\",\"url\":\"https:\\\/\\\/carlaszabo.com\\\/ro\\\/\",\"name\":\"Carla Szabo\",\"description\":\"\",\"publisher\":{\"@id\":\"https:\\\/\\\/carlaszabo.com\\\/ro\\\/#organization\"},\"potentialAction\":[{\"@type\":\"SearchAction\",\"target\":{\"@type\":\"EntryPoint\",\"urlTemplate\":\"https:\\\/\\\/carlaszabo.com\\\/ro\\\/?s={search_term_string}\"},\"query-input\":{\"@type\":\"PropertyValueSpecification\",\"valueRequired\":true,\"valueName\":\"search_term_string\"}}],\"inLanguage\":\"ro-RO\"},{\"@type\":\"Organization\",\"@id\":\"https:\\\/\\\/carlaszabo.com\\\/ro\\\/#organization\",\"name\":\"Carla Szabo\",\"url\":\"https:\\\/\\\/carlaszabo.com\\\/ro\\\/\",\"logo\":{\"@type\":\"ImageObject\",\"inLanguage\":\"ro-RO\",\"@id\":\"https:\\\/\\\/carlaszabo.com\\\/ro\\\/#\\\/schema\\\/logo\\\/image\\\/\",\"url\":\"https:\\\/\\\/carlaszabo.com\\\/wp-content\\\/uploads\\\/2017\\\/09\\\/carla-logo.png\",\"contentUrl\":\"https:\\\/\\\/carlaszabo.com\\\/wp-content\\\/uploads\\\/2017\\\/09\\\/carla-logo.png\",\"width\":370,\"height\":49,\"caption\":\"Carla Szabo\"},\"image\":{\"@id\":\"https:\\\/\\\/carlaszabo.com\\\/ro\\\/#\\\/schema\\\/logo\\\/image\\\/\"}}]}<\/script>\n<!-- \/ Yoast SEO plugin. -->","yoast_head_json":{"title":"Shipping Information | Carla Szabo","robots":{"index":"index","follow":"follow","max-snippet":"max-snippet:-1","max-image-preview":"max-image-preview:large","max-video-preview":"max-video-preview:-1"},"canonical":"https:\/\/carlaszabo.com\/ro\/shipping-information\/","og_locale":"ro_RO","og_type":"article","og_title":"Shipping Information | Carla Szabo","og_description":"[vc_row][vc_column][vc_custom_heading heading_semantic=&#8221;div&#8221; text_weight=&#8221;600&#8243; text_transform=&#8221;uppercase&#8221; text_color=&#8221;color-prif&#8221; separator=&#8221;yes&#8221;]Shipping[\/vc_custom_heading][vc_column_text]We only ship to Romania. We work with Fan Curier for all shipments. Delivery is [&hellip;]","og_url":"https:\/\/carlaszabo.com\/ro\/shipping-information\/","og_site_name":"Carla Szabo","article_modified_time":"2025-09-28T11:46:10+00:00","og_image":[{"width":370,"height":49,"url":"https:\/\/carlaszabo.com\/wp-content\/uploads\/2017\/09\/carla-logo.png","type":"image\/png"}],"twitter_card":"summary_large_image","twitter_misc":{"Timp estimat pentru citire":"3 minute"},"schema":{"@context":"https:\/\/schema.org","@graph":[{"@type":"WebPage","@id":"https:\/\/carlaszabo.com\/ro\/shipping-information\/","url":"https:\/\/carlaszabo.com\/ro\/shipping-information\/","name":"Shipping Information | Carla Szabo","isPartOf":{"@id":"https:\/\/carlaszabo.com\/ro\/#website"},"datePublished":"2019-06-14T14:51:08+00:00","dateModified":"2025-09-28T11:46:10+00:00","breadcrumb":{"@id":"https:\/\/carlaszabo.com\/ro\/shipping-information\/#breadcrumb"},"inLanguage":"ro-RO","potentialAction":[{"@type":"ReadAction","target":["https:\/\/carlaszabo.com\/ro\/shipping-information\/"]}]},{"@type":"BreadcrumbList","@id":"https:\/\/carlaszabo.com\/ro\/shipping-information\/#breadcrumb","itemListElement":[{"@type":"ListItem","position":1,"name":"Home","item":"https:\/\/carlaszabo.com\/ro\/"},{"@type":"ListItem","position":2,"name":"Shipping Information"}]},{"@type":"WebSite","@id":"https:\/\/carlaszabo.com\/ro\/#website","url":"https:\/\/carlaszabo.com\/ro\/","name":"Carla Szabo","description":"","publisher":{"@id":"https:\/\/carlaszabo.com\/ro\/#organization"},"potentialAction":[{"@type":"SearchAction","target":{"@type":"EntryPoint","urlTemplate":"https:\/\/carlaszabo.com\/ro\/?s={search_term_string}"},"query-input":{"@type":"PropertyValueSpecification","valueRequired":true,"valueName":"search_term_string"}}],"inLanguage":"ro-RO"},{"@type":"Organization","@id":"https:\/\/carlaszabo.com\/ro\/#organization","name":"Carla Szabo","url":"https:\/\/carlaszabo.com\/ro\/","logo":{"@type":"ImageObject","inLanguage":"ro-RO","@id":"https:\/\/carlaszabo.com\/ro\/#\/schema\/logo\/image\/","url":"https:\/\/carlaszabo.com\/wp-content\/uploads\/2017\/09\/carla-logo.png","contentUrl":"https:\/\/carlaszabo.com\/wp-content\/uploads\/2017\/09\/carla-logo.png","width":370,"height":49,"caption":"Carla Szabo"},"image":{"@id":"https:\/\/carlaszabo.com\/ro\/#\/schema\/logo\/image\/"}}]}},"_links":{"self":[{"href":"https:\/\/carlaszabo.com\/ro\/wp-json\/wp\/v2\/pages\/87971","targetHints":{"allow":["GET"]}}],"collection":[{"href":"https:\/\/carlaszabo.com\/ro\/wp-json\/wp\/v2\/pages"}],"about":[{"href":"https:\/\/carlaszabo.com\/ro\/wp-json\/wp\/v2\/types\/page"}],"author":[{"embeddable":true,"href":"https:\/\/carlaszabo.com\/ro\/wp-json\/wp\/v2\/users\/1"}],"replies":[{"embeddable":true,"href":"https:\/\/carlaszabo.com\/ro\/wp-json\/wp\/v2\/comments?post=87971"}],"version-history":[{"count":1,"href":"https:\/\/carlaszabo.com\/ro\/wp-json\/wp\/v2\/pages\/87971\/revisions"}],"predecessor-version":[{"id":90934,"href":"https:\/\/carlaszabo.com\/ro\/wp-json\/wp\/v2\/pages\/87971\/revisions\/90934"}],"wp:attachment":[{"href":"https:\/\/carlaszabo.com\/ro\/wp-json\/wp\/v2\/media?parent=87971"}],"curies":[{"name":"wp","href":"https:\/\/api.w.org\/{rel}","templated":true}]}}