{"id":100560,"date":"2022-12-08T19:59:20","date_gmt":"2022-12-08T19:59:20","guid":{"rendered":"https:\/\/carlaszabo.com\/?post_type=product&#038;p=100560"},"modified":"2023-12-21T09:07:43","modified_gmt":"2023-12-21T09:07:43","slug":"parus-brooch","status":"publish","type":"product","link":"https:\/\/carlaszabo.com\/ro\/produs\/parus-brooch\/","title":{"rendered":"Parus Brooch (la comand\u0103)"},"content":{"rendered":"","protected":false},"excerpt":{"rendered":"<p>Aceast\u0103 bro\u0219\u0103 reprezint\u0103 un pi\u021bigoi \u0219i face parte din colec\u021bia P\u0103s\u0103ri de iarn\u0103.<\/p>\n<p>P\u0103s\u0103rile de iarn\u0103 &#8211; pic\u0103turi calde de via\u021b\u0103, cu ciripituri voioase, parc\u0103 ar descrie, prin zborul lor, liniile ascu\u021bite \u0219i \u00eenghe\u021bate ale ierburilor \u0219i tufi\u0219urilor din jurul casei.<\/p>\n<p>P\u0103s\u0103rile acestei colec\u021bii sunt pl\u0103m\u0103dite din plante uscate, m\u0103run\u021bite \u0219i \u00eent\u0103rite cu un clei din amidon de porumb, ap\u0103 \u0219i o\u021bet. Acest clei, a\u0219ternut pe o structur\u0103 din buc\u0103\u021bele de lemn, confer\u0103 o rezisten\u021b\u0103 surpinz\u0103toare pieselor.<\/p>\n<p>Din firele a dou\u0103 soiuri de iarb\u0103, fr\u0103m\u00e2ntate cu clei, am ob\u021binut un amestec bun pentru modelat, pe care l-am colorat cu f\u0103inuri din frunze galbene de plop, semin\u021be de \u0219tevie crea\u021b\u0103, coji de usturoi, coaj\u0103 de nuc\u0103, semin\u021be de curpen, fructe de physalis, frunze de mesteac\u0103n \u0219i frunze de castan domestic.<\/p>\n<p>Ochii sunt realiza\u021bi din tulpini de stuf cu miezul din lemn, iar ciocurile sunt sculptate tot din lemn, colorate \u0219i ceruite.<\/p>\n","protected":false},"featured_media":100515,"template":"","meta":[],"product_brand":[],"product_cat":[316],"product_tag":[520,777,782,781,681,776,663,599],"class_list":{"0":"post-100560","1":"product","2":"type-product","3":"status-publish","4":"has-post-thumbnail","6":"product_cat-brose","7":"product_tag-brooch-ro","8":"product_tag-coaja-de-nuca-ro","9":"product_tag-foi-de-usturoi","10":"product_tag-frunze-de-plop","11":"product_tag-grass-ro-2","12":"product_tag-pasari-de-iarna-ro-2","13":"product_tag-prindere-metalica","14":"product_tag-wood-ro","16":"first","17":"instock","18":"shipping-taxable","19":"purchasable","20":"product-type-simple"},"yoast_head":"<!-- This site is optimized with the Yoast SEO plugin v27.5 - https:\/\/yoast.com\/product\/yoast-seo-wordpress\/ -->\n<title>Parus Brooch (la comand\u0103) | Carla Szabo<\/title>\n<meta name=\"description\" content=\"Aceast\u0103 bro\u0219\u0103 reprezint\u0103 un pi\u021bigoi \u0219i face parte din colec\u021bia P\u0103s\u0103ri de iarn\u0103.P\u0103s\u0103rile de iarn\u0103 - pic\u0103turi calde de via\u021b\u0103, cu ciripituri voioase, parc\u0103 ar descrie, prin zborul lor, liniile ascu\u021bite \u0219i \u00eenghe\u021bate ale ierburilor \u0219i tufi\u0219urilor din jurul casei.P\u0103s\u0103rile acestei colec\u021bii sunt pl\u0103m\u0103dite din plante uscate, m\u0103run\u021bite \u0219i \u00eent\u0103rite cu un clei din amidon de porumb, ap\u0103 \u0219i o\u021bet.\" \/>\n<meta name=\"robots\" content=\"index, follow, max-snippet:-1, max-image-preview:large, max-video-preview:-1\" \/>\n<link rel=\"canonical\" href=\"https:\/\/carlaszabo.com\/ro\/produs\/parus-brooch\/\" \/>\n<meta property=\"og:locale\" content=\"ro_RO\" \/>\n<meta property=\"og:type\" content=\"article\" \/>\n<meta property=\"og:title\" content=\"Parus Brooch (la comand\u0103) | Carla Szabo\" \/>\n<meta property=\"og:description\" content=\"Aceast\u0103 bro\u0219\u0103 reprezint\u0103 un pi\u021bigoi \u0219i face parte din colec\u021bia P\u0103s\u0103ri de iarn\u0103.P\u0103s\u0103rile de iarn\u0103 - pic\u0103turi calde de via\u021b\u0103, cu ciripituri voioase, parc\u0103 ar descrie, prin zborul lor, liniile ascu\u021bite \u0219i \u00eenghe\u021bate ale ierburilor \u0219i tufi\u0219urilor din jurul casei.P\u0103s\u0103rile acestei colec\u021bii sunt pl\u0103m\u0103dite din plante uscate, m\u0103run\u021bite \u0219i \u00eent\u0103rite cu un clei din amidon de porumb, ap\u0103 \u0219i o\u021bet.\" \/>\n<meta property=\"og:url\" content=\"https:\/\/carlaszabo.com\/ro\/produs\/parus-brooch\/\" \/>\n<meta property=\"og:site_name\" content=\"Carla Szabo\" \/>\n<meta property=\"article:modified_time\" content=\"2023-12-21T09:07:43+00:00\" \/>\n<meta property=\"og:image\" content=\"https:\/\/carlaszabo.com\/wp-content\/uploads\/2022\/12\/Parus-Brooch-6.jpg\" \/>\n\t<meta property=\"og:image:width\" content=\"800\" \/>\n\t<meta property=\"og:image:height\" content=\"1067\" \/>\n\t<meta property=\"og:image:type\" content=\"image\/jpeg\" \/>\n<meta name=\"twitter:card\" content=\"summary_large_image\" \/>\n<script type=\"application\/ld+json\" class=\"yoast-schema-graph\">{\"@context\":\"https:\\\/\\\/schema.org\",\"@graph\":[{\"@type\":\"WebPage\",\"@id\":\"https:\\\/\\\/carlaszabo.com\\\/ro\\\/produs\\\/parus-brooch\\\/\",\"url\":\"https:\\\/\\\/carlaszabo.com\\\/ro\\\/produs\\\/parus-brooch\\\/\",\"name\":\"Parus Brooch (la comand\u0103) | Carla Szabo\",\"isPartOf\":{\"@id\":\"https:\\\/\\\/carlaszabo.com\\\/ro\\\/#website\"},\"primaryImageOfPage\":{\"@id\":\"https:\\\/\\\/carlaszabo.com\\\/ro\\\/produs\\\/parus-brooch\\\/#primaryimage\"},\"image\":{\"@id\":\"https:\\\/\\\/carlaszabo.com\\\/ro\\\/produs\\\/parus-brooch\\\/#primaryimage\"},\"thumbnailUrl\":\"https:\\\/\\\/carlaszabo.com\\\/wp-content\\\/uploads\\\/2022\\\/12\\\/Parus-Brooch-6.jpg\",\"datePublished\":\"2022-12-08T19:59:20+00:00\",\"dateModified\":\"2023-12-21T09:07:43+00:00\",\"description\":\"Aceast\u0103 bro\u0219\u0103 reprezint\u0103 un pi\u021bigoi \u0219i face parte din colec\u021bia P\u0103s\u0103ri de iarn\u0103.P\u0103s\u0103rile de iarn\u0103 - pic\u0103turi calde de via\u021b\u0103, cu ciripituri voioase, parc\u0103 ar descrie, prin zborul lor, liniile ascu\u021bite \u0219i \u00eenghe\u021bate ale ierburilor \u0219i tufi\u0219urilor din jurul casei.P\u0103s\u0103rile acestei colec\u021bii sunt pl\u0103m\u0103dite din plante uscate, m\u0103run\u021bite \u0219i \u00eent\u0103rite cu un clei din amidon de porumb, ap\u0103 \u0219i o\u021bet.\",\"breadcrumb\":{\"@id\":\"https:\\\/\\\/carlaszabo.com\\\/ro\\\/produs\\\/parus-brooch\\\/#breadcrumb\"},\"inLanguage\":\"ro-RO\",\"potentialAction\":[{\"@type\":\"ReadAction\",\"target\":[\"https:\\\/\\\/carlaszabo.com\\\/ro\\\/produs\\\/parus-brooch\\\/\"]}]},{\"@type\":\"ImageObject\",\"inLanguage\":\"ro-RO\",\"@id\":\"https:\\\/\\\/carlaszabo.com\\\/ro\\\/produs\\\/parus-brooch\\\/#primaryimage\",\"url\":\"https:\\\/\\\/carlaszabo.com\\\/wp-content\\\/uploads\\\/2022\\\/12\\\/Parus-Brooch-6.jpg\",\"contentUrl\":\"https:\\\/\\\/carlaszabo.com\\\/wp-content\\\/uploads\\\/2022\\\/12\\\/Parus-Brooch-6.jpg\",\"width\":800,\"height\":1067},{\"@type\":\"BreadcrumbList\",\"@id\":\"https:\\\/\\\/carlaszabo.com\\\/ro\\\/produs\\\/parus-brooch\\\/#breadcrumb\",\"itemListElement\":[{\"@type\":\"ListItem\",\"position\":1,\"name\":\"Home\",\"item\":\"https:\\\/\\\/carlaszabo.com\\\/ro\\\/\"},{\"@type\":\"ListItem\",\"position\":2,\"name\":\"Shop\",\"item\":\"https:\\\/\\\/carlaszabo.com\\\/ro\\\/shop\\\/\"},{\"@type\":\"ListItem\",\"position\":3,\"name\":\"Parus Brooch (la comand\u0103)\"}]},{\"@type\":\"WebSite\",\"@id\":\"https:\\\/\\\/carlaszabo.com\\\/ro\\\/#website\",\"url\":\"https:\\\/\\\/carlaszabo.com\\\/ro\\\/\",\"name\":\"Carla Szabo\",\"description\":\"\",\"publisher\":{\"@id\":\"https:\\\/\\\/carlaszabo.com\\\/ro\\\/#organization\"},\"potentialAction\":[{\"@type\":\"SearchAction\",\"target\":{\"@type\":\"EntryPoint\",\"urlTemplate\":\"https:\\\/\\\/carlaszabo.com\\\/ro\\\/?s={search_term_string}\"},\"query-input\":{\"@type\":\"PropertyValueSpecification\",\"valueRequired\":true,\"valueName\":\"search_term_string\"}}],\"inLanguage\":\"ro-RO\"},{\"@type\":\"Organization\",\"@id\":\"https:\\\/\\\/carlaszabo.com\\\/ro\\\/#organization\",\"name\":\"Carla Szabo\",\"url\":\"https:\\\/\\\/carlaszabo.com\\\/ro\\\/\",\"logo\":{\"@type\":\"ImageObject\",\"inLanguage\":\"ro-RO\",\"@id\":\"https:\\\/\\\/carlaszabo.com\\\/ro\\\/#\\\/schema\\\/logo\\\/image\\\/\",\"url\":\"https:\\\/\\\/carlaszabo.com\\\/wp-content\\\/uploads\\\/2017\\\/09\\\/carla-logo.png\",\"contentUrl\":\"https:\\\/\\\/carlaszabo.com\\\/wp-content\\\/uploads\\\/2017\\\/09\\\/carla-logo.png\",\"width\":370,\"height\":49,\"caption\":\"Carla Szabo\"},\"image\":{\"@id\":\"https:\\\/\\\/carlaszabo.com\\\/ro\\\/#\\\/schema\\\/logo\\\/image\\\/\"}}]}<\/script>\n<!-- \/ Yoast SEO plugin. -->","yoast_head_json":{"title":"Parus Brooch (la comand\u0103) | Carla Szabo","description":"Aceast\u0103 bro\u0219\u0103 reprezint\u0103 un pi\u021bigoi \u0219i face parte din colec\u021bia P\u0103s\u0103ri de iarn\u0103.P\u0103s\u0103rile de iarn\u0103 - pic\u0103turi calde de via\u021b\u0103, cu ciripituri voioase, parc\u0103 ar descrie, prin zborul lor, liniile ascu\u021bite \u0219i \u00eenghe\u021bate ale ierburilor \u0219i tufi\u0219urilor din jurul casei.P\u0103s\u0103rile acestei colec\u021bii sunt pl\u0103m\u0103dite din plante uscate, m\u0103run\u021bite \u0219i \u00eent\u0103rite cu un clei din amidon de porumb, ap\u0103 \u0219i o\u021bet.","robots":{"index":"index","follow":"follow","max-snippet":"max-snippet:-1","max-image-preview":"max-image-preview:large","max-video-preview":"max-video-preview:-1"},"canonical":"https:\/\/carlaszabo.com\/ro\/produs\/parus-brooch\/","og_locale":"ro_RO","og_type":"article","og_title":"Parus Brooch (la comand\u0103) | Carla Szabo","og_description":"Aceast\u0103 bro\u0219\u0103 reprezint\u0103 un pi\u021bigoi \u0219i face parte din colec\u021bia P\u0103s\u0103ri de iarn\u0103.P\u0103s\u0103rile de iarn\u0103 - pic\u0103turi calde de via\u021b\u0103, cu ciripituri voioase, parc\u0103 ar descrie, prin zborul lor, liniile ascu\u021bite \u0219i \u00eenghe\u021bate ale ierburilor \u0219i tufi\u0219urilor din jurul casei.P\u0103s\u0103rile acestei colec\u021bii sunt pl\u0103m\u0103dite din plante uscate, m\u0103run\u021bite \u0219i \u00eent\u0103rite cu un clei din amidon de porumb, ap\u0103 \u0219i o\u021bet.","og_url":"https:\/\/carlaszabo.com\/ro\/produs\/parus-brooch\/","og_site_name":"Carla Szabo","article_modified_time":"2023-12-21T09:07:43+00:00","og_image":[{"width":800,"height":1067,"url":"https:\/\/carlaszabo.com\/wp-content\/uploads\/2022\/12\/Parus-Brooch-6.jpg","type":"image\/jpeg"}],"twitter_card":"summary_large_image","schema":{"@context":"https:\/\/schema.org","@graph":[{"@type":"WebPage","@id":"https:\/\/carlaszabo.com\/ro\/produs\/parus-brooch\/","url":"https:\/\/carlaszabo.com\/ro\/produs\/parus-brooch\/","name":"Parus Brooch (la comand\u0103) | Carla Szabo","isPartOf":{"@id":"https:\/\/carlaszabo.com\/ro\/#website"},"primaryImageOfPage":{"@id":"https:\/\/carlaszabo.com\/ro\/produs\/parus-brooch\/#primaryimage"},"image":{"@id":"https:\/\/carlaszabo.com\/ro\/produs\/parus-brooch\/#primaryimage"},"thumbnailUrl":"https:\/\/carlaszabo.com\/wp-content\/uploads\/2022\/12\/Parus-Brooch-6.jpg","datePublished":"2022-12-08T19:59:20+00:00","dateModified":"2023-12-21T09:07:43+00:00","description":"Aceast\u0103 bro\u0219\u0103 reprezint\u0103 un pi\u021bigoi \u0219i face parte din colec\u021bia P\u0103s\u0103ri de iarn\u0103.P\u0103s\u0103rile de iarn\u0103 - pic\u0103turi calde de via\u021b\u0103, cu ciripituri voioase, parc\u0103 ar descrie, prin zborul lor, liniile ascu\u021bite \u0219i \u00eenghe\u021bate ale ierburilor \u0219i tufi\u0219urilor din jurul casei.P\u0103s\u0103rile acestei colec\u021bii sunt pl\u0103m\u0103dite din plante uscate, m\u0103run\u021bite \u0219i \u00eent\u0103rite cu un clei din amidon de porumb, ap\u0103 \u0219i o\u021bet.","breadcrumb":{"@id":"https:\/\/carlaszabo.com\/ro\/produs\/parus-brooch\/#breadcrumb"},"inLanguage":"ro-RO","potentialAction":[{"@type":"ReadAction","target":["https:\/\/carlaszabo.com\/ro\/produs\/parus-brooch\/"]}]},{"@type":"ImageObject","inLanguage":"ro-RO","@id":"https:\/\/carlaszabo.com\/ro\/produs\/parus-brooch\/#primaryimage","url":"https:\/\/carlaszabo.com\/wp-content\/uploads\/2022\/12\/Parus-Brooch-6.jpg","contentUrl":"https:\/\/carlaszabo.com\/wp-content\/uploads\/2022\/12\/Parus-Brooch-6.jpg","width":800,"height":1067},{"@type":"BreadcrumbList","@id":"https:\/\/carlaszabo.com\/ro\/produs\/parus-brooch\/#breadcrumb","itemListElement":[{"@type":"ListItem","position":1,"name":"Home","item":"https:\/\/carlaszabo.com\/ro\/"},{"@type":"ListItem","position":2,"name":"Shop","item":"https:\/\/carlaszabo.com\/ro\/shop\/"},{"@type":"ListItem","position":3,"name":"Parus Brooch (la comand\u0103)"}]},{"@type":"WebSite","@id":"https:\/\/carlaszabo.com\/ro\/#website","url":"https:\/\/carlaszabo.com\/ro\/","name":"Carla Szabo","description":"","publisher":{"@id":"https:\/\/carlaszabo.com\/ro\/#organization"},"potentialAction":[{"@type":"SearchAction","target":{"@type":"EntryPoint","urlTemplate":"https:\/\/carlaszabo.com\/ro\/?s={search_term_string}"},"query-input":{"@type":"PropertyValueSpecification","valueRequired":true,"valueName":"search_term_string"}}],"inLanguage":"ro-RO"},{"@type":"Organization","@id":"https:\/\/carlaszabo.com\/ro\/#organization","name":"Carla Szabo","url":"https:\/\/carlaszabo.com\/ro\/","logo":{"@type":"ImageObject","inLanguage":"ro-RO","@id":"https:\/\/carlaszabo.com\/ro\/#\/schema\/logo\/image\/","url":"https:\/\/carlaszabo.com\/wp-content\/uploads\/2017\/09\/carla-logo.png","contentUrl":"https:\/\/carlaszabo.com\/wp-content\/uploads\/2017\/09\/carla-logo.png","width":370,"height":49,"caption":"Carla Szabo"},"image":{"@id":"https:\/\/carlaszabo.com\/ro\/#\/schema\/logo\/image\/"}}]}},"_links":{"self":[{"href":"https:\/\/carlaszabo.com\/ro\/wp-json\/wp\/v2\/product\/100560","targetHints":{"allow":["GET"]}}],"collection":[{"href":"https:\/\/carlaszabo.com\/ro\/wp-json\/wp\/v2\/product"}],"about":[{"href":"https:\/\/carlaszabo.com\/ro\/wp-json\/wp\/v2\/types\/product"}],"wp:featuredmedia":[{"embeddable":true,"href":"https:\/\/carlaszabo.com\/ro\/wp-json\/wp\/v2\/media\/100515"}],"wp:attachment":[{"href":"https:\/\/carlaszabo.com\/ro\/wp-json\/wp\/v2\/media?parent=100560"}],"wp:term":[{"taxonomy":"product_brand","embeddable":true,"href":"https:\/\/carlaszabo.com\/ro\/wp-json\/wp\/v2\/product_brand?post=100560"},{"taxonomy":"product_cat","embeddable":true,"href":"https:\/\/carlaszabo.com\/ro\/wp-json\/wp\/v2\/product_cat?post=100560"},{"taxonomy":"product_tag","embeddable":true,"href":"https:\/\/carlaszabo.com\/ro\/wp-json\/wp\/v2\/product_tag?post=100560"}],"curies":[{"name":"wp","href":"https:\/\/api.w.org\/{rel}","templated":true}]}}