{"id":100565,"date":"2022-12-08T20:13:19","date_gmt":"2022-12-08T20:13:19","guid":{"rendered":"https:\/\/carlaszabo.com\/?post_type=product&#038;p=100565"},"modified":"2022-12-20T15:56:34","modified_gmt":"2022-12-20T15:56:34","slug":"fluffy-decoration","status":"publish","type":"product","link":"https:\/\/carlaszabo.com\/ro\/produs\/fluffy-decoration\/","title":{"rendered":"Fluffy Decoration"},"content":{"rendered":"","protected":false},"excerpt":{"rendered":"<p>Aceasta este o decora\u021bie pentru interior \u00een form\u0103 de pas\u0103re \u0219i face parte din colec\u021bia P\u0103s\u0103ri de iarn\u0103.<\/p>\n<p>P\u0103s\u0103rile de iarn\u0103 &#8211; pic\u0103turi calde de via\u021b\u0103, cu ciripituri voioase, parc\u0103 ar descrie, prin zborul lor, liniile ascu\u021bite \u0219i \u00eenghe\u021bate ale ierburilor \u0219i tufi\u0219urilor din jurul casei.<\/p>\n<p>P\u0103s\u0103rile acestei colec\u021bii sunt pl\u0103m\u0103dite din plante uscate, m\u0103run\u021bite \u0219i \u00eent\u0103rite cu un clei din amidon de porumb, ap\u0103 \u0219i o\u021bet.<\/p>\n","protected":false},"featured_media":100495,"template":"","meta":[],"product_brand":[],"product_cat":[686],"product_tag":[776,784,599],"class_list":{"0":"post-100565","1":"product","2":"type-product","3":"status-publish","4":"has-post-thumbnail","6":"product_cat-obiecte","7":"product_tag-pasari-de-iarna-ro-2","8":"product_tag-seminte-de-carpen-de-munte","9":"product_tag-wood-ro","11":"first","12":"instock","13":"shipping-taxable","14":"purchasable","15":"product-type-simple"},"yoast_head":"<!-- This site is optimized with the Yoast SEO plugin v27.5 - https:\/\/yoast.com\/product\/yoast-seo-wordpress\/ -->\n<title>Fluffy Decoration | Carla Szabo<\/title>\n<meta name=\"description\" content=\"Aceasta este o decora\u021bie pentru interior \u00een form\u0103 de pas\u0103re \u0219i face parte din colec\u021bia P\u0103s\u0103ri de iarn\u0103.P\u0103s\u0103rile de iarn\u0103 - pic\u0103turi calde de via\u021b\u0103, cu ciripituri voioase, parc\u0103 ar descrie, prin zborul lor, liniile ascu\u021bite \u0219i \u00eenghe\u021bate ale ierburilor \u0219i tufi\u0219urilor din jurul casei.P\u0103s\u0103rile acestei colec\u021bii sunt pl\u0103m\u0103dite din plante uscate, m\u0103run\u021bite \u0219i \u00eent\u0103rite cu un clei din amidon de porumb, ap\u0103 \u0219i o\u021bet.\" \/>\n<meta name=\"robots\" content=\"index, follow, max-snippet:-1, max-image-preview:large, max-video-preview:-1\" \/>\n<link rel=\"canonical\" href=\"https:\/\/carlaszabo.com\/ro\/produs\/fluffy-decoration\/\" \/>\n<meta property=\"og:locale\" content=\"ro_RO\" \/>\n<meta property=\"og:type\" content=\"article\" \/>\n<meta property=\"og:title\" content=\"Fluffy Decoration | Carla Szabo\" \/>\n<meta property=\"og:description\" content=\"Aceasta este o decora\u021bie pentru interior \u00een form\u0103 de pas\u0103re \u0219i face parte din colec\u021bia P\u0103s\u0103ri de iarn\u0103.P\u0103s\u0103rile de iarn\u0103 - pic\u0103turi calde de via\u021b\u0103, cu ciripituri voioase, parc\u0103 ar descrie, prin zborul lor, liniile ascu\u021bite \u0219i \u00eenghe\u021bate ale ierburilor \u0219i tufi\u0219urilor din jurul casei.P\u0103s\u0103rile acestei colec\u021bii sunt pl\u0103m\u0103dite din plante uscate, m\u0103run\u021bite \u0219i \u00eent\u0103rite cu un clei din amidon de porumb, ap\u0103 \u0219i o\u021bet.\" \/>\n<meta property=\"og:url\" content=\"https:\/\/carlaszabo.com\/ro\/produs\/fluffy-decoration\/\" \/>\n<meta property=\"og:site_name\" content=\"Carla Szabo\" \/>\n<meta property=\"article:modified_time\" content=\"2022-12-20T15:56:34+00:00\" \/>\n<meta property=\"og:image\" content=\"https:\/\/carlaszabo.com\/wp-content\/uploads\/2022\/12\/Fluffy-decoration-2.jpg\" \/>\n\t<meta property=\"og:image:width\" content=\"800\" \/>\n\t<meta property=\"og:image:height\" content=\"1067\" \/>\n\t<meta property=\"og:image:type\" content=\"image\/jpeg\" \/>\n<meta name=\"twitter:card\" content=\"summary_large_image\" \/>\n<script type=\"application\/ld+json\" class=\"yoast-schema-graph\">{\"@context\":\"https:\\\/\\\/schema.org\",\"@graph\":[{\"@type\":\"WebPage\",\"@id\":\"https:\\\/\\\/carlaszabo.com\\\/ro\\\/produs\\\/fluffy-decoration\\\/\",\"url\":\"https:\\\/\\\/carlaszabo.com\\\/ro\\\/produs\\\/fluffy-decoration\\\/\",\"name\":\"Fluffy Decoration | Carla Szabo\",\"isPartOf\":{\"@id\":\"https:\\\/\\\/carlaszabo.com\\\/ro\\\/#website\"},\"primaryImageOfPage\":{\"@id\":\"https:\\\/\\\/carlaszabo.com\\\/ro\\\/produs\\\/fluffy-decoration\\\/#primaryimage\"},\"image\":{\"@id\":\"https:\\\/\\\/carlaszabo.com\\\/ro\\\/produs\\\/fluffy-decoration\\\/#primaryimage\"},\"thumbnailUrl\":\"https:\\\/\\\/carlaszabo.com\\\/wp-content\\\/uploads\\\/2022\\\/12\\\/Fluffy-decoration-2.jpg\",\"datePublished\":\"2022-12-08T20:13:19+00:00\",\"dateModified\":\"2022-12-20T15:56:34+00:00\",\"description\":\"Aceasta este o decora\u021bie pentru interior \u00een form\u0103 de pas\u0103re \u0219i face parte din colec\u021bia P\u0103s\u0103ri de iarn\u0103.P\u0103s\u0103rile de iarn\u0103 - pic\u0103turi calde de via\u021b\u0103, cu ciripituri voioase, parc\u0103 ar descrie, prin zborul lor, liniile ascu\u021bite \u0219i \u00eenghe\u021bate ale ierburilor \u0219i tufi\u0219urilor din jurul casei.P\u0103s\u0103rile acestei colec\u021bii sunt pl\u0103m\u0103dite din plante uscate, m\u0103run\u021bite \u0219i \u00eent\u0103rite cu un clei din amidon de porumb, ap\u0103 \u0219i o\u021bet.\",\"breadcrumb\":{\"@id\":\"https:\\\/\\\/carlaszabo.com\\\/ro\\\/produs\\\/fluffy-decoration\\\/#breadcrumb\"},\"inLanguage\":\"ro-RO\",\"potentialAction\":[{\"@type\":\"ReadAction\",\"target\":[\"https:\\\/\\\/carlaszabo.com\\\/ro\\\/produs\\\/fluffy-decoration\\\/\"]}]},{\"@type\":\"ImageObject\",\"inLanguage\":\"ro-RO\",\"@id\":\"https:\\\/\\\/carlaszabo.com\\\/ro\\\/produs\\\/fluffy-decoration\\\/#primaryimage\",\"url\":\"https:\\\/\\\/carlaszabo.com\\\/wp-content\\\/uploads\\\/2022\\\/12\\\/Fluffy-decoration-2.jpg\",\"contentUrl\":\"https:\\\/\\\/carlaszabo.com\\\/wp-content\\\/uploads\\\/2022\\\/12\\\/Fluffy-decoration-2.jpg\",\"width\":800,\"height\":1067},{\"@type\":\"BreadcrumbList\",\"@id\":\"https:\\\/\\\/carlaszabo.com\\\/ro\\\/produs\\\/fluffy-decoration\\\/#breadcrumb\",\"itemListElement\":[{\"@type\":\"ListItem\",\"position\":1,\"name\":\"Home\",\"item\":\"https:\\\/\\\/carlaszabo.com\\\/ro\\\/\"},{\"@type\":\"ListItem\",\"position\":2,\"name\":\"Shop\",\"item\":\"https:\\\/\\\/carlaszabo.com\\\/ro\\\/shop\\\/\"},{\"@type\":\"ListItem\",\"position\":3,\"name\":\"Fluffy Decoration\"}]},{\"@type\":\"WebSite\",\"@id\":\"https:\\\/\\\/carlaszabo.com\\\/ro\\\/#website\",\"url\":\"https:\\\/\\\/carlaszabo.com\\\/ro\\\/\",\"name\":\"Carla Szabo\",\"description\":\"\",\"publisher\":{\"@id\":\"https:\\\/\\\/carlaszabo.com\\\/ro\\\/#organization\"},\"potentialAction\":[{\"@type\":\"SearchAction\",\"target\":{\"@type\":\"EntryPoint\",\"urlTemplate\":\"https:\\\/\\\/carlaszabo.com\\\/ro\\\/?s={search_term_string}\"},\"query-input\":{\"@type\":\"PropertyValueSpecification\",\"valueRequired\":true,\"valueName\":\"search_term_string\"}}],\"inLanguage\":\"ro-RO\"},{\"@type\":\"Organization\",\"@id\":\"https:\\\/\\\/carlaszabo.com\\\/ro\\\/#organization\",\"name\":\"Carla Szabo\",\"url\":\"https:\\\/\\\/carlaszabo.com\\\/ro\\\/\",\"logo\":{\"@type\":\"ImageObject\",\"inLanguage\":\"ro-RO\",\"@id\":\"https:\\\/\\\/carlaszabo.com\\\/ro\\\/#\\\/schema\\\/logo\\\/image\\\/\",\"url\":\"https:\\\/\\\/carlaszabo.com\\\/wp-content\\\/uploads\\\/2017\\\/09\\\/carla-logo.png\",\"contentUrl\":\"https:\\\/\\\/carlaszabo.com\\\/wp-content\\\/uploads\\\/2017\\\/09\\\/carla-logo.png\",\"width\":370,\"height\":49,\"caption\":\"Carla Szabo\"},\"image\":{\"@id\":\"https:\\\/\\\/carlaszabo.com\\\/ro\\\/#\\\/schema\\\/logo\\\/image\\\/\"}}]}<\/script>\n<!-- \/ Yoast SEO plugin. -->","yoast_head_json":{"title":"Fluffy Decoration | Carla Szabo","description":"Aceasta este o decora\u021bie pentru interior \u00een form\u0103 de pas\u0103re \u0219i face parte din colec\u021bia P\u0103s\u0103ri de iarn\u0103.P\u0103s\u0103rile de iarn\u0103 - pic\u0103turi calde de via\u021b\u0103, cu ciripituri voioase, parc\u0103 ar descrie, prin zborul lor, liniile ascu\u021bite \u0219i \u00eenghe\u021bate ale ierburilor \u0219i tufi\u0219urilor din jurul casei.P\u0103s\u0103rile acestei colec\u021bii sunt pl\u0103m\u0103dite din plante uscate, m\u0103run\u021bite \u0219i \u00eent\u0103rite cu un clei din amidon de porumb, ap\u0103 \u0219i o\u021bet.","robots":{"index":"index","follow":"follow","max-snippet":"max-snippet:-1","max-image-preview":"max-image-preview:large","max-video-preview":"max-video-preview:-1"},"canonical":"https:\/\/carlaszabo.com\/ro\/produs\/fluffy-decoration\/","og_locale":"ro_RO","og_type":"article","og_title":"Fluffy Decoration | Carla Szabo","og_description":"Aceasta este o decora\u021bie pentru interior \u00een form\u0103 de pas\u0103re \u0219i face parte din colec\u021bia P\u0103s\u0103ri de iarn\u0103.P\u0103s\u0103rile de iarn\u0103 - pic\u0103turi calde de via\u021b\u0103, cu ciripituri voioase, parc\u0103 ar descrie, prin zborul lor, liniile ascu\u021bite \u0219i \u00eenghe\u021bate ale ierburilor \u0219i tufi\u0219urilor din jurul casei.P\u0103s\u0103rile acestei colec\u021bii sunt pl\u0103m\u0103dite din plante uscate, m\u0103run\u021bite \u0219i \u00eent\u0103rite cu un clei din amidon de porumb, ap\u0103 \u0219i o\u021bet.","og_url":"https:\/\/carlaszabo.com\/ro\/produs\/fluffy-decoration\/","og_site_name":"Carla Szabo","article_modified_time":"2022-12-20T15:56:34+00:00","og_image":[{"width":800,"height":1067,"url":"https:\/\/carlaszabo.com\/wp-content\/uploads\/2022\/12\/Fluffy-decoration-2.jpg","type":"image\/jpeg"}],"twitter_card":"summary_large_image","schema":{"@context":"https:\/\/schema.org","@graph":[{"@type":"WebPage","@id":"https:\/\/carlaszabo.com\/ro\/produs\/fluffy-decoration\/","url":"https:\/\/carlaszabo.com\/ro\/produs\/fluffy-decoration\/","name":"Fluffy Decoration | Carla Szabo","isPartOf":{"@id":"https:\/\/carlaszabo.com\/ro\/#website"},"primaryImageOfPage":{"@id":"https:\/\/carlaszabo.com\/ro\/produs\/fluffy-decoration\/#primaryimage"},"image":{"@id":"https:\/\/carlaszabo.com\/ro\/produs\/fluffy-decoration\/#primaryimage"},"thumbnailUrl":"https:\/\/carlaszabo.com\/wp-content\/uploads\/2022\/12\/Fluffy-decoration-2.jpg","datePublished":"2022-12-08T20:13:19+00:00","dateModified":"2022-12-20T15:56:34+00:00","description":"Aceasta este o decora\u021bie pentru interior \u00een form\u0103 de pas\u0103re \u0219i face parte din colec\u021bia P\u0103s\u0103ri de iarn\u0103.P\u0103s\u0103rile de iarn\u0103 - pic\u0103turi calde de via\u021b\u0103, cu ciripituri voioase, parc\u0103 ar descrie, prin zborul lor, liniile ascu\u021bite \u0219i \u00eenghe\u021bate ale ierburilor \u0219i tufi\u0219urilor din jurul casei.P\u0103s\u0103rile acestei colec\u021bii sunt pl\u0103m\u0103dite din plante uscate, m\u0103run\u021bite \u0219i \u00eent\u0103rite cu un clei din amidon de porumb, ap\u0103 \u0219i o\u021bet.","breadcrumb":{"@id":"https:\/\/carlaszabo.com\/ro\/produs\/fluffy-decoration\/#breadcrumb"},"inLanguage":"ro-RO","potentialAction":[{"@type":"ReadAction","target":["https:\/\/carlaszabo.com\/ro\/produs\/fluffy-decoration\/"]}]},{"@type":"ImageObject","inLanguage":"ro-RO","@id":"https:\/\/carlaszabo.com\/ro\/produs\/fluffy-decoration\/#primaryimage","url":"https:\/\/carlaszabo.com\/wp-content\/uploads\/2022\/12\/Fluffy-decoration-2.jpg","contentUrl":"https:\/\/carlaszabo.com\/wp-content\/uploads\/2022\/12\/Fluffy-decoration-2.jpg","width":800,"height":1067},{"@type":"BreadcrumbList","@id":"https:\/\/carlaszabo.com\/ro\/produs\/fluffy-decoration\/#breadcrumb","itemListElement":[{"@type":"ListItem","position":1,"name":"Home","item":"https:\/\/carlaszabo.com\/ro\/"},{"@type":"ListItem","position":2,"name":"Shop","item":"https:\/\/carlaszabo.com\/ro\/shop\/"},{"@type":"ListItem","position":3,"name":"Fluffy Decoration"}]},{"@type":"WebSite","@id":"https:\/\/carlaszabo.com\/ro\/#website","url":"https:\/\/carlaszabo.com\/ro\/","name":"Carla Szabo","description":"","publisher":{"@id":"https:\/\/carlaszabo.com\/ro\/#organization"},"potentialAction":[{"@type":"SearchAction","target":{"@type":"EntryPoint","urlTemplate":"https:\/\/carlaszabo.com\/ro\/?s={search_term_string}"},"query-input":{"@type":"PropertyValueSpecification","valueRequired":true,"valueName":"search_term_string"}}],"inLanguage":"ro-RO"},{"@type":"Organization","@id":"https:\/\/carlaszabo.com\/ro\/#organization","name":"Carla Szabo","url":"https:\/\/carlaszabo.com\/ro\/","logo":{"@type":"ImageObject","inLanguage":"ro-RO","@id":"https:\/\/carlaszabo.com\/ro\/#\/schema\/logo\/image\/","url":"https:\/\/carlaszabo.com\/wp-content\/uploads\/2017\/09\/carla-logo.png","contentUrl":"https:\/\/carlaszabo.com\/wp-content\/uploads\/2017\/09\/carla-logo.png","width":370,"height":49,"caption":"Carla Szabo"},"image":{"@id":"https:\/\/carlaszabo.com\/ro\/#\/schema\/logo\/image\/"}}]}},"_links":{"self":[{"href":"https:\/\/carlaszabo.com\/ro\/wp-json\/wp\/v2\/product\/100565","targetHints":{"allow":["GET"]}}],"collection":[{"href":"https:\/\/carlaszabo.com\/ro\/wp-json\/wp\/v2\/product"}],"about":[{"href":"https:\/\/carlaszabo.com\/ro\/wp-json\/wp\/v2\/types\/product"}],"wp:featuredmedia":[{"embeddable":true,"href":"https:\/\/carlaszabo.com\/ro\/wp-json\/wp\/v2\/media\/100495"}],"wp:attachment":[{"href":"https:\/\/carlaszabo.com\/ro\/wp-json\/wp\/v2\/media?parent=100565"}],"wp:term":[{"taxonomy":"product_brand","embeddable":true,"href":"https:\/\/carlaszabo.com\/ro\/wp-json\/wp\/v2\/product_brand?post=100565"},{"taxonomy":"product_cat","embeddable":true,"href":"https:\/\/carlaszabo.com\/ro\/wp-json\/wp\/v2\/product_cat?post=100565"},{"taxonomy":"product_tag","embeddable":true,"href":"https:\/\/carlaszabo.com\/ro\/wp-json\/wp\/v2\/product_tag?post=100565"}],"curies":[{"name":"wp","href":"https:\/\/api.w.org\/{rel}","templated":true}]}}