{"id":100567,"date":"2022-12-08T20:34:23","date_gmt":"2022-12-08T20:34:23","guid":{"rendered":"https:\/\/carlaszabo.com\/?post_type=product&#038;p=100567"},"modified":"2023-12-13T19:45:35","modified_gmt":"2023-12-13T19:45:35","slug":"triplet-decoration","status":"publish","type":"product","link":"https:\/\/carlaszabo.com\/ro\/produs\/triplet-decoration\/","title":{"rendered":"Triplet decoration (la comand\u0103)"},"content":{"rendered":"","protected":false},"excerpt":{"rendered":"<p>Acesta este un set de 3 obiecte decorative, \u00een form\u0103 de p\u0103s\u0103ri \u0219i face parte din colec\u021bia P\u0103s\u0103ri de iarn\u0103.<\/p>\n<p>P\u0103s\u0103rile de iarn\u0103 &#8211; pic\u0103turi calde de via\u021b\u0103, cu ciripituri voioase, parc\u0103 ar descrie, prin zborul lor, liniile ascu\u021bite \u0219i \u00eenghe\u021bate ale ierburilor \u0219i tufi\u0219urilor din jurul casei.<\/p>\n<p>P\u0103s\u0103rile acestei colec\u021bii sunt pl\u0103m\u0103dite din plante uscate, m\u0103run\u021bite \u0219i \u00eent\u0103rite cu un clei din amidon de porumb, ap\u0103 \u0219i o\u021bet.<\/p>\n","protected":false},"featured_media":100549,"template":"","meta":[],"product_brand":[],"product_cat":[686],"product_tag":[786,787,781,776,599],"class_list":{"0":"post-100567","1":"product","2":"type-product","3":"status-publish","4":"has-post-thumbnail","6":"product_cat-obiecte","7":"product_tag-coaja-de-nuca-ro-2","8":"product_tag-frunze-de-mesteacan","9":"product_tag-frunze-de-plop","10":"product_tag-pasari-de-iarna-ro-2","11":"product_tag-wood-ro","13":"first","14":"instock","15":"shipping-taxable","16":"purchasable","17":"product-type-simple"},"yoast_head":"<!-- This site is optimized with the Yoast SEO plugin v27.5 - https:\/\/yoast.com\/product\/yoast-seo-wordpress\/ -->\n<title>Triplet decoration (la comand\u0103) | Carla Szabo<\/title>\n<meta name=\"description\" content=\"Acesta este un set de 3 obiecte decorative, \u00een form\u0103 de p\u0103s\u0103ri \u0219i face parte din colec\u021bia P\u0103s\u0103ri de iarn\u0103.P\u0103s\u0103rile de iarn\u0103 - pic\u0103turi calde de via\u021b\u0103, cu ciripituri voioase, parc\u0103 ar descrie, prin zborul lor, liniile ascu\u021bite \u0219i \u00eenghe\u021bate ale ierburilor \u0219i tufi\u0219urilor din jurul casei.P\u0103s\u0103rile acestei colec\u021bii sunt pl\u0103m\u0103dite din plante uscate, m\u0103run\u021bite \u0219i \u00eent\u0103rite cu un clei din amidon de porumb, ap\u0103 \u0219i o\u021bet.\" \/>\n<meta name=\"robots\" content=\"index, follow, max-snippet:-1, max-image-preview:large, max-video-preview:-1\" \/>\n<link rel=\"canonical\" href=\"https:\/\/carlaszabo.com\/ro\/produs\/triplet-decoration\/\" \/>\n<meta property=\"og:locale\" content=\"ro_RO\" \/>\n<meta property=\"og:type\" content=\"article\" \/>\n<meta property=\"og:title\" content=\"Triplet decoration (la comand\u0103) | Carla Szabo\" \/>\n<meta property=\"og:description\" content=\"Acesta este un set de 3 obiecte decorative, \u00een form\u0103 de p\u0103s\u0103ri \u0219i face parte din colec\u021bia P\u0103s\u0103ri de iarn\u0103.P\u0103s\u0103rile de iarn\u0103 - pic\u0103turi calde de via\u021b\u0103, cu ciripituri voioase, parc\u0103 ar descrie, prin zborul lor, liniile ascu\u021bite \u0219i \u00eenghe\u021bate ale ierburilor \u0219i tufi\u0219urilor din jurul casei.P\u0103s\u0103rile acestei colec\u021bii sunt pl\u0103m\u0103dite din plante uscate, m\u0103run\u021bite \u0219i \u00eent\u0103rite cu un clei din amidon de porumb, ap\u0103 \u0219i o\u021bet.\" \/>\n<meta property=\"og:url\" content=\"https:\/\/carlaszabo.com\/ro\/produs\/triplet-decoration\/\" \/>\n<meta property=\"og:site_name\" content=\"Carla Szabo\" \/>\n<meta property=\"article:modified_time\" content=\"2023-12-13T19:45:35+00:00\" \/>\n<meta property=\"og:image\" content=\"https:\/\/carlaszabo.com\/wp-content\/uploads\/2022\/12\/Triplet-decoration-1.jpg\" \/>\n\t<meta property=\"og:image:width\" content=\"800\" \/>\n\t<meta property=\"og:image:height\" content=\"1067\" \/>\n\t<meta property=\"og:image:type\" content=\"image\/jpeg\" \/>\n<meta name=\"twitter:card\" content=\"summary_large_image\" \/>\n<script type=\"application\/ld+json\" class=\"yoast-schema-graph\">{\"@context\":\"https:\\\/\\\/schema.org\",\"@graph\":[{\"@type\":\"WebPage\",\"@id\":\"https:\\\/\\\/carlaszabo.com\\\/ro\\\/produs\\\/triplet-decoration\\\/\",\"url\":\"https:\\\/\\\/carlaszabo.com\\\/ro\\\/produs\\\/triplet-decoration\\\/\",\"name\":\"Triplet decoration (la comand\u0103) | Carla Szabo\",\"isPartOf\":{\"@id\":\"https:\\\/\\\/carlaszabo.com\\\/ro\\\/#website\"},\"primaryImageOfPage\":{\"@id\":\"https:\\\/\\\/carlaszabo.com\\\/ro\\\/produs\\\/triplet-decoration\\\/#primaryimage\"},\"image\":{\"@id\":\"https:\\\/\\\/carlaszabo.com\\\/ro\\\/produs\\\/triplet-decoration\\\/#primaryimage\"},\"thumbnailUrl\":\"https:\\\/\\\/carlaszabo.com\\\/wp-content\\\/uploads\\\/2022\\\/12\\\/Triplet-decoration-1.jpg\",\"datePublished\":\"2022-12-08T20:34:23+00:00\",\"dateModified\":\"2023-12-13T19:45:35+00:00\",\"description\":\"Acesta este un set de 3 obiecte decorative, \u00een form\u0103 de p\u0103s\u0103ri \u0219i face parte din colec\u021bia P\u0103s\u0103ri de iarn\u0103.P\u0103s\u0103rile de iarn\u0103 - pic\u0103turi calde de via\u021b\u0103, cu ciripituri voioase, parc\u0103 ar descrie, prin zborul lor, liniile ascu\u021bite \u0219i \u00eenghe\u021bate ale ierburilor \u0219i tufi\u0219urilor din jurul casei.P\u0103s\u0103rile acestei colec\u021bii sunt pl\u0103m\u0103dite din plante uscate, m\u0103run\u021bite \u0219i \u00eent\u0103rite cu un clei din amidon de porumb, ap\u0103 \u0219i o\u021bet.\",\"breadcrumb\":{\"@id\":\"https:\\\/\\\/carlaszabo.com\\\/ro\\\/produs\\\/triplet-decoration\\\/#breadcrumb\"},\"inLanguage\":\"ro-RO\",\"potentialAction\":[{\"@type\":\"ReadAction\",\"target\":[\"https:\\\/\\\/carlaszabo.com\\\/ro\\\/produs\\\/triplet-decoration\\\/\"]}]},{\"@type\":\"ImageObject\",\"inLanguage\":\"ro-RO\",\"@id\":\"https:\\\/\\\/carlaszabo.com\\\/ro\\\/produs\\\/triplet-decoration\\\/#primaryimage\",\"url\":\"https:\\\/\\\/carlaszabo.com\\\/wp-content\\\/uploads\\\/2022\\\/12\\\/Triplet-decoration-1.jpg\",\"contentUrl\":\"https:\\\/\\\/carlaszabo.com\\\/wp-content\\\/uploads\\\/2022\\\/12\\\/Triplet-decoration-1.jpg\",\"width\":800,\"height\":1067},{\"@type\":\"BreadcrumbList\",\"@id\":\"https:\\\/\\\/carlaszabo.com\\\/ro\\\/produs\\\/triplet-decoration\\\/#breadcrumb\",\"itemListElement\":[{\"@type\":\"ListItem\",\"position\":1,\"name\":\"Home\",\"item\":\"https:\\\/\\\/carlaszabo.com\\\/ro\\\/\"},{\"@type\":\"ListItem\",\"position\":2,\"name\":\"Shop\",\"item\":\"https:\\\/\\\/carlaszabo.com\\\/ro\\\/shop\\\/\"},{\"@type\":\"ListItem\",\"position\":3,\"name\":\"Triplet decoration (la comand\u0103)\"}]},{\"@type\":\"WebSite\",\"@id\":\"https:\\\/\\\/carlaszabo.com\\\/ro\\\/#website\",\"url\":\"https:\\\/\\\/carlaszabo.com\\\/ro\\\/\",\"name\":\"Carla Szabo\",\"description\":\"\",\"publisher\":{\"@id\":\"https:\\\/\\\/carlaszabo.com\\\/ro\\\/#organization\"},\"potentialAction\":[{\"@type\":\"SearchAction\",\"target\":{\"@type\":\"EntryPoint\",\"urlTemplate\":\"https:\\\/\\\/carlaszabo.com\\\/ro\\\/?s={search_term_string}\"},\"query-input\":{\"@type\":\"PropertyValueSpecification\",\"valueRequired\":true,\"valueName\":\"search_term_string\"}}],\"inLanguage\":\"ro-RO\"},{\"@type\":\"Organization\",\"@id\":\"https:\\\/\\\/carlaszabo.com\\\/ro\\\/#organization\",\"name\":\"Carla Szabo\",\"url\":\"https:\\\/\\\/carlaszabo.com\\\/ro\\\/\",\"logo\":{\"@type\":\"ImageObject\",\"inLanguage\":\"ro-RO\",\"@id\":\"https:\\\/\\\/carlaszabo.com\\\/ro\\\/#\\\/schema\\\/logo\\\/image\\\/\",\"url\":\"https:\\\/\\\/carlaszabo.com\\\/wp-content\\\/uploads\\\/2017\\\/09\\\/carla-logo.png\",\"contentUrl\":\"https:\\\/\\\/carlaszabo.com\\\/wp-content\\\/uploads\\\/2017\\\/09\\\/carla-logo.png\",\"width\":370,\"height\":49,\"caption\":\"Carla Szabo\"},\"image\":{\"@id\":\"https:\\\/\\\/carlaszabo.com\\\/ro\\\/#\\\/schema\\\/logo\\\/image\\\/\"}}]}<\/script>\n<!-- \/ Yoast SEO plugin. -->","yoast_head_json":{"title":"Triplet decoration (la comand\u0103) | Carla Szabo","description":"Acesta este un set de 3 obiecte decorative, \u00een form\u0103 de p\u0103s\u0103ri \u0219i face parte din colec\u021bia P\u0103s\u0103ri de iarn\u0103.P\u0103s\u0103rile de iarn\u0103 - pic\u0103turi calde de via\u021b\u0103, cu ciripituri voioase, parc\u0103 ar descrie, prin zborul lor, liniile ascu\u021bite \u0219i \u00eenghe\u021bate ale ierburilor \u0219i tufi\u0219urilor din jurul casei.P\u0103s\u0103rile acestei colec\u021bii sunt pl\u0103m\u0103dite din plante uscate, m\u0103run\u021bite \u0219i \u00eent\u0103rite cu un clei din amidon de porumb, ap\u0103 \u0219i o\u021bet.","robots":{"index":"index","follow":"follow","max-snippet":"max-snippet:-1","max-image-preview":"max-image-preview:large","max-video-preview":"max-video-preview:-1"},"canonical":"https:\/\/carlaszabo.com\/ro\/produs\/triplet-decoration\/","og_locale":"ro_RO","og_type":"article","og_title":"Triplet decoration (la comand\u0103) | Carla Szabo","og_description":"Acesta este un set de 3 obiecte decorative, \u00een form\u0103 de p\u0103s\u0103ri \u0219i face parte din colec\u021bia P\u0103s\u0103ri de iarn\u0103.P\u0103s\u0103rile de iarn\u0103 - pic\u0103turi calde de via\u021b\u0103, cu ciripituri voioase, parc\u0103 ar descrie, prin zborul lor, liniile ascu\u021bite \u0219i \u00eenghe\u021bate ale ierburilor \u0219i tufi\u0219urilor din jurul casei.P\u0103s\u0103rile acestei colec\u021bii sunt pl\u0103m\u0103dite din plante uscate, m\u0103run\u021bite \u0219i \u00eent\u0103rite cu un clei din amidon de porumb, ap\u0103 \u0219i o\u021bet.","og_url":"https:\/\/carlaszabo.com\/ro\/produs\/triplet-decoration\/","og_site_name":"Carla Szabo","article_modified_time":"2023-12-13T19:45:35+00:00","og_image":[{"width":800,"height":1067,"url":"https:\/\/carlaszabo.com\/wp-content\/uploads\/2022\/12\/Triplet-decoration-1.jpg","type":"image\/jpeg"}],"twitter_card":"summary_large_image","schema":{"@context":"https:\/\/schema.org","@graph":[{"@type":"WebPage","@id":"https:\/\/carlaszabo.com\/ro\/produs\/triplet-decoration\/","url":"https:\/\/carlaszabo.com\/ro\/produs\/triplet-decoration\/","name":"Triplet decoration (la comand\u0103) | Carla Szabo","isPartOf":{"@id":"https:\/\/carlaszabo.com\/ro\/#website"},"primaryImageOfPage":{"@id":"https:\/\/carlaszabo.com\/ro\/produs\/triplet-decoration\/#primaryimage"},"image":{"@id":"https:\/\/carlaszabo.com\/ro\/produs\/triplet-decoration\/#primaryimage"},"thumbnailUrl":"https:\/\/carlaszabo.com\/wp-content\/uploads\/2022\/12\/Triplet-decoration-1.jpg","datePublished":"2022-12-08T20:34:23+00:00","dateModified":"2023-12-13T19:45:35+00:00","description":"Acesta este un set de 3 obiecte decorative, \u00een form\u0103 de p\u0103s\u0103ri \u0219i face parte din colec\u021bia P\u0103s\u0103ri de iarn\u0103.P\u0103s\u0103rile de iarn\u0103 - pic\u0103turi calde de via\u021b\u0103, cu ciripituri voioase, parc\u0103 ar descrie, prin zborul lor, liniile ascu\u021bite \u0219i \u00eenghe\u021bate ale ierburilor \u0219i tufi\u0219urilor din jurul casei.P\u0103s\u0103rile acestei colec\u021bii sunt pl\u0103m\u0103dite din plante uscate, m\u0103run\u021bite \u0219i \u00eent\u0103rite cu un clei din amidon de porumb, ap\u0103 \u0219i o\u021bet.","breadcrumb":{"@id":"https:\/\/carlaszabo.com\/ro\/produs\/triplet-decoration\/#breadcrumb"},"inLanguage":"ro-RO","potentialAction":[{"@type":"ReadAction","target":["https:\/\/carlaszabo.com\/ro\/produs\/triplet-decoration\/"]}]},{"@type":"ImageObject","inLanguage":"ro-RO","@id":"https:\/\/carlaszabo.com\/ro\/produs\/triplet-decoration\/#primaryimage","url":"https:\/\/carlaszabo.com\/wp-content\/uploads\/2022\/12\/Triplet-decoration-1.jpg","contentUrl":"https:\/\/carlaszabo.com\/wp-content\/uploads\/2022\/12\/Triplet-decoration-1.jpg","width":800,"height":1067},{"@type":"BreadcrumbList","@id":"https:\/\/carlaszabo.com\/ro\/produs\/triplet-decoration\/#breadcrumb","itemListElement":[{"@type":"ListItem","position":1,"name":"Home","item":"https:\/\/carlaszabo.com\/ro\/"},{"@type":"ListItem","position":2,"name":"Shop","item":"https:\/\/carlaszabo.com\/ro\/shop\/"},{"@type":"ListItem","position":3,"name":"Triplet decoration (la comand\u0103)"}]},{"@type":"WebSite","@id":"https:\/\/carlaszabo.com\/ro\/#website","url":"https:\/\/carlaszabo.com\/ro\/","name":"Carla Szabo","description":"","publisher":{"@id":"https:\/\/carlaszabo.com\/ro\/#organization"},"potentialAction":[{"@type":"SearchAction","target":{"@type":"EntryPoint","urlTemplate":"https:\/\/carlaszabo.com\/ro\/?s={search_term_string}"},"query-input":{"@type":"PropertyValueSpecification","valueRequired":true,"valueName":"search_term_string"}}],"inLanguage":"ro-RO"},{"@type":"Organization","@id":"https:\/\/carlaszabo.com\/ro\/#organization","name":"Carla Szabo","url":"https:\/\/carlaszabo.com\/ro\/","logo":{"@type":"ImageObject","inLanguage":"ro-RO","@id":"https:\/\/carlaszabo.com\/ro\/#\/schema\/logo\/image\/","url":"https:\/\/carlaszabo.com\/wp-content\/uploads\/2017\/09\/carla-logo.png","contentUrl":"https:\/\/carlaszabo.com\/wp-content\/uploads\/2017\/09\/carla-logo.png","width":370,"height":49,"caption":"Carla Szabo"},"image":{"@id":"https:\/\/carlaszabo.com\/ro\/#\/schema\/logo\/image\/"}}]}},"_links":{"self":[{"href":"https:\/\/carlaszabo.com\/ro\/wp-json\/wp\/v2\/product\/100567","targetHints":{"allow":["GET"]}}],"collection":[{"href":"https:\/\/carlaszabo.com\/ro\/wp-json\/wp\/v2\/product"}],"about":[{"href":"https:\/\/carlaszabo.com\/ro\/wp-json\/wp\/v2\/types\/product"}],"wp:featuredmedia":[{"embeddable":true,"href":"https:\/\/carlaszabo.com\/ro\/wp-json\/wp\/v2\/media\/100549"}],"wp:attachment":[{"href":"https:\/\/carlaszabo.com\/ro\/wp-json\/wp\/v2\/media?parent=100567"}],"wp:term":[{"taxonomy":"product_brand","embeddable":true,"href":"https:\/\/carlaszabo.com\/ro\/wp-json\/wp\/v2\/product_brand?post=100567"},{"taxonomy":"product_cat","embeddable":true,"href":"https:\/\/carlaszabo.com\/ro\/wp-json\/wp\/v2\/product_cat?post=100567"},{"taxonomy":"product_tag","embeddable":true,"href":"https:\/\/carlaszabo.com\/ro\/wp-json\/wp\/v2\/product_tag?post=100567"}],"curies":[{"name":"wp","href":"https:\/\/api.w.org\/{rel}","templated":true}]}}