{"id":100827,"date":"2023-02-15T12:02:23","date_gmt":"2023-02-15T12:02:23","guid":{"rendered":"https:\/\/carlaszabo.com\/?post_type=product&#038;p=100827"},"modified":"2023-02-15T12:38:41","modified_gmt":"2023-02-15T12:38:41","slug":"golden-diamond-earrings","status":"publish","type":"product","link":"https:\/\/carlaszabo.com\/ro\/produs\/golden-diamond-earrings\/","title":{"rendered":"Golden Diamond Earrings"},"content":{"rendered":"","protected":false},"excerpt":{"rendered":"<p>Ace\u0219ti cercei \u00een form\u0103 de diamant, sunt realiza\u021bi din oglind\u0103 acrilic\u0103 pe un suport din lemn de stejar, cu o prindere din argint. Fac parte din colec\u021bia Reflective.<\/p>\n<p>Colec\u021bia Reflective simbolizeaz\u0103 descoperirea de sine. Micile fragmente de oglind\u0103 formeaz\u0103 fiin\u021be dreptunghiulare, care purtate ca bro\u0219e sau coliere invit\u0103 la comunicare prin frumuse\u021be \u0219i ludic.<\/p>\n","protected":false},"featured_media":100826,"template":"","meta":[],"product_brand":[],"product_cat":[353],"product_tag":[540,566,569,346],"class_list":{"0":"post-100827","1":"product","2":"type-product","3":"status-publish","4":"has-post-thumbnail","6":"product_cat-cercei","7":"product_tag-black-ro","8":"product_tag-earrings-ro","9":"product_tag-mirror-ro","10":"product_tag-reflective-ro","12":"first","13":"outofstock","14":"shipping-taxable","15":"purchasable","16":"product-type-simple"},"yoast_head":"<!-- This site is optimized with the Yoast SEO plugin v27.6 - https:\/\/yoast.com\/product\/yoast-seo-wordpress\/ -->\n<title>Golden Diamond Earrings | Carla Szabo<\/title>\n<meta name=\"description\" content=\"Ace\u0219ti cercei \u00een form\u0103 de diamant, sunt realiza\u021bi din oglind\u0103 acrilic\u0103 pe un suport din lemn de stejar, cu o prindere din argint. Fac parte din colec\u021bia Reflective.Colec\u021bia Reflective simbolizeaz\u0103 descoperirea de sine. Micile fragmente de oglind\u0103 formeaz\u0103 fiin\u021be dreptunghiulare, care purtate ca bro\u0219e sau coliere invit\u0103 la comunicare prin frumuse\u021be \u0219i ludic.\" \/>\n<meta name=\"robots\" content=\"index, follow, max-snippet:-1, max-image-preview:large, max-video-preview:-1\" \/>\n<link rel=\"canonical\" href=\"https:\/\/carlaszabo.com\/ro\/produs\/golden-diamond-earrings\/\" \/>\n<meta property=\"og:locale\" content=\"ro_RO\" \/>\n<meta property=\"og:type\" content=\"article\" \/>\n<meta property=\"og:title\" content=\"Golden Diamond Earrings | Carla Szabo\" \/>\n<meta property=\"og:description\" content=\"Ace\u0219ti cercei \u00een form\u0103 de diamant, sunt realiza\u021bi din oglind\u0103 acrilic\u0103 pe un suport din lemn de stejar, cu o prindere din argint. Fac parte din colec\u021bia Reflective.Colec\u021bia Reflective simbolizeaz\u0103 descoperirea de sine. Micile fragmente de oglind\u0103 formeaz\u0103 fiin\u021be dreptunghiulare, care purtate ca bro\u0219e sau coliere invit\u0103 la comunicare prin frumuse\u021be \u0219i ludic.\" \/>\n<meta property=\"og:url\" content=\"https:\/\/carlaszabo.com\/ro\/produs\/golden-diamond-earrings\/\" \/>\n<meta property=\"og:site_name\" content=\"Carla Szabo\" \/>\n<meta property=\"article:modified_time\" content=\"2023-02-15T12:38:41+00:00\" \/>\n<meta property=\"og:image\" content=\"https:\/\/carlaszabo.com\/wp-content\/uploads\/2023\/02\/Golden-Diamond-Earring-4.jpg\" \/>\n\t<meta property=\"og:image:width\" content=\"800\" \/>\n\t<meta property=\"og:image:height\" content=\"1067\" \/>\n\t<meta property=\"og:image:type\" content=\"image\/jpeg\" \/>\n<meta name=\"twitter:card\" content=\"summary_large_image\" \/>\n<script type=\"application\/ld+json\" class=\"yoast-schema-graph\">{\"@context\":\"https:\\\/\\\/schema.org\",\"@graph\":[{\"@type\":\"WebPage\",\"@id\":\"https:\\\/\\\/carlaszabo.com\\\/ro\\\/produs\\\/golden-diamond-earrings\\\/\",\"url\":\"https:\\\/\\\/carlaszabo.com\\\/ro\\\/produs\\\/golden-diamond-earrings\\\/\",\"name\":\"Golden Diamond Earrings | Carla Szabo\",\"isPartOf\":{\"@id\":\"https:\\\/\\\/carlaszabo.com\\\/ro\\\/#website\"},\"primaryImageOfPage\":{\"@id\":\"https:\\\/\\\/carlaszabo.com\\\/ro\\\/produs\\\/golden-diamond-earrings\\\/#primaryimage\"},\"image\":{\"@id\":\"https:\\\/\\\/carlaszabo.com\\\/ro\\\/produs\\\/golden-diamond-earrings\\\/#primaryimage\"},\"thumbnailUrl\":\"https:\\\/\\\/carlaszabo.com\\\/wp-content\\\/uploads\\\/2023\\\/02\\\/Golden-Diamond-Earring-4.jpg\",\"datePublished\":\"2023-02-15T12:02:23+00:00\",\"dateModified\":\"2023-02-15T12:38:41+00:00\",\"description\":\"Ace\u0219ti cercei \u00een form\u0103 de diamant, sunt realiza\u021bi din oglind\u0103 acrilic\u0103 pe un suport din lemn de stejar, cu o prindere din argint. Fac parte din colec\u021bia Reflective.Colec\u021bia Reflective simbolizeaz\u0103 descoperirea de sine. Micile fragmente de oglind\u0103 formeaz\u0103 fiin\u021be dreptunghiulare, care purtate ca bro\u0219e sau coliere invit\u0103 la comunicare prin frumuse\u021be \u0219i ludic.\",\"breadcrumb\":{\"@id\":\"https:\\\/\\\/carlaszabo.com\\\/ro\\\/produs\\\/golden-diamond-earrings\\\/#breadcrumb\"},\"inLanguage\":\"ro-RO\",\"potentialAction\":[{\"@type\":\"ReadAction\",\"target\":[\"https:\\\/\\\/carlaszabo.com\\\/ro\\\/produs\\\/golden-diamond-earrings\\\/\"]}]},{\"@type\":\"ImageObject\",\"inLanguage\":\"ro-RO\",\"@id\":\"https:\\\/\\\/carlaszabo.com\\\/ro\\\/produs\\\/golden-diamond-earrings\\\/#primaryimage\",\"url\":\"https:\\\/\\\/carlaszabo.com\\\/wp-content\\\/uploads\\\/2023\\\/02\\\/Golden-Diamond-Earring-4.jpg\",\"contentUrl\":\"https:\\\/\\\/carlaszabo.com\\\/wp-content\\\/uploads\\\/2023\\\/02\\\/Golden-Diamond-Earring-4.jpg\",\"width\":800,\"height\":1067},{\"@type\":\"BreadcrumbList\",\"@id\":\"https:\\\/\\\/carlaszabo.com\\\/ro\\\/produs\\\/golden-diamond-earrings\\\/#breadcrumb\",\"itemListElement\":[{\"@type\":\"ListItem\",\"position\":1,\"name\":\"Home\",\"item\":\"https:\\\/\\\/carlaszabo.com\\\/ro\\\/\"},{\"@type\":\"ListItem\",\"position\":2,\"name\":\"Shop\",\"item\":\"https:\\\/\\\/carlaszabo.com\\\/ro\\\/shop\\\/\"},{\"@type\":\"ListItem\",\"position\":3,\"name\":\"Golden Diamond Earrings\"}]},{\"@type\":\"WebSite\",\"@id\":\"https:\\\/\\\/carlaszabo.com\\\/ro\\\/#website\",\"url\":\"https:\\\/\\\/carlaszabo.com\\\/ro\\\/\",\"name\":\"Carla Szabo\",\"description\":\"\",\"publisher\":{\"@id\":\"https:\\\/\\\/carlaszabo.com\\\/ro\\\/#organization\"},\"potentialAction\":[{\"@type\":\"SearchAction\",\"target\":{\"@type\":\"EntryPoint\",\"urlTemplate\":\"https:\\\/\\\/carlaszabo.com\\\/ro\\\/?s={search_term_string}\"},\"query-input\":{\"@type\":\"PropertyValueSpecification\",\"valueRequired\":true,\"valueName\":\"search_term_string\"}}],\"inLanguage\":\"ro-RO\"},{\"@type\":\"Organization\",\"@id\":\"https:\\\/\\\/carlaszabo.com\\\/ro\\\/#organization\",\"name\":\"Carla Szabo\",\"url\":\"https:\\\/\\\/carlaszabo.com\\\/ro\\\/\",\"logo\":{\"@type\":\"ImageObject\",\"inLanguage\":\"ro-RO\",\"@id\":\"https:\\\/\\\/carlaszabo.com\\\/ro\\\/#\\\/schema\\\/logo\\\/image\\\/\",\"url\":\"https:\\\/\\\/carlaszabo.com\\\/wp-content\\\/uploads\\\/2017\\\/09\\\/carla-logo.png\",\"contentUrl\":\"https:\\\/\\\/carlaszabo.com\\\/wp-content\\\/uploads\\\/2017\\\/09\\\/carla-logo.png\",\"width\":370,\"height\":49,\"caption\":\"Carla Szabo\"},\"image\":{\"@id\":\"https:\\\/\\\/carlaszabo.com\\\/ro\\\/#\\\/schema\\\/logo\\\/image\\\/\"}}]}<\/script>\n<!-- \/ Yoast SEO plugin. -->","yoast_head_json":{"title":"Golden Diamond Earrings | Carla Szabo","description":"Ace\u0219ti cercei \u00een form\u0103 de diamant, sunt realiza\u021bi din oglind\u0103 acrilic\u0103 pe un suport din lemn de stejar, cu o prindere din argint. Fac parte din colec\u021bia Reflective.Colec\u021bia Reflective simbolizeaz\u0103 descoperirea de sine. Micile fragmente de oglind\u0103 formeaz\u0103 fiin\u021be dreptunghiulare, care purtate ca bro\u0219e sau coliere invit\u0103 la comunicare prin frumuse\u021be \u0219i ludic.","robots":{"index":"index","follow":"follow","max-snippet":"max-snippet:-1","max-image-preview":"max-image-preview:large","max-video-preview":"max-video-preview:-1"},"canonical":"https:\/\/carlaszabo.com\/ro\/produs\/golden-diamond-earrings\/","og_locale":"ro_RO","og_type":"article","og_title":"Golden Diamond Earrings | Carla Szabo","og_description":"Ace\u0219ti cercei \u00een form\u0103 de diamant, sunt realiza\u021bi din oglind\u0103 acrilic\u0103 pe un suport din lemn de stejar, cu o prindere din argint. Fac parte din colec\u021bia Reflective.Colec\u021bia Reflective simbolizeaz\u0103 descoperirea de sine. Micile fragmente de oglind\u0103 formeaz\u0103 fiin\u021be dreptunghiulare, care purtate ca bro\u0219e sau coliere invit\u0103 la comunicare prin frumuse\u021be \u0219i ludic.","og_url":"https:\/\/carlaszabo.com\/ro\/produs\/golden-diamond-earrings\/","og_site_name":"Carla Szabo","article_modified_time":"2023-02-15T12:38:41+00:00","og_image":[{"width":800,"height":1067,"url":"https:\/\/carlaszabo.com\/wp-content\/uploads\/2023\/02\/Golden-Diamond-Earring-4.jpg","type":"image\/jpeg"}],"twitter_card":"summary_large_image","schema":{"@context":"https:\/\/schema.org","@graph":[{"@type":"WebPage","@id":"https:\/\/carlaszabo.com\/ro\/produs\/golden-diamond-earrings\/","url":"https:\/\/carlaszabo.com\/ro\/produs\/golden-diamond-earrings\/","name":"Golden Diamond Earrings | Carla Szabo","isPartOf":{"@id":"https:\/\/carlaszabo.com\/ro\/#website"},"primaryImageOfPage":{"@id":"https:\/\/carlaszabo.com\/ro\/produs\/golden-diamond-earrings\/#primaryimage"},"image":{"@id":"https:\/\/carlaszabo.com\/ro\/produs\/golden-diamond-earrings\/#primaryimage"},"thumbnailUrl":"https:\/\/carlaszabo.com\/wp-content\/uploads\/2023\/02\/Golden-Diamond-Earring-4.jpg","datePublished":"2023-02-15T12:02:23+00:00","dateModified":"2023-02-15T12:38:41+00:00","description":"Ace\u0219ti cercei \u00een form\u0103 de diamant, sunt realiza\u021bi din oglind\u0103 acrilic\u0103 pe un suport din lemn de stejar, cu o prindere din argint. Fac parte din colec\u021bia Reflective.Colec\u021bia Reflective simbolizeaz\u0103 descoperirea de sine. Micile fragmente de oglind\u0103 formeaz\u0103 fiin\u021be dreptunghiulare, care purtate ca bro\u0219e sau coliere invit\u0103 la comunicare prin frumuse\u021be \u0219i ludic.","breadcrumb":{"@id":"https:\/\/carlaszabo.com\/ro\/produs\/golden-diamond-earrings\/#breadcrumb"},"inLanguage":"ro-RO","potentialAction":[{"@type":"ReadAction","target":["https:\/\/carlaszabo.com\/ro\/produs\/golden-diamond-earrings\/"]}]},{"@type":"ImageObject","inLanguage":"ro-RO","@id":"https:\/\/carlaszabo.com\/ro\/produs\/golden-diamond-earrings\/#primaryimage","url":"https:\/\/carlaszabo.com\/wp-content\/uploads\/2023\/02\/Golden-Diamond-Earring-4.jpg","contentUrl":"https:\/\/carlaszabo.com\/wp-content\/uploads\/2023\/02\/Golden-Diamond-Earring-4.jpg","width":800,"height":1067},{"@type":"BreadcrumbList","@id":"https:\/\/carlaszabo.com\/ro\/produs\/golden-diamond-earrings\/#breadcrumb","itemListElement":[{"@type":"ListItem","position":1,"name":"Home","item":"https:\/\/carlaszabo.com\/ro\/"},{"@type":"ListItem","position":2,"name":"Shop","item":"https:\/\/carlaszabo.com\/ro\/shop\/"},{"@type":"ListItem","position":3,"name":"Golden Diamond Earrings"}]},{"@type":"WebSite","@id":"https:\/\/carlaszabo.com\/ro\/#website","url":"https:\/\/carlaszabo.com\/ro\/","name":"Carla Szabo","description":"","publisher":{"@id":"https:\/\/carlaszabo.com\/ro\/#organization"},"potentialAction":[{"@type":"SearchAction","target":{"@type":"EntryPoint","urlTemplate":"https:\/\/carlaszabo.com\/ro\/?s={search_term_string}"},"query-input":{"@type":"PropertyValueSpecification","valueRequired":true,"valueName":"search_term_string"}}],"inLanguage":"ro-RO"},{"@type":"Organization","@id":"https:\/\/carlaszabo.com\/ro\/#organization","name":"Carla Szabo","url":"https:\/\/carlaszabo.com\/ro\/","logo":{"@type":"ImageObject","inLanguage":"ro-RO","@id":"https:\/\/carlaszabo.com\/ro\/#\/schema\/logo\/image\/","url":"https:\/\/carlaszabo.com\/wp-content\/uploads\/2017\/09\/carla-logo.png","contentUrl":"https:\/\/carlaszabo.com\/wp-content\/uploads\/2017\/09\/carla-logo.png","width":370,"height":49,"caption":"Carla Szabo"},"image":{"@id":"https:\/\/carlaszabo.com\/ro\/#\/schema\/logo\/image\/"}}]}},"_links":{"self":[{"href":"https:\/\/carlaszabo.com\/ro\/wp-json\/wp\/v2\/product\/100827","targetHints":{"allow":["GET"]}}],"collection":[{"href":"https:\/\/carlaszabo.com\/ro\/wp-json\/wp\/v2\/product"}],"about":[{"href":"https:\/\/carlaszabo.com\/ro\/wp-json\/wp\/v2\/types\/product"}],"wp:featuredmedia":[{"embeddable":true,"href":"https:\/\/carlaszabo.com\/ro\/wp-json\/wp\/v2\/media\/100826"}],"wp:attachment":[{"href":"https:\/\/carlaszabo.com\/ro\/wp-json\/wp\/v2\/media?parent=100827"}],"wp:term":[{"taxonomy":"product_brand","embeddable":true,"href":"https:\/\/carlaszabo.com\/ro\/wp-json\/wp\/v2\/product_brand?post=100827"},{"taxonomy":"product_cat","embeddable":true,"href":"https:\/\/carlaszabo.com\/ro\/wp-json\/wp\/v2\/product_cat?post=100827"},{"taxonomy":"product_tag","embeddable":true,"href":"https:\/\/carlaszabo.com\/ro\/wp-json\/wp\/v2\/product_tag?post=100827"}],"curies":[{"name":"wp","href":"https:\/\/api.w.org\/{rel}","templated":true}]}}