{"id":100967,"date":"2023-04-22T12:38:12","date_gmt":"2023-04-22T12:38:12","guid":{"rendered":"https:\/\/carlaszabo.com\/?post_type=product&#038;p=100967"},"modified":"2023-12-12T15:01:41","modified_gmt":"2023-12-12T15:01:41","slug":"pearls-stars-oak-necklace","status":"publish","type":"product","link":"https:\/\/carlaszabo.com\/ro\/produs\/pearls-stars-oak-necklace\/","title":{"rendered":"Pearls Stars Oak Necklace (la comand\u0103)"},"content":{"rendered":"<p>Colier ajustabil realizat din perle ceramice cu un element decorativ \u00een form\u0103 de sfer\u0103. Sfera este din lemn de stejar \u00eennegrit natural, cu intarsii de perle ceramice de diverse m\u0103rimi. Parte din Colec\u021bia &#8222;Silver&amp;Pearls&#8221;.<\/p>\n","protected":false},"excerpt":{"rendered":"<p>Colier ajustabil realizat din perle ceramice cu un element decorativ \u00een form\u0103 de sfer\u0103. Sfera este din lemn de stejar \u00eennegrit natural, cu intarsii de perle ceramice de diverse m\u0103rimi. Parte din Colec\u021bia &#8222;Silver&amp;Pearls&#8221;.<\/p>\n","protected":false},"featured_media":100981,"template":"","meta":[],"product_brand":[],"product_cat":[319],"product_tag":[708,588,538,709],"class_list":{"0":"post-100967","1":"product","2":"type-product","3":"status-publish","4":"has-post-thumbnail","6":"product_cat-coliere","7":"product_tag-ceramic-pearls-ro","8":"product_tag-oak-ro","9":"product_tag-pearls-ro","10":"product_tag-synthetic-thread-ro","12":"first","13":"instock","14":"sold-individually","15":"shipping-taxable","16":"purchasable","17":"product-type-simple"},"yoast_head":"<!-- This site is optimized with the Yoast SEO plugin v27.6 - https:\/\/yoast.com\/product\/yoast-seo-wordpress\/ -->\n<title>Pearls Stars Oak Necklace (la comand\u0103) | Carla Szabo<\/title>\n<meta name=\"description\" content=\"Colier ajustabil realizat din perle ceramice cu un element decorativ \u00een form\u0103 de sfer\u0103. Sfera este din lemn de stejar \u00eennegrit natural, cu intarsii de perle ceramice de diverse m\u0103rimi. Parte din Colec\u021bia &quot;Silver&amp;Pearls&quot;.\" \/>\n<meta name=\"robots\" content=\"index, follow, max-snippet:-1, max-image-preview:large, max-video-preview:-1\" \/>\n<link rel=\"canonical\" href=\"https:\/\/carlaszabo.com\/ro\/produs\/pearls-stars-oak-necklace\/\" \/>\n<meta property=\"og:locale\" content=\"ro_RO\" \/>\n<meta property=\"og:type\" content=\"article\" \/>\n<meta property=\"og:title\" content=\"Pearls Stars Oak Necklace (la comand\u0103) | Carla Szabo\" \/>\n<meta property=\"og:description\" content=\"Colier ajustabil realizat din perle ceramice cu un element decorativ \u00een form\u0103 de sfer\u0103. Sfera este din lemn de stejar \u00eennegrit natural, cu intarsii de perle ceramice de diverse m\u0103rimi. Parte din Colec\u021bia &quot;Silver&amp;Pearls&quot;.\" \/>\n<meta property=\"og:url\" content=\"https:\/\/carlaszabo.com\/ro\/produs\/pearls-stars-oak-necklace\/\" \/>\n<meta property=\"og:site_name\" content=\"Carla Szabo\" \/>\n<meta property=\"article:modified_time\" content=\"2023-12-12T15:01:41+00:00\" \/>\n<meta property=\"og:image\" content=\"https:\/\/carlaszabo.com\/wp-content\/uploads\/2023\/04\/Pearls-Stars-Oak-Necklace-4.jpg\" \/>\n\t<meta property=\"og:image:width\" content=\"800\" \/>\n\t<meta property=\"og:image:height\" content=\"1067\" \/>\n\t<meta property=\"og:image:type\" content=\"image\/jpeg\" \/>\n<meta name=\"twitter:card\" content=\"summary_large_image\" \/>\n<script type=\"application\/ld+json\" class=\"yoast-schema-graph\">{\"@context\":\"https:\\\/\\\/schema.org\",\"@graph\":[{\"@type\":\"WebPage\",\"@id\":\"https:\\\/\\\/carlaszabo.com\\\/ro\\\/produs\\\/pearls-stars-oak-necklace\\\/\",\"url\":\"https:\\\/\\\/carlaszabo.com\\\/ro\\\/produs\\\/pearls-stars-oak-necklace\\\/\",\"name\":\"Pearls Stars Oak Necklace (la comand\u0103) | Carla Szabo\",\"isPartOf\":{\"@id\":\"https:\\\/\\\/carlaszabo.com\\\/ro\\\/#website\"},\"primaryImageOfPage\":{\"@id\":\"https:\\\/\\\/carlaszabo.com\\\/ro\\\/produs\\\/pearls-stars-oak-necklace\\\/#primaryimage\"},\"image\":{\"@id\":\"https:\\\/\\\/carlaszabo.com\\\/ro\\\/produs\\\/pearls-stars-oak-necklace\\\/#primaryimage\"},\"thumbnailUrl\":\"https:\\\/\\\/carlaszabo.com\\\/wp-content\\\/uploads\\\/2023\\\/04\\\/Pearls-Stars-Oak-Necklace-4.jpg\",\"datePublished\":\"2023-04-22T12:38:12+00:00\",\"dateModified\":\"2023-12-12T15:01:41+00:00\",\"description\":\"Colier ajustabil realizat din perle ceramice cu un element decorativ \u00een form\u0103 de sfer\u0103. Sfera este din lemn de stejar \u00eennegrit natural, cu intarsii de perle ceramice de diverse m\u0103rimi. Parte din Colec\u021bia \\\"Silver&Pearls\\\".\",\"breadcrumb\":{\"@id\":\"https:\\\/\\\/carlaszabo.com\\\/ro\\\/produs\\\/pearls-stars-oak-necklace\\\/#breadcrumb\"},\"inLanguage\":\"ro-RO\",\"potentialAction\":[{\"@type\":\"ReadAction\",\"target\":[\"https:\\\/\\\/carlaszabo.com\\\/ro\\\/produs\\\/pearls-stars-oak-necklace\\\/\"]}]},{\"@type\":\"ImageObject\",\"inLanguage\":\"ro-RO\",\"@id\":\"https:\\\/\\\/carlaszabo.com\\\/ro\\\/produs\\\/pearls-stars-oak-necklace\\\/#primaryimage\",\"url\":\"https:\\\/\\\/carlaszabo.com\\\/wp-content\\\/uploads\\\/2023\\\/04\\\/Pearls-Stars-Oak-Necklace-4.jpg\",\"contentUrl\":\"https:\\\/\\\/carlaszabo.com\\\/wp-content\\\/uploads\\\/2023\\\/04\\\/Pearls-Stars-Oak-Necklace-4.jpg\",\"width\":800,\"height\":1067},{\"@type\":\"BreadcrumbList\",\"@id\":\"https:\\\/\\\/carlaszabo.com\\\/ro\\\/produs\\\/pearls-stars-oak-necklace\\\/#breadcrumb\",\"itemListElement\":[{\"@type\":\"ListItem\",\"position\":1,\"name\":\"Home\",\"item\":\"https:\\\/\\\/carlaszabo.com\\\/ro\\\/\"},{\"@type\":\"ListItem\",\"position\":2,\"name\":\"Shop\",\"item\":\"https:\\\/\\\/carlaszabo.com\\\/ro\\\/shop\\\/\"},{\"@type\":\"ListItem\",\"position\":3,\"name\":\"Pearls Stars Oak Necklace (la comand\u0103)\"}]},{\"@type\":\"WebSite\",\"@id\":\"https:\\\/\\\/carlaszabo.com\\\/ro\\\/#website\",\"url\":\"https:\\\/\\\/carlaszabo.com\\\/ro\\\/\",\"name\":\"Carla Szabo\",\"description\":\"\",\"publisher\":{\"@id\":\"https:\\\/\\\/carlaszabo.com\\\/ro\\\/#organization\"},\"potentialAction\":[{\"@type\":\"SearchAction\",\"target\":{\"@type\":\"EntryPoint\",\"urlTemplate\":\"https:\\\/\\\/carlaszabo.com\\\/ro\\\/?s={search_term_string}\"},\"query-input\":{\"@type\":\"PropertyValueSpecification\",\"valueRequired\":true,\"valueName\":\"search_term_string\"}}],\"inLanguage\":\"ro-RO\"},{\"@type\":\"Organization\",\"@id\":\"https:\\\/\\\/carlaszabo.com\\\/ro\\\/#organization\",\"name\":\"Carla Szabo\",\"url\":\"https:\\\/\\\/carlaszabo.com\\\/ro\\\/\",\"logo\":{\"@type\":\"ImageObject\",\"inLanguage\":\"ro-RO\",\"@id\":\"https:\\\/\\\/carlaszabo.com\\\/ro\\\/#\\\/schema\\\/logo\\\/image\\\/\",\"url\":\"https:\\\/\\\/carlaszabo.com\\\/wp-content\\\/uploads\\\/2017\\\/09\\\/carla-logo.png\",\"contentUrl\":\"https:\\\/\\\/carlaszabo.com\\\/wp-content\\\/uploads\\\/2017\\\/09\\\/carla-logo.png\",\"width\":370,\"height\":49,\"caption\":\"Carla Szabo\"},\"image\":{\"@id\":\"https:\\\/\\\/carlaszabo.com\\\/ro\\\/#\\\/schema\\\/logo\\\/image\\\/\"}}]}<\/script>\n<!-- \/ Yoast SEO plugin. -->","yoast_head_json":{"title":"Pearls Stars Oak Necklace (la comand\u0103) | Carla Szabo","description":"Colier ajustabil realizat din perle ceramice cu un element decorativ \u00een form\u0103 de sfer\u0103. Sfera este din lemn de stejar \u00eennegrit natural, cu intarsii de perle ceramice de diverse m\u0103rimi. Parte din Colec\u021bia \"Silver&Pearls\".","robots":{"index":"index","follow":"follow","max-snippet":"max-snippet:-1","max-image-preview":"max-image-preview:large","max-video-preview":"max-video-preview:-1"},"canonical":"https:\/\/carlaszabo.com\/ro\/produs\/pearls-stars-oak-necklace\/","og_locale":"ro_RO","og_type":"article","og_title":"Pearls Stars Oak Necklace (la comand\u0103) | Carla Szabo","og_description":"Colier ajustabil realizat din perle ceramice cu un element decorativ \u00een form\u0103 de sfer\u0103. Sfera este din lemn de stejar \u00eennegrit natural, cu intarsii de perle ceramice de diverse m\u0103rimi. Parte din Colec\u021bia \"Silver&Pearls\".","og_url":"https:\/\/carlaszabo.com\/ro\/produs\/pearls-stars-oak-necklace\/","og_site_name":"Carla Szabo","article_modified_time":"2023-12-12T15:01:41+00:00","og_image":[{"width":800,"height":1067,"url":"https:\/\/carlaszabo.com\/wp-content\/uploads\/2023\/04\/Pearls-Stars-Oak-Necklace-4.jpg","type":"image\/jpeg"}],"twitter_card":"summary_large_image","schema":{"@context":"https:\/\/schema.org","@graph":[{"@type":"WebPage","@id":"https:\/\/carlaszabo.com\/ro\/produs\/pearls-stars-oak-necklace\/","url":"https:\/\/carlaszabo.com\/ro\/produs\/pearls-stars-oak-necklace\/","name":"Pearls Stars Oak Necklace (la comand\u0103) | Carla Szabo","isPartOf":{"@id":"https:\/\/carlaszabo.com\/ro\/#website"},"primaryImageOfPage":{"@id":"https:\/\/carlaszabo.com\/ro\/produs\/pearls-stars-oak-necklace\/#primaryimage"},"image":{"@id":"https:\/\/carlaszabo.com\/ro\/produs\/pearls-stars-oak-necklace\/#primaryimage"},"thumbnailUrl":"https:\/\/carlaszabo.com\/wp-content\/uploads\/2023\/04\/Pearls-Stars-Oak-Necklace-4.jpg","datePublished":"2023-04-22T12:38:12+00:00","dateModified":"2023-12-12T15:01:41+00:00","description":"Colier ajustabil realizat din perle ceramice cu un element decorativ \u00een form\u0103 de sfer\u0103. Sfera este din lemn de stejar \u00eennegrit natural, cu intarsii de perle ceramice de diverse m\u0103rimi. Parte din Colec\u021bia \"Silver&Pearls\".","breadcrumb":{"@id":"https:\/\/carlaszabo.com\/ro\/produs\/pearls-stars-oak-necklace\/#breadcrumb"},"inLanguage":"ro-RO","potentialAction":[{"@type":"ReadAction","target":["https:\/\/carlaszabo.com\/ro\/produs\/pearls-stars-oak-necklace\/"]}]},{"@type":"ImageObject","inLanguage":"ro-RO","@id":"https:\/\/carlaszabo.com\/ro\/produs\/pearls-stars-oak-necklace\/#primaryimage","url":"https:\/\/carlaszabo.com\/wp-content\/uploads\/2023\/04\/Pearls-Stars-Oak-Necklace-4.jpg","contentUrl":"https:\/\/carlaszabo.com\/wp-content\/uploads\/2023\/04\/Pearls-Stars-Oak-Necklace-4.jpg","width":800,"height":1067},{"@type":"BreadcrumbList","@id":"https:\/\/carlaszabo.com\/ro\/produs\/pearls-stars-oak-necklace\/#breadcrumb","itemListElement":[{"@type":"ListItem","position":1,"name":"Home","item":"https:\/\/carlaszabo.com\/ro\/"},{"@type":"ListItem","position":2,"name":"Shop","item":"https:\/\/carlaszabo.com\/ro\/shop\/"},{"@type":"ListItem","position":3,"name":"Pearls Stars Oak Necklace (la comand\u0103)"}]},{"@type":"WebSite","@id":"https:\/\/carlaszabo.com\/ro\/#website","url":"https:\/\/carlaszabo.com\/ro\/","name":"Carla Szabo","description":"","publisher":{"@id":"https:\/\/carlaszabo.com\/ro\/#organization"},"potentialAction":[{"@type":"SearchAction","target":{"@type":"EntryPoint","urlTemplate":"https:\/\/carlaszabo.com\/ro\/?s={search_term_string}"},"query-input":{"@type":"PropertyValueSpecification","valueRequired":true,"valueName":"search_term_string"}}],"inLanguage":"ro-RO"},{"@type":"Organization","@id":"https:\/\/carlaszabo.com\/ro\/#organization","name":"Carla Szabo","url":"https:\/\/carlaszabo.com\/ro\/","logo":{"@type":"ImageObject","inLanguage":"ro-RO","@id":"https:\/\/carlaszabo.com\/ro\/#\/schema\/logo\/image\/","url":"https:\/\/carlaszabo.com\/wp-content\/uploads\/2017\/09\/carla-logo.png","contentUrl":"https:\/\/carlaszabo.com\/wp-content\/uploads\/2017\/09\/carla-logo.png","width":370,"height":49,"caption":"Carla Szabo"},"image":{"@id":"https:\/\/carlaszabo.com\/ro\/#\/schema\/logo\/image\/"}}]}},"_links":{"self":[{"href":"https:\/\/carlaszabo.com\/ro\/wp-json\/wp\/v2\/product\/100967","targetHints":{"allow":["GET"]}}],"collection":[{"href":"https:\/\/carlaszabo.com\/ro\/wp-json\/wp\/v2\/product"}],"about":[{"href":"https:\/\/carlaszabo.com\/ro\/wp-json\/wp\/v2\/types\/product"}],"wp:featuredmedia":[{"embeddable":true,"href":"https:\/\/carlaszabo.com\/ro\/wp-json\/wp\/v2\/media\/100981"}],"wp:attachment":[{"href":"https:\/\/carlaszabo.com\/ro\/wp-json\/wp\/v2\/media?parent=100967"}],"wp:term":[{"taxonomy":"product_brand","embeddable":true,"href":"https:\/\/carlaszabo.com\/ro\/wp-json\/wp\/v2\/product_brand?post=100967"},{"taxonomy":"product_cat","embeddable":true,"href":"https:\/\/carlaszabo.com\/ro\/wp-json\/wp\/v2\/product_cat?post=100967"},{"taxonomy":"product_tag","embeddable":true,"href":"https:\/\/carlaszabo.com\/ro\/wp-json\/wp\/v2\/product_tag?post=100967"}],"curies":[{"name":"wp","href":"https:\/\/api.w.org\/{rel}","templated":true}]}}