{"id":101421,"date":"2023-11-02T19:26:16","date_gmt":"2023-11-02T19:26:16","guid":{"rendered":"https:\/\/carlaszabo.com\/?post_type=product&#038;p=101421"},"modified":"2023-11-03T06:47:13","modified_gmt":"2023-11-03T06:47:13","slug":"nacre-bean-pod-necklace","status":"publish","type":"product","link":"https:\/\/carlaszabo.com\/ro\/produs\/nacre-bean-pod-necklace\/","title":{"rendered":"Nacre Bean Pod Necklace (la cerere)"},"content":{"rendered":"","protected":false},"excerpt":{"rendered":"<p>Acest colier este realizat din m\u0103rgele de coral fosil \u0219i o p\u0103staie de fasole, sculptat\u0103 \u00een lemn de fag, ale c\u0103rei semin\u021be sunt din sidef. Face parte din Colec\u021bia Seeds.<\/p>\n<p><span style=\"font-family: -apple-system, BlinkMacSystemFont, 'Segoe UI', Roboto, Oxygen-Sans, Ubuntu, Cantarell, 'Helvetica Neue', sans-serif;\">Semin\u021bele ascund arhitectura \u0219i poten\u021bialul vie\u021bii. Ele cuprind cre\u0219terea, dincolo de voin\u021ba \u0219i priceperea noastr\u0103. Exist\u0103 o parte ascuns\u0103 \u00een fiecare dintre noi, care se des\u0103v\u00e2r\u0219e\u0219te singur\u0103 \u0219i nu poate fi gr\u0103bit\u0103 nici oprit\u0103 dar care r\u0103spunde indisolubil voin\u021bei lui Dumnezeu.<\/span><\/p>\n","protected":false},"featured_media":101423,"template":"","meta":[],"product_brand":[],"product_cat":[319],"product_tag":[794,656,535,814,648],"class_list":{"0":"post-101421","1":"product","2":"type-product","3":"status-publish","4":"has-post-thumbnail","6":"product_cat-coliere","7":"product_tag-coral-fosil","8":"product_tag-fag","9":"product_tag-necklace-ro","10":"product_tag-pastaie-de-fasole","11":"product_tag-seeds-ro","13":"first","14":"instock","15":"shipping-taxable","16":"purchasable","17":"product-type-simple"},"yoast_head":"<!-- This site is optimized with the Yoast SEO plugin v27.5 - https:\/\/yoast.com\/product\/yoast-seo-wordpress\/ -->\n<title>Nacre Bean Pod Necklace (la cerere) | Carla Szabo<\/title>\n<meta name=\"description\" content=\"Acest colier este realizat din m\u0103rgele de coral fosil \u0219i o p\u0103staie de fasole, sculptat\u0103 \u00een lemn de fag, ale c\u0103rei semin\u021be sunt din sidef. Face parte din Colec\u021bia Seeds.Semin\u021bele ascund arhitectura \u0219i poten\u021bialul vie\u021bii. Ele cuprind cre\u0219terea, dincolo de voin\u021ba \u0219i priceperea noastr\u0103. Exist\u0103 o parte ascuns\u0103 \u00een fiecare dintre noi, care se des\u0103v\u00e2r\u0219e\u0219te singur\u0103 \u0219i nu poate fi gr\u0103bit\u0103 nici oprit\u0103 dar care r\u0103spunde indisolubil voin\u021bei lui Dumnezeu.\" \/>\n<meta name=\"robots\" content=\"index, follow, max-snippet:-1, max-image-preview:large, max-video-preview:-1\" \/>\n<link rel=\"canonical\" href=\"https:\/\/carlaszabo.com\/ro\/produs\/nacre-bean-pod-necklace\/\" \/>\n<meta property=\"og:locale\" content=\"ro_RO\" \/>\n<meta property=\"og:type\" content=\"article\" \/>\n<meta property=\"og:title\" content=\"Nacre Bean Pod Necklace (la cerere) | Carla Szabo\" \/>\n<meta property=\"og:description\" content=\"Acest colier este realizat din m\u0103rgele de coral fosil \u0219i o p\u0103staie de fasole, sculptat\u0103 \u00een lemn de fag, ale c\u0103rei semin\u021be sunt din sidef. Face parte din Colec\u021bia Seeds.Semin\u021bele ascund arhitectura \u0219i poten\u021bialul vie\u021bii. Ele cuprind cre\u0219terea, dincolo de voin\u021ba \u0219i priceperea noastr\u0103. Exist\u0103 o parte ascuns\u0103 \u00een fiecare dintre noi, care se des\u0103v\u00e2r\u0219e\u0219te singur\u0103 \u0219i nu poate fi gr\u0103bit\u0103 nici oprit\u0103 dar care r\u0103spunde indisolubil voin\u021bei lui Dumnezeu.\" \/>\n<meta property=\"og:url\" content=\"https:\/\/carlaszabo.com\/ro\/produs\/nacre-bean-pod-necklace\/\" \/>\n<meta property=\"og:site_name\" content=\"Carla Szabo\" \/>\n<meta property=\"article:modified_time\" content=\"2023-11-03T06:47:13+00:00\" \/>\n<meta property=\"og:image\" content=\"https:\/\/carlaszabo.com\/wp-content\/uploads\/2023\/11\/Nacre-Bean-Pod-Necklace-10.jpg\" \/>\n\t<meta property=\"og:image:width\" content=\"800\" \/>\n\t<meta property=\"og:image:height\" content=\"1067\" \/>\n\t<meta property=\"og:image:type\" content=\"image\/jpeg\" \/>\n<meta name=\"twitter:card\" content=\"summary_large_image\" \/>\n<script type=\"application\/ld+json\" class=\"yoast-schema-graph\">{\"@context\":\"https:\\\/\\\/schema.org\",\"@graph\":[{\"@type\":\"WebPage\",\"@id\":\"https:\\\/\\\/carlaszabo.com\\\/ro\\\/produs\\\/nacre-bean-pod-necklace\\\/\",\"url\":\"https:\\\/\\\/carlaszabo.com\\\/ro\\\/produs\\\/nacre-bean-pod-necklace\\\/\",\"name\":\"Nacre Bean Pod Necklace (la cerere) | Carla Szabo\",\"isPartOf\":{\"@id\":\"https:\\\/\\\/carlaszabo.com\\\/ro\\\/#website\"},\"primaryImageOfPage\":{\"@id\":\"https:\\\/\\\/carlaszabo.com\\\/ro\\\/produs\\\/nacre-bean-pod-necklace\\\/#primaryimage\"},\"image\":{\"@id\":\"https:\\\/\\\/carlaszabo.com\\\/ro\\\/produs\\\/nacre-bean-pod-necklace\\\/#primaryimage\"},\"thumbnailUrl\":\"https:\\\/\\\/carlaszabo.com\\\/wp-content\\\/uploads\\\/2023\\\/11\\\/Nacre-Bean-Pod-Necklace-10.jpg\",\"datePublished\":\"2023-11-02T19:26:16+00:00\",\"dateModified\":\"2023-11-03T06:47:13+00:00\",\"description\":\"Acest colier este realizat din m\u0103rgele de coral fosil \u0219i o p\u0103staie de fasole, sculptat\u0103 \u00een lemn de fag, ale c\u0103rei semin\u021be sunt din sidef. Face parte din Colec\u021bia Seeds.Semin\u021bele ascund arhitectura \u0219i poten\u021bialul vie\u021bii. Ele cuprind cre\u0219terea, dincolo de voin\u021ba \u0219i priceperea noastr\u0103. Exist\u0103 o parte ascuns\u0103 \u00een fiecare dintre noi, care se des\u0103v\u00e2r\u0219e\u0219te singur\u0103 \u0219i nu poate fi gr\u0103bit\u0103 nici oprit\u0103 dar care r\u0103spunde indisolubil voin\u021bei lui Dumnezeu.\",\"breadcrumb\":{\"@id\":\"https:\\\/\\\/carlaszabo.com\\\/ro\\\/produs\\\/nacre-bean-pod-necklace\\\/#breadcrumb\"},\"inLanguage\":\"ro-RO\",\"potentialAction\":[{\"@type\":\"ReadAction\",\"target\":[\"https:\\\/\\\/carlaszabo.com\\\/ro\\\/produs\\\/nacre-bean-pod-necklace\\\/\"]}]},{\"@type\":\"ImageObject\",\"inLanguage\":\"ro-RO\",\"@id\":\"https:\\\/\\\/carlaszabo.com\\\/ro\\\/produs\\\/nacre-bean-pod-necklace\\\/#primaryimage\",\"url\":\"https:\\\/\\\/carlaszabo.com\\\/wp-content\\\/uploads\\\/2023\\\/11\\\/Nacre-Bean-Pod-Necklace-10.jpg\",\"contentUrl\":\"https:\\\/\\\/carlaszabo.com\\\/wp-content\\\/uploads\\\/2023\\\/11\\\/Nacre-Bean-Pod-Necklace-10.jpg\",\"width\":800,\"height\":1067},{\"@type\":\"BreadcrumbList\",\"@id\":\"https:\\\/\\\/carlaszabo.com\\\/ro\\\/produs\\\/nacre-bean-pod-necklace\\\/#breadcrumb\",\"itemListElement\":[{\"@type\":\"ListItem\",\"position\":1,\"name\":\"Home\",\"item\":\"https:\\\/\\\/carlaszabo.com\\\/ro\\\/\"},{\"@type\":\"ListItem\",\"position\":2,\"name\":\"Shop\",\"item\":\"https:\\\/\\\/carlaszabo.com\\\/ro\\\/shop\\\/\"},{\"@type\":\"ListItem\",\"position\":3,\"name\":\"Nacre Bean Pod Necklace (la cerere)\"}]},{\"@type\":\"WebSite\",\"@id\":\"https:\\\/\\\/carlaszabo.com\\\/ro\\\/#website\",\"url\":\"https:\\\/\\\/carlaszabo.com\\\/ro\\\/\",\"name\":\"Carla Szabo\",\"description\":\"\",\"publisher\":{\"@id\":\"https:\\\/\\\/carlaszabo.com\\\/ro\\\/#organization\"},\"potentialAction\":[{\"@type\":\"SearchAction\",\"target\":{\"@type\":\"EntryPoint\",\"urlTemplate\":\"https:\\\/\\\/carlaszabo.com\\\/ro\\\/?s={search_term_string}\"},\"query-input\":{\"@type\":\"PropertyValueSpecification\",\"valueRequired\":true,\"valueName\":\"search_term_string\"}}],\"inLanguage\":\"ro-RO\"},{\"@type\":\"Organization\",\"@id\":\"https:\\\/\\\/carlaszabo.com\\\/ro\\\/#organization\",\"name\":\"Carla Szabo\",\"url\":\"https:\\\/\\\/carlaszabo.com\\\/ro\\\/\",\"logo\":{\"@type\":\"ImageObject\",\"inLanguage\":\"ro-RO\",\"@id\":\"https:\\\/\\\/carlaszabo.com\\\/ro\\\/#\\\/schema\\\/logo\\\/image\\\/\",\"url\":\"https:\\\/\\\/carlaszabo.com\\\/wp-content\\\/uploads\\\/2017\\\/09\\\/carla-logo.png\",\"contentUrl\":\"https:\\\/\\\/carlaszabo.com\\\/wp-content\\\/uploads\\\/2017\\\/09\\\/carla-logo.png\",\"width\":370,\"height\":49,\"caption\":\"Carla Szabo\"},\"image\":{\"@id\":\"https:\\\/\\\/carlaszabo.com\\\/ro\\\/#\\\/schema\\\/logo\\\/image\\\/\"}}]}<\/script>\n<!-- \/ Yoast SEO plugin. -->","yoast_head_json":{"title":"Nacre Bean Pod Necklace (la cerere) | Carla Szabo","description":"Acest colier este realizat din m\u0103rgele de coral fosil \u0219i o p\u0103staie de fasole, sculptat\u0103 \u00een lemn de fag, ale c\u0103rei semin\u021be sunt din sidef. Face parte din Colec\u021bia Seeds.Semin\u021bele ascund arhitectura \u0219i poten\u021bialul vie\u021bii. Ele cuprind cre\u0219terea, dincolo de voin\u021ba \u0219i priceperea noastr\u0103. Exist\u0103 o parte ascuns\u0103 \u00een fiecare dintre noi, care se des\u0103v\u00e2r\u0219e\u0219te singur\u0103 \u0219i nu poate fi gr\u0103bit\u0103 nici oprit\u0103 dar care r\u0103spunde indisolubil voin\u021bei lui Dumnezeu.","robots":{"index":"index","follow":"follow","max-snippet":"max-snippet:-1","max-image-preview":"max-image-preview:large","max-video-preview":"max-video-preview:-1"},"canonical":"https:\/\/carlaszabo.com\/ro\/produs\/nacre-bean-pod-necklace\/","og_locale":"ro_RO","og_type":"article","og_title":"Nacre Bean Pod Necklace (la cerere) | Carla Szabo","og_description":"Acest colier este realizat din m\u0103rgele de coral fosil \u0219i o p\u0103staie de fasole, sculptat\u0103 \u00een lemn de fag, ale c\u0103rei semin\u021be sunt din sidef. Face parte din Colec\u021bia Seeds.Semin\u021bele ascund arhitectura \u0219i poten\u021bialul vie\u021bii. Ele cuprind cre\u0219terea, dincolo de voin\u021ba \u0219i priceperea noastr\u0103. Exist\u0103 o parte ascuns\u0103 \u00een fiecare dintre noi, care se des\u0103v\u00e2r\u0219e\u0219te singur\u0103 \u0219i nu poate fi gr\u0103bit\u0103 nici oprit\u0103 dar care r\u0103spunde indisolubil voin\u021bei lui Dumnezeu.","og_url":"https:\/\/carlaszabo.com\/ro\/produs\/nacre-bean-pod-necklace\/","og_site_name":"Carla Szabo","article_modified_time":"2023-11-03T06:47:13+00:00","og_image":[{"width":800,"height":1067,"url":"https:\/\/carlaszabo.com\/wp-content\/uploads\/2023\/11\/Nacre-Bean-Pod-Necklace-10.jpg","type":"image\/jpeg"}],"twitter_card":"summary_large_image","schema":{"@context":"https:\/\/schema.org","@graph":[{"@type":"WebPage","@id":"https:\/\/carlaszabo.com\/ro\/produs\/nacre-bean-pod-necklace\/","url":"https:\/\/carlaszabo.com\/ro\/produs\/nacre-bean-pod-necklace\/","name":"Nacre Bean Pod Necklace (la cerere) | Carla Szabo","isPartOf":{"@id":"https:\/\/carlaszabo.com\/ro\/#website"},"primaryImageOfPage":{"@id":"https:\/\/carlaszabo.com\/ro\/produs\/nacre-bean-pod-necklace\/#primaryimage"},"image":{"@id":"https:\/\/carlaszabo.com\/ro\/produs\/nacre-bean-pod-necklace\/#primaryimage"},"thumbnailUrl":"https:\/\/carlaszabo.com\/wp-content\/uploads\/2023\/11\/Nacre-Bean-Pod-Necklace-10.jpg","datePublished":"2023-11-02T19:26:16+00:00","dateModified":"2023-11-03T06:47:13+00:00","description":"Acest colier este realizat din m\u0103rgele de coral fosil \u0219i o p\u0103staie de fasole, sculptat\u0103 \u00een lemn de fag, ale c\u0103rei semin\u021be sunt din sidef. Face parte din Colec\u021bia Seeds.Semin\u021bele ascund arhitectura \u0219i poten\u021bialul vie\u021bii. Ele cuprind cre\u0219terea, dincolo de voin\u021ba \u0219i priceperea noastr\u0103. Exist\u0103 o parte ascuns\u0103 \u00een fiecare dintre noi, care se des\u0103v\u00e2r\u0219e\u0219te singur\u0103 \u0219i nu poate fi gr\u0103bit\u0103 nici oprit\u0103 dar care r\u0103spunde indisolubil voin\u021bei lui Dumnezeu.","breadcrumb":{"@id":"https:\/\/carlaszabo.com\/ro\/produs\/nacre-bean-pod-necklace\/#breadcrumb"},"inLanguage":"ro-RO","potentialAction":[{"@type":"ReadAction","target":["https:\/\/carlaszabo.com\/ro\/produs\/nacre-bean-pod-necklace\/"]}]},{"@type":"ImageObject","inLanguage":"ro-RO","@id":"https:\/\/carlaszabo.com\/ro\/produs\/nacre-bean-pod-necklace\/#primaryimage","url":"https:\/\/carlaszabo.com\/wp-content\/uploads\/2023\/11\/Nacre-Bean-Pod-Necklace-10.jpg","contentUrl":"https:\/\/carlaszabo.com\/wp-content\/uploads\/2023\/11\/Nacre-Bean-Pod-Necklace-10.jpg","width":800,"height":1067},{"@type":"BreadcrumbList","@id":"https:\/\/carlaszabo.com\/ro\/produs\/nacre-bean-pod-necklace\/#breadcrumb","itemListElement":[{"@type":"ListItem","position":1,"name":"Home","item":"https:\/\/carlaszabo.com\/ro\/"},{"@type":"ListItem","position":2,"name":"Shop","item":"https:\/\/carlaszabo.com\/ro\/shop\/"},{"@type":"ListItem","position":3,"name":"Nacre Bean Pod Necklace (la cerere)"}]},{"@type":"WebSite","@id":"https:\/\/carlaszabo.com\/ro\/#website","url":"https:\/\/carlaszabo.com\/ro\/","name":"Carla Szabo","description":"","publisher":{"@id":"https:\/\/carlaszabo.com\/ro\/#organization"},"potentialAction":[{"@type":"SearchAction","target":{"@type":"EntryPoint","urlTemplate":"https:\/\/carlaszabo.com\/ro\/?s={search_term_string}"},"query-input":{"@type":"PropertyValueSpecification","valueRequired":true,"valueName":"search_term_string"}}],"inLanguage":"ro-RO"},{"@type":"Organization","@id":"https:\/\/carlaszabo.com\/ro\/#organization","name":"Carla Szabo","url":"https:\/\/carlaszabo.com\/ro\/","logo":{"@type":"ImageObject","inLanguage":"ro-RO","@id":"https:\/\/carlaszabo.com\/ro\/#\/schema\/logo\/image\/","url":"https:\/\/carlaszabo.com\/wp-content\/uploads\/2017\/09\/carla-logo.png","contentUrl":"https:\/\/carlaszabo.com\/wp-content\/uploads\/2017\/09\/carla-logo.png","width":370,"height":49,"caption":"Carla Szabo"},"image":{"@id":"https:\/\/carlaszabo.com\/ro\/#\/schema\/logo\/image\/"}}]}},"_links":{"self":[{"href":"https:\/\/carlaszabo.com\/ro\/wp-json\/wp\/v2\/product\/101421","targetHints":{"allow":["GET"]}}],"collection":[{"href":"https:\/\/carlaszabo.com\/ro\/wp-json\/wp\/v2\/product"}],"about":[{"href":"https:\/\/carlaszabo.com\/ro\/wp-json\/wp\/v2\/types\/product"}],"wp:featuredmedia":[{"embeddable":true,"href":"https:\/\/carlaszabo.com\/ro\/wp-json\/wp\/v2\/media\/101423"}],"wp:attachment":[{"href":"https:\/\/carlaszabo.com\/ro\/wp-json\/wp\/v2\/media?parent=101421"}],"wp:term":[{"taxonomy":"product_brand","embeddable":true,"href":"https:\/\/carlaszabo.com\/ro\/wp-json\/wp\/v2\/product_brand?post=101421"},{"taxonomy":"product_cat","embeddable":true,"href":"https:\/\/carlaszabo.com\/ro\/wp-json\/wp\/v2\/product_cat?post=101421"},{"taxonomy":"product_tag","embeddable":true,"href":"https:\/\/carlaszabo.com\/ro\/wp-json\/wp\/v2\/product_tag?post=101421"}],"curies":[{"name":"wp","href":"https:\/\/api.w.org\/{rel}","templated":true}]}}