{"id":101485,"date":"2023-11-08T10:24:31","date_gmt":"2023-11-08T10:24:31","guid":{"rendered":"https:\/\/carlaszabo.com\/?post_type=product&#038;p=101485"},"modified":"2023-11-16T09:39:19","modified_gmt":"2023-11-16T09:39:19","slug":"oak-facets-beige-necklace","status":"publish","type":"product","link":"https:\/\/carlaszabo.com\/ro\/produs\/oak-facets-beige-necklace\/","title":{"rendered":"Oak Facets Beige Necklace"},"content":{"rendered":"","protected":false},"excerpt":{"rendered":"<p><em>Cuprindere<\/em> este o colec\u021bie de coliere, a c\u0103ror \u00eenchidere devine un element decorativ.<\/p>\n<p>Oak Facets Necklace este un colier la baza g\u00e2tului, realizat din m\u0103rgele din jasp dalma\u021bian \u0219i \u00eenchidere cu magnet, \u00eencapsulat\u0103 \u00eentr-o form\u0103 fa\u021betat\u0103 de lemn de stejar.<\/p>\n","protected":false},"featured_media":101486,"template":"","meta":[],"product_brand":[],"product_cat":[319],"product_tag":[592,622,600,535,601],"class_list":{"0":"post-101485","1":"product","2":"type-product","3":"status-publish","4":"has-post-thumbnail","6":"product_cat-coliere","7":"product_tag-cuprindere-ro","8":"product_tag-dalmatian-jasper-ro","9":"product_tag-magnet-ro","10":"product_tag-necklace-ro","11":"product_tag-walnut-ro","13":"first","14":"instock","15":"shipping-taxable","16":"purchasable","17":"product-type-simple"},"yoast_head":"<!-- This site is optimized with the Yoast SEO plugin v27.5 - https:\/\/yoast.com\/product\/yoast-seo-wordpress\/ -->\n<title>Oak Facets Necklace<\/title>\n<meta name=\"description\" content=\"Cuprindere este o colec\u021bie de coliere, a c\u0103ror \u00eenchidere devine un element decorativ.Oak Facets Necklace este un colier la baza g\u00e2tului, realizat din m\u0103rgele din jasp dalma\u021bian \u0219i \u00eenchiderea cu magnet, \u00eencapsulat\u0103 \u00eentr-o form\u0103 fa\u021betat\u0103 de lemn de stejar.\" \/>\n<meta name=\"robots\" content=\"index, follow, max-snippet:-1, max-image-preview:large, max-video-preview:-1\" \/>\n<link rel=\"canonical\" href=\"https:\/\/carlaszabo.com\/ro\/produs\/oak-facets-beige-necklace\/\" \/>\n<meta property=\"og:locale\" content=\"ro_RO\" \/>\n<meta property=\"og:type\" content=\"article\" \/>\n<meta property=\"og:title\" content=\"Oak Facets Necklace\" \/>\n<meta property=\"og:description\" content=\"Oak Facets Necklace este un colier la baza g\u00e2tului, realizat din m\u0103rgele din jasp dalma\u021bian \u0219i \u00eenchiderea cu magnet, \u00eencapsulat\u0103 \u00eentr-o form\u0103 fa\u021betat\u0103 de lemn de stejar \u00eennegrit.\" \/>\n<meta property=\"og:url\" content=\"https:\/\/carlaszabo.com\/ro\/produs\/oak-facets-beige-necklace\/\" \/>\n<meta property=\"og:site_name\" content=\"Carla Szabo\" \/>\n<meta property=\"article:modified_time\" content=\"2023-11-16T09:39:19+00:00\" \/>\n<meta property=\"og:image\" content=\"http:\/\/carlaszabo.com\/wp-content\/uploads\/2015\/12\/Base-One-Necklace.jpg\" \/>\n<meta name=\"twitter:card\" content=\"summary_large_image\" \/>\n<meta name=\"twitter:title\" content=\"Oak Facets Necklace\" \/>\n<meta name=\"twitter:description\" content=\"Neck base necklace made from onyx, walnut and brass elements. It&#039;s part of &#039;Articula&#039; collection.\" \/>\n<meta name=\"twitter:image\" content=\"http:\/\/carlaszabo.com\/wp-content\/uploads\/2015\/12\/Base-One-Necklace.jpg\" \/>\n<script type=\"application\/ld+json\" class=\"yoast-schema-graph\">{\"@context\":\"https:\\\/\\\/schema.org\",\"@graph\":[{\"@type\":\"WebPage\",\"@id\":\"https:\\\/\\\/carlaszabo.com\\\/ro\\\/produs\\\/oak-facets-beige-necklace\\\/\",\"url\":\"https:\\\/\\\/carlaszabo.com\\\/ro\\\/produs\\\/oak-facets-beige-necklace\\\/\",\"name\":\"Oak Facets Necklace\",\"isPartOf\":{\"@id\":\"https:\\\/\\\/carlaszabo.com\\\/ro\\\/#website\"},\"primaryImageOfPage\":{\"@id\":\"https:\\\/\\\/carlaszabo.com\\\/ro\\\/produs\\\/oak-facets-beige-necklace\\\/#primaryimage\"},\"image\":{\"@id\":\"https:\\\/\\\/carlaszabo.com\\\/ro\\\/produs\\\/oak-facets-beige-necklace\\\/#primaryimage\"},\"thumbnailUrl\":\"https:\\\/\\\/carlaszabo.com\\\/wp-content\\\/uploads\\\/2023\\\/11\\\/Beech-Sphere-Silver-Necklace-1-1.jpg\",\"datePublished\":\"2023-11-08T10:24:31+00:00\",\"dateModified\":\"2023-11-16T09:39:19+00:00\",\"description\":\"Cuprindere este o colec\u021bie de coliere, a c\u0103ror \u00eenchidere devine un element decorativ.Oak Facets Necklace este un colier la baza g\u00e2tului, realizat din m\u0103rgele din jasp dalma\u021bian \u0219i \u00eenchiderea cu magnet, \u00eencapsulat\u0103 \u00eentr-o form\u0103 fa\u021betat\u0103 de lemn de stejar.\",\"breadcrumb\":{\"@id\":\"https:\\\/\\\/carlaszabo.com\\\/ro\\\/produs\\\/oak-facets-beige-necklace\\\/#breadcrumb\"},\"inLanguage\":\"ro-RO\",\"potentialAction\":[{\"@type\":\"ReadAction\",\"target\":[\"https:\\\/\\\/carlaszabo.com\\\/ro\\\/produs\\\/oak-facets-beige-necklace\\\/\"]}]},{\"@type\":\"ImageObject\",\"inLanguage\":\"ro-RO\",\"@id\":\"https:\\\/\\\/carlaszabo.com\\\/ro\\\/produs\\\/oak-facets-beige-necklace\\\/#primaryimage\",\"url\":\"https:\\\/\\\/carlaszabo.com\\\/wp-content\\\/uploads\\\/2023\\\/11\\\/Beech-Sphere-Silver-Necklace-1-1.jpg\",\"contentUrl\":\"https:\\\/\\\/carlaszabo.com\\\/wp-content\\\/uploads\\\/2023\\\/11\\\/Beech-Sphere-Silver-Necklace-1-1.jpg\",\"width\":800,\"height\":1067},{\"@type\":\"BreadcrumbList\",\"@id\":\"https:\\\/\\\/carlaszabo.com\\\/ro\\\/produs\\\/oak-facets-beige-necklace\\\/#breadcrumb\",\"itemListElement\":[{\"@type\":\"ListItem\",\"position\":1,\"name\":\"Home\",\"item\":\"https:\\\/\\\/carlaszabo.com\\\/ro\\\/\"},{\"@type\":\"ListItem\",\"position\":2,\"name\":\"Shop\",\"item\":\"https:\\\/\\\/carlaszabo.com\\\/ro\\\/shop\\\/\"},{\"@type\":\"ListItem\",\"position\":3,\"name\":\"Oak Facets Beige Necklace\"}]},{\"@type\":\"WebSite\",\"@id\":\"https:\\\/\\\/carlaszabo.com\\\/ro\\\/#website\",\"url\":\"https:\\\/\\\/carlaszabo.com\\\/ro\\\/\",\"name\":\"Carla Szabo\",\"description\":\"\",\"publisher\":{\"@id\":\"https:\\\/\\\/carlaszabo.com\\\/ro\\\/#organization\"},\"potentialAction\":[{\"@type\":\"SearchAction\",\"target\":{\"@type\":\"EntryPoint\",\"urlTemplate\":\"https:\\\/\\\/carlaszabo.com\\\/ro\\\/?s={search_term_string}\"},\"query-input\":{\"@type\":\"PropertyValueSpecification\",\"valueRequired\":true,\"valueName\":\"search_term_string\"}}],\"inLanguage\":\"ro-RO\"},{\"@type\":\"Organization\",\"@id\":\"https:\\\/\\\/carlaszabo.com\\\/ro\\\/#organization\",\"name\":\"Carla Szabo\",\"url\":\"https:\\\/\\\/carlaszabo.com\\\/ro\\\/\",\"logo\":{\"@type\":\"ImageObject\",\"inLanguage\":\"ro-RO\",\"@id\":\"https:\\\/\\\/carlaszabo.com\\\/ro\\\/#\\\/schema\\\/logo\\\/image\\\/\",\"url\":\"https:\\\/\\\/carlaszabo.com\\\/wp-content\\\/uploads\\\/2017\\\/09\\\/carla-logo.png\",\"contentUrl\":\"https:\\\/\\\/carlaszabo.com\\\/wp-content\\\/uploads\\\/2017\\\/09\\\/carla-logo.png\",\"width\":370,\"height\":49,\"caption\":\"Carla Szabo\"},\"image\":{\"@id\":\"https:\\\/\\\/carlaszabo.com\\\/ro\\\/#\\\/schema\\\/logo\\\/image\\\/\"}}]}<\/script>\n<!-- \/ Yoast SEO plugin. -->","yoast_head_json":{"title":"Oak Facets Necklace","description":"Cuprindere este o colec\u021bie de coliere, a c\u0103ror \u00eenchidere devine un element decorativ.Oak Facets Necklace este un colier la baza g\u00e2tului, realizat din m\u0103rgele din jasp dalma\u021bian \u0219i \u00eenchiderea cu magnet, \u00eencapsulat\u0103 \u00eentr-o form\u0103 fa\u021betat\u0103 de lemn de stejar.","robots":{"index":"index","follow":"follow","max-snippet":"max-snippet:-1","max-image-preview":"max-image-preview:large","max-video-preview":"max-video-preview:-1"},"canonical":"https:\/\/carlaszabo.com\/ro\/produs\/oak-facets-beige-necklace\/","og_locale":"ro_RO","og_type":"article","og_title":"Oak Facets Necklace","og_description":"Oak Facets Necklace este un colier la baza g\u00e2tului, realizat din m\u0103rgele din jasp dalma\u021bian \u0219i \u00eenchiderea cu magnet, \u00eencapsulat\u0103 \u00eentr-o form\u0103 fa\u021betat\u0103 de lemn de stejar \u00eennegrit.","og_url":"https:\/\/carlaszabo.com\/ro\/produs\/oak-facets-beige-necklace\/","og_site_name":"Carla Szabo","article_modified_time":"2023-11-16T09:39:19+00:00","og_image":[{"url":"http:\/\/carlaszabo.com\/wp-content\/uploads\/2015\/12\/Base-One-Necklace.jpg","type":"","width":"","height":""}],"twitter_card":"summary_large_image","twitter_title":"Oak Facets Necklace","twitter_description":"Neck base necklace made from onyx, walnut and brass elements. It's part of 'Articula' collection.","twitter_image":"http:\/\/carlaszabo.com\/wp-content\/uploads\/2015\/12\/Base-One-Necklace.jpg","schema":{"@context":"https:\/\/schema.org","@graph":[{"@type":"WebPage","@id":"https:\/\/carlaszabo.com\/ro\/produs\/oak-facets-beige-necklace\/","url":"https:\/\/carlaszabo.com\/ro\/produs\/oak-facets-beige-necklace\/","name":"Oak Facets Necklace","isPartOf":{"@id":"https:\/\/carlaszabo.com\/ro\/#website"},"primaryImageOfPage":{"@id":"https:\/\/carlaszabo.com\/ro\/produs\/oak-facets-beige-necklace\/#primaryimage"},"image":{"@id":"https:\/\/carlaszabo.com\/ro\/produs\/oak-facets-beige-necklace\/#primaryimage"},"thumbnailUrl":"https:\/\/carlaszabo.com\/wp-content\/uploads\/2023\/11\/Beech-Sphere-Silver-Necklace-1-1.jpg","datePublished":"2023-11-08T10:24:31+00:00","dateModified":"2023-11-16T09:39:19+00:00","description":"Cuprindere este o colec\u021bie de coliere, a c\u0103ror \u00eenchidere devine un element decorativ.Oak Facets Necklace este un colier la baza g\u00e2tului, realizat din m\u0103rgele din jasp dalma\u021bian \u0219i \u00eenchiderea cu magnet, \u00eencapsulat\u0103 \u00eentr-o form\u0103 fa\u021betat\u0103 de lemn de stejar.","breadcrumb":{"@id":"https:\/\/carlaszabo.com\/ro\/produs\/oak-facets-beige-necklace\/#breadcrumb"},"inLanguage":"ro-RO","potentialAction":[{"@type":"ReadAction","target":["https:\/\/carlaszabo.com\/ro\/produs\/oak-facets-beige-necklace\/"]}]},{"@type":"ImageObject","inLanguage":"ro-RO","@id":"https:\/\/carlaszabo.com\/ro\/produs\/oak-facets-beige-necklace\/#primaryimage","url":"https:\/\/carlaszabo.com\/wp-content\/uploads\/2023\/11\/Beech-Sphere-Silver-Necklace-1-1.jpg","contentUrl":"https:\/\/carlaszabo.com\/wp-content\/uploads\/2023\/11\/Beech-Sphere-Silver-Necklace-1-1.jpg","width":800,"height":1067},{"@type":"BreadcrumbList","@id":"https:\/\/carlaszabo.com\/ro\/produs\/oak-facets-beige-necklace\/#breadcrumb","itemListElement":[{"@type":"ListItem","position":1,"name":"Home","item":"https:\/\/carlaszabo.com\/ro\/"},{"@type":"ListItem","position":2,"name":"Shop","item":"https:\/\/carlaszabo.com\/ro\/shop\/"},{"@type":"ListItem","position":3,"name":"Oak Facets Beige Necklace"}]},{"@type":"WebSite","@id":"https:\/\/carlaszabo.com\/ro\/#website","url":"https:\/\/carlaszabo.com\/ro\/","name":"Carla Szabo","description":"","publisher":{"@id":"https:\/\/carlaszabo.com\/ro\/#organization"},"potentialAction":[{"@type":"SearchAction","target":{"@type":"EntryPoint","urlTemplate":"https:\/\/carlaszabo.com\/ro\/?s={search_term_string}"},"query-input":{"@type":"PropertyValueSpecification","valueRequired":true,"valueName":"search_term_string"}}],"inLanguage":"ro-RO"},{"@type":"Organization","@id":"https:\/\/carlaszabo.com\/ro\/#organization","name":"Carla Szabo","url":"https:\/\/carlaszabo.com\/ro\/","logo":{"@type":"ImageObject","inLanguage":"ro-RO","@id":"https:\/\/carlaszabo.com\/ro\/#\/schema\/logo\/image\/","url":"https:\/\/carlaszabo.com\/wp-content\/uploads\/2017\/09\/carla-logo.png","contentUrl":"https:\/\/carlaszabo.com\/wp-content\/uploads\/2017\/09\/carla-logo.png","width":370,"height":49,"caption":"Carla Szabo"},"image":{"@id":"https:\/\/carlaszabo.com\/ro\/#\/schema\/logo\/image\/"}}]}},"_links":{"self":[{"href":"https:\/\/carlaszabo.com\/ro\/wp-json\/wp\/v2\/product\/101485","targetHints":{"allow":["GET"]}}],"collection":[{"href":"https:\/\/carlaszabo.com\/ro\/wp-json\/wp\/v2\/product"}],"about":[{"href":"https:\/\/carlaszabo.com\/ro\/wp-json\/wp\/v2\/types\/product"}],"wp:featuredmedia":[{"embeddable":true,"href":"https:\/\/carlaszabo.com\/ro\/wp-json\/wp\/v2\/media\/101486"}],"wp:attachment":[{"href":"https:\/\/carlaszabo.com\/ro\/wp-json\/wp\/v2\/media?parent=101485"}],"wp:term":[{"taxonomy":"product_brand","embeddable":true,"href":"https:\/\/carlaszabo.com\/ro\/wp-json\/wp\/v2\/product_brand?post=101485"},{"taxonomy":"product_cat","embeddable":true,"href":"https:\/\/carlaszabo.com\/ro\/wp-json\/wp\/v2\/product_cat?post=101485"},{"taxonomy":"product_tag","embeddable":true,"href":"https:\/\/carlaszabo.com\/ro\/wp-json\/wp\/v2\/product_tag?post=101485"}],"curies":[{"name":"wp","href":"https:\/\/api.w.org\/{rel}","templated":true}]}}