{"id":101649,"date":"2024-12-16T17:40:01","date_gmt":"2024-12-16T17:40:01","guid":{"rendered":"https:\/\/carlaszabo.com\/?post_type=product&#038;p=101649"},"modified":"2024-12-16T17:53:12","modified_gmt":"2024-12-16T17:53:12","slug":"stripey-small-cube-necklace","status":"publish","type":"product","link":"https:\/\/carlaszabo.com\/ro\/produs\/stripey-small-cube-necklace\/","title":{"rendered":"Stripey Small Cube Necklace"},"content":{"rendered":"","protected":false},"excerpt":{"rendered":"<p>Cuprindere este o colec\u021bie de coliere, a c\u0103ror \u00eenchidere devine un element decorativ.<\/p>\n<p>Stripey Cube Necklace este un colier realizat din m\u0103rgele de coral fosil de m\u0103rimi \u0219i modele diferite. \u00cenchiderea cubic\u0103, din lemn de zebrano, cuprinde doi magne\u021bi neodim.<\/p>\n","protected":false},"featured_media":101651,"template":"","meta":[],"product_brand":[],"product_cat":[319],"product_tag":[794,600,535,599,824],"class_list":{"0":"post-101649","1":"product","2":"type-product","3":"status-publish","4":"has-post-thumbnail","6":"product_cat-coliere","7":"product_tag-coral-fosil","8":"product_tag-magnet-ro","9":"product_tag-necklace-ro","10":"product_tag-wood-ro","11":"product_tag-zebrano-wood-ro-2","12":"product_shipping_class-standard-shipping-2-ro","14":"first","15":"instock","16":"shipping-taxable","17":"purchasable","18":"product-type-simple"},"yoast_head":"<!-- This site is optimized with the Yoast SEO plugin v27.5 - https:\/\/yoast.com\/product\/yoast-seo-wordpress\/ -->\n<title>Stripey Small Cube Necklace | Carla Szabo<\/title>\n<meta name=\"description\" content=\"Cuprindere este o colec\u021bie de coliere, a c\u0103ror \u00eenchidere devine un element decorativ.Wallnut Cube Necklace este un colier realizat din m\u0103rgele de onix de m\u0103rimi \u0219i modele diferite. \u00cenchiderea cubic\u0103, din lemn de nuc, cuprinde doi magne\u021bi neodim.\" \/>\n<meta name=\"robots\" content=\"index, follow, max-snippet:-1, max-image-preview:large, max-video-preview:-1\" \/>\n<link rel=\"canonical\" href=\"https:\/\/carlaszabo.com\/ro\/produs\/stripey-small-cube-necklace\/\" \/>\n<meta property=\"og:locale\" content=\"ro_RO\" \/>\n<meta property=\"og:type\" content=\"article\" \/>\n<meta property=\"og:title\" content=\"Stripey Small Cube Necklace | Carla Szabo\" \/>\n<meta property=\"og:description\" content=\"Cuprindere este o colec\u021bie de coliere, a c\u0103ror \u00eenchidere devine un element decorativ.Wallnut Cube Necklace este un colier realizat din m\u0103rgele de onix de m\u0103rimi \u0219i modele diferite. \u00cenchiderea cubic\u0103, din lemn de nuc, cuprinde doi magne\u021bi neodim.\" \/>\n<meta property=\"og:url\" content=\"https:\/\/carlaszabo.com\/ro\/produs\/stripey-small-cube-necklace\/\" \/>\n<meta property=\"og:site_name\" content=\"Carla Szabo\" \/>\n<meta property=\"article:modified_time\" content=\"2024-12-16T17:53:12+00:00\" \/>\n<meta property=\"og:image\" content=\"https:\/\/carlaszabo.com\/wp-content\/uploads\/2024\/12\/Stripey-Small-Cube-Necklace-1.jpg\" \/>\n\t<meta property=\"og:image:width\" content=\"800\" \/>\n\t<meta property=\"og:image:height\" content=\"1067\" \/>\n\t<meta property=\"og:image:type\" content=\"image\/jpeg\" \/>\n<meta name=\"twitter:card\" content=\"summary_large_image\" \/>\n<script type=\"application\/ld+json\" class=\"yoast-schema-graph\">{\"@context\":\"https:\\\/\\\/schema.org\",\"@graph\":[{\"@type\":\"WebPage\",\"@id\":\"https:\\\/\\\/carlaszabo.com\\\/ro\\\/produs\\\/stripey-small-cube-necklace\\\/\",\"url\":\"https:\\\/\\\/carlaszabo.com\\\/ro\\\/produs\\\/stripey-small-cube-necklace\\\/\",\"name\":\"Stripey Small Cube Necklace | Carla Szabo\",\"isPartOf\":{\"@id\":\"https:\\\/\\\/carlaszabo.com\\\/ro\\\/#website\"},\"primaryImageOfPage\":{\"@id\":\"https:\\\/\\\/carlaszabo.com\\\/ro\\\/produs\\\/stripey-small-cube-necklace\\\/#primaryimage\"},\"image\":{\"@id\":\"https:\\\/\\\/carlaszabo.com\\\/ro\\\/produs\\\/stripey-small-cube-necklace\\\/#primaryimage\"},\"thumbnailUrl\":\"https:\\\/\\\/carlaszabo.com\\\/wp-content\\\/uploads\\\/2024\\\/12\\\/Stripey-Small-Cube-Necklace-1.jpg\",\"datePublished\":\"2024-12-16T17:40:01+00:00\",\"dateModified\":\"2024-12-16T17:53:12+00:00\",\"description\":\"Cuprindere este o colec\u021bie de coliere, a c\u0103ror \u00eenchidere devine un element decorativ.Wallnut Cube Necklace este un colier realizat din m\u0103rgele de onix de m\u0103rimi \u0219i modele diferite. \u00cenchiderea cubic\u0103, din lemn de nuc, cuprinde doi magne\u021bi neodim.\",\"breadcrumb\":{\"@id\":\"https:\\\/\\\/carlaszabo.com\\\/ro\\\/produs\\\/stripey-small-cube-necklace\\\/#breadcrumb\"},\"inLanguage\":\"ro-RO\",\"potentialAction\":[{\"@type\":\"ReadAction\",\"target\":[\"https:\\\/\\\/carlaszabo.com\\\/ro\\\/produs\\\/stripey-small-cube-necklace\\\/\"]}]},{\"@type\":\"ImageObject\",\"inLanguage\":\"ro-RO\",\"@id\":\"https:\\\/\\\/carlaszabo.com\\\/ro\\\/produs\\\/stripey-small-cube-necklace\\\/#primaryimage\",\"url\":\"https:\\\/\\\/carlaszabo.com\\\/wp-content\\\/uploads\\\/2024\\\/12\\\/Stripey-Small-Cube-Necklace-1.jpg\",\"contentUrl\":\"https:\\\/\\\/carlaszabo.com\\\/wp-content\\\/uploads\\\/2024\\\/12\\\/Stripey-Small-Cube-Necklace-1.jpg\",\"width\":800,\"height\":1067},{\"@type\":\"BreadcrumbList\",\"@id\":\"https:\\\/\\\/carlaszabo.com\\\/ro\\\/produs\\\/stripey-small-cube-necklace\\\/#breadcrumb\",\"itemListElement\":[{\"@type\":\"ListItem\",\"position\":1,\"name\":\"Home\",\"item\":\"https:\\\/\\\/carlaszabo.com\\\/ro\\\/\"},{\"@type\":\"ListItem\",\"position\":2,\"name\":\"Shop\",\"item\":\"https:\\\/\\\/carlaszabo.com\\\/ro\\\/shop\\\/\"},{\"@type\":\"ListItem\",\"position\":3,\"name\":\"Stripey Small Cube Necklace\"}]},{\"@type\":\"WebSite\",\"@id\":\"https:\\\/\\\/carlaszabo.com\\\/ro\\\/#website\",\"url\":\"https:\\\/\\\/carlaszabo.com\\\/ro\\\/\",\"name\":\"Carla Szabo\",\"description\":\"\",\"publisher\":{\"@id\":\"https:\\\/\\\/carlaszabo.com\\\/ro\\\/#organization\"},\"potentialAction\":[{\"@type\":\"SearchAction\",\"target\":{\"@type\":\"EntryPoint\",\"urlTemplate\":\"https:\\\/\\\/carlaszabo.com\\\/ro\\\/?s={search_term_string}\"},\"query-input\":{\"@type\":\"PropertyValueSpecification\",\"valueRequired\":true,\"valueName\":\"search_term_string\"}}],\"inLanguage\":\"ro-RO\"},{\"@type\":\"Organization\",\"@id\":\"https:\\\/\\\/carlaszabo.com\\\/ro\\\/#organization\",\"name\":\"Carla Szabo\",\"url\":\"https:\\\/\\\/carlaszabo.com\\\/ro\\\/\",\"logo\":{\"@type\":\"ImageObject\",\"inLanguage\":\"ro-RO\",\"@id\":\"https:\\\/\\\/carlaszabo.com\\\/ro\\\/#\\\/schema\\\/logo\\\/image\\\/\",\"url\":\"https:\\\/\\\/carlaszabo.com\\\/wp-content\\\/uploads\\\/2017\\\/09\\\/carla-logo.png\",\"contentUrl\":\"https:\\\/\\\/carlaszabo.com\\\/wp-content\\\/uploads\\\/2017\\\/09\\\/carla-logo.png\",\"width\":370,\"height\":49,\"caption\":\"Carla Szabo\"},\"image\":{\"@id\":\"https:\\\/\\\/carlaszabo.com\\\/ro\\\/#\\\/schema\\\/logo\\\/image\\\/\"}}]}<\/script>\n<!-- \/ Yoast SEO plugin. -->","yoast_head_json":{"title":"Stripey Small Cube Necklace | Carla Szabo","description":"Cuprindere este o colec\u021bie de coliere, a c\u0103ror \u00eenchidere devine un element decorativ.Wallnut Cube Necklace este un colier realizat din m\u0103rgele de onix de m\u0103rimi \u0219i modele diferite. \u00cenchiderea cubic\u0103, din lemn de nuc, cuprinde doi magne\u021bi neodim.","robots":{"index":"index","follow":"follow","max-snippet":"max-snippet:-1","max-image-preview":"max-image-preview:large","max-video-preview":"max-video-preview:-1"},"canonical":"https:\/\/carlaszabo.com\/ro\/produs\/stripey-small-cube-necklace\/","og_locale":"ro_RO","og_type":"article","og_title":"Stripey Small Cube Necklace | Carla Szabo","og_description":"Cuprindere este o colec\u021bie de coliere, a c\u0103ror \u00eenchidere devine un element decorativ.Wallnut Cube Necklace este un colier realizat din m\u0103rgele de onix de m\u0103rimi \u0219i modele diferite. \u00cenchiderea cubic\u0103, din lemn de nuc, cuprinde doi magne\u021bi neodim.","og_url":"https:\/\/carlaszabo.com\/ro\/produs\/stripey-small-cube-necklace\/","og_site_name":"Carla Szabo","article_modified_time":"2024-12-16T17:53:12+00:00","og_image":[{"width":800,"height":1067,"url":"https:\/\/carlaszabo.com\/wp-content\/uploads\/2024\/12\/Stripey-Small-Cube-Necklace-1.jpg","type":"image\/jpeg"}],"twitter_card":"summary_large_image","schema":{"@context":"https:\/\/schema.org","@graph":[{"@type":"WebPage","@id":"https:\/\/carlaszabo.com\/ro\/produs\/stripey-small-cube-necklace\/","url":"https:\/\/carlaszabo.com\/ro\/produs\/stripey-small-cube-necklace\/","name":"Stripey Small Cube Necklace | Carla Szabo","isPartOf":{"@id":"https:\/\/carlaszabo.com\/ro\/#website"},"primaryImageOfPage":{"@id":"https:\/\/carlaszabo.com\/ro\/produs\/stripey-small-cube-necklace\/#primaryimage"},"image":{"@id":"https:\/\/carlaszabo.com\/ro\/produs\/stripey-small-cube-necklace\/#primaryimage"},"thumbnailUrl":"https:\/\/carlaszabo.com\/wp-content\/uploads\/2024\/12\/Stripey-Small-Cube-Necklace-1.jpg","datePublished":"2024-12-16T17:40:01+00:00","dateModified":"2024-12-16T17:53:12+00:00","description":"Cuprindere este o colec\u021bie de coliere, a c\u0103ror \u00eenchidere devine un element decorativ.Wallnut Cube Necklace este un colier realizat din m\u0103rgele de onix de m\u0103rimi \u0219i modele diferite. \u00cenchiderea cubic\u0103, din lemn de nuc, cuprinde doi magne\u021bi neodim.","breadcrumb":{"@id":"https:\/\/carlaszabo.com\/ro\/produs\/stripey-small-cube-necklace\/#breadcrumb"},"inLanguage":"ro-RO","potentialAction":[{"@type":"ReadAction","target":["https:\/\/carlaszabo.com\/ro\/produs\/stripey-small-cube-necklace\/"]}]},{"@type":"ImageObject","inLanguage":"ro-RO","@id":"https:\/\/carlaszabo.com\/ro\/produs\/stripey-small-cube-necklace\/#primaryimage","url":"https:\/\/carlaszabo.com\/wp-content\/uploads\/2024\/12\/Stripey-Small-Cube-Necklace-1.jpg","contentUrl":"https:\/\/carlaszabo.com\/wp-content\/uploads\/2024\/12\/Stripey-Small-Cube-Necklace-1.jpg","width":800,"height":1067},{"@type":"BreadcrumbList","@id":"https:\/\/carlaszabo.com\/ro\/produs\/stripey-small-cube-necklace\/#breadcrumb","itemListElement":[{"@type":"ListItem","position":1,"name":"Home","item":"https:\/\/carlaszabo.com\/ro\/"},{"@type":"ListItem","position":2,"name":"Shop","item":"https:\/\/carlaszabo.com\/ro\/shop\/"},{"@type":"ListItem","position":3,"name":"Stripey Small Cube Necklace"}]},{"@type":"WebSite","@id":"https:\/\/carlaszabo.com\/ro\/#website","url":"https:\/\/carlaszabo.com\/ro\/","name":"Carla Szabo","description":"","publisher":{"@id":"https:\/\/carlaszabo.com\/ro\/#organization"},"potentialAction":[{"@type":"SearchAction","target":{"@type":"EntryPoint","urlTemplate":"https:\/\/carlaszabo.com\/ro\/?s={search_term_string}"},"query-input":{"@type":"PropertyValueSpecification","valueRequired":true,"valueName":"search_term_string"}}],"inLanguage":"ro-RO"},{"@type":"Organization","@id":"https:\/\/carlaszabo.com\/ro\/#organization","name":"Carla Szabo","url":"https:\/\/carlaszabo.com\/ro\/","logo":{"@type":"ImageObject","inLanguage":"ro-RO","@id":"https:\/\/carlaszabo.com\/ro\/#\/schema\/logo\/image\/","url":"https:\/\/carlaszabo.com\/wp-content\/uploads\/2017\/09\/carla-logo.png","contentUrl":"https:\/\/carlaszabo.com\/wp-content\/uploads\/2017\/09\/carla-logo.png","width":370,"height":49,"caption":"Carla Szabo"},"image":{"@id":"https:\/\/carlaszabo.com\/ro\/#\/schema\/logo\/image\/"}}]}},"_links":{"self":[{"href":"https:\/\/carlaszabo.com\/ro\/wp-json\/wp\/v2\/product\/101649","targetHints":{"allow":["GET"]}}],"collection":[{"href":"https:\/\/carlaszabo.com\/ro\/wp-json\/wp\/v2\/product"}],"about":[{"href":"https:\/\/carlaszabo.com\/ro\/wp-json\/wp\/v2\/types\/product"}],"wp:featuredmedia":[{"embeddable":true,"href":"https:\/\/carlaszabo.com\/ro\/wp-json\/wp\/v2\/media\/101651"}],"wp:attachment":[{"href":"https:\/\/carlaszabo.com\/ro\/wp-json\/wp\/v2\/media?parent=101649"}],"wp:term":[{"taxonomy":"product_brand","embeddable":true,"href":"https:\/\/carlaszabo.com\/ro\/wp-json\/wp\/v2\/product_brand?post=101649"},{"taxonomy":"product_cat","embeddable":true,"href":"https:\/\/carlaszabo.com\/ro\/wp-json\/wp\/v2\/product_cat?post=101649"},{"taxonomy":"product_tag","embeddable":true,"href":"https:\/\/carlaszabo.com\/ro\/wp-json\/wp\/v2\/product_tag?post=101649"}],"curies":[{"name":"wp","href":"https:\/\/api.w.org\/{rel}","templated":true}]}}