{"id":84497,"date":"2019-03-07T17:19:11","date_gmt":"2019-03-07T17:19:11","guid":{"rendered":"https:\/\/carlaszabo.com\/product\/mirror-house-necklace\/"},"modified":"2019-09-05T17:28:48","modified_gmt":"2019-09-05T17:28:48","slug":"mirror-house-necklace","status":"publish","type":"product","link":"https:\/\/carlaszabo.com\/ro\/produs\/mirror-house-necklace\/","title":{"rendered":"Mirror House Necklace"},"content":{"rendered":"","protected":false},"excerpt":{"rendered":"<p>Colier lung, cu un pandantiv realizat din fragmente oglind\u0103 epoxidic\u0103 ce formeaz\u0103 silueta unei case. Oglinzile sunt fixate pe lemn de stejar solid. Colierul face parte din colec\u021bia Reflective.<\/p>\n<p>Colec\u021bia Reflective reprezint\u0103 expresia unei g\u00e2ndiri spirituale profunde, a descoperirii de sine. Micile fragmente de oglind\u0103 formeaz\u0103 fiin\u021be dreptunghiulare, care purtate ca bro\u0219e sau coliere invit\u0103 la comunicare prin frumuse\u021be \u0219i ludic.<\/p>\n","protected":false},"featured_media":84501,"template":"","meta":[],"product_brand":[],"product_cat":[319],"product_tag":[569,535,346],"class_list":{"0":"post-84497","1":"product","2":"type-product","3":"status-publish","4":"has-post-thumbnail","6":"product_cat-coliere","7":"product_tag-mirror-ro","8":"product_tag-necklace-ro","9":"product_tag-reflective-ro","11":"first","12":"outofstock","13":"shipping-taxable","14":"purchasable","15":"product-type-simple"},"yoast_head":"<!-- This site is optimized with the Yoast SEO plugin v27.5 - https:\/\/yoast.com\/product\/yoast-seo-wordpress\/ -->\n<title>Mirror House Necklace<\/title>\n<meta name=\"description\" content=\"Long necklace with a mirror house pendant fixed on solid oak wood. It&#039;s part of Reflective City collection.\" \/>\n<meta name=\"robots\" content=\"index, follow, max-snippet:-1, max-image-preview:large, max-video-preview:-1\" \/>\n<link rel=\"canonical\" href=\"https:\/\/carlaszabo.com\/ro\/produs\/mirror-house-necklace\/\" \/>\n<meta property=\"og:locale\" content=\"ro_RO\" \/>\n<meta property=\"og:type\" content=\"article\" \/>\n<meta property=\"og:title\" content=\"Mirror House Necklace\" \/>\n<meta property=\"og:description\" content=\"Long necklace with a mirror house pendant fixed on solid oak wood. It&#039;s part of Reflective City collection.\" \/>\n<meta property=\"og:url\" content=\"https:\/\/carlaszabo.com\/ro\/produs\/mirror-house-necklace\/\" \/>\n<meta property=\"og:site_name\" content=\"Carla Szabo\" \/>\n<meta property=\"article:modified_time\" content=\"2019-09-05T17:28:48+00:00\" \/>\n<meta property=\"og:image\" content=\"http:\/\/carlaszabo.com\/wp-content\/uploads\/2016\/05\/Mirror-House-Necklace.jpg\" \/>\n<meta name=\"twitter:card\" content=\"summary_large_image\" \/>\n<meta name=\"twitter:title\" content=\"Mirror House Necklace\" \/>\n<meta name=\"twitter:description\" content=\"Long necklace with a mirror house pendant fixed on solid oak wood. It&#039;s part of Reflective City collection.\" \/>\n<meta name=\"twitter:image\" content=\"http:\/\/carlaszabo.com\/wp-content\/uploads\/2016\/05\/Mirror-House-Necklace.jpg\" \/>\n<script type=\"application\/ld+json\" class=\"yoast-schema-graph\">{\"@context\":\"https:\\\/\\\/schema.org\",\"@graph\":[{\"@type\":\"WebPage\",\"@id\":\"https:\\\/\\\/carlaszabo.com\\\/ro\\\/produs\\\/mirror-house-necklace\\\/\",\"url\":\"https:\\\/\\\/carlaszabo.com\\\/ro\\\/produs\\\/mirror-house-necklace\\\/\",\"name\":\"Mirror House Necklace\",\"isPartOf\":{\"@id\":\"https:\\\/\\\/carlaszabo.com\\\/ro\\\/#website\"},\"primaryImageOfPage\":{\"@id\":\"https:\\\/\\\/carlaszabo.com\\\/ro\\\/produs\\\/mirror-house-necklace\\\/#primaryimage\"},\"image\":{\"@id\":\"https:\\\/\\\/carlaszabo.com\\\/ro\\\/produs\\\/mirror-house-necklace\\\/#primaryimage\"},\"thumbnailUrl\":\"https:\\\/\\\/carlaszabo.com\\\/wp-content\\\/uploads\\\/2019\\\/03\\\/Mirror-House-Necklace.jpg\",\"datePublished\":\"2019-03-07T17:19:11+00:00\",\"dateModified\":\"2019-09-05T17:28:48+00:00\",\"description\":\"Long necklace with a mirror house pendant fixed on solid oak wood. It's part of Reflective City collection.\",\"breadcrumb\":{\"@id\":\"https:\\\/\\\/carlaszabo.com\\\/ro\\\/produs\\\/mirror-house-necklace\\\/#breadcrumb\"},\"inLanguage\":\"ro-RO\",\"potentialAction\":[{\"@type\":\"ReadAction\",\"target\":[\"https:\\\/\\\/carlaszabo.com\\\/ro\\\/produs\\\/mirror-house-necklace\\\/\"]}]},{\"@type\":\"ImageObject\",\"inLanguage\":\"ro-RO\",\"@id\":\"https:\\\/\\\/carlaszabo.com\\\/ro\\\/produs\\\/mirror-house-necklace\\\/#primaryimage\",\"url\":\"https:\\\/\\\/carlaszabo.com\\\/wp-content\\\/uploads\\\/2019\\\/03\\\/Mirror-House-Necklace.jpg\",\"contentUrl\":\"https:\\\/\\\/carlaszabo.com\\\/wp-content\\\/uploads\\\/2019\\\/03\\\/Mirror-House-Necklace.jpg\",\"width\":800,\"height\":1067},{\"@type\":\"BreadcrumbList\",\"@id\":\"https:\\\/\\\/carlaszabo.com\\\/ro\\\/produs\\\/mirror-house-necklace\\\/#breadcrumb\",\"itemListElement\":[{\"@type\":\"ListItem\",\"position\":1,\"name\":\"Home\",\"item\":\"https:\\\/\\\/carlaszabo.com\\\/ro\\\/\"},{\"@type\":\"ListItem\",\"position\":2,\"name\":\"Shop\",\"item\":\"https:\\\/\\\/carlaszabo.com\\\/ro\\\/shop\\\/\"},{\"@type\":\"ListItem\",\"position\":3,\"name\":\"Mirror House Necklace\"}]},{\"@type\":\"WebSite\",\"@id\":\"https:\\\/\\\/carlaszabo.com\\\/ro\\\/#website\",\"url\":\"https:\\\/\\\/carlaszabo.com\\\/ro\\\/\",\"name\":\"Carla Szabo\",\"description\":\"\",\"publisher\":{\"@id\":\"https:\\\/\\\/carlaszabo.com\\\/ro\\\/#organization\"},\"potentialAction\":[{\"@type\":\"SearchAction\",\"target\":{\"@type\":\"EntryPoint\",\"urlTemplate\":\"https:\\\/\\\/carlaszabo.com\\\/ro\\\/?s={search_term_string}\"},\"query-input\":{\"@type\":\"PropertyValueSpecification\",\"valueRequired\":true,\"valueName\":\"search_term_string\"}}],\"inLanguage\":\"ro-RO\"},{\"@type\":\"Organization\",\"@id\":\"https:\\\/\\\/carlaszabo.com\\\/ro\\\/#organization\",\"name\":\"Carla Szabo\",\"url\":\"https:\\\/\\\/carlaszabo.com\\\/ro\\\/\",\"logo\":{\"@type\":\"ImageObject\",\"inLanguage\":\"ro-RO\",\"@id\":\"https:\\\/\\\/carlaszabo.com\\\/ro\\\/#\\\/schema\\\/logo\\\/image\\\/\",\"url\":\"https:\\\/\\\/carlaszabo.com\\\/wp-content\\\/uploads\\\/2017\\\/09\\\/carla-logo.png\",\"contentUrl\":\"https:\\\/\\\/carlaszabo.com\\\/wp-content\\\/uploads\\\/2017\\\/09\\\/carla-logo.png\",\"width\":370,\"height\":49,\"caption\":\"Carla Szabo\"},\"image\":{\"@id\":\"https:\\\/\\\/carlaszabo.com\\\/ro\\\/#\\\/schema\\\/logo\\\/image\\\/\"}}]}<\/script>\n<!-- \/ Yoast SEO plugin. -->","yoast_head_json":{"title":"Mirror House Necklace","description":"Long necklace with a mirror house pendant fixed on solid oak wood. It's part of Reflective City collection.","robots":{"index":"index","follow":"follow","max-snippet":"max-snippet:-1","max-image-preview":"max-image-preview:large","max-video-preview":"max-video-preview:-1"},"canonical":"https:\/\/carlaszabo.com\/ro\/produs\/mirror-house-necklace\/","og_locale":"ro_RO","og_type":"article","og_title":"Mirror House Necklace","og_description":"Long necklace with a mirror house pendant fixed on solid oak wood. It's part of Reflective City collection.","og_url":"https:\/\/carlaszabo.com\/ro\/produs\/mirror-house-necklace\/","og_site_name":"Carla Szabo","article_modified_time":"2019-09-05T17:28:48+00:00","og_image":[{"url":"http:\/\/carlaszabo.com\/wp-content\/uploads\/2016\/05\/Mirror-House-Necklace.jpg","type":"","width":"","height":""}],"twitter_card":"summary_large_image","twitter_title":"Mirror House Necklace","twitter_description":"Long necklace with a mirror house pendant fixed on solid oak wood. It's part of Reflective City collection.","twitter_image":"http:\/\/carlaszabo.com\/wp-content\/uploads\/2016\/05\/Mirror-House-Necklace.jpg","schema":{"@context":"https:\/\/schema.org","@graph":[{"@type":"WebPage","@id":"https:\/\/carlaszabo.com\/ro\/produs\/mirror-house-necklace\/","url":"https:\/\/carlaszabo.com\/ro\/produs\/mirror-house-necklace\/","name":"Mirror House Necklace","isPartOf":{"@id":"https:\/\/carlaszabo.com\/ro\/#website"},"primaryImageOfPage":{"@id":"https:\/\/carlaszabo.com\/ro\/produs\/mirror-house-necklace\/#primaryimage"},"image":{"@id":"https:\/\/carlaszabo.com\/ro\/produs\/mirror-house-necklace\/#primaryimage"},"thumbnailUrl":"https:\/\/carlaszabo.com\/wp-content\/uploads\/2019\/03\/Mirror-House-Necklace.jpg","datePublished":"2019-03-07T17:19:11+00:00","dateModified":"2019-09-05T17:28:48+00:00","description":"Long necklace with a mirror house pendant fixed on solid oak wood. It's part of Reflective City collection.","breadcrumb":{"@id":"https:\/\/carlaszabo.com\/ro\/produs\/mirror-house-necklace\/#breadcrumb"},"inLanguage":"ro-RO","potentialAction":[{"@type":"ReadAction","target":["https:\/\/carlaszabo.com\/ro\/produs\/mirror-house-necklace\/"]}]},{"@type":"ImageObject","inLanguage":"ro-RO","@id":"https:\/\/carlaszabo.com\/ro\/produs\/mirror-house-necklace\/#primaryimage","url":"https:\/\/carlaszabo.com\/wp-content\/uploads\/2019\/03\/Mirror-House-Necklace.jpg","contentUrl":"https:\/\/carlaszabo.com\/wp-content\/uploads\/2019\/03\/Mirror-House-Necklace.jpg","width":800,"height":1067},{"@type":"BreadcrumbList","@id":"https:\/\/carlaszabo.com\/ro\/produs\/mirror-house-necklace\/#breadcrumb","itemListElement":[{"@type":"ListItem","position":1,"name":"Home","item":"https:\/\/carlaszabo.com\/ro\/"},{"@type":"ListItem","position":2,"name":"Shop","item":"https:\/\/carlaszabo.com\/ro\/shop\/"},{"@type":"ListItem","position":3,"name":"Mirror House Necklace"}]},{"@type":"WebSite","@id":"https:\/\/carlaszabo.com\/ro\/#website","url":"https:\/\/carlaszabo.com\/ro\/","name":"Carla Szabo","description":"","publisher":{"@id":"https:\/\/carlaszabo.com\/ro\/#organization"},"potentialAction":[{"@type":"SearchAction","target":{"@type":"EntryPoint","urlTemplate":"https:\/\/carlaszabo.com\/ro\/?s={search_term_string}"},"query-input":{"@type":"PropertyValueSpecification","valueRequired":true,"valueName":"search_term_string"}}],"inLanguage":"ro-RO"},{"@type":"Organization","@id":"https:\/\/carlaszabo.com\/ro\/#organization","name":"Carla Szabo","url":"https:\/\/carlaszabo.com\/ro\/","logo":{"@type":"ImageObject","inLanguage":"ro-RO","@id":"https:\/\/carlaszabo.com\/ro\/#\/schema\/logo\/image\/","url":"https:\/\/carlaszabo.com\/wp-content\/uploads\/2017\/09\/carla-logo.png","contentUrl":"https:\/\/carlaszabo.com\/wp-content\/uploads\/2017\/09\/carla-logo.png","width":370,"height":49,"caption":"Carla Szabo"},"image":{"@id":"https:\/\/carlaszabo.com\/ro\/#\/schema\/logo\/image\/"}}]}},"_links":{"self":[{"href":"https:\/\/carlaszabo.com\/ro\/wp-json\/wp\/v2\/product\/84497","targetHints":{"allow":["GET"]}}],"collection":[{"href":"https:\/\/carlaszabo.com\/ro\/wp-json\/wp\/v2\/product"}],"about":[{"href":"https:\/\/carlaszabo.com\/ro\/wp-json\/wp\/v2\/types\/product"}],"wp:featuredmedia":[{"embeddable":true,"href":"https:\/\/carlaszabo.com\/ro\/wp-json\/wp\/v2\/media\/84501"}],"wp:attachment":[{"href":"https:\/\/carlaszabo.com\/ro\/wp-json\/wp\/v2\/media?parent=84497"}],"wp:term":[{"taxonomy":"product_brand","embeddable":true,"href":"https:\/\/carlaszabo.com\/ro\/wp-json\/wp\/v2\/product_brand?post=84497"},{"taxonomy":"product_cat","embeddable":true,"href":"https:\/\/carlaszabo.com\/ro\/wp-json\/wp\/v2\/product_cat?post=84497"},{"taxonomy":"product_tag","embeddable":true,"href":"https:\/\/carlaszabo.com\/ro\/wp-json\/wp\/v2\/product_tag?post=84497"}],"curies":[{"name":"wp","href":"https:\/\/api.w.org\/{rel}","templated":true}]}}