{"id":84546,"date":"2019-03-07T17:18:47","date_gmt":"2019-03-07T17:18:47","guid":{"rendered":"https:\/\/carlaszabo.com\/product\/base-two-necklace\/"},"modified":"2020-09-14T16:06:14","modified_gmt":"2020-09-14T16:06:14","slug":"base-two-necklace","status":"publish","type":"product","link":"https:\/\/carlaszabo.com\/ro\/produs\/base-two-necklace\/","title":{"rendered":"Base Two Necklace"},"content":{"rendered":"","protected":false},"excerpt":{"rendered":"<div id=\"product-description\" class=\"accordion-body in collapse\">\n<div class=\"accordion-inner\">\n<p>Colier realizat din elemente strunjite din lemn de nuc, montate cu m\u0103rgele de onix mat \u0219i cu o prindere de argint. Colierul face parte din colec\u021bia Articula.<\/p>\n<p>A\u021bi observat cu sigurant\u0103 \u00een via\u021ba dvs o persoan\u0103 carismatic\u0103, aproape fluid\u0103, plin\u0103 de claritate \u00een exprimare \u0219i mi\u0219c\u0103ri, decis\u0103 \u0219i plin\u0103 de o energie bun\u0103. Este persoana care st\u0103 \u00een spatele conceptului Articula sau Articulat\/Articulare. O fiin\u021b\u0103 ultrasofisticat\u0103, cu sensuri si leg\u0103turi infinite cu lumea inconjur\u0103toare, animat\u0103 si articulat\u0103 prin vorbire si exprimare corporal\u0103.<\/p>\n<\/div>\n<\/div>\n","protected":false},"featured_media":84547,"template":"","meta":[],"product_brand":[],"product_cat":[319],"product_tag":[535,598,565],"class_list":{"0":"post-84546","1":"product","2":"type-product","3":"status-publish","4":"has-post-thumbnail","6":"product_cat-coliere","7":"product_tag-necklace-ro","8":"product_tag-onyx-ro-2","9":"product_tag-silver-ro","10":"product_shipping_class-standard-shipping-2-ro","12":"first","13":"instock","14":"shipping-taxable","15":"purchasable","16":"product-type-simple"},"yoast_head":"<!-- This site is optimized with the Yoast SEO plugin v27.5 - https:\/\/yoast.com\/product\/yoast-seo-wordpress\/ -->\n<title>Base Two Necklace<\/title>\n<meta name=\"description\" content=\"Neck base necklace made from onyx, walnut and brass elements. It\u2019s part of \u2018Articula\u2019 collection.\" \/>\n<meta name=\"robots\" content=\"index, follow, max-snippet:-1, max-image-preview:large, max-video-preview:-1\" \/>\n<link rel=\"canonical\" href=\"https:\/\/carlaszabo.com\/ro\/produs\/base-two-necklace\/\" \/>\n<meta property=\"og:locale\" content=\"ro_RO\" \/>\n<meta property=\"og:type\" content=\"article\" \/>\n<meta property=\"og:title\" content=\"Base Two Necklace\" \/>\n<meta property=\"og:description\" content=\"Neck base necklace made from onyx, walnut and brass elements. It\u2019s part of \u2018Articula\u2019 collection.\" \/>\n<meta property=\"og:url\" content=\"https:\/\/carlaszabo.com\/ro\/produs\/base-two-necklace\/\" \/>\n<meta property=\"og:site_name\" content=\"Carla Szabo\" \/>\n<meta property=\"article:modified_time\" content=\"2020-09-14T16:06:14+00:00\" \/>\n<meta property=\"og:image\" content=\"http:\/\/carlaszabo.com\/wp-content\/uploads\/2015\/12\/Base-Two-Necklace.jpg\" \/>\n<meta name=\"twitter:card\" content=\"summary_large_image\" \/>\n<meta name=\"twitter:title\" content=\"Base Two Necklace\" \/>\n<meta name=\"twitter:description\" content=\"Neck base necklace made from onyx, walnut and brass elements. It\u2019s part of \u2018Articula\u2019 collection.\" \/>\n<meta name=\"twitter:image\" content=\"http:\/\/carlaszabo.com\/wp-content\/uploads\/2015\/12\/Base-Two-Necklace.jpg\" \/>\n<script type=\"application\/ld+json\" class=\"yoast-schema-graph\">{\"@context\":\"https:\\\/\\\/schema.org\",\"@graph\":[{\"@type\":\"WebPage\",\"@id\":\"https:\\\/\\\/carlaszabo.com\\\/ro\\\/produs\\\/base-two-necklace\\\/\",\"url\":\"https:\\\/\\\/carlaszabo.com\\\/ro\\\/produs\\\/base-two-necklace\\\/\",\"name\":\"Base Two Necklace\",\"isPartOf\":{\"@id\":\"https:\\\/\\\/carlaszabo.com\\\/ro\\\/#website\"},\"primaryImageOfPage\":{\"@id\":\"https:\\\/\\\/carlaszabo.com\\\/ro\\\/produs\\\/base-two-necklace\\\/#primaryimage\"},\"image\":{\"@id\":\"https:\\\/\\\/carlaszabo.com\\\/ro\\\/produs\\\/base-two-necklace\\\/#primaryimage\"},\"thumbnailUrl\":\"https:\\\/\\\/carlaszabo.com\\\/wp-content\\\/uploads\\\/2019\\\/03\\\/Base-Two-Necklace.jpg\",\"datePublished\":\"2019-03-07T17:18:47+00:00\",\"dateModified\":\"2020-09-14T16:06:14+00:00\",\"description\":\"Neck base necklace made from onyx, walnut and brass elements. It\u2019s part of \u2018Articula\u2019 collection.\",\"breadcrumb\":{\"@id\":\"https:\\\/\\\/carlaszabo.com\\\/ro\\\/produs\\\/base-two-necklace\\\/#breadcrumb\"},\"inLanguage\":\"ro-RO\",\"potentialAction\":[{\"@type\":\"ReadAction\",\"target\":[\"https:\\\/\\\/carlaszabo.com\\\/ro\\\/produs\\\/base-two-necklace\\\/\"]}]},{\"@type\":\"ImageObject\",\"inLanguage\":\"ro-RO\",\"@id\":\"https:\\\/\\\/carlaszabo.com\\\/ro\\\/produs\\\/base-two-necklace\\\/#primaryimage\",\"url\":\"https:\\\/\\\/carlaszabo.com\\\/wp-content\\\/uploads\\\/2019\\\/03\\\/Base-Two-Necklace.jpg\",\"contentUrl\":\"https:\\\/\\\/carlaszabo.com\\\/wp-content\\\/uploads\\\/2019\\\/03\\\/Base-Two-Necklace.jpg\",\"width\":800,\"height\":1067},{\"@type\":\"BreadcrumbList\",\"@id\":\"https:\\\/\\\/carlaszabo.com\\\/ro\\\/produs\\\/base-two-necklace\\\/#breadcrumb\",\"itemListElement\":[{\"@type\":\"ListItem\",\"position\":1,\"name\":\"Home\",\"item\":\"https:\\\/\\\/carlaszabo.com\\\/ro\\\/\"},{\"@type\":\"ListItem\",\"position\":2,\"name\":\"Shop\",\"item\":\"https:\\\/\\\/carlaszabo.com\\\/ro\\\/shop\\\/\"},{\"@type\":\"ListItem\",\"position\":3,\"name\":\"Base Two Necklace\"}]},{\"@type\":\"WebSite\",\"@id\":\"https:\\\/\\\/carlaszabo.com\\\/ro\\\/#website\",\"url\":\"https:\\\/\\\/carlaszabo.com\\\/ro\\\/\",\"name\":\"Carla Szabo\",\"description\":\"\",\"publisher\":{\"@id\":\"https:\\\/\\\/carlaszabo.com\\\/ro\\\/#organization\"},\"potentialAction\":[{\"@type\":\"SearchAction\",\"target\":{\"@type\":\"EntryPoint\",\"urlTemplate\":\"https:\\\/\\\/carlaszabo.com\\\/ro\\\/?s={search_term_string}\"},\"query-input\":{\"@type\":\"PropertyValueSpecification\",\"valueRequired\":true,\"valueName\":\"search_term_string\"}}],\"inLanguage\":\"ro-RO\"},{\"@type\":\"Organization\",\"@id\":\"https:\\\/\\\/carlaszabo.com\\\/ro\\\/#organization\",\"name\":\"Carla Szabo\",\"url\":\"https:\\\/\\\/carlaszabo.com\\\/ro\\\/\",\"logo\":{\"@type\":\"ImageObject\",\"inLanguage\":\"ro-RO\",\"@id\":\"https:\\\/\\\/carlaszabo.com\\\/ro\\\/#\\\/schema\\\/logo\\\/image\\\/\",\"url\":\"https:\\\/\\\/carlaszabo.com\\\/wp-content\\\/uploads\\\/2017\\\/09\\\/carla-logo.png\",\"contentUrl\":\"https:\\\/\\\/carlaszabo.com\\\/wp-content\\\/uploads\\\/2017\\\/09\\\/carla-logo.png\",\"width\":370,\"height\":49,\"caption\":\"Carla Szabo\"},\"image\":{\"@id\":\"https:\\\/\\\/carlaszabo.com\\\/ro\\\/#\\\/schema\\\/logo\\\/image\\\/\"}}]}<\/script>\n<!-- \/ Yoast SEO plugin. -->","yoast_head_json":{"title":"Base Two Necklace","description":"Neck base necklace made from onyx, walnut and brass elements. It\u2019s part of \u2018Articula\u2019 collection.","robots":{"index":"index","follow":"follow","max-snippet":"max-snippet:-1","max-image-preview":"max-image-preview:large","max-video-preview":"max-video-preview:-1"},"canonical":"https:\/\/carlaszabo.com\/ro\/produs\/base-two-necklace\/","og_locale":"ro_RO","og_type":"article","og_title":"Base Two Necklace","og_description":"Neck base necklace made from onyx, walnut and brass elements. It\u2019s part of \u2018Articula\u2019 collection.","og_url":"https:\/\/carlaszabo.com\/ro\/produs\/base-two-necklace\/","og_site_name":"Carla Szabo","article_modified_time":"2020-09-14T16:06:14+00:00","og_image":[{"url":"http:\/\/carlaszabo.com\/wp-content\/uploads\/2015\/12\/Base-Two-Necklace.jpg","type":"","width":"","height":""}],"twitter_card":"summary_large_image","twitter_title":"Base Two Necklace","twitter_description":"Neck base necklace made from onyx, walnut and brass elements. It\u2019s part of \u2018Articula\u2019 collection.","twitter_image":"http:\/\/carlaszabo.com\/wp-content\/uploads\/2015\/12\/Base-Two-Necklace.jpg","schema":{"@context":"https:\/\/schema.org","@graph":[{"@type":"WebPage","@id":"https:\/\/carlaszabo.com\/ro\/produs\/base-two-necklace\/","url":"https:\/\/carlaszabo.com\/ro\/produs\/base-two-necklace\/","name":"Base Two Necklace","isPartOf":{"@id":"https:\/\/carlaszabo.com\/ro\/#website"},"primaryImageOfPage":{"@id":"https:\/\/carlaszabo.com\/ro\/produs\/base-two-necklace\/#primaryimage"},"image":{"@id":"https:\/\/carlaszabo.com\/ro\/produs\/base-two-necklace\/#primaryimage"},"thumbnailUrl":"https:\/\/carlaszabo.com\/wp-content\/uploads\/2019\/03\/Base-Two-Necklace.jpg","datePublished":"2019-03-07T17:18:47+00:00","dateModified":"2020-09-14T16:06:14+00:00","description":"Neck base necklace made from onyx, walnut and brass elements. It\u2019s part of \u2018Articula\u2019 collection.","breadcrumb":{"@id":"https:\/\/carlaszabo.com\/ro\/produs\/base-two-necklace\/#breadcrumb"},"inLanguage":"ro-RO","potentialAction":[{"@type":"ReadAction","target":["https:\/\/carlaszabo.com\/ro\/produs\/base-two-necklace\/"]}]},{"@type":"ImageObject","inLanguage":"ro-RO","@id":"https:\/\/carlaszabo.com\/ro\/produs\/base-two-necklace\/#primaryimage","url":"https:\/\/carlaszabo.com\/wp-content\/uploads\/2019\/03\/Base-Two-Necklace.jpg","contentUrl":"https:\/\/carlaszabo.com\/wp-content\/uploads\/2019\/03\/Base-Two-Necklace.jpg","width":800,"height":1067},{"@type":"BreadcrumbList","@id":"https:\/\/carlaszabo.com\/ro\/produs\/base-two-necklace\/#breadcrumb","itemListElement":[{"@type":"ListItem","position":1,"name":"Home","item":"https:\/\/carlaszabo.com\/ro\/"},{"@type":"ListItem","position":2,"name":"Shop","item":"https:\/\/carlaszabo.com\/ro\/shop\/"},{"@type":"ListItem","position":3,"name":"Base Two Necklace"}]},{"@type":"WebSite","@id":"https:\/\/carlaszabo.com\/ro\/#website","url":"https:\/\/carlaszabo.com\/ro\/","name":"Carla Szabo","description":"","publisher":{"@id":"https:\/\/carlaszabo.com\/ro\/#organization"},"potentialAction":[{"@type":"SearchAction","target":{"@type":"EntryPoint","urlTemplate":"https:\/\/carlaszabo.com\/ro\/?s={search_term_string}"},"query-input":{"@type":"PropertyValueSpecification","valueRequired":true,"valueName":"search_term_string"}}],"inLanguage":"ro-RO"},{"@type":"Organization","@id":"https:\/\/carlaszabo.com\/ro\/#organization","name":"Carla Szabo","url":"https:\/\/carlaszabo.com\/ro\/","logo":{"@type":"ImageObject","inLanguage":"ro-RO","@id":"https:\/\/carlaszabo.com\/ro\/#\/schema\/logo\/image\/","url":"https:\/\/carlaszabo.com\/wp-content\/uploads\/2017\/09\/carla-logo.png","contentUrl":"https:\/\/carlaszabo.com\/wp-content\/uploads\/2017\/09\/carla-logo.png","width":370,"height":49,"caption":"Carla Szabo"},"image":{"@id":"https:\/\/carlaszabo.com\/ro\/#\/schema\/logo\/image\/"}}]}},"_links":{"self":[{"href":"https:\/\/carlaszabo.com\/ro\/wp-json\/wp\/v2\/product\/84546","targetHints":{"allow":["GET"]}}],"collection":[{"href":"https:\/\/carlaszabo.com\/ro\/wp-json\/wp\/v2\/product"}],"about":[{"href":"https:\/\/carlaszabo.com\/ro\/wp-json\/wp\/v2\/types\/product"}],"wp:featuredmedia":[{"embeddable":true,"href":"https:\/\/carlaszabo.com\/ro\/wp-json\/wp\/v2\/media\/84547"}],"wp:attachment":[{"href":"https:\/\/carlaszabo.com\/ro\/wp-json\/wp\/v2\/media?parent=84546"}],"wp:term":[{"taxonomy":"product_brand","embeddable":true,"href":"https:\/\/carlaszabo.com\/ro\/wp-json\/wp\/v2\/product_brand?post=84546"},{"taxonomy":"product_cat","embeddable":true,"href":"https:\/\/carlaszabo.com\/ro\/wp-json\/wp\/v2\/product_cat?post=84546"},{"taxonomy":"product_tag","embeddable":true,"href":"https:\/\/carlaszabo.com\/ro\/wp-json\/wp\/v2\/product_tag?post=84546"}],"curies":[{"name":"wp","href":"https:\/\/api.w.org\/{rel}","templated":true}]}}