{"id":84807,"date":"2019-03-07T17:16:54","date_gmt":"2019-03-07T17:16:54","guid":{"rendered":"https:\/\/carlaszabo.com\/product\/warm-wings-brooch\/"},"modified":"2020-04-24T20:12:17","modified_gmt":"2020-04-24T20:12:17","slug":"warm-wings-brooch","status":"publish","type":"product","link":"https:\/\/carlaszabo.com\/ro\/produs\/warm-wings-brooch\/","title":{"rendered":"Warm Wings Brooch"},"content":{"rendered":"","protected":false},"excerpt":{"rendered":"<p>Bro\u0219\u0103 sub forma unor aripi, realizate din r\u0103\u0219in\u0103 turnat\u0103, acoperite cu material textil \u0219i cu spatele c\u0103ptu\u0219it cu piele. Face parte din colec\u021bia Dans l&#8217;air.<\/p>\n<p>Dans l&#8217;air este o colec\u021bie dedicat\u0103 vis\u0103torilor, celor care sunt con\u0219tien\u021bi de sine, care se ridic\u0103 deasupra superficialit\u0103\u021bii. Oul neeclozat, pas\u0103rea \u0219i zborul sunt folosite ca simboluri pentru c\u0103l\u0103toria noastr\u0103 spre realiz\u0103ri spirituale superioare, dincolo de lumea material\u0103.<\/p>\n","protected":false},"featured_media":84811,"template":"","meta":[],"product_brand":[],"product_cat":[316],"product_tag":[520,722,384,526],"class_list":{"0":"post-84807","1":"product","2":"type-product","3":"status-publish","4":"has-post-thumbnail","6":"product_cat-brose","7":"product_tag-brooch-ro","8":"product_tag-bumbac","9":"product_tag-dans-lair-ro","10":"product_tag-leather-ro","11":"product_shipping_class-standard-shipping-2-ro","13":"first","14":"outofstock","15":"shipping-taxable","16":"purchasable","17":"product-type-simple"},"yoast_head":"<!-- This site is optimized with the Yoast SEO plugin v27.5 - https:\/\/yoast.com\/product\/yoast-seo-wordpress\/ -->\n<title>Warm Wings Brooch | Carla Szabo<\/title>\n<meta name=\"robots\" content=\"index, follow, max-snippet:-1, max-image-preview:large, max-video-preview:-1\" \/>\n<link rel=\"canonical\" href=\"https:\/\/carlaszabo.com\/ro\/produs\/warm-wings-brooch\/\" \/>\n<meta property=\"og:locale\" content=\"ro_RO\" \/>\n<meta property=\"og:type\" content=\"article\" \/>\n<meta property=\"og:title\" content=\"Warm Wings Brooch | Carla Szabo\" \/>\n<meta property=\"og:description\" content=\"Bro\u0219\u0103 sub forma unor aripi, realizate din r\u0103\u0219in\u0103 turnat\u0103, acoperite cu material textil \u0219i cu spatele c\u0103ptu\u0219it cu piele. Face parte din colec\u021bia Dans l&#039;air.  Dans l&#039;air este o colec\u021bie dedicat\u0103 vis\u0103torilor, celor care sunt con\u0219tien\u021bi de sine, care se ridic\u0103 deasupra superficialit\u0103\u021bii. Oul neeclozat, pas\u0103rea \u0219i zborul sunt folosite ca simboluri pentru c\u0103l\u0103toria noastr\u0103 spre realiz\u0103ri spirituale superioare, dincolo de lumea material\u0103.\" \/>\n<meta property=\"og:url\" content=\"https:\/\/carlaszabo.com\/ro\/produs\/warm-wings-brooch\/\" \/>\n<meta property=\"og:site_name\" content=\"Carla Szabo\" \/>\n<meta property=\"article:modified_time\" content=\"2020-04-24T20:12:17+00:00\" \/>\n<meta property=\"og:image\" content=\"https:\/\/carlaszabo.com\/wp-content\/uploads\/2019\/03\/Warm-Wings-Brooch.jpg\" \/>\n\t<meta property=\"og:image:width\" content=\"800\" \/>\n\t<meta property=\"og:image:height\" content=\"1067\" \/>\n\t<meta property=\"og:image:type\" content=\"image\/jpeg\" \/>\n<meta name=\"twitter:card\" content=\"summary_large_image\" \/>\n<script type=\"application\/ld+json\" class=\"yoast-schema-graph\">{\"@context\":\"https:\\\/\\\/schema.org\",\"@graph\":[{\"@type\":\"WebPage\",\"@id\":\"https:\\\/\\\/carlaszabo.com\\\/ro\\\/produs\\\/warm-wings-brooch\\\/\",\"url\":\"https:\\\/\\\/carlaszabo.com\\\/ro\\\/produs\\\/warm-wings-brooch\\\/\",\"name\":\"Warm Wings Brooch | Carla Szabo\",\"isPartOf\":{\"@id\":\"https:\\\/\\\/carlaszabo.com\\\/ro\\\/#website\"},\"primaryImageOfPage\":{\"@id\":\"https:\\\/\\\/carlaszabo.com\\\/ro\\\/produs\\\/warm-wings-brooch\\\/#primaryimage\"},\"image\":{\"@id\":\"https:\\\/\\\/carlaszabo.com\\\/ro\\\/produs\\\/warm-wings-brooch\\\/#primaryimage\"},\"thumbnailUrl\":\"https:\\\/\\\/carlaszabo.com\\\/wp-content\\\/uploads\\\/2019\\\/03\\\/Warm-Wings-Brooch.jpg\",\"datePublished\":\"2019-03-07T17:16:54+00:00\",\"dateModified\":\"2020-04-24T20:12:17+00:00\",\"breadcrumb\":{\"@id\":\"https:\\\/\\\/carlaszabo.com\\\/ro\\\/produs\\\/warm-wings-brooch\\\/#breadcrumb\"},\"inLanguage\":\"ro-RO\",\"potentialAction\":[{\"@type\":\"ReadAction\",\"target\":[\"https:\\\/\\\/carlaszabo.com\\\/ro\\\/produs\\\/warm-wings-brooch\\\/\"]}]},{\"@type\":\"ImageObject\",\"inLanguage\":\"ro-RO\",\"@id\":\"https:\\\/\\\/carlaszabo.com\\\/ro\\\/produs\\\/warm-wings-brooch\\\/#primaryimage\",\"url\":\"https:\\\/\\\/carlaszabo.com\\\/wp-content\\\/uploads\\\/2019\\\/03\\\/Warm-Wings-Brooch.jpg\",\"contentUrl\":\"https:\\\/\\\/carlaszabo.com\\\/wp-content\\\/uploads\\\/2019\\\/03\\\/Warm-Wings-Brooch.jpg\",\"width\":800,\"height\":1067},{\"@type\":\"BreadcrumbList\",\"@id\":\"https:\\\/\\\/carlaszabo.com\\\/ro\\\/produs\\\/warm-wings-brooch\\\/#breadcrumb\",\"itemListElement\":[{\"@type\":\"ListItem\",\"position\":1,\"name\":\"Home\",\"item\":\"https:\\\/\\\/carlaszabo.com\\\/ro\\\/\"},{\"@type\":\"ListItem\",\"position\":2,\"name\":\"Shop\",\"item\":\"https:\\\/\\\/carlaszabo.com\\\/ro\\\/shop\\\/\"},{\"@type\":\"ListItem\",\"position\":3,\"name\":\"Warm Wings Brooch\"}]},{\"@type\":\"WebSite\",\"@id\":\"https:\\\/\\\/carlaszabo.com\\\/ro\\\/#website\",\"url\":\"https:\\\/\\\/carlaszabo.com\\\/ro\\\/\",\"name\":\"Carla Szabo\",\"description\":\"\",\"publisher\":{\"@id\":\"https:\\\/\\\/carlaszabo.com\\\/ro\\\/#organization\"},\"potentialAction\":[{\"@type\":\"SearchAction\",\"target\":{\"@type\":\"EntryPoint\",\"urlTemplate\":\"https:\\\/\\\/carlaszabo.com\\\/ro\\\/?s={search_term_string}\"},\"query-input\":{\"@type\":\"PropertyValueSpecification\",\"valueRequired\":true,\"valueName\":\"search_term_string\"}}],\"inLanguage\":\"ro-RO\"},{\"@type\":\"Organization\",\"@id\":\"https:\\\/\\\/carlaszabo.com\\\/ro\\\/#organization\",\"name\":\"Carla Szabo\",\"url\":\"https:\\\/\\\/carlaszabo.com\\\/ro\\\/\",\"logo\":{\"@type\":\"ImageObject\",\"inLanguage\":\"ro-RO\",\"@id\":\"https:\\\/\\\/carlaszabo.com\\\/ro\\\/#\\\/schema\\\/logo\\\/image\\\/\",\"url\":\"https:\\\/\\\/carlaszabo.com\\\/wp-content\\\/uploads\\\/2017\\\/09\\\/carla-logo.png\",\"contentUrl\":\"https:\\\/\\\/carlaszabo.com\\\/wp-content\\\/uploads\\\/2017\\\/09\\\/carla-logo.png\",\"width\":370,\"height\":49,\"caption\":\"Carla Szabo\"},\"image\":{\"@id\":\"https:\\\/\\\/carlaszabo.com\\\/ro\\\/#\\\/schema\\\/logo\\\/image\\\/\"}}]}<\/script>\n<!-- \/ Yoast SEO plugin. -->","yoast_head_json":{"title":"Warm Wings Brooch | Carla Szabo","robots":{"index":"index","follow":"follow","max-snippet":"max-snippet:-1","max-image-preview":"max-image-preview:large","max-video-preview":"max-video-preview:-1"},"canonical":"https:\/\/carlaszabo.com\/ro\/produs\/warm-wings-brooch\/","og_locale":"ro_RO","og_type":"article","og_title":"Warm Wings Brooch | Carla Szabo","og_description":"Bro\u0219\u0103 sub forma unor aripi, realizate din r\u0103\u0219in\u0103 turnat\u0103, acoperite cu material textil \u0219i cu spatele c\u0103ptu\u0219it cu piele. Face parte din colec\u021bia Dans l'air.  Dans l'air este o colec\u021bie dedicat\u0103 vis\u0103torilor, celor care sunt con\u0219tien\u021bi de sine, care se ridic\u0103 deasupra superficialit\u0103\u021bii. Oul neeclozat, pas\u0103rea \u0219i zborul sunt folosite ca simboluri pentru c\u0103l\u0103toria noastr\u0103 spre realiz\u0103ri spirituale superioare, dincolo de lumea material\u0103.","og_url":"https:\/\/carlaszabo.com\/ro\/produs\/warm-wings-brooch\/","og_site_name":"Carla Szabo","article_modified_time":"2020-04-24T20:12:17+00:00","og_image":[{"width":800,"height":1067,"url":"https:\/\/carlaszabo.com\/wp-content\/uploads\/2019\/03\/Warm-Wings-Brooch.jpg","type":"image\/jpeg"}],"twitter_card":"summary_large_image","schema":{"@context":"https:\/\/schema.org","@graph":[{"@type":"WebPage","@id":"https:\/\/carlaszabo.com\/ro\/produs\/warm-wings-brooch\/","url":"https:\/\/carlaszabo.com\/ro\/produs\/warm-wings-brooch\/","name":"Warm Wings Brooch | Carla Szabo","isPartOf":{"@id":"https:\/\/carlaszabo.com\/ro\/#website"},"primaryImageOfPage":{"@id":"https:\/\/carlaszabo.com\/ro\/produs\/warm-wings-brooch\/#primaryimage"},"image":{"@id":"https:\/\/carlaszabo.com\/ro\/produs\/warm-wings-brooch\/#primaryimage"},"thumbnailUrl":"https:\/\/carlaszabo.com\/wp-content\/uploads\/2019\/03\/Warm-Wings-Brooch.jpg","datePublished":"2019-03-07T17:16:54+00:00","dateModified":"2020-04-24T20:12:17+00:00","breadcrumb":{"@id":"https:\/\/carlaszabo.com\/ro\/produs\/warm-wings-brooch\/#breadcrumb"},"inLanguage":"ro-RO","potentialAction":[{"@type":"ReadAction","target":["https:\/\/carlaszabo.com\/ro\/produs\/warm-wings-brooch\/"]}]},{"@type":"ImageObject","inLanguage":"ro-RO","@id":"https:\/\/carlaszabo.com\/ro\/produs\/warm-wings-brooch\/#primaryimage","url":"https:\/\/carlaszabo.com\/wp-content\/uploads\/2019\/03\/Warm-Wings-Brooch.jpg","contentUrl":"https:\/\/carlaszabo.com\/wp-content\/uploads\/2019\/03\/Warm-Wings-Brooch.jpg","width":800,"height":1067},{"@type":"BreadcrumbList","@id":"https:\/\/carlaszabo.com\/ro\/produs\/warm-wings-brooch\/#breadcrumb","itemListElement":[{"@type":"ListItem","position":1,"name":"Home","item":"https:\/\/carlaszabo.com\/ro\/"},{"@type":"ListItem","position":2,"name":"Shop","item":"https:\/\/carlaszabo.com\/ro\/shop\/"},{"@type":"ListItem","position":3,"name":"Warm Wings Brooch"}]},{"@type":"WebSite","@id":"https:\/\/carlaszabo.com\/ro\/#website","url":"https:\/\/carlaszabo.com\/ro\/","name":"Carla Szabo","description":"","publisher":{"@id":"https:\/\/carlaszabo.com\/ro\/#organization"},"potentialAction":[{"@type":"SearchAction","target":{"@type":"EntryPoint","urlTemplate":"https:\/\/carlaszabo.com\/ro\/?s={search_term_string}"},"query-input":{"@type":"PropertyValueSpecification","valueRequired":true,"valueName":"search_term_string"}}],"inLanguage":"ro-RO"},{"@type":"Organization","@id":"https:\/\/carlaszabo.com\/ro\/#organization","name":"Carla Szabo","url":"https:\/\/carlaszabo.com\/ro\/","logo":{"@type":"ImageObject","inLanguage":"ro-RO","@id":"https:\/\/carlaszabo.com\/ro\/#\/schema\/logo\/image\/","url":"https:\/\/carlaszabo.com\/wp-content\/uploads\/2017\/09\/carla-logo.png","contentUrl":"https:\/\/carlaszabo.com\/wp-content\/uploads\/2017\/09\/carla-logo.png","width":370,"height":49,"caption":"Carla Szabo"},"image":{"@id":"https:\/\/carlaszabo.com\/ro\/#\/schema\/logo\/image\/"}}]}},"_links":{"self":[{"href":"https:\/\/carlaszabo.com\/ro\/wp-json\/wp\/v2\/product\/84807","targetHints":{"allow":["GET"]}}],"collection":[{"href":"https:\/\/carlaszabo.com\/ro\/wp-json\/wp\/v2\/product"}],"about":[{"href":"https:\/\/carlaszabo.com\/ro\/wp-json\/wp\/v2\/types\/product"}],"wp:featuredmedia":[{"embeddable":true,"href":"https:\/\/carlaszabo.com\/ro\/wp-json\/wp\/v2\/media\/84811"}],"wp:attachment":[{"href":"https:\/\/carlaszabo.com\/ro\/wp-json\/wp\/v2\/media?parent=84807"}],"wp:term":[{"taxonomy":"product_brand","embeddable":true,"href":"https:\/\/carlaszabo.com\/ro\/wp-json\/wp\/v2\/product_brand?post=84807"},{"taxonomy":"product_cat","embeddable":true,"href":"https:\/\/carlaszabo.com\/ro\/wp-json\/wp\/v2\/product_cat?post=84807"},{"taxonomy":"product_tag","embeddable":true,"href":"https:\/\/carlaszabo.com\/ro\/wp-json\/wp\/v2\/product_tag?post=84807"}],"curies":[{"name":"wp","href":"https:\/\/api.w.org\/{rel}","templated":true}]}}