{"id":84877,"date":"2019-03-07T17:16:52","date_gmt":"2019-03-07T17:16:52","guid":{"rendered":"https:\/\/carlaszabo.com\/product\/textile-mirror-necklace\/"},"modified":"2023-02-16T10:30:48","modified_gmt":"2023-02-16T10:30:48","slug":"textile-mirror-necklace","status":"publish","type":"product","link":"https:\/\/carlaszabo.com\/ro\/produs\/textile-mirror-necklace\/","title":{"rendered":"Textile Mirror Necklace"},"content":{"rendered":"","protected":false},"excerpt":{"rendered":"<p>Colierul Textile Mirror este realizat din fragmente de oglind\u0103 acrilic\u0103, fixate pe placaj stratificat de mahon. Elementele colierului sunt ag\u0103\u021bate cu panglici textile, cu o prindere cu caps\u0103, u\u0219or de folosit. Colierul face parte din colec\u021bia Reflective.<\/p>\n<p>Colec\u021bia Reflective simbolizeaz\u0103 descoperirea de sine. Micile fragmente de oglind\u0103 formeaz\u0103 fiin\u021be dreptunghiulare, care purtate ca bro\u0219e sau coliere invit\u0103 la comunicare prin frumuse\u021be \u0219i ludic.<\/p>\n","protected":false},"featured_media":84881,"template":"","meta":[],"product_brand":[],"product_cat":[319],"product_tag":[346],"class_list":{"0":"post-84877","1":"product","2":"type-product","3":"status-publish","4":"has-post-thumbnail","6":"product_cat-coliere","7":"product_tag-reflective-ro","8":"product_shipping_class-standard-shipping-ro","10":"first","11":"instock","12":"shipping-taxable","13":"purchasable","14":"product-type-simple"},"yoast_head":"<!-- This site is optimized with the Yoast SEO plugin v27.5 - https:\/\/yoast.com\/product\/yoast-seo-wordpress\/ -->\n<title>Textile Mirror Necklace | Carla Szabo<\/title>\n<meta name=\"robots\" content=\"index, follow, max-snippet:-1, max-image-preview:large, max-video-preview:-1\" \/>\n<link rel=\"canonical\" href=\"https:\/\/carlaszabo.com\/ro\/produs\/textile-mirror-necklace\/\" \/>\n<meta property=\"og:locale\" content=\"ro_RO\" \/>\n<meta property=\"og:type\" content=\"article\" \/>\n<meta property=\"og:title\" content=\"Textile Mirror Necklace | Carla Szabo\" \/>\n<meta property=\"og:description\" content=\"Colierul Textile Mirror este realizat din fragmente de oglind\u0103 acrilic\u0103, fixate pe placaj stratificat de mahon. Elementele colierului sunt ag\u0103\u021bate cu panglici textile, cu o prindere cu caps\u0103, u\u0219or de folosit. Colierul face parte din colec\u021bia Reflective.  Colec\u021bia Reflective simbolizeaz\u0103 descoperirea de sine. Micile fragmente de oglind\u0103 formeaz\u0103 fiin\u021be dreptunghiulare, care purtate ca bro\u0219e sau coliere invit\u0103 la comunicare prin frumuse\u021be \u0219i ludic.\" \/>\n<meta property=\"og:url\" content=\"https:\/\/carlaszabo.com\/ro\/produs\/textile-mirror-necklace\/\" \/>\n<meta property=\"og:site_name\" content=\"Carla Szabo\" \/>\n<meta property=\"article:modified_time\" content=\"2023-02-16T10:30:48+00:00\" \/>\n<meta property=\"og:image\" content=\"http:\/\/carlaszabo.com\/wp-content\/uploads\/2013\/05\/colier-oglinda-textil.jpg\" \/>\n<meta name=\"twitter:card\" content=\"summary_large_image\" \/>\n<meta name=\"twitter:image\" content=\"http:\/\/carlaszabo.com\/wp-content\/uploads\/2013\/05\/colier-oglinda-textil.jpg\" \/>\n<script type=\"application\/ld+json\" class=\"yoast-schema-graph\">{\"@context\":\"https:\\\/\\\/schema.org\",\"@graph\":[{\"@type\":\"WebPage\",\"@id\":\"https:\\\/\\\/carlaszabo.com\\\/ro\\\/produs\\\/textile-mirror-necklace\\\/\",\"url\":\"https:\\\/\\\/carlaszabo.com\\\/ro\\\/produs\\\/textile-mirror-necklace\\\/\",\"name\":\"Textile Mirror Necklace | Carla Szabo\",\"isPartOf\":{\"@id\":\"https:\\\/\\\/carlaszabo.com\\\/ro\\\/#website\"},\"primaryImageOfPage\":{\"@id\":\"https:\\\/\\\/carlaszabo.com\\\/ro\\\/produs\\\/textile-mirror-necklace\\\/#primaryimage\"},\"image\":{\"@id\":\"https:\\\/\\\/carlaszabo.com\\\/ro\\\/produs\\\/textile-mirror-necklace\\\/#primaryimage\"},\"thumbnailUrl\":\"https:\\\/\\\/carlaszabo.com\\\/wp-content\\\/uploads\\\/2019\\\/03\\\/colier-oglinda-textil.jpg\",\"datePublished\":\"2019-03-07T17:16:52+00:00\",\"dateModified\":\"2023-02-16T10:30:48+00:00\",\"breadcrumb\":{\"@id\":\"https:\\\/\\\/carlaszabo.com\\\/ro\\\/produs\\\/textile-mirror-necklace\\\/#breadcrumb\"},\"inLanguage\":\"ro-RO\",\"potentialAction\":[{\"@type\":\"ReadAction\",\"target\":[\"https:\\\/\\\/carlaszabo.com\\\/ro\\\/produs\\\/textile-mirror-necklace\\\/\"]}]},{\"@type\":\"ImageObject\",\"inLanguage\":\"ro-RO\",\"@id\":\"https:\\\/\\\/carlaszabo.com\\\/ro\\\/produs\\\/textile-mirror-necklace\\\/#primaryimage\",\"url\":\"https:\\\/\\\/carlaszabo.com\\\/wp-content\\\/uploads\\\/2019\\\/03\\\/colier-oglinda-textil.jpg\",\"contentUrl\":\"https:\\\/\\\/carlaszabo.com\\\/wp-content\\\/uploads\\\/2019\\\/03\\\/colier-oglinda-textil.jpg\",\"width\":800,\"height\":1067},{\"@type\":\"BreadcrumbList\",\"@id\":\"https:\\\/\\\/carlaszabo.com\\\/ro\\\/produs\\\/textile-mirror-necklace\\\/#breadcrumb\",\"itemListElement\":[{\"@type\":\"ListItem\",\"position\":1,\"name\":\"Home\",\"item\":\"https:\\\/\\\/carlaszabo.com\\\/ro\\\/\"},{\"@type\":\"ListItem\",\"position\":2,\"name\":\"Shop\",\"item\":\"https:\\\/\\\/carlaszabo.com\\\/ro\\\/shop\\\/\"},{\"@type\":\"ListItem\",\"position\":3,\"name\":\"Textile Mirror Necklace\"}]},{\"@type\":\"WebSite\",\"@id\":\"https:\\\/\\\/carlaszabo.com\\\/ro\\\/#website\",\"url\":\"https:\\\/\\\/carlaszabo.com\\\/ro\\\/\",\"name\":\"Carla Szabo\",\"description\":\"\",\"publisher\":{\"@id\":\"https:\\\/\\\/carlaszabo.com\\\/ro\\\/#organization\"},\"potentialAction\":[{\"@type\":\"SearchAction\",\"target\":{\"@type\":\"EntryPoint\",\"urlTemplate\":\"https:\\\/\\\/carlaszabo.com\\\/ro\\\/?s={search_term_string}\"},\"query-input\":{\"@type\":\"PropertyValueSpecification\",\"valueRequired\":true,\"valueName\":\"search_term_string\"}}],\"inLanguage\":\"ro-RO\"},{\"@type\":\"Organization\",\"@id\":\"https:\\\/\\\/carlaszabo.com\\\/ro\\\/#organization\",\"name\":\"Carla Szabo\",\"url\":\"https:\\\/\\\/carlaszabo.com\\\/ro\\\/\",\"logo\":{\"@type\":\"ImageObject\",\"inLanguage\":\"ro-RO\",\"@id\":\"https:\\\/\\\/carlaszabo.com\\\/ro\\\/#\\\/schema\\\/logo\\\/image\\\/\",\"url\":\"https:\\\/\\\/carlaszabo.com\\\/wp-content\\\/uploads\\\/2017\\\/09\\\/carla-logo.png\",\"contentUrl\":\"https:\\\/\\\/carlaszabo.com\\\/wp-content\\\/uploads\\\/2017\\\/09\\\/carla-logo.png\",\"width\":370,\"height\":49,\"caption\":\"Carla Szabo\"},\"image\":{\"@id\":\"https:\\\/\\\/carlaszabo.com\\\/ro\\\/#\\\/schema\\\/logo\\\/image\\\/\"}}]}<\/script>\n<!-- \/ Yoast SEO plugin. -->","yoast_head_json":{"title":"Textile Mirror Necklace | Carla Szabo","robots":{"index":"index","follow":"follow","max-snippet":"max-snippet:-1","max-image-preview":"max-image-preview:large","max-video-preview":"max-video-preview:-1"},"canonical":"https:\/\/carlaszabo.com\/ro\/produs\/textile-mirror-necklace\/","og_locale":"ro_RO","og_type":"article","og_title":"Textile Mirror Necklace | Carla Szabo","og_description":"Colierul Textile Mirror este realizat din fragmente de oglind\u0103 acrilic\u0103, fixate pe placaj stratificat de mahon. Elementele colierului sunt ag\u0103\u021bate cu panglici textile, cu o prindere cu caps\u0103, u\u0219or de folosit. Colierul face parte din colec\u021bia Reflective.  Colec\u021bia Reflective simbolizeaz\u0103 descoperirea de sine. Micile fragmente de oglind\u0103 formeaz\u0103 fiin\u021be dreptunghiulare, care purtate ca bro\u0219e sau coliere invit\u0103 la comunicare prin frumuse\u021be \u0219i ludic.","og_url":"https:\/\/carlaszabo.com\/ro\/produs\/textile-mirror-necklace\/","og_site_name":"Carla Szabo","article_modified_time":"2023-02-16T10:30:48+00:00","og_image":[{"url":"http:\/\/carlaszabo.com\/wp-content\/uploads\/2013\/05\/colier-oglinda-textil.jpg","type":"","width":"","height":""}],"twitter_card":"summary_large_image","twitter_image":"http:\/\/carlaszabo.com\/wp-content\/uploads\/2013\/05\/colier-oglinda-textil.jpg","schema":{"@context":"https:\/\/schema.org","@graph":[{"@type":"WebPage","@id":"https:\/\/carlaszabo.com\/ro\/produs\/textile-mirror-necklace\/","url":"https:\/\/carlaszabo.com\/ro\/produs\/textile-mirror-necklace\/","name":"Textile Mirror Necklace | Carla Szabo","isPartOf":{"@id":"https:\/\/carlaszabo.com\/ro\/#website"},"primaryImageOfPage":{"@id":"https:\/\/carlaszabo.com\/ro\/produs\/textile-mirror-necklace\/#primaryimage"},"image":{"@id":"https:\/\/carlaszabo.com\/ro\/produs\/textile-mirror-necklace\/#primaryimage"},"thumbnailUrl":"https:\/\/carlaszabo.com\/wp-content\/uploads\/2019\/03\/colier-oglinda-textil.jpg","datePublished":"2019-03-07T17:16:52+00:00","dateModified":"2023-02-16T10:30:48+00:00","breadcrumb":{"@id":"https:\/\/carlaszabo.com\/ro\/produs\/textile-mirror-necklace\/#breadcrumb"},"inLanguage":"ro-RO","potentialAction":[{"@type":"ReadAction","target":["https:\/\/carlaszabo.com\/ro\/produs\/textile-mirror-necklace\/"]}]},{"@type":"ImageObject","inLanguage":"ro-RO","@id":"https:\/\/carlaszabo.com\/ro\/produs\/textile-mirror-necklace\/#primaryimage","url":"https:\/\/carlaszabo.com\/wp-content\/uploads\/2019\/03\/colier-oglinda-textil.jpg","contentUrl":"https:\/\/carlaszabo.com\/wp-content\/uploads\/2019\/03\/colier-oglinda-textil.jpg","width":800,"height":1067},{"@type":"BreadcrumbList","@id":"https:\/\/carlaszabo.com\/ro\/produs\/textile-mirror-necklace\/#breadcrumb","itemListElement":[{"@type":"ListItem","position":1,"name":"Home","item":"https:\/\/carlaszabo.com\/ro\/"},{"@type":"ListItem","position":2,"name":"Shop","item":"https:\/\/carlaszabo.com\/ro\/shop\/"},{"@type":"ListItem","position":3,"name":"Textile Mirror Necklace"}]},{"@type":"WebSite","@id":"https:\/\/carlaszabo.com\/ro\/#website","url":"https:\/\/carlaszabo.com\/ro\/","name":"Carla Szabo","description":"","publisher":{"@id":"https:\/\/carlaszabo.com\/ro\/#organization"},"potentialAction":[{"@type":"SearchAction","target":{"@type":"EntryPoint","urlTemplate":"https:\/\/carlaszabo.com\/ro\/?s={search_term_string}"},"query-input":{"@type":"PropertyValueSpecification","valueRequired":true,"valueName":"search_term_string"}}],"inLanguage":"ro-RO"},{"@type":"Organization","@id":"https:\/\/carlaszabo.com\/ro\/#organization","name":"Carla Szabo","url":"https:\/\/carlaszabo.com\/ro\/","logo":{"@type":"ImageObject","inLanguage":"ro-RO","@id":"https:\/\/carlaszabo.com\/ro\/#\/schema\/logo\/image\/","url":"https:\/\/carlaszabo.com\/wp-content\/uploads\/2017\/09\/carla-logo.png","contentUrl":"https:\/\/carlaszabo.com\/wp-content\/uploads\/2017\/09\/carla-logo.png","width":370,"height":49,"caption":"Carla Szabo"},"image":{"@id":"https:\/\/carlaszabo.com\/ro\/#\/schema\/logo\/image\/"}}]}},"_links":{"self":[{"href":"https:\/\/carlaszabo.com\/ro\/wp-json\/wp\/v2\/product\/84877","targetHints":{"allow":["GET"]}}],"collection":[{"href":"https:\/\/carlaszabo.com\/ro\/wp-json\/wp\/v2\/product"}],"about":[{"href":"https:\/\/carlaszabo.com\/ro\/wp-json\/wp\/v2\/types\/product"}],"wp:featuredmedia":[{"embeddable":true,"href":"https:\/\/carlaszabo.com\/ro\/wp-json\/wp\/v2\/media\/84881"}],"wp:attachment":[{"href":"https:\/\/carlaszabo.com\/ro\/wp-json\/wp\/v2\/media?parent=84877"}],"wp:term":[{"taxonomy":"product_brand","embeddable":true,"href":"https:\/\/carlaszabo.com\/ro\/wp-json\/wp\/v2\/product_brand?post=84877"},{"taxonomy":"product_cat","embeddable":true,"href":"https:\/\/carlaszabo.com\/ro\/wp-json\/wp\/v2\/product_cat?post=84877"},{"taxonomy":"product_tag","embeddable":true,"href":"https:\/\/carlaszabo.com\/ro\/wp-json\/wp\/v2\/product_tag?post=84877"}],"curies":[{"name":"wp","href":"https:\/\/api.w.org\/{rel}","templated":true}]}}