{"id":98631,"date":"2020-12-11T13:06:22","date_gmt":"2020-12-11T13:06:22","guid":{"rendered":"https:\/\/carlaszabo.com\/?post_type=product&#038;p=98631"},"modified":"2022-10-24T14:58:56","modified_gmt":"2022-10-24T14:58:56","slug":"black-almond-necklace","status":"publish","type":"product","link":"https:\/\/carlaszabo.com\/ro\/produs\/black-almond-necklace\/","title":{"rendered":"Black Almond Necklace (la comand\u0103)"},"content":{"rendered":"","protected":false},"excerpt":{"rendered":"<p>Acesta este un colier la baza g\u00e2tului, realizat din m\u0103rgele de onix mat \u0219i o s\u0103m\u00e2n\u021b\u0103 de migdal supradimenionat\u0103, sculptat\u0103 \u00een lemn de nuc. Se realizeaz\u0103 doar la comand\u0103. Colierul face parte din Colec\u021bia &#8222;Seeds&#8221;.<\/p>\n<p>Semin\u021bele ascund arhitectura \u0219i poten\u021bialul vie\u021bii. Ele \u00eencapsuleaz\u0103 cre\u0219terea, dincolo de voin\u021ba \u0219i priceperea noastr\u0103. Exist\u0103 o parte ascuns\u0103 \u00een fiecare dintre noi, care se des\u0103v\u00e2r\u0219e\u0219te singur\u0103 \u0219i nu poate fi gr\u0103bit\u0103 nici oprit\u0103 dar care r\u0103spunde indisolubil voin\u021bei lui Dumnezeu.<\/p>\n","protected":false},"featured_media":98633,"template":"","meta":[],"product_brand":[],"product_cat":[319],"product_tag":[535,598,648,601],"class_list":{"0":"post-98631","1":"product","2":"type-product","3":"status-publish","4":"has-post-thumbnail","6":"product_cat-coliere","7":"product_tag-necklace-ro","8":"product_tag-onyx-ro-2","9":"product_tag-seeds-ro","10":"product_tag-walnut-ro","12":"first","13":"instock","14":"shipping-taxable","15":"purchasable","16":"product-type-simple"},"yoast_head":"<!-- This site is optimized with the Yoast SEO plugin v27.4 - https:\/\/yoast.com\/product\/yoast-seo-wordpress\/ -->\n<title>Black Almond Necklace<\/title>\n<meta name=\"description\" content=\"Acesta este un colier la baza g\u00e2tului, realizat din m\u0103rgele de onix mat \u0219i o s\u0103m\u00e2n\u021b\u0103 de migdal supradimenionat\u0103, sculptat\u0103 \u00een lemn de nuc. Colierul face parte din Colec\u021bia &quot;Seeds&quot;.\" \/>\n<meta name=\"robots\" content=\"index, follow, max-snippet:-1, max-image-preview:large, max-video-preview:-1\" \/>\n<link rel=\"canonical\" href=\"https:\/\/carlaszabo.com\/ro\/produs\/black-almond-necklace\/\" \/>\n<meta property=\"og:locale\" content=\"ro_RO\" \/>\n<meta property=\"og:type\" content=\"article\" \/>\n<meta property=\"og:title\" content=\"Black Almond Necklace\" \/>\n<meta property=\"og:description\" content=\"Acesta este un colier la baza g\u00e2tului, realizat din m\u0103rgele de onyx mat \u0219i o s\u0103m\u00e2n\u021b\u0103 de migdal supradimenionat\u0103, sculptat\u0103 \u00een lemn de nuc. Colierul face parte din Colec\u021bia &quot;Seeds&quot;.\" \/>\n<meta property=\"og:url\" content=\"https:\/\/carlaszabo.com\/ro\/produs\/black-almond-necklace\/\" \/>\n<meta property=\"og:site_name\" content=\"Carla Szabo\" \/>\n<meta property=\"article:modified_time\" content=\"2022-10-24T14:58:56+00:00\" \/>\n<meta property=\"og:image\" content=\"http:\/\/carlaszabo.com\/wp-content\/uploads\/2015\/12\/Base-One-Necklace.jpg\" \/>\n<meta name=\"twitter:card\" content=\"summary_large_image\" \/>\n<meta name=\"twitter:title\" content=\"Black Almond Necklace\" \/>\n<meta name=\"twitter:description\" content=\"Acesta este un colier la baza g\u00e2tului, realizat din m\u0103rgele de onyx mat \u0219i o s\u0103m\u00e2n\u021b\u0103 de migdal supradimenionat\u0103, sculptat\u0103 \u00een lemn de nuc. Colierul face parte din Colec\u021bia &quot;Seeds&quot;.\" \/>\n<meta name=\"twitter:image\" content=\"http:\/\/carlaszabo.com\/wp-content\/uploads\/2015\/12\/Base-One-Necklace.jpg\" \/>\n<script type=\"application\/ld+json\" class=\"yoast-schema-graph\">{\"@context\":\"https:\\\/\\\/schema.org\",\"@graph\":[{\"@type\":\"WebPage\",\"@id\":\"https:\\\/\\\/carlaszabo.com\\\/ro\\\/produs\\\/black-almond-necklace\\\/\",\"url\":\"https:\\\/\\\/carlaszabo.com\\\/ro\\\/produs\\\/black-almond-necklace\\\/\",\"name\":\"Black Almond Necklace\",\"isPartOf\":{\"@id\":\"https:\\\/\\\/carlaszabo.com\\\/ro\\\/#website\"},\"primaryImageOfPage\":{\"@id\":\"https:\\\/\\\/carlaszabo.com\\\/ro\\\/produs\\\/black-almond-necklace\\\/#primaryimage\"},\"image\":{\"@id\":\"https:\\\/\\\/carlaszabo.com\\\/ro\\\/produs\\\/black-almond-necklace\\\/#primaryimage\"},\"thumbnailUrl\":\"https:\\\/\\\/carlaszabo.com\\\/wp-content\\\/uploads\\\/2020\\\/12\\\/Black-Almond-4.jpg\",\"datePublished\":\"2020-12-11T13:06:22+00:00\",\"dateModified\":\"2022-10-24T14:58:56+00:00\",\"description\":\"Acesta este un colier la baza g\u00e2tului, realizat din m\u0103rgele de onix mat \u0219i o s\u0103m\u00e2n\u021b\u0103 de migdal supradimenionat\u0103, sculptat\u0103 \u00een lemn de nuc. Colierul face parte din Colec\u021bia \\\"Seeds\\\".\",\"breadcrumb\":{\"@id\":\"https:\\\/\\\/carlaszabo.com\\\/ro\\\/produs\\\/black-almond-necklace\\\/#breadcrumb\"},\"inLanguage\":\"ro-RO\",\"potentialAction\":[{\"@type\":\"ReadAction\",\"target\":[\"https:\\\/\\\/carlaszabo.com\\\/ro\\\/produs\\\/black-almond-necklace\\\/\"]}]},{\"@type\":\"ImageObject\",\"inLanguage\":\"ro-RO\",\"@id\":\"https:\\\/\\\/carlaszabo.com\\\/ro\\\/produs\\\/black-almond-necklace\\\/#primaryimage\",\"url\":\"https:\\\/\\\/carlaszabo.com\\\/wp-content\\\/uploads\\\/2020\\\/12\\\/Black-Almond-4.jpg\",\"contentUrl\":\"https:\\\/\\\/carlaszabo.com\\\/wp-content\\\/uploads\\\/2020\\\/12\\\/Black-Almond-4.jpg\",\"width\":800,\"height\":1067},{\"@type\":\"BreadcrumbList\",\"@id\":\"https:\\\/\\\/carlaszabo.com\\\/ro\\\/produs\\\/black-almond-necklace\\\/#breadcrumb\",\"itemListElement\":[{\"@type\":\"ListItem\",\"position\":1,\"name\":\"Home\",\"item\":\"https:\\\/\\\/carlaszabo.com\\\/ro\\\/\"},{\"@type\":\"ListItem\",\"position\":2,\"name\":\"Shop\",\"item\":\"https:\\\/\\\/carlaszabo.com\\\/ro\\\/shop\\\/\"},{\"@type\":\"ListItem\",\"position\":3,\"name\":\"Black Almond Necklace (la comand\u0103)\"}]},{\"@type\":\"WebSite\",\"@id\":\"https:\\\/\\\/carlaszabo.com\\\/ro\\\/#website\",\"url\":\"https:\\\/\\\/carlaszabo.com\\\/ro\\\/\",\"name\":\"Carla Szabo\",\"description\":\"\",\"publisher\":{\"@id\":\"https:\\\/\\\/carlaszabo.com\\\/ro\\\/#organization\"},\"potentialAction\":[{\"@type\":\"SearchAction\",\"target\":{\"@type\":\"EntryPoint\",\"urlTemplate\":\"https:\\\/\\\/carlaszabo.com\\\/ro\\\/?s={search_term_string}\"},\"query-input\":{\"@type\":\"PropertyValueSpecification\",\"valueRequired\":true,\"valueName\":\"search_term_string\"}}],\"inLanguage\":\"ro-RO\"},{\"@type\":\"Organization\",\"@id\":\"https:\\\/\\\/carlaszabo.com\\\/ro\\\/#organization\",\"name\":\"Carla Szabo\",\"url\":\"https:\\\/\\\/carlaszabo.com\\\/ro\\\/\",\"logo\":{\"@type\":\"ImageObject\",\"inLanguage\":\"ro-RO\",\"@id\":\"https:\\\/\\\/carlaszabo.com\\\/ro\\\/#\\\/schema\\\/logo\\\/image\\\/\",\"url\":\"https:\\\/\\\/carlaszabo.com\\\/wp-content\\\/uploads\\\/2017\\\/09\\\/carla-logo.png\",\"contentUrl\":\"https:\\\/\\\/carlaszabo.com\\\/wp-content\\\/uploads\\\/2017\\\/09\\\/carla-logo.png\",\"width\":370,\"height\":49,\"caption\":\"Carla Szabo\"},\"image\":{\"@id\":\"https:\\\/\\\/carlaszabo.com\\\/ro\\\/#\\\/schema\\\/logo\\\/image\\\/\"}}]}<\/script>\n<!-- \/ Yoast SEO plugin. -->","yoast_head_json":{"title":"Black Almond Necklace","description":"Acesta este un colier la baza g\u00e2tului, realizat din m\u0103rgele de onix mat \u0219i o s\u0103m\u00e2n\u021b\u0103 de migdal supradimenionat\u0103, sculptat\u0103 \u00een lemn de nuc. Colierul face parte din Colec\u021bia \"Seeds\".","robots":{"index":"index","follow":"follow","max-snippet":"max-snippet:-1","max-image-preview":"max-image-preview:large","max-video-preview":"max-video-preview:-1"},"canonical":"https:\/\/carlaszabo.com\/ro\/produs\/black-almond-necklace\/","og_locale":"ro_RO","og_type":"article","og_title":"Black Almond Necklace","og_description":"Acesta este un colier la baza g\u00e2tului, realizat din m\u0103rgele de onyx mat \u0219i o s\u0103m\u00e2n\u021b\u0103 de migdal supradimenionat\u0103, sculptat\u0103 \u00een lemn de nuc. Colierul face parte din Colec\u021bia \"Seeds\".","og_url":"https:\/\/carlaszabo.com\/ro\/produs\/black-almond-necklace\/","og_site_name":"Carla Szabo","article_modified_time":"2022-10-24T14:58:56+00:00","og_image":[{"url":"http:\/\/carlaszabo.com\/wp-content\/uploads\/2015\/12\/Base-One-Necklace.jpg","type":"","width":"","height":""}],"twitter_card":"summary_large_image","twitter_title":"Black Almond Necklace","twitter_description":"Acesta este un colier la baza g\u00e2tului, realizat din m\u0103rgele de onyx mat \u0219i o s\u0103m\u00e2n\u021b\u0103 de migdal supradimenionat\u0103, sculptat\u0103 \u00een lemn de nuc. Colierul face parte din Colec\u021bia \"Seeds\".","twitter_image":"http:\/\/carlaszabo.com\/wp-content\/uploads\/2015\/12\/Base-One-Necklace.jpg","schema":{"@context":"https:\/\/schema.org","@graph":[{"@type":"WebPage","@id":"https:\/\/carlaszabo.com\/ro\/produs\/black-almond-necklace\/","url":"https:\/\/carlaszabo.com\/ro\/produs\/black-almond-necklace\/","name":"Black Almond Necklace","isPartOf":{"@id":"https:\/\/carlaszabo.com\/ro\/#website"},"primaryImageOfPage":{"@id":"https:\/\/carlaszabo.com\/ro\/produs\/black-almond-necklace\/#primaryimage"},"image":{"@id":"https:\/\/carlaszabo.com\/ro\/produs\/black-almond-necklace\/#primaryimage"},"thumbnailUrl":"https:\/\/carlaszabo.com\/wp-content\/uploads\/2020\/12\/Black-Almond-4.jpg","datePublished":"2020-12-11T13:06:22+00:00","dateModified":"2022-10-24T14:58:56+00:00","description":"Acesta este un colier la baza g\u00e2tului, realizat din m\u0103rgele de onix mat \u0219i o s\u0103m\u00e2n\u021b\u0103 de migdal supradimenionat\u0103, sculptat\u0103 \u00een lemn de nuc. Colierul face parte din Colec\u021bia \"Seeds\".","breadcrumb":{"@id":"https:\/\/carlaszabo.com\/ro\/produs\/black-almond-necklace\/#breadcrumb"},"inLanguage":"ro-RO","potentialAction":[{"@type":"ReadAction","target":["https:\/\/carlaszabo.com\/ro\/produs\/black-almond-necklace\/"]}]},{"@type":"ImageObject","inLanguage":"ro-RO","@id":"https:\/\/carlaszabo.com\/ro\/produs\/black-almond-necklace\/#primaryimage","url":"https:\/\/carlaszabo.com\/wp-content\/uploads\/2020\/12\/Black-Almond-4.jpg","contentUrl":"https:\/\/carlaszabo.com\/wp-content\/uploads\/2020\/12\/Black-Almond-4.jpg","width":800,"height":1067},{"@type":"BreadcrumbList","@id":"https:\/\/carlaszabo.com\/ro\/produs\/black-almond-necklace\/#breadcrumb","itemListElement":[{"@type":"ListItem","position":1,"name":"Home","item":"https:\/\/carlaszabo.com\/ro\/"},{"@type":"ListItem","position":2,"name":"Shop","item":"https:\/\/carlaszabo.com\/ro\/shop\/"},{"@type":"ListItem","position":3,"name":"Black Almond Necklace (la comand\u0103)"}]},{"@type":"WebSite","@id":"https:\/\/carlaszabo.com\/ro\/#website","url":"https:\/\/carlaszabo.com\/ro\/","name":"Carla Szabo","description":"","publisher":{"@id":"https:\/\/carlaszabo.com\/ro\/#organization"},"potentialAction":[{"@type":"SearchAction","target":{"@type":"EntryPoint","urlTemplate":"https:\/\/carlaszabo.com\/ro\/?s={search_term_string}"},"query-input":{"@type":"PropertyValueSpecification","valueRequired":true,"valueName":"search_term_string"}}],"inLanguage":"ro-RO"},{"@type":"Organization","@id":"https:\/\/carlaszabo.com\/ro\/#organization","name":"Carla Szabo","url":"https:\/\/carlaszabo.com\/ro\/","logo":{"@type":"ImageObject","inLanguage":"ro-RO","@id":"https:\/\/carlaszabo.com\/ro\/#\/schema\/logo\/image\/","url":"https:\/\/carlaszabo.com\/wp-content\/uploads\/2017\/09\/carla-logo.png","contentUrl":"https:\/\/carlaszabo.com\/wp-content\/uploads\/2017\/09\/carla-logo.png","width":370,"height":49,"caption":"Carla Szabo"},"image":{"@id":"https:\/\/carlaszabo.com\/ro\/#\/schema\/logo\/image\/"}}]}},"_links":{"self":[{"href":"https:\/\/carlaszabo.com\/ro\/wp-json\/wp\/v2\/product\/98631","targetHints":{"allow":["GET"]}}],"collection":[{"href":"https:\/\/carlaszabo.com\/ro\/wp-json\/wp\/v2\/product"}],"about":[{"href":"https:\/\/carlaszabo.com\/ro\/wp-json\/wp\/v2\/types\/product"}],"wp:featuredmedia":[{"embeddable":true,"href":"https:\/\/carlaszabo.com\/ro\/wp-json\/wp\/v2\/media\/98633"}],"wp:attachment":[{"href":"https:\/\/carlaszabo.com\/ro\/wp-json\/wp\/v2\/media?parent=98631"}],"wp:term":[{"taxonomy":"product_brand","embeddable":true,"href":"https:\/\/carlaszabo.com\/ro\/wp-json\/wp\/v2\/product_brand?post=98631"},{"taxonomy":"product_cat","embeddable":true,"href":"https:\/\/carlaszabo.com\/ro\/wp-json\/wp\/v2\/product_cat?post=98631"},{"taxonomy":"product_tag","embeddable":true,"href":"https:\/\/carlaszabo.com\/ro\/wp-json\/wp\/v2\/product_tag?post=98631"}],"curies":[{"name":"wp","href":"https:\/\/api.w.org\/{rel}","templated":true}]}}