{"id":98649,"date":"2020-12-11T14:07:38","date_gmt":"2020-12-11T14:07:38","guid":{"rendered":"https:\/\/carlaszabo.com\/?post_type=product&#038;p=98649"},"modified":"2021-01-16T19:46:26","modified_gmt":"2021-01-16T19:46:26","slug":"blue-almond-necklace","status":"publish","type":"product","link":"https:\/\/carlaszabo.com\/ro\/produs\/blue-almond-necklace\/","title":{"rendered":"Blue Almond Necklace"},"content":{"rendered":"","protected":false},"excerpt":{"rendered":"<p>Acesta este un colier la baza g\u00e2tului realizat din m\u0103rgele de agat dalma\u021bian \u0219i o s\u0103m\u00e2n\u021b\u0103 de migdal supradimenionat\u0103, sculptat\u0103 \u00een lemn de stejar. Face parte din Colec\u021bia &#8222;Seeds&#8221;<\/p>\n<p>Semin\u021bele ascund arhitectura \u0219i poten\u021bialul vie\u021bii. Ele \u00eencapsuleaz\u0103 cre\u0219terea, dincolo de voin\u021ba \u0219i priceperea noastr\u0103. Exist\u0103 o parte ascuns\u0103 \u00een fiecare dintre noi, care se des\u0103v\u00e2r\u0219e\u0219te singur\u0103 \u0219i nu poate fi gr\u0103bit\u0103 nici oprit\u0103 dar care r\u0103spunde indisolubil voin\u021bei lui Dumnezeu.<\/p>\n","protected":false},"featured_media":98657,"template":"","meta":[],"product_brand":[],"product_cat":[319],"product_tag":[650,535,588,648,599],"class_list":{"0":"post-98649","1":"product","2":"type-product","3":"status-publish","4":"has-post-thumbnail","6":"product_cat-coliere","7":"product_tag-agat","8":"product_tag-necklace-ro","9":"product_tag-oak-ro","10":"product_tag-seeds-ro","11":"product_tag-wood-ro","12":"product_shipping_class-standard-shipping-2-ro","14":"first","15":"instock","16":"shipping-taxable","17":"purchasable","18":"product-type-simple"},"yoast_head":"<!-- This site is optimized with the Yoast SEO plugin v27.5 - https:\/\/yoast.com\/product\/yoast-seo-wordpress\/ -->\n<title>Blue Almond Necklace | Carla Szabo<\/title>\n<meta name=\"description\" content=\"Acesta este un colier la baza g\u00e2tului realizat din m\u0103rgele de agat dalma\u021bian \u0219i o s\u0103m\u00e2n\u021b\u0103 de migdal supradimenionat\u0103, sculptat\u0103 \u00een lemn de stejar.\" \/>\n<meta name=\"robots\" content=\"index, follow, max-snippet:-1, max-image-preview:large, max-video-preview:-1\" \/>\n<link rel=\"canonical\" href=\"https:\/\/carlaszabo.com\/ro\/produs\/blue-almond-necklace\/\" \/>\n<meta property=\"og:locale\" content=\"ro_RO\" \/>\n<meta property=\"og:type\" content=\"article\" \/>\n<meta property=\"og:title\" content=\"Blue Almond Necklace | Carla Szabo\" \/>\n<meta property=\"og:description\" content=\"Acesta este un colier la baza g\u00e2tului realizat din m\u0103rgele de agat dalma\u021bian \u0219i o s\u0103m\u00e2n\u021b\u0103 de migdal supradimenionat\u0103, sculptat\u0103 \u00een lemn de stejar.\" \/>\n<meta property=\"og:url\" content=\"https:\/\/carlaszabo.com\/ro\/produs\/blue-almond-necklace\/\" \/>\n<meta property=\"og:site_name\" content=\"Carla Szabo\" \/>\n<meta property=\"article:modified_time\" content=\"2021-01-16T19:46:26+00:00\" \/>\n<meta property=\"og:image\" content=\"https:\/\/carlaszabo.com\/wp-content\/uploads\/2020\/12\/Blue-Almond-Necklace-4.jpg\" \/>\n\t<meta property=\"og:image:width\" content=\"800\" \/>\n\t<meta property=\"og:image:height\" content=\"1067\" \/>\n\t<meta property=\"og:image:type\" content=\"image\/jpeg\" \/>\n<meta name=\"twitter:card\" content=\"summary_large_image\" \/>\n<script type=\"application\/ld+json\" class=\"yoast-schema-graph\">{\"@context\":\"https:\\\/\\\/schema.org\",\"@graph\":[{\"@type\":\"WebPage\",\"@id\":\"https:\\\/\\\/carlaszabo.com\\\/ro\\\/produs\\\/blue-almond-necklace\\\/\",\"url\":\"https:\\\/\\\/carlaszabo.com\\\/ro\\\/produs\\\/blue-almond-necklace\\\/\",\"name\":\"Blue Almond Necklace | Carla Szabo\",\"isPartOf\":{\"@id\":\"https:\\\/\\\/carlaszabo.com\\\/ro\\\/#website\"},\"primaryImageOfPage\":{\"@id\":\"https:\\\/\\\/carlaszabo.com\\\/ro\\\/produs\\\/blue-almond-necklace\\\/#primaryimage\"},\"image\":{\"@id\":\"https:\\\/\\\/carlaszabo.com\\\/ro\\\/produs\\\/blue-almond-necklace\\\/#primaryimage\"},\"thumbnailUrl\":\"https:\\\/\\\/carlaszabo.com\\\/wp-content\\\/uploads\\\/2020\\\/12\\\/Blue-Almond-Necklace-4.jpg\",\"datePublished\":\"2020-12-11T14:07:38+00:00\",\"dateModified\":\"2021-01-16T19:46:26+00:00\",\"description\":\"Acesta este un colier la baza g\u00e2tului realizat din m\u0103rgele de agat dalma\u021bian \u0219i o s\u0103m\u00e2n\u021b\u0103 de migdal supradimenionat\u0103, sculptat\u0103 \u00een lemn de stejar.\",\"breadcrumb\":{\"@id\":\"https:\\\/\\\/carlaszabo.com\\\/ro\\\/produs\\\/blue-almond-necklace\\\/#breadcrumb\"},\"inLanguage\":\"ro-RO\",\"potentialAction\":[{\"@type\":\"ReadAction\",\"target\":[\"https:\\\/\\\/carlaszabo.com\\\/ro\\\/produs\\\/blue-almond-necklace\\\/\"]}]},{\"@type\":\"ImageObject\",\"inLanguage\":\"ro-RO\",\"@id\":\"https:\\\/\\\/carlaszabo.com\\\/ro\\\/produs\\\/blue-almond-necklace\\\/#primaryimage\",\"url\":\"https:\\\/\\\/carlaszabo.com\\\/wp-content\\\/uploads\\\/2020\\\/12\\\/Blue-Almond-Necklace-4.jpg\",\"contentUrl\":\"https:\\\/\\\/carlaszabo.com\\\/wp-content\\\/uploads\\\/2020\\\/12\\\/Blue-Almond-Necklace-4.jpg\",\"width\":800,\"height\":1067},{\"@type\":\"BreadcrumbList\",\"@id\":\"https:\\\/\\\/carlaszabo.com\\\/ro\\\/produs\\\/blue-almond-necklace\\\/#breadcrumb\",\"itemListElement\":[{\"@type\":\"ListItem\",\"position\":1,\"name\":\"Home\",\"item\":\"https:\\\/\\\/carlaszabo.com\\\/ro\\\/\"},{\"@type\":\"ListItem\",\"position\":2,\"name\":\"Shop\",\"item\":\"https:\\\/\\\/carlaszabo.com\\\/ro\\\/shop\\\/\"},{\"@type\":\"ListItem\",\"position\":3,\"name\":\"Blue Almond Necklace\"}]},{\"@type\":\"WebSite\",\"@id\":\"https:\\\/\\\/carlaszabo.com\\\/ro\\\/#website\",\"url\":\"https:\\\/\\\/carlaszabo.com\\\/ro\\\/\",\"name\":\"Carla Szabo\",\"description\":\"\",\"publisher\":{\"@id\":\"https:\\\/\\\/carlaszabo.com\\\/ro\\\/#organization\"},\"potentialAction\":[{\"@type\":\"SearchAction\",\"target\":{\"@type\":\"EntryPoint\",\"urlTemplate\":\"https:\\\/\\\/carlaszabo.com\\\/ro\\\/?s={search_term_string}\"},\"query-input\":{\"@type\":\"PropertyValueSpecification\",\"valueRequired\":true,\"valueName\":\"search_term_string\"}}],\"inLanguage\":\"ro-RO\"},{\"@type\":\"Organization\",\"@id\":\"https:\\\/\\\/carlaszabo.com\\\/ro\\\/#organization\",\"name\":\"Carla Szabo\",\"url\":\"https:\\\/\\\/carlaszabo.com\\\/ro\\\/\",\"logo\":{\"@type\":\"ImageObject\",\"inLanguage\":\"ro-RO\",\"@id\":\"https:\\\/\\\/carlaszabo.com\\\/ro\\\/#\\\/schema\\\/logo\\\/image\\\/\",\"url\":\"https:\\\/\\\/carlaszabo.com\\\/wp-content\\\/uploads\\\/2017\\\/09\\\/carla-logo.png\",\"contentUrl\":\"https:\\\/\\\/carlaszabo.com\\\/wp-content\\\/uploads\\\/2017\\\/09\\\/carla-logo.png\",\"width\":370,\"height\":49,\"caption\":\"Carla Szabo\"},\"image\":{\"@id\":\"https:\\\/\\\/carlaszabo.com\\\/ro\\\/#\\\/schema\\\/logo\\\/image\\\/\"}}]}<\/script>\n<!-- \/ Yoast SEO plugin. -->","yoast_head_json":{"title":"Blue Almond Necklace | Carla Szabo","description":"Acesta este un colier la baza g\u00e2tului realizat din m\u0103rgele de agat dalma\u021bian \u0219i o s\u0103m\u00e2n\u021b\u0103 de migdal supradimenionat\u0103, sculptat\u0103 \u00een lemn de stejar.","robots":{"index":"index","follow":"follow","max-snippet":"max-snippet:-1","max-image-preview":"max-image-preview:large","max-video-preview":"max-video-preview:-1"},"canonical":"https:\/\/carlaszabo.com\/ro\/produs\/blue-almond-necklace\/","og_locale":"ro_RO","og_type":"article","og_title":"Blue Almond Necklace | Carla Szabo","og_description":"Acesta este un colier la baza g\u00e2tului realizat din m\u0103rgele de agat dalma\u021bian \u0219i o s\u0103m\u00e2n\u021b\u0103 de migdal supradimenionat\u0103, sculptat\u0103 \u00een lemn de stejar.","og_url":"https:\/\/carlaszabo.com\/ro\/produs\/blue-almond-necklace\/","og_site_name":"Carla Szabo","article_modified_time":"2021-01-16T19:46:26+00:00","og_image":[{"width":800,"height":1067,"url":"https:\/\/carlaszabo.com\/wp-content\/uploads\/2020\/12\/Blue-Almond-Necklace-4.jpg","type":"image\/jpeg"}],"twitter_card":"summary_large_image","schema":{"@context":"https:\/\/schema.org","@graph":[{"@type":"WebPage","@id":"https:\/\/carlaszabo.com\/ro\/produs\/blue-almond-necklace\/","url":"https:\/\/carlaszabo.com\/ro\/produs\/blue-almond-necklace\/","name":"Blue Almond Necklace | Carla Szabo","isPartOf":{"@id":"https:\/\/carlaszabo.com\/ro\/#website"},"primaryImageOfPage":{"@id":"https:\/\/carlaszabo.com\/ro\/produs\/blue-almond-necklace\/#primaryimage"},"image":{"@id":"https:\/\/carlaszabo.com\/ro\/produs\/blue-almond-necklace\/#primaryimage"},"thumbnailUrl":"https:\/\/carlaszabo.com\/wp-content\/uploads\/2020\/12\/Blue-Almond-Necklace-4.jpg","datePublished":"2020-12-11T14:07:38+00:00","dateModified":"2021-01-16T19:46:26+00:00","description":"Acesta este un colier la baza g\u00e2tului realizat din m\u0103rgele de agat dalma\u021bian \u0219i o s\u0103m\u00e2n\u021b\u0103 de migdal supradimenionat\u0103, sculptat\u0103 \u00een lemn de stejar.","breadcrumb":{"@id":"https:\/\/carlaszabo.com\/ro\/produs\/blue-almond-necklace\/#breadcrumb"},"inLanguage":"ro-RO","potentialAction":[{"@type":"ReadAction","target":["https:\/\/carlaszabo.com\/ro\/produs\/blue-almond-necklace\/"]}]},{"@type":"ImageObject","inLanguage":"ro-RO","@id":"https:\/\/carlaszabo.com\/ro\/produs\/blue-almond-necklace\/#primaryimage","url":"https:\/\/carlaszabo.com\/wp-content\/uploads\/2020\/12\/Blue-Almond-Necklace-4.jpg","contentUrl":"https:\/\/carlaszabo.com\/wp-content\/uploads\/2020\/12\/Blue-Almond-Necklace-4.jpg","width":800,"height":1067},{"@type":"BreadcrumbList","@id":"https:\/\/carlaszabo.com\/ro\/produs\/blue-almond-necklace\/#breadcrumb","itemListElement":[{"@type":"ListItem","position":1,"name":"Home","item":"https:\/\/carlaszabo.com\/ro\/"},{"@type":"ListItem","position":2,"name":"Shop","item":"https:\/\/carlaszabo.com\/ro\/shop\/"},{"@type":"ListItem","position":3,"name":"Blue Almond Necklace"}]},{"@type":"WebSite","@id":"https:\/\/carlaszabo.com\/ro\/#website","url":"https:\/\/carlaszabo.com\/ro\/","name":"Carla Szabo","description":"","publisher":{"@id":"https:\/\/carlaszabo.com\/ro\/#organization"},"potentialAction":[{"@type":"SearchAction","target":{"@type":"EntryPoint","urlTemplate":"https:\/\/carlaszabo.com\/ro\/?s={search_term_string}"},"query-input":{"@type":"PropertyValueSpecification","valueRequired":true,"valueName":"search_term_string"}}],"inLanguage":"ro-RO"},{"@type":"Organization","@id":"https:\/\/carlaszabo.com\/ro\/#organization","name":"Carla Szabo","url":"https:\/\/carlaszabo.com\/ro\/","logo":{"@type":"ImageObject","inLanguage":"ro-RO","@id":"https:\/\/carlaszabo.com\/ro\/#\/schema\/logo\/image\/","url":"https:\/\/carlaszabo.com\/wp-content\/uploads\/2017\/09\/carla-logo.png","contentUrl":"https:\/\/carlaszabo.com\/wp-content\/uploads\/2017\/09\/carla-logo.png","width":370,"height":49,"caption":"Carla Szabo"},"image":{"@id":"https:\/\/carlaszabo.com\/ro\/#\/schema\/logo\/image\/"}}]}},"_links":{"self":[{"href":"https:\/\/carlaszabo.com\/ro\/wp-json\/wp\/v2\/product\/98649","targetHints":{"allow":["GET"]}}],"collection":[{"href":"https:\/\/carlaszabo.com\/ro\/wp-json\/wp\/v2\/product"}],"about":[{"href":"https:\/\/carlaszabo.com\/ro\/wp-json\/wp\/v2\/types\/product"}],"wp:featuredmedia":[{"embeddable":true,"href":"https:\/\/carlaszabo.com\/ro\/wp-json\/wp\/v2\/media\/98657"}],"wp:attachment":[{"href":"https:\/\/carlaszabo.com\/ro\/wp-json\/wp\/v2\/media?parent=98649"}],"wp:term":[{"taxonomy":"product_brand","embeddable":true,"href":"https:\/\/carlaszabo.com\/ro\/wp-json\/wp\/v2\/product_brand?post=98649"},{"taxonomy":"product_cat","embeddable":true,"href":"https:\/\/carlaszabo.com\/ro\/wp-json\/wp\/v2\/product_cat?post=98649"},{"taxonomy":"product_tag","embeddable":true,"href":"https:\/\/carlaszabo.com\/ro\/wp-json\/wp\/v2\/product_tag?post=98649"}],"curies":[{"name":"wp","href":"https:\/\/api.w.org\/{rel}","templated":true}]}}