{"id":98697,"date":"2020-12-12T16:03:30","date_gmt":"2020-12-12T16:03:30","guid":{"rendered":"https:\/\/carlaszabo.com\/?post_type=product&#038;p=98697"},"modified":"2020-12-15T09:37:23","modified_gmt":"2020-12-15T09:37:23","slug":"black-seed-medium-brooch","status":"publish","type":"product","link":"https:\/\/carlaszabo.com\/ro\/produs\/black-seed-medium-brooch\/","title":{"rendered":"Black Seed Medium Brooch"},"content":{"rendered":"","protected":false},"excerpt":{"rendered":"<p>Bro\u0219a reprezint\u0103 o s\u0103m\u00e2n\u021b\u0103 de floarea soarelui supradimenionat\u0103, sculptat\u0103 manual, din lemn de stejar, \u00eennegrit natural. Poate fi purtat\u0103 op\u021bional, cu sora ei mai mare, <a href=\"https:\/\/carlaszabo.com\/ro\/produs\/black-seed-big-brooch\/\">Black Seed Big Brooch<\/a>. Face parte din Colec\u021bia &#8222;Seeds&#8221;.<\/p>\n<p>Semin\u021bele ascund arhitectura \u0219i poten\u021bialul vie\u021bii. Ele \u00eencapsuleaz\u0103 cre\u0219terea, dincolo de voin\u021ba \u0219i priceperea noastr\u0103. Exist\u0103 o parte ascuns\u0103 \u00een fiecare dintre noi, care se des\u0103v\u00e2r\u0219e\u0219te singur\u0103 \u0219i nu poate fi gr\u0103bit\u0103 nici oprit\u0103 dar care r\u0103spunde indisolubil voin\u021bei lui Dumnezeu.<\/p>\n","protected":false},"featured_media":98685,"template":"","meta":[],"product_brand":[],"product_cat":[316],"product_tag":[540,520,662,588,663,648,599],"class_list":{"0":"post-98697","1":"product","2":"type-product","3":"status-publish","4":"has-post-thumbnail","6":"product_cat-brose","7":"product_tag-black-ro","8":"product_tag-brooch-ro","9":"product_tag-floarea-soarelui","10":"product_tag-oak-ro","11":"product_tag-prindere-metalica","12":"product_tag-seeds-ro","13":"product_tag-wood-ro","15":"first","16":"instock","17":"shipping-taxable","18":"purchasable","19":"product-type-simple"},"yoast_head":"<!-- This site is optimized with the Yoast SEO plugin v27.6 - https:\/\/yoast.com\/product\/yoast-seo-wordpress\/ -->\n<title>Black Seed Medium Brooch | Carla Szabo<\/title>\n<meta name=\"description\" content=\"Bro\u0219a reprezint\u0103 o s\u0103m\u00e2n\u021b\u0103 de floarea soarelui supradimenionat\u0103, sculptat\u0103 manual, din lemn de stejar, \u00eennegrit natural. Poate fi purtat\u0103 op\u021bional, cu sora ei mai mare, Black Seed Big Brooch. Face parte din Colec\u021bia &quot;Seeds&quot;.\" \/>\n<meta name=\"robots\" content=\"index, follow, max-snippet:-1, max-image-preview:large, max-video-preview:-1\" \/>\n<link rel=\"canonical\" href=\"https:\/\/carlaszabo.com\/ro\/produs\/black-seed-medium-brooch\/\" \/>\n<meta property=\"og:locale\" content=\"ro_RO\" \/>\n<meta property=\"og:type\" content=\"article\" \/>\n<meta property=\"og:title\" content=\"Black Seed Medium Brooch | Carla Szabo\" \/>\n<meta property=\"og:description\" content=\"Bro\u0219a reprezint\u0103 o s\u0103m\u00e2n\u021b\u0103 de floarea soarelui supradimenionat\u0103, sculptat\u0103 manual, din lemn de stejar, \u00eennegrit natural. Poate fi purtat\u0103 op\u021bional, cu sora ei mai mare, Black Seed Big Brooch. Face parte din Colec\u021bia &quot;Seeds&quot;.\" \/>\n<meta property=\"og:url\" content=\"https:\/\/carlaszabo.com\/ro\/produs\/black-seed-medium-brooch\/\" \/>\n<meta property=\"og:site_name\" content=\"Carla Szabo\" \/>\n<meta property=\"article:modified_time\" content=\"2020-12-15T09:37:23+00:00\" \/>\n<meta property=\"og:image\" content=\"https:\/\/carlaszabo.com\/wp-content\/uploads\/2020\/12\/Black-Seed-Brooch-1.jpg\" \/>\n\t<meta property=\"og:image:width\" content=\"800\" \/>\n\t<meta property=\"og:image:height\" content=\"1067\" \/>\n\t<meta property=\"og:image:type\" content=\"image\/jpeg\" \/>\n<meta name=\"twitter:card\" content=\"summary_large_image\" \/>\n<script type=\"application\/ld+json\" class=\"yoast-schema-graph\">{\"@context\":\"https:\\\/\\\/schema.org\",\"@graph\":[{\"@type\":\"WebPage\",\"@id\":\"https:\\\/\\\/carlaszabo.com\\\/ro\\\/produs\\\/black-seed-medium-brooch\\\/\",\"url\":\"https:\\\/\\\/carlaszabo.com\\\/ro\\\/produs\\\/black-seed-medium-brooch\\\/\",\"name\":\"Black Seed Medium Brooch | Carla Szabo\",\"isPartOf\":{\"@id\":\"https:\\\/\\\/carlaszabo.com\\\/ro\\\/#website\"},\"primaryImageOfPage\":{\"@id\":\"https:\\\/\\\/carlaszabo.com\\\/ro\\\/produs\\\/black-seed-medium-brooch\\\/#primaryimage\"},\"image\":{\"@id\":\"https:\\\/\\\/carlaszabo.com\\\/ro\\\/produs\\\/black-seed-medium-brooch\\\/#primaryimage\"},\"thumbnailUrl\":\"https:\\\/\\\/carlaszabo.com\\\/wp-content\\\/uploads\\\/2020\\\/12\\\/Black-Seed-Brooch-1.jpg\",\"datePublished\":\"2020-12-12T16:03:30+00:00\",\"dateModified\":\"2020-12-15T09:37:23+00:00\",\"description\":\"Bro\u0219a reprezint\u0103 o s\u0103m\u00e2n\u021b\u0103 de floarea soarelui supradimenionat\u0103, sculptat\u0103 manual, din lemn de stejar, \u00eennegrit natural. Poate fi purtat\u0103 op\u021bional, cu sora ei mai mare, Black Seed Big Brooch. Face parte din Colec\u021bia \\\"Seeds\\\".\",\"breadcrumb\":{\"@id\":\"https:\\\/\\\/carlaszabo.com\\\/ro\\\/produs\\\/black-seed-medium-brooch\\\/#breadcrumb\"},\"inLanguage\":\"ro-RO\",\"potentialAction\":[{\"@type\":\"ReadAction\",\"target\":[\"https:\\\/\\\/carlaszabo.com\\\/ro\\\/produs\\\/black-seed-medium-brooch\\\/\"]}]},{\"@type\":\"ImageObject\",\"inLanguage\":\"ro-RO\",\"@id\":\"https:\\\/\\\/carlaszabo.com\\\/ro\\\/produs\\\/black-seed-medium-brooch\\\/#primaryimage\",\"url\":\"https:\\\/\\\/carlaszabo.com\\\/wp-content\\\/uploads\\\/2020\\\/12\\\/Black-Seed-Brooch-1.jpg\",\"contentUrl\":\"https:\\\/\\\/carlaszabo.com\\\/wp-content\\\/uploads\\\/2020\\\/12\\\/Black-Seed-Brooch-1.jpg\",\"width\":800,\"height\":1067},{\"@type\":\"BreadcrumbList\",\"@id\":\"https:\\\/\\\/carlaszabo.com\\\/ro\\\/produs\\\/black-seed-medium-brooch\\\/#breadcrumb\",\"itemListElement\":[{\"@type\":\"ListItem\",\"position\":1,\"name\":\"Home\",\"item\":\"https:\\\/\\\/carlaszabo.com\\\/ro\\\/\"},{\"@type\":\"ListItem\",\"position\":2,\"name\":\"Shop\",\"item\":\"https:\\\/\\\/carlaszabo.com\\\/ro\\\/shop\\\/\"},{\"@type\":\"ListItem\",\"position\":3,\"name\":\"Black Seed Medium Brooch\"}]},{\"@type\":\"WebSite\",\"@id\":\"https:\\\/\\\/carlaszabo.com\\\/ro\\\/#website\",\"url\":\"https:\\\/\\\/carlaszabo.com\\\/ro\\\/\",\"name\":\"Carla Szabo\",\"description\":\"\",\"publisher\":{\"@id\":\"https:\\\/\\\/carlaszabo.com\\\/ro\\\/#organization\"},\"potentialAction\":[{\"@type\":\"SearchAction\",\"target\":{\"@type\":\"EntryPoint\",\"urlTemplate\":\"https:\\\/\\\/carlaszabo.com\\\/ro\\\/?s={search_term_string}\"},\"query-input\":{\"@type\":\"PropertyValueSpecification\",\"valueRequired\":true,\"valueName\":\"search_term_string\"}}],\"inLanguage\":\"ro-RO\"},{\"@type\":\"Organization\",\"@id\":\"https:\\\/\\\/carlaszabo.com\\\/ro\\\/#organization\",\"name\":\"Carla Szabo\",\"url\":\"https:\\\/\\\/carlaszabo.com\\\/ro\\\/\",\"logo\":{\"@type\":\"ImageObject\",\"inLanguage\":\"ro-RO\",\"@id\":\"https:\\\/\\\/carlaszabo.com\\\/ro\\\/#\\\/schema\\\/logo\\\/image\\\/\",\"url\":\"https:\\\/\\\/carlaszabo.com\\\/wp-content\\\/uploads\\\/2017\\\/09\\\/carla-logo.png\",\"contentUrl\":\"https:\\\/\\\/carlaszabo.com\\\/wp-content\\\/uploads\\\/2017\\\/09\\\/carla-logo.png\",\"width\":370,\"height\":49,\"caption\":\"Carla Szabo\"},\"image\":{\"@id\":\"https:\\\/\\\/carlaszabo.com\\\/ro\\\/#\\\/schema\\\/logo\\\/image\\\/\"}}]}<\/script>\n<!-- \/ Yoast SEO plugin. -->","yoast_head_json":{"title":"Black Seed Medium Brooch | Carla Szabo","description":"Bro\u0219a reprezint\u0103 o s\u0103m\u00e2n\u021b\u0103 de floarea soarelui supradimenionat\u0103, sculptat\u0103 manual, din lemn de stejar, \u00eennegrit natural. Poate fi purtat\u0103 op\u021bional, cu sora ei mai mare, Black Seed Big Brooch. Face parte din Colec\u021bia \"Seeds\".","robots":{"index":"index","follow":"follow","max-snippet":"max-snippet:-1","max-image-preview":"max-image-preview:large","max-video-preview":"max-video-preview:-1"},"canonical":"https:\/\/carlaszabo.com\/ro\/produs\/black-seed-medium-brooch\/","og_locale":"ro_RO","og_type":"article","og_title":"Black Seed Medium Brooch | Carla Szabo","og_description":"Bro\u0219a reprezint\u0103 o s\u0103m\u00e2n\u021b\u0103 de floarea soarelui supradimenionat\u0103, sculptat\u0103 manual, din lemn de stejar, \u00eennegrit natural. Poate fi purtat\u0103 op\u021bional, cu sora ei mai mare, Black Seed Big Brooch. Face parte din Colec\u021bia \"Seeds\".","og_url":"https:\/\/carlaszabo.com\/ro\/produs\/black-seed-medium-brooch\/","og_site_name":"Carla Szabo","article_modified_time":"2020-12-15T09:37:23+00:00","og_image":[{"width":800,"height":1067,"url":"https:\/\/carlaszabo.com\/wp-content\/uploads\/2020\/12\/Black-Seed-Brooch-1.jpg","type":"image\/jpeg"}],"twitter_card":"summary_large_image","schema":{"@context":"https:\/\/schema.org","@graph":[{"@type":"WebPage","@id":"https:\/\/carlaszabo.com\/ro\/produs\/black-seed-medium-brooch\/","url":"https:\/\/carlaszabo.com\/ro\/produs\/black-seed-medium-brooch\/","name":"Black Seed Medium Brooch | Carla Szabo","isPartOf":{"@id":"https:\/\/carlaszabo.com\/ro\/#website"},"primaryImageOfPage":{"@id":"https:\/\/carlaszabo.com\/ro\/produs\/black-seed-medium-brooch\/#primaryimage"},"image":{"@id":"https:\/\/carlaszabo.com\/ro\/produs\/black-seed-medium-brooch\/#primaryimage"},"thumbnailUrl":"https:\/\/carlaszabo.com\/wp-content\/uploads\/2020\/12\/Black-Seed-Brooch-1.jpg","datePublished":"2020-12-12T16:03:30+00:00","dateModified":"2020-12-15T09:37:23+00:00","description":"Bro\u0219a reprezint\u0103 o s\u0103m\u00e2n\u021b\u0103 de floarea soarelui supradimenionat\u0103, sculptat\u0103 manual, din lemn de stejar, \u00eennegrit natural. Poate fi purtat\u0103 op\u021bional, cu sora ei mai mare, Black Seed Big Brooch. Face parte din Colec\u021bia \"Seeds\".","breadcrumb":{"@id":"https:\/\/carlaszabo.com\/ro\/produs\/black-seed-medium-brooch\/#breadcrumb"},"inLanguage":"ro-RO","potentialAction":[{"@type":"ReadAction","target":["https:\/\/carlaszabo.com\/ro\/produs\/black-seed-medium-brooch\/"]}]},{"@type":"ImageObject","inLanguage":"ro-RO","@id":"https:\/\/carlaszabo.com\/ro\/produs\/black-seed-medium-brooch\/#primaryimage","url":"https:\/\/carlaszabo.com\/wp-content\/uploads\/2020\/12\/Black-Seed-Brooch-1.jpg","contentUrl":"https:\/\/carlaszabo.com\/wp-content\/uploads\/2020\/12\/Black-Seed-Brooch-1.jpg","width":800,"height":1067},{"@type":"BreadcrumbList","@id":"https:\/\/carlaszabo.com\/ro\/produs\/black-seed-medium-brooch\/#breadcrumb","itemListElement":[{"@type":"ListItem","position":1,"name":"Home","item":"https:\/\/carlaszabo.com\/ro\/"},{"@type":"ListItem","position":2,"name":"Shop","item":"https:\/\/carlaszabo.com\/ro\/shop\/"},{"@type":"ListItem","position":3,"name":"Black Seed Medium Brooch"}]},{"@type":"WebSite","@id":"https:\/\/carlaszabo.com\/ro\/#website","url":"https:\/\/carlaszabo.com\/ro\/","name":"Carla Szabo","description":"","publisher":{"@id":"https:\/\/carlaszabo.com\/ro\/#organization"},"potentialAction":[{"@type":"SearchAction","target":{"@type":"EntryPoint","urlTemplate":"https:\/\/carlaszabo.com\/ro\/?s={search_term_string}"},"query-input":{"@type":"PropertyValueSpecification","valueRequired":true,"valueName":"search_term_string"}}],"inLanguage":"ro-RO"},{"@type":"Organization","@id":"https:\/\/carlaszabo.com\/ro\/#organization","name":"Carla Szabo","url":"https:\/\/carlaszabo.com\/ro\/","logo":{"@type":"ImageObject","inLanguage":"ro-RO","@id":"https:\/\/carlaszabo.com\/ro\/#\/schema\/logo\/image\/","url":"https:\/\/carlaszabo.com\/wp-content\/uploads\/2017\/09\/carla-logo.png","contentUrl":"https:\/\/carlaszabo.com\/wp-content\/uploads\/2017\/09\/carla-logo.png","width":370,"height":49,"caption":"Carla Szabo"},"image":{"@id":"https:\/\/carlaszabo.com\/ro\/#\/schema\/logo\/image\/"}}]}},"_links":{"self":[{"href":"https:\/\/carlaszabo.com\/ro\/wp-json\/wp\/v2\/product\/98697","targetHints":{"allow":["GET"]}}],"collection":[{"href":"https:\/\/carlaszabo.com\/ro\/wp-json\/wp\/v2\/product"}],"about":[{"href":"https:\/\/carlaszabo.com\/ro\/wp-json\/wp\/v2\/types\/product"}],"wp:featuredmedia":[{"embeddable":true,"href":"https:\/\/carlaszabo.com\/ro\/wp-json\/wp\/v2\/media\/98685"}],"wp:attachment":[{"href":"https:\/\/carlaszabo.com\/ro\/wp-json\/wp\/v2\/media?parent=98697"}],"wp:term":[{"taxonomy":"product_brand","embeddable":true,"href":"https:\/\/carlaszabo.com\/ro\/wp-json\/wp\/v2\/product_brand?post=98697"},{"taxonomy":"product_cat","embeddable":true,"href":"https:\/\/carlaszabo.com\/ro\/wp-json\/wp\/v2\/product_cat?post=98697"},{"taxonomy":"product_tag","embeddable":true,"href":"https:\/\/carlaszabo.com\/ro\/wp-json\/wp\/v2\/product_tag?post=98697"}],"curies":[{"name":"wp","href":"https:\/\/api.w.org\/{rel}","templated":true}]}}