{"id":98718,"date":"2020-12-12T16:58:58","date_gmt":"2020-12-12T16:58:58","guid":{"rendered":"https:\/\/carlaszabo.com\/?post_type=product&#038;p=98718"},"modified":"2021-01-16T19:43:56","modified_gmt":"2021-01-16T19:43:56","slug":"almond-seed-big-brooch","status":"publish","type":"product","link":"https:\/\/carlaszabo.com\/ro\/produs\/almond-seed-big-brooch\/","title":{"rendered":"Almond Seed Big Brooch"},"content":{"rendered":"","protected":false},"excerpt":{"rendered":"<p>Bro\u0219a reprezint\u0103 o s\u0103m\u00e2n\u021b\u0103 de migdal supradimenionat\u0103, sculptat\u0103 manual, din lemn de nuc. Poate fi purtat\u0103 op\u021bional, cu sora ei mai mic\u0103, <a href=\"https:\/\/carlaszabo.com\/ro\/produs\/almond-seed-medium-brooch\/\">Almond Seed Medium Brooch<\/a>. Face parte din Colec\u021bia &#8222;Seeds&#8221;.<\/p>\n<p>Semin\u021bele ascund arhitectura \u0219i poten\u021bialul vie\u021bii. Ele \u00eencapsuleaz\u0103 cre\u0219terea, dincolo de voin\u021ba \u0219i priceperea noastr\u0103. Exist\u0103 o parte ascuns\u0103 \u00een fiecare dintre noi, care se des\u0103v\u00e2r\u0219e\u0219te singur\u0103 \u0219i nu poate fi gr\u0103bit\u0103 nici oprit\u0103 dar care r\u0103spunde indisolubil voin\u021bei lui Dumnezeu.<\/p>\n","protected":false},"featured_media":98728,"template":"","meta":[],"product_brand":[],"product_cat":[316],"product_tag":[520,667,663,648,601,599],"class_list":{"0":"post-98718","1":"product","2":"type-product","3":"status-publish","4":"has-post-thumbnail","6":"product_cat-brose","7":"product_tag-brooch-ro","8":"product_tag-migdal","9":"product_tag-prindere-metalica","10":"product_tag-seeds-ro","11":"product_tag-walnut-ro","12":"product_tag-wood-ro","14":"first","15":"instock","16":"shipping-taxable","17":"purchasable","18":"product-type-simple"},"yoast_head":"<!-- This site is optimized with the Yoast SEO plugin v27.4 - https:\/\/yoast.com\/product\/yoast-seo-wordpress\/ -->\n<title>Almond Seed Big Brooch | Carla Szabo<\/title>\n<meta name=\"description\" content=\"Bro\u0219a reprezint\u0103 o s\u0103m\u00e2n\u021b\u0103 de migdal supradimenionat\u0103, sculptat\u0103 manual, din lemn de nuc. Poate fi purtat\u0103 op\u021bional, cu sora ei mai mic\u0103, Almond Seed Medium Brooch. Face parte din Colec\u021bia &quot;Seeds&quot;.\" \/>\n<meta name=\"robots\" content=\"index, follow, max-snippet:-1, max-image-preview:large, max-video-preview:-1\" \/>\n<link rel=\"canonical\" href=\"https:\/\/carlaszabo.com\/ro\/produs\/almond-seed-big-brooch\/\" \/>\n<meta property=\"og:locale\" content=\"ro_RO\" \/>\n<meta property=\"og:type\" content=\"article\" \/>\n<meta property=\"og:title\" content=\"Almond Seed Big Brooch | Carla Szabo\" \/>\n<meta property=\"og:description\" content=\"Bro\u0219a reprezint\u0103 o s\u0103m\u00e2n\u021b\u0103 de migdal supradimenionat\u0103, sculptat\u0103 manual, din lemn de nuc. Poate fi purtat\u0103 op\u021bional, cu sora ei mai mic\u0103, Almond Seed Medium Brooch. Face parte din Colec\u021bia &quot;Seeds&quot;.\" \/>\n<meta property=\"og:url\" content=\"https:\/\/carlaszabo.com\/ro\/produs\/almond-seed-big-brooch\/\" \/>\n<meta property=\"og:site_name\" content=\"Carla Szabo\" \/>\n<meta property=\"article:modified_time\" content=\"2021-01-16T19:43:56+00:00\" \/>\n<meta property=\"og:image\" content=\"https:\/\/carlaszabo.com\/wp-content\/uploads\/2020\/12\/Almond-Seed-Brooch-3-1.jpg\" \/>\n\t<meta property=\"og:image:width\" content=\"800\" \/>\n\t<meta property=\"og:image:height\" content=\"1067\" \/>\n\t<meta property=\"og:image:type\" content=\"image\/jpeg\" \/>\n<meta name=\"twitter:card\" content=\"summary_large_image\" \/>\n<script type=\"application\/ld+json\" class=\"yoast-schema-graph\">{\"@context\":\"https:\\\/\\\/schema.org\",\"@graph\":[{\"@type\":\"WebPage\",\"@id\":\"https:\\\/\\\/carlaszabo.com\\\/ro\\\/produs\\\/almond-seed-big-brooch\\\/\",\"url\":\"https:\\\/\\\/carlaszabo.com\\\/ro\\\/produs\\\/almond-seed-big-brooch\\\/\",\"name\":\"Almond Seed Big Brooch | Carla Szabo\",\"isPartOf\":{\"@id\":\"https:\\\/\\\/carlaszabo.com\\\/ro\\\/#website\"},\"primaryImageOfPage\":{\"@id\":\"https:\\\/\\\/carlaszabo.com\\\/ro\\\/produs\\\/almond-seed-big-brooch\\\/#primaryimage\"},\"image\":{\"@id\":\"https:\\\/\\\/carlaszabo.com\\\/ro\\\/produs\\\/almond-seed-big-brooch\\\/#primaryimage\"},\"thumbnailUrl\":\"https:\\\/\\\/carlaszabo.com\\\/wp-content\\\/uploads\\\/2020\\\/12\\\/Almond-Seed-Brooch-3-1.jpg\",\"datePublished\":\"2020-12-12T16:58:58+00:00\",\"dateModified\":\"2021-01-16T19:43:56+00:00\",\"description\":\"Bro\u0219a reprezint\u0103 o s\u0103m\u00e2n\u021b\u0103 de migdal supradimenionat\u0103, sculptat\u0103 manual, din lemn de nuc. Poate fi purtat\u0103 op\u021bional, cu sora ei mai mic\u0103, Almond Seed Medium Brooch. Face parte din Colec\u021bia \\\"Seeds\\\".\",\"breadcrumb\":{\"@id\":\"https:\\\/\\\/carlaszabo.com\\\/ro\\\/produs\\\/almond-seed-big-brooch\\\/#breadcrumb\"},\"inLanguage\":\"ro-RO\",\"potentialAction\":[{\"@type\":\"ReadAction\",\"target\":[\"https:\\\/\\\/carlaszabo.com\\\/ro\\\/produs\\\/almond-seed-big-brooch\\\/\"]}]},{\"@type\":\"ImageObject\",\"inLanguage\":\"ro-RO\",\"@id\":\"https:\\\/\\\/carlaszabo.com\\\/ro\\\/produs\\\/almond-seed-big-brooch\\\/#primaryimage\",\"url\":\"https:\\\/\\\/carlaszabo.com\\\/wp-content\\\/uploads\\\/2020\\\/12\\\/Almond-Seed-Brooch-3-1.jpg\",\"contentUrl\":\"https:\\\/\\\/carlaszabo.com\\\/wp-content\\\/uploads\\\/2020\\\/12\\\/Almond-Seed-Brooch-3-1.jpg\",\"width\":800,\"height\":1067},{\"@type\":\"BreadcrumbList\",\"@id\":\"https:\\\/\\\/carlaszabo.com\\\/ro\\\/produs\\\/almond-seed-big-brooch\\\/#breadcrumb\",\"itemListElement\":[{\"@type\":\"ListItem\",\"position\":1,\"name\":\"Home\",\"item\":\"https:\\\/\\\/carlaszabo.com\\\/ro\\\/\"},{\"@type\":\"ListItem\",\"position\":2,\"name\":\"Shop\",\"item\":\"https:\\\/\\\/carlaszabo.com\\\/ro\\\/shop\\\/\"},{\"@type\":\"ListItem\",\"position\":3,\"name\":\"Almond Seed Big Brooch\"}]},{\"@type\":\"WebSite\",\"@id\":\"https:\\\/\\\/carlaszabo.com\\\/ro\\\/#website\",\"url\":\"https:\\\/\\\/carlaszabo.com\\\/ro\\\/\",\"name\":\"Carla Szabo\",\"description\":\"\",\"publisher\":{\"@id\":\"https:\\\/\\\/carlaszabo.com\\\/ro\\\/#organization\"},\"potentialAction\":[{\"@type\":\"SearchAction\",\"target\":{\"@type\":\"EntryPoint\",\"urlTemplate\":\"https:\\\/\\\/carlaszabo.com\\\/ro\\\/?s={search_term_string}\"},\"query-input\":{\"@type\":\"PropertyValueSpecification\",\"valueRequired\":true,\"valueName\":\"search_term_string\"}}],\"inLanguage\":\"ro-RO\"},{\"@type\":\"Organization\",\"@id\":\"https:\\\/\\\/carlaszabo.com\\\/ro\\\/#organization\",\"name\":\"Carla Szabo\",\"url\":\"https:\\\/\\\/carlaszabo.com\\\/ro\\\/\",\"logo\":{\"@type\":\"ImageObject\",\"inLanguage\":\"ro-RO\",\"@id\":\"https:\\\/\\\/carlaszabo.com\\\/ro\\\/#\\\/schema\\\/logo\\\/image\\\/\",\"url\":\"https:\\\/\\\/carlaszabo.com\\\/wp-content\\\/uploads\\\/2017\\\/09\\\/carla-logo.png\",\"contentUrl\":\"https:\\\/\\\/carlaszabo.com\\\/wp-content\\\/uploads\\\/2017\\\/09\\\/carla-logo.png\",\"width\":370,\"height\":49,\"caption\":\"Carla Szabo\"},\"image\":{\"@id\":\"https:\\\/\\\/carlaszabo.com\\\/ro\\\/#\\\/schema\\\/logo\\\/image\\\/\"}}]}<\/script>\n<!-- \/ Yoast SEO plugin. -->","yoast_head_json":{"title":"Almond Seed Big Brooch | Carla Szabo","description":"Bro\u0219a reprezint\u0103 o s\u0103m\u00e2n\u021b\u0103 de migdal supradimenionat\u0103, sculptat\u0103 manual, din lemn de nuc. Poate fi purtat\u0103 op\u021bional, cu sora ei mai mic\u0103, Almond Seed Medium Brooch. Face parte din Colec\u021bia \"Seeds\".","robots":{"index":"index","follow":"follow","max-snippet":"max-snippet:-1","max-image-preview":"max-image-preview:large","max-video-preview":"max-video-preview:-1"},"canonical":"https:\/\/carlaszabo.com\/ro\/produs\/almond-seed-big-brooch\/","og_locale":"ro_RO","og_type":"article","og_title":"Almond Seed Big Brooch | Carla Szabo","og_description":"Bro\u0219a reprezint\u0103 o s\u0103m\u00e2n\u021b\u0103 de migdal supradimenionat\u0103, sculptat\u0103 manual, din lemn de nuc. Poate fi purtat\u0103 op\u021bional, cu sora ei mai mic\u0103, Almond Seed Medium Brooch. Face parte din Colec\u021bia \"Seeds\".","og_url":"https:\/\/carlaszabo.com\/ro\/produs\/almond-seed-big-brooch\/","og_site_name":"Carla Szabo","article_modified_time":"2021-01-16T19:43:56+00:00","og_image":[{"width":800,"height":1067,"url":"https:\/\/carlaszabo.com\/wp-content\/uploads\/2020\/12\/Almond-Seed-Brooch-3-1.jpg","type":"image\/jpeg"}],"twitter_card":"summary_large_image","schema":{"@context":"https:\/\/schema.org","@graph":[{"@type":"WebPage","@id":"https:\/\/carlaszabo.com\/ro\/produs\/almond-seed-big-brooch\/","url":"https:\/\/carlaszabo.com\/ro\/produs\/almond-seed-big-brooch\/","name":"Almond Seed Big Brooch | Carla Szabo","isPartOf":{"@id":"https:\/\/carlaszabo.com\/ro\/#website"},"primaryImageOfPage":{"@id":"https:\/\/carlaszabo.com\/ro\/produs\/almond-seed-big-brooch\/#primaryimage"},"image":{"@id":"https:\/\/carlaszabo.com\/ro\/produs\/almond-seed-big-brooch\/#primaryimage"},"thumbnailUrl":"https:\/\/carlaszabo.com\/wp-content\/uploads\/2020\/12\/Almond-Seed-Brooch-3-1.jpg","datePublished":"2020-12-12T16:58:58+00:00","dateModified":"2021-01-16T19:43:56+00:00","description":"Bro\u0219a reprezint\u0103 o s\u0103m\u00e2n\u021b\u0103 de migdal supradimenionat\u0103, sculptat\u0103 manual, din lemn de nuc. Poate fi purtat\u0103 op\u021bional, cu sora ei mai mic\u0103, Almond Seed Medium Brooch. Face parte din Colec\u021bia \"Seeds\".","breadcrumb":{"@id":"https:\/\/carlaszabo.com\/ro\/produs\/almond-seed-big-brooch\/#breadcrumb"},"inLanguage":"ro-RO","potentialAction":[{"@type":"ReadAction","target":["https:\/\/carlaszabo.com\/ro\/produs\/almond-seed-big-brooch\/"]}]},{"@type":"ImageObject","inLanguage":"ro-RO","@id":"https:\/\/carlaszabo.com\/ro\/produs\/almond-seed-big-brooch\/#primaryimage","url":"https:\/\/carlaszabo.com\/wp-content\/uploads\/2020\/12\/Almond-Seed-Brooch-3-1.jpg","contentUrl":"https:\/\/carlaszabo.com\/wp-content\/uploads\/2020\/12\/Almond-Seed-Brooch-3-1.jpg","width":800,"height":1067},{"@type":"BreadcrumbList","@id":"https:\/\/carlaszabo.com\/ro\/produs\/almond-seed-big-brooch\/#breadcrumb","itemListElement":[{"@type":"ListItem","position":1,"name":"Home","item":"https:\/\/carlaszabo.com\/ro\/"},{"@type":"ListItem","position":2,"name":"Shop","item":"https:\/\/carlaszabo.com\/ro\/shop\/"},{"@type":"ListItem","position":3,"name":"Almond Seed Big Brooch"}]},{"@type":"WebSite","@id":"https:\/\/carlaszabo.com\/ro\/#website","url":"https:\/\/carlaszabo.com\/ro\/","name":"Carla Szabo","description":"","publisher":{"@id":"https:\/\/carlaszabo.com\/ro\/#organization"},"potentialAction":[{"@type":"SearchAction","target":{"@type":"EntryPoint","urlTemplate":"https:\/\/carlaszabo.com\/ro\/?s={search_term_string}"},"query-input":{"@type":"PropertyValueSpecification","valueRequired":true,"valueName":"search_term_string"}}],"inLanguage":"ro-RO"},{"@type":"Organization","@id":"https:\/\/carlaszabo.com\/ro\/#organization","name":"Carla Szabo","url":"https:\/\/carlaszabo.com\/ro\/","logo":{"@type":"ImageObject","inLanguage":"ro-RO","@id":"https:\/\/carlaszabo.com\/ro\/#\/schema\/logo\/image\/","url":"https:\/\/carlaszabo.com\/wp-content\/uploads\/2017\/09\/carla-logo.png","contentUrl":"https:\/\/carlaszabo.com\/wp-content\/uploads\/2017\/09\/carla-logo.png","width":370,"height":49,"caption":"Carla Szabo"},"image":{"@id":"https:\/\/carlaszabo.com\/ro\/#\/schema\/logo\/image\/"}}]}},"_links":{"self":[{"href":"https:\/\/carlaszabo.com\/ro\/wp-json\/wp\/v2\/product\/98718","targetHints":{"allow":["GET"]}}],"collection":[{"href":"https:\/\/carlaszabo.com\/ro\/wp-json\/wp\/v2\/product"}],"about":[{"href":"https:\/\/carlaszabo.com\/ro\/wp-json\/wp\/v2\/types\/product"}],"wp:featuredmedia":[{"embeddable":true,"href":"https:\/\/carlaszabo.com\/ro\/wp-json\/wp\/v2\/media\/98728"}],"wp:attachment":[{"href":"https:\/\/carlaszabo.com\/ro\/wp-json\/wp\/v2\/media?parent=98718"}],"wp:term":[{"taxonomy":"product_brand","embeddable":true,"href":"https:\/\/carlaszabo.com\/ro\/wp-json\/wp\/v2\/product_brand?post=98718"},{"taxonomy":"product_cat","embeddable":true,"href":"https:\/\/carlaszabo.com\/ro\/wp-json\/wp\/v2\/product_cat?post=98718"},{"taxonomy":"product_tag","embeddable":true,"href":"https:\/\/carlaszabo.com\/ro\/wp-json\/wp\/v2\/product_tag?post=98718"}],"curies":[{"name":"wp","href":"https:\/\/api.w.org\/{rel}","templated":true}]}}