{"id":99129,"date":"2020-02-28T13:16:46","date_gmt":"2020-02-28T13:16:46","guid":{"rendered":"https:\/\/carlaszabo.com\/product\/garden-snail-red-brooch\/"},"modified":"2021-02-16T17:34:05","modified_gmt":"2021-02-16T17:34:05","slug":"garden-snail-red-brooch","status":"publish","type":"product","link":"https:\/\/carlaszabo.com\/ro\/produs\/garden-snail-red-brooch\/","title":{"rendered":"Garden Snail Red Brooch"},"content":{"rendered":"","protected":false},"excerpt":{"rendered":"<p>O bro\u0219\u0103-poz\u0103, ce imortalizeaz\u0103 \u00een por\u021belan, c\u0103l\u0103toria melcului vesel, printre primii vl\u0103stari de iarb\u0103 ai prim\u0103verii. Parte din colec\u021bia Mixi\u0219or \u2013 Etnic Etic.<\/p>\n<p>Mixi\u0219or este terenul de joac\u0103 din fiecare prim\u0103var\u0103. Acest moment magic ne aduce din nou bucurie \u0219i speran\u021b\u0103. Sufletul se deschide u\u0219urat, ca u\u0219a de pod a casei de la \u021bar\u0103. Ora\u0219ul, obosit de agita\u021bia sa interioar\u0103 viseaz\u0103 la satul ce ascunde \u00eenc\u0103 prospe\u021bimea sufletului \u00eemp\u0103rt\u0103\u0219it cu puritatea. Peisajele alb negru ale p\u0103m\u00e2nturilor desz\u0103pezite, se zv\u00e2nt\u0103 sub cerul clar de prim\u0103var\u0103. Melcii ies din cochiliile ferecate de peste iarn\u0103 \u0219i \u00eencep s\u0103 se mi\u0219te lent prin iarba proasp\u0103t\u0103 ce acoper\u0103 lunca. Izvorul care \u0219i-a f\u0103cut c\u0103rare prin z\u0103pad\u0103, descrie subtil linia dealului \u0219i marginea p\u0103durii \u00eenc\u0103 pline cu ap\u0103. \u00cen colec\u021bia din acest an, materia neprih\u0103nit\u0103 de tehnologizare \u00ee\u0219i g\u0103se\u0219te calea \u00een obiecte realizate manual din p\u0103m\u00e2nt ars.<\/p>\n","protected":false},"featured_media":95081,"template":"","meta":[],"product_brand":[],"product_cat":[316],"product_tag":[317,526,315,534,521,522],"class_list":{"0":"post-99129","1":"product","2":"type-product","3":"status-publish","4":"has-post-thumbnail","6":"product_cat-brose","7":"product_tag-etnic-etic-ro","8":"product_tag-leather-ro","9":"product_tag-mixisor-ro","10":"product_tag-porcelain-ro","11":"product_tag-red-ro","12":"product_tag-white-ro","14":"first","15":"instock","16":"shipping-taxable","17":"purchasable","18":"product-type-simple"},"yoast_head":"<!-- This site is optimized with the Yoast SEO plugin v27.4 - https:\/\/yoast.com\/product\/yoast-seo-wordpress\/ -->\n<title>Garden Snail Red Brooch | Carla Szabo<\/title>\n<meta name=\"description\" content=\"O bro\u0219\u0103-poz\u0103, ce imortalizeaz\u0103 \u00een por\u021belan, c\u0103l\u0103toria melcului vesel, printre primii vl\u0103stari de iarb\u0103 ai prim\u0103verii. Parte din colec\u021bia Mixi\u0219or \u2013 Etnic Etic.\" \/>\n<meta name=\"robots\" content=\"index, follow, max-snippet:-1, max-image-preview:large, max-video-preview:-1\" \/>\n<link rel=\"canonical\" href=\"https:\/\/carlaszabo.com\/ro\/produs\/garden-snail-red-brooch\/\" \/>\n<meta property=\"og:locale\" content=\"ro_RO\" \/>\n<meta property=\"og:type\" content=\"article\" \/>\n<meta property=\"og:title\" content=\"Garden Snail Red Brooch | Carla Szabo\" \/>\n<meta property=\"og:description\" content=\"O bro\u0219\u0103-poz\u0103, ce imortalizeaz\u0103 \u00een por\u021belan, c\u0103l\u0103toria melcului vesel, printre primii vl\u0103stari de iarb\u0103 ai prim\u0103verii. Parte din colec\u021bia Mixi\u0219or \u2013 Etnic Etic.\" \/>\n<meta property=\"og:url\" content=\"https:\/\/carlaszabo.com\/ro\/produs\/garden-snail-red-brooch\/\" \/>\n<meta property=\"og:site_name\" content=\"Carla Szabo\" \/>\n<meta property=\"article:modified_time\" content=\"2021-02-16T17:34:05+00:00\" \/>\n<meta property=\"og:image\" content=\"https:\/\/carlaszabo.com\/wp-content\/uploads\/2020\/02\/Garden-Snail-Red1.jpg\" \/>\n\t<meta property=\"og:image:width\" content=\"800\" \/>\n\t<meta property=\"og:image:height\" content=\"1067\" \/>\n\t<meta property=\"og:image:type\" content=\"image\/jpeg\" \/>\n<meta name=\"twitter:card\" content=\"summary_large_image\" \/>\n<script type=\"application\/ld+json\" class=\"yoast-schema-graph\">{\"@context\":\"https:\\\/\\\/schema.org\",\"@graph\":[{\"@type\":\"WebPage\",\"@id\":\"https:\\\/\\\/carlaszabo.com\\\/ro\\\/produs\\\/garden-snail-red-brooch\\\/\",\"url\":\"https:\\\/\\\/carlaszabo.com\\\/ro\\\/produs\\\/garden-snail-red-brooch\\\/\",\"name\":\"Garden Snail Red Brooch | Carla Szabo\",\"isPartOf\":{\"@id\":\"https:\\\/\\\/carlaszabo.com\\\/ro\\\/#website\"},\"primaryImageOfPage\":{\"@id\":\"https:\\\/\\\/carlaszabo.com\\\/ro\\\/produs\\\/garden-snail-red-brooch\\\/#primaryimage\"},\"image\":{\"@id\":\"https:\\\/\\\/carlaszabo.com\\\/ro\\\/produs\\\/garden-snail-red-brooch\\\/#primaryimage\"},\"thumbnailUrl\":\"https:\\\/\\\/carlaszabo.com\\\/wp-content\\\/uploads\\\/2020\\\/02\\\/Garden-Snail-Red1.jpg\",\"datePublished\":\"2020-02-28T13:16:46+00:00\",\"dateModified\":\"2021-02-16T17:34:05+00:00\",\"description\":\"O bro\u0219\u0103-poz\u0103, ce imortalizeaz\u0103 \u00een por\u021belan, c\u0103l\u0103toria melcului vesel, printre primii vl\u0103stari de iarb\u0103 ai prim\u0103verii. Parte din colec\u021bia Mixi\u0219or \u2013 Etnic Etic.\",\"breadcrumb\":{\"@id\":\"https:\\\/\\\/carlaszabo.com\\\/ro\\\/produs\\\/garden-snail-red-brooch\\\/#breadcrumb\"},\"inLanguage\":\"ro-RO\",\"potentialAction\":[{\"@type\":\"ReadAction\",\"target\":[\"https:\\\/\\\/carlaszabo.com\\\/ro\\\/produs\\\/garden-snail-red-brooch\\\/\"]}]},{\"@type\":\"ImageObject\",\"inLanguage\":\"ro-RO\",\"@id\":\"https:\\\/\\\/carlaszabo.com\\\/ro\\\/produs\\\/garden-snail-red-brooch\\\/#primaryimage\",\"url\":\"https:\\\/\\\/carlaszabo.com\\\/wp-content\\\/uploads\\\/2020\\\/02\\\/Garden-Snail-Red1.jpg\",\"contentUrl\":\"https:\\\/\\\/carlaszabo.com\\\/wp-content\\\/uploads\\\/2020\\\/02\\\/Garden-Snail-Red1.jpg\",\"width\":800,\"height\":1067},{\"@type\":\"BreadcrumbList\",\"@id\":\"https:\\\/\\\/carlaszabo.com\\\/ro\\\/produs\\\/garden-snail-red-brooch\\\/#breadcrumb\",\"itemListElement\":[{\"@type\":\"ListItem\",\"position\":1,\"name\":\"Home\",\"item\":\"https:\\\/\\\/carlaszabo.com\\\/ro\\\/\"},{\"@type\":\"ListItem\",\"position\":2,\"name\":\"Shop\",\"item\":\"https:\\\/\\\/carlaszabo.com\\\/ro\\\/shop\\\/\"},{\"@type\":\"ListItem\",\"position\":3,\"name\":\"Garden Snail Red Brooch\"}]},{\"@type\":\"WebSite\",\"@id\":\"https:\\\/\\\/carlaszabo.com\\\/ro\\\/#website\",\"url\":\"https:\\\/\\\/carlaszabo.com\\\/ro\\\/\",\"name\":\"Carla Szabo\",\"description\":\"\",\"publisher\":{\"@id\":\"https:\\\/\\\/carlaszabo.com\\\/ro\\\/#organization\"},\"potentialAction\":[{\"@type\":\"SearchAction\",\"target\":{\"@type\":\"EntryPoint\",\"urlTemplate\":\"https:\\\/\\\/carlaszabo.com\\\/ro\\\/?s={search_term_string}\"},\"query-input\":{\"@type\":\"PropertyValueSpecification\",\"valueRequired\":true,\"valueName\":\"search_term_string\"}}],\"inLanguage\":\"ro-RO\"},{\"@type\":\"Organization\",\"@id\":\"https:\\\/\\\/carlaszabo.com\\\/ro\\\/#organization\",\"name\":\"Carla Szabo\",\"url\":\"https:\\\/\\\/carlaszabo.com\\\/ro\\\/\",\"logo\":{\"@type\":\"ImageObject\",\"inLanguage\":\"ro-RO\",\"@id\":\"https:\\\/\\\/carlaszabo.com\\\/ro\\\/#\\\/schema\\\/logo\\\/image\\\/\",\"url\":\"https:\\\/\\\/carlaszabo.com\\\/wp-content\\\/uploads\\\/2017\\\/09\\\/carla-logo.png\",\"contentUrl\":\"https:\\\/\\\/carlaszabo.com\\\/wp-content\\\/uploads\\\/2017\\\/09\\\/carla-logo.png\",\"width\":370,\"height\":49,\"caption\":\"Carla Szabo\"},\"image\":{\"@id\":\"https:\\\/\\\/carlaszabo.com\\\/ro\\\/#\\\/schema\\\/logo\\\/image\\\/\"}}]}<\/script>\n<!-- \/ Yoast SEO plugin. -->","yoast_head_json":{"title":"Garden Snail Red Brooch | Carla Szabo","description":"O bro\u0219\u0103-poz\u0103, ce imortalizeaz\u0103 \u00een por\u021belan, c\u0103l\u0103toria melcului vesel, printre primii vl\u0103stari de iarb\u0103 ai prim\u0103verii. Parte din colec\u021bia Mixi\u0219or \u2013 Etnic Etic.","robots":{"index":"index","follow":"follow","max-snippet":"max-snippet:-1","max-image-preview":"max-image-preview:large","max-video-preview":"max-video-preview:-1"},"canonical":"https:\/\/carlaszabo.com\/ro\/produs\/garden-snail-red-brooch\/","og_locale":"ro_RO","og_type":"article","og_title":"Garden Snail Red Brooch | Carla Szabo","og_description":"O bro\u0219\u0103-poz\u0103, ce imortalizeaz\u0103 \u00een por\u021belan, c\u0103l\u0103toria melcului vesel, printre primii vl\u0103stari de iarb\u0103 ai prim\u0103verii. Parte din colec\u021bia Mixi\u0219or \u2013 Etnic Etic.","og_url":"https:\/\/carlaszabo.com\/ro\/produs\/garden-snail-red-brooch\/","og_site_name":"Carla Szabo","article_modified_time":"2021-02-16T17:34:05+00:00","og_image":[{"width":800,"height":1067,"url":"https:\/\/carlaszabo.com\/wp-content\/uploads\/2020\/02\/Garden-Snail-Red1.jpg","type":"image\/jpeg"}],"twitter_card":"summary_large_image","schema":{"@context":"https:\/\/schema.org","@graph":[{"@type":"WebPage","@id":"https:\/\/carlaszabo.com\/ro\/produs\/garden-snail-red-brooch\/","url":"https:\/\/carlaszabo.com\/ro\/produs\/garden-snail-red-brooch\/","name":"Garden Snail Red Brooch | Carla Szabo","isPartOf":{"@id":"https:\/\/carlaszabo.com\/ro\/#website"},"primaryImageOfPage":{"@id":"https:\/\/carlaszabo.com\/ro\/produs\/garden-snail-red-brooch\/#primaryimage"},"image":{"@id":"https:\/\/carlaszabo.com\/ro\/produs\/garden-snail-red-brooch\/#primaryimage"},"thumbnailUrl":"https:\/\/carlaszabo.com\/wp-content\/uploads\/2020\/02\/Garden-Snail-Red1.jpg","datePublished":"2020-02-28T13:16:46+00:00","dateModified":"2021-02-16T17:34:05+00:00","description":"O bro\u0219\u0103-poz\u0103, ce imortalizeaz\u0103 \u00een por\u021belan, c\u0103l\u0103toria melcului vesel, printre primii vl\u0103stari de iarb\u0103 ai prim\u0103verii. Parte din colec\u021bia Mixi\u0219or \u2013 Etnic Etic.","breadcrumb":{"@id":"https:\/\/carlaszabo.com\/ro\/produs\/garden-snail-red-brooch\/#breadcrumb"},"inLanguage":"ro-RO","potentialAction":[{"@type":"ReadAction","target":["https:\/\/carlaszabo.com\/ro\/produs\/garden-snail-red-brooch\/"]}]},{"@type":"ImageObject","inLanguage":"ro-RO","@id":"https:\/\/carlaszabo.com\/ro\/produs\/garden-snail-red-brooch\/#primaryimage","url":"https:\/\/carlaszabo.com\/wp-content\/uploads\/2020\/02\/Garden-Snail-Red1.jpg","contentUrl":"https:\/\/carlaszabo.com\/wp-content\/uploads\/2020\/02\/Garden-Snail-Red1.jpg","width":800,"height":1067},{"@type":"BreadcrumbList","@id":"https:\/\/carlaszabo.com\/ro\/produs\/garden-snail-red-brooch\/#breadcrumb","itemListElement":[{"@type":"ListItem","position":1,"name":"Home","item":"https:\/\/carlaszabo.com\/ro\/"},{"@type":"ListItem","position":2,"name":"Shop","item":"https:\/\/carlaszabo.com\/ro\/shop\/"},{"@type":"ListItem","position":3,"name":"Garden Snail Red Brooch"}]},{"@type":"WebSite","@id":"https:\/\/carlaszabo.com\/ro\/#website","url":"https:\/\/carlaszabo.com\/ro\/","name":"Carla Szabo","description":"","publisher":{"@id":"https:\/\/carlaszabo.com\/ro\/#organization"},"potentialAction":[{"@type":"SearchAction","target":{"@type":"EntryPoint","urlTemplate":"https:\/\/carlaszabo.com\/ro\/?s={search_term_string}"},"query-input":{"@type":"PropertyValueSpecification","valueRequired":true,"valueName":"search_term_string"}}],"inLanguage":"ro-RO"},{"@type":"Organization","@id":"https:\/\/carlaszabo.com\/ro\/#organization","name":"Carla Szabo","url":"https:\/\/carlaszabo.com\/ro\/","logo":{"@type":"ImageObject","inLanguage":"ro-RO","@id":"https:\/\/carlaszabo.com\/ro\/#\/schema\/logo\/image\/","url":"https:\/\/carlaszabo.com\/wp-content\/uploads\/2017\/09\/carla-logo.png","contentUrl":"https:\/\/carlaszabo.com\/wp-content\/uploads\/2017\/09\/carla-logo.png","width":370,"height":49,"caption":"Carla Szabo"},"image":{"@id":"https:\/\/carlaszabo.com\/ro\/#\/schema\/logo\/image\/"}}]}},"_links":{"self":[{"href":"https:\/\/carlaszabo.com\/ro\/wp-json\/wp\/v2\/product\/99129","targetHints":{"allow":["GET"]}}],"collection":[{"href":"https:\/\/carlaszabo.com\/ro\/wp-json\/wp\/v2\/product"}],"about":[{"href":"https:\/\/carlaszabo.com\/ro\/wp-json\/wp\/v2\/types\/product"}],"wp:featuredmedia":[{"embeddable":true,"href":"https:\/\/carlaszabo.com\/ro\/wp-json\/wp\/v2\/media\/95081"}],"wp:attachment":[{"href":"https:\/\/carlaszabo.com\/ro\/wp-json\/wp\/v2\/media?parent=99129"}],"wp:term":[{"taxonomy":"product_brand","embeddable":true,"href":"https:\/\/carlaszabo.com\/ro\/wp-json\/wp\/v2\/product_brand?post=99129"},{"taxonomy":"product_cat","embeddable":true,"href":"https:\/\/carlaszabo.com\/ro\/wp-json\/wp\/v2\/product_cat?post=99129"},{"taxonomy":"product_tag","embeddable":true,"href":"https:\/\/carlaszabo.com\/ro\/wp-json\/wp\/v2\/product_tag?post=99129"}],"curies":[{"name":"wp","href":"https:\/\/api.w.org\/{rel}","templated":true}]}}