{"id":99476,"date":"2021-04-04T18:19:03","date_gmt":"2021-04-04T18:19:03","guid":{"rendered":"https:\/\/carlaszabo.com\/?post_type=product&#038;p=99476"},"modified":"2024-12-03T11:28:21","modified_gmt":"2024-12-03T11:28:21","slug":"ciocolata-pentru-vremuri-amarui-la-comanda","status":"publish","type":"product","link":"https:\/\/carlaszabo.com\/ro\/produs\/ciocolata-pentru-vremuri-amarui-la-comanda\/","title":{"rendered":"Ciocolat\u0103 pentru vremuri am\u0103rui"},"content":{"rendered":"","protected":false},"excerpt":{"rendered":"<p>Acesta este un suport pentru telefon mobil sau tablet\u0103, un organizator pentru instrumente \u0219i un suport de pahare sau c\u0103ni. Realizat din lemn de doussie cu un ambalaj din carton cu o linogravur\u0103 imprimat\u0103 manual.<\/p>\n","protected":false},"featured_media":99490,"template":"","meta":[],"product_brand":[],"product_cat":[686],"product_tag":[599],"class_list":{"0":"post-99476","1":"product","2":"type-product","3":"status-publish","4":"has-post-thumbnail","6":"product_cat-obiecte","7":"product_tag-wood-ro","9":"first","10":"instock","11":"shipping-taxable","12":"purchasable","13":"product-type-simple"},"yoast_head":"<!-- This site is optimized with the Yoast SEO plugin v27.5 - https:\/\/yoast.com\/product\/yoast-seo-wordpress\/ -->\n<title>Ciocolat\u0103 pentru vremuri am\u0103rui | Carla Szabo<\/title>\n<meta name=\"description\" content=\"Acesta este un suport pentru telefon mobil sau tablet\u0103, un organizator pentru instrumente \u0219i un suport de pahare sau c\u0103ni. Realizat din lemn de doussie cu un ambalaj din carton cu o linogravur\u0103 imprimat\u0103 manual.\" \/>\n<meta name=\"robots\" content=\"index, follow, max-snippet:-1, max-image-preview:large, max-video-preview:-1\" \/>\n<link rel=\"canonical\" href=\"https:\/\/carlaszabo.com\/ro\/produs\/ciocolata-pentru-vremuri-amarui-la-comanda\/\" \/>\n<meta property=\"og:locale\" content=\"ro_RO\" \/>\n<meta property=\"og:type\" content=\"article\" \/>\n<meta property=\"og:title\" content=\"Ciocolat\u0103 pentru vremuri am\u0103rui | Carla Szabo\" \/>\n<meta property=\"og:description\" content=\"Acesta este un suport pentru telefon mobil sau tablet\u0103, un organizator pentru instrumente \u0219i un suport de pahare sau c\u0103ni. Realizat din lemn de doussie cu un ambalaj din carton cu o linogravur\u0103 imprimat\u0103 manual.\" \/>\n<meta property=\"og:url\" content=\"https:\/\/carlaszabo.com\/ro\/produs\/ciocolata-pentru-vremuri-amarui-la-comanda\/\" \/>\n<meta property=\"og:site_name\" content=\"Carla Szabo\" \/>\n<meta property=\"article:modified_time\" content=\"2024-12-03T11:28:21+00:00\" \/>\n<meta property=\"og:image\" content=\"https:\/\/carlaszabo.com\/wp-content\/uploads\/2021\/04\/Ciocolata\u0306-atmosfera\u0306.jpg\" \/>\n\t<meta property=\"og:image:width\" content=\"800\" \/>\n\t<meta property=\"og:image:height\" content=\"1067\" \/>\n\t<meta property=\"og:image:type\" content=\"image\/jpeg\" \/>\n<meta name=\"twitter:card\" content=\"summary_large_image\" \/>\n<script type=\"application\/ld+json\" class=\"yoast-schema-graph\">{\"@context\":\"https:\\\/\\\/schema.org\",\"@graph\":[{\"@type\":\"WebPage\",\"@id\":\"https:\\\/\\\/carlaszabo.com\\\/ro\\\/produs\\\/ciocolata-pentru-vremuri-amarui-la-comanda\\\/\",\"url\":\"https:\\\/\\\/carlaszabo.com\\\/ro\\\/produs\\\/ciocolata-pentru-vremuri-amarui-la-comanda\\\/\",\"name\":\"Ciocolat\u0103 pentru vremuri am\u0103rui | Carla Szabo\",\"isPartOf\":{\"@id\":\"https:\\\/\\\/carlaszabo.com\\\/ro\\\/#website\"},\"primaryImageOfPage\":{\"@id\":\"https:\\\/\\\/carlaszabo.com\\\/ro\\\/produs\\\/ciocolata-pentru-vremuri-amarui-la-comanda\\\/#primaryimage\"},\"image\":{\"@id\":\"https:\\\/\\\/carlaszabo.com\\\/ro\\\/produs\\\/ciocolata-pentru-vremuri-amarui-la-comanda\\\/#primaryimage\"},\"thumbnailUrl\":\"https:\\\/\\\/carlaszabo.com\\\/wp-content\\\/uploads\\\/2021\\\/04\\\/Ciocolata\u0306-atmosfera\u0306.jpg\",\"datePublished\":\"2021-04-04T18:19:03+00:00\",\"dateModified\":\"2024-12-03T11:28:21+00:00\",\"description\":\"Acesta este un suport pentru telefon mobil sau tablet\u0103, un organizator pentru instrumente \u0219i un suport de pahare sau c\u0103ni. Realizat din lemn de doussie cu un ambalaj din carton cu o linogravur\u0103 imprimat\u0103 manual.\",\"breadcrumb\":{\"@id\":\"https:\\\/\\\/carlaszabo.com\\\/ro\\\/produs\\\/ciocolata-pentru-vremuri-amarui-la-comanda\\\/#breadcrumb\"},\"inLanguage\":\"ro-RO\",\"potentialAction\":[{\"@type\":\"ReadAction\",\"target\":[\"https:\\\/\\\/carlaszabo.com\\\/ro\\\/produs\\\/ciocolata-pentru-vremuri-amarui-la-comanda\\\/\"]}]},{\"@type\":\"ImageObject\",\"inLanguage\":\"ro-RO\",\"@id\":\"https:\\\/\\\/carlaszabo.com\\\/ro\\\/produs\\\/ciocolata-pentru-vremuri-amarui-la-comanda\\\/#primaryimage\",\"url\":\"https:\\\/\\\/carlaszabo.com\\\/wp-content\\\/uploads\\\/2021\\\/04\\\/Ciocolata\u0306-atmosfera\u0306.jpg\",\"contentUrl\":\"https:\\\/\\\/carlaszabo.com\\\/wp-content\\\/uploads\\\/2021\\\/04\\\/Ciocolata\u0306-atmosfera\u0306.jpg\",\"width\":800,\"height\":1067},{\"@type\":\"BreadcrumbList\",\"@id\":\"https:\\\/\\\/carlaszabo.com\\\/ro\\\/produs\\\/ciocolata-pentru-vremuri-amarui-la-comanda\\\/#breadcrumb\",\"itemListElement\":[{\"@type\":\"ListItem\",\"position\":1,\"name\":\"Home\",\"item\":\"https:\\\/\\\/carlaszabo.com\\\/ro\\\/\"},{\"@type\":\"ListItem\",\"position\":2,\"name\":\"Shop\",\"item\":\"https:\\\/\\\/carlaszabo.com\\\/ro\\\/shop\\\/\"},{\"@type\":\"ListItem\",\"position\":3,\"name\":\"Ciocolat\u0103 pentru vremuri am\u0103rui\"}]},{\"@type\":\"WebSite\",\"@id\":\"https:\\\/\\\/carlaszabo.com\\\/ro\\\/#website\",\"url\":\"https:\\\/\\\/carlaszabo.com\\\/ro\\\/\",\"name\":\"Carla Szabo\",\"description\":\"\",\"publisher\":{\"@id\":\"https:\\\/\\\/carlaszabo.com\\\/ro\\\/#organization\"},\"potentialAction\":[{\"@type\":\"SearchAction\",\"target\":{\"@type\":\"EntryPoint\",\"urlTemplate\":\"https:\\\/\\\/carlaszabo.com\\\/ro\\\/?s={search_term_string}\"},\"query-input\":{\"@type\":\"PropertyValueSpecification\",\"valueRequired\":true,\"valueName\":\"search_term_string\"}}],\"inLanguage\":\"ro-RO\"},{\"@type\":\"Organization\",\"@id\":\"https:\\\/\\\/carlaszabo.com\\\/ro\\\/#organization\",\"name\":\"Carla Szabo\",\"url\":\"https:\\\/\\\/carlaszabo.com\\\/ro\\\/\",\"logo\":{\"@type\":\"ImageObject\",\"inLanguage\":\"ro-RO\",\"@id\":\"https:\\\/\\\/carlaszabo.com\\\/ro\\\/#\\\/schema\\\/logo\\\/image\\\/\",\"url\":\"https:\\\/\\\/carlaszabo.com\\\/wp-content\\\/uploads\\\/2017\\\/09\\\/carla-logo.png\",\"contentUrl\":\"https:\\\/\\\/carlaszabo.com\\\/wp-content\\\/uploads\\\/2017\\\/09\\\/carla-logo.png\",\"width\":370,\"height\":49,\"caption\":\"Carla Szabo\"},\"image\":{\"@id\":\"https:\\\/\\\/carlaszabo.com\\\/ro\\\/#\\\/schema\\\/logo\\\/image\\\/\"}}]}<\/script>\n<!-- \/ Yoast SEO plugin. -->","yoast_head_json":{"title":"Ciocolat\u0103 pentru vremuri am\u0103rui | Carla Szabo","description":"Acesta este un suport pentru telefon mobil sau tablet\u0103, un organizator pentru instrumente \u0219i un suport de pahare sau c\u0103ni. Realizat din lemn de doussie cu un ambalaj din carton cu o linogravur\u0103 imprimat\u0103 manual.","robots":{"index":"index","follow":"follow","max-snippet":"max-snippet:-1","max-image-preview":"max-image-preview:large","max-video-preview":"max-video-preview:-1"},"canonical":"https:\/\/carlaszabo.com\/ro\/produs\/ciocolata-pentru-vremuri-amarui-la-comanda\/","og_locale":"ro_RO","og_type":"article","og_title":"Ciocolat\u0103 pentru vremuri am\u0103rui | Carla Szabo","og_description":"Acesta este un suport pentru telefon mobil sau tablet\u0103, un organizator pentru instrumente \u0219i un suport de pahare sau c\u0103ni. Realizat din lemn de doussie cu un ambalaj din carton cu o linogravur\u0103 imprimat\u0103 manual.","og_url":"https:\/\/carlaszabo.com\/ro\/produs\/ciocolata-pentru-vremuri-amarui-la-comanda\/","og_site_name":"Carla Szabo","article_modified_time":"2024-12-03T11:28:21+00:00","og_image":[{"width":800,"height":1067,"url":"https:\/\/carlaszabo.com\/wp-content\/uploads\/2021\/04\/Ciocolata\u0306-atmosfera\u0306.jpg","type":"image\/jpeg"}],"twitter_card":"summary_large_image","schema":{"@context":"https:\/\/schema.org","@graph":[{"@type":"WebPage","@id":"https:\/\/carlaszabo.com\/ro\/produs\/ciocolata-pentru-vremuri-amarui-la-comanda\/","url":"https:\/\/carlaszabo.com\/ro\/produs\/ciocolata-pentru-vremuri-amarui-la-comanda\/","name":"Ciocolat\u0103 pentru vremuri am\u0103rui | Carla Szabo","isPartOf":{"@id":"https:\/\/carlaszabo.com\/ro\/#website"},"primaryImageOfPage":{"@id":"https:\/\/carlaszabo.com\/ro\/produs\/ciocolata-pentru-vremuri-amarui-la-comanda\/#primaryimage"},"image":{"@id":"https:\/\/carlaszabo.com\/ro\/produs\/ciocolata-pentru-vremuri-amarui-la-comanda\/#primaryimage"},"thumbnailUrl":"https:\/\/carlaszabo.com\/wp-content\/uploads\/2021\/04\/Ciocolata\u0306-atmosfera\u0306.jpg","datePublished":"2021-04-04T18:19:03+00:00","dateModified":"2024-12-03T11:28:21+00:00","description":"Acesta este un suport pentru telefon mobil sau tablet\u0103, un organizator pentru instrumente \u0219i un suport de pahare sau c\u0103ni. Realizat din lemn de doussie cu un ambalaj din carton cu o linogravur\u0103 imprimat\u0103 manual.","breadcrumb":{"@id":"https:\/\/carlaszabo.com\/ro\/produs\/ciocolata-pentru-vremuri-amarui-la-comanda\/#breadcrumb"},"inLanguage":"ro-RO","potentialAction":[{"@type":"ReadAction","target":["https:\/\/carlaszabo.com\/ro\/produs\/ciocolata-pentru-vremuri-amarui-la-comanda\/"]}]},{"@type":"ImageObject","inLanguage":"ro-RO","@id":"https:\/\/carlaszabo.com\/ro\/produs\/ciocolata-pentru-vremuri-amarui-la-comanda\/#primaryimage","url":"https:\/\/carlaszabo.com\/wp-content\/uploads\/2021\/04\/Ciocolata\u0306-atmosfera\u0306.jpg","contentUrl":"https:\/\/carlaszabo.com\/wp-content\/uploads\/2021\/04\/Ciocolata\u0306-atmosfera\u0306.jpg","width":800,"height":1067},{"@type":"BreadcrumbList","@id":"https:\/\/carlaszabo.com\/ro\/produs\/ciocolata-pentru-vremuri-amarui-la-comanda\/#breadcrumb","itemListElement":[{"@type":"ListItem","position":1,"name":"Home","item":"https:\/\/carlaszabo.com\/ro\/"},{"@type":"ListItem","position":2,"name":"Shop","item":"https:\/\/carlaszabo.com\/ro\/shop\/"},{"@type":"ListItem","position":3,"name":"Ciocolat\u0103 pentru vremuri am\u0103rui"}]},{"@type":"WebSite","@id":"https:\/\/carlaszabo.com\/ro\/#website","url":"https:\/\/carlaszabo.com\/ro\/","name":"Carla Szabo","description":"","publisher":{"@id":"https:\/\/carlaszabo.com\/ro\/#organization"},"potentialAction":[{"@type":"SearchAction","target":{"@type":"EntryPoint","urlTemplate":"https:\/\/carlaszabo.com\/ro\/?s={search_term_string}"},"query-input":{"@type":"PropertyValueSpecification","valueRequired":true,"valueName":"search_term_string"}}],"inLanguage":"ro-RO"},{"@type":"Organization","@id":"https:\/\/carlaszabo.com\/ro\/#organization","name":"Carla Szabo","url":"https:\/\/carlaszabo.com\/ro\/","logo":{"@type":"ImageObject","inLanguage":"ro-RO","@id":"https:\/\/carlaszabo.com\/ro\/#\/schema\/logo\/image\/","url":"https:\/\/carlaszabo.com\/wp-content\/uploads\/2017\/09\/carla-logo.png","contentUrl":"https:\/\/carlaszabo.com\/wp-content\/uploads\/2017\/09\/carla-logo.png","width":370,"height":49,"caption":"Carla Szabo"},"image":{"@id":"https:\/\/carlaszabo.com\/ro\/#\/schema\/logo\/image\/"}}]}},"_links":{"self":[{"href":"https:\/\/carlaszabo.com\/ro\/wp-json\/wp\/v2\/product\/99476","targetHints":{"allow":["GET"]}}],"collection":[{"href":"https:\/\/carlaszabo.com\/ro\/wp-json\/wp\/v2\/product"}],"about":[{"href":"https:\/\/carlaszabo.com\/ro\/wp-json\/wp\/v2\/types\/product"}],"wp:featuredmedia":[{"embeddable":true,"href":"https:\/\/carlaszabo.com\/ro\/wp-json\/wp\/v2\/media\/99490"}],"wp:attachment":[{"href":"https:\/\/carlaszabo.com\/ro\/wp-json\/wp\/v2\/media?parent=99476"}],"wp:term":[{"taxonomy":"product_brand","embeddable":true,"href":"https:\/\/carlaszabo.com\/ro\/wp-json\/wp\/v2\/product_brand?post=99476"},{"taxonomy":"product_cat","embeddable":true,"href":"https:\/\/carlaszabo.com\/ro\/wp-json\/wp\/v2\/product_cat?post=99476"},{"taxonomy":"product_tag","embeddable":true,"href":"https:\/\/carlaszabo.com\/ro\/wp-json\/wp\/v2\/product_tag?post=99476"}],"curies":[{"name":"wp","href":"https:\/\/api.w.org\/{rel}","templated":true}]}}