{"id":99541,"date":"2021-04-09T13:31:01","date_gmt":"2021-04-09T13:31:01","guid":{"rendered":"https:\/\/carlaszabo.com\/?post_type=product&#038;p=99541"},"modified":"2021-04-09T16:29:20","modified_gmt":"2021-04-09T16:29:20","slug":"beaded-d-green-small-necklace","status":"publish","type":"product","link":"https:\/\/carlaszabo.com\/ro\/produs\/beaded-d-green-small-necklace\/","title":{"rendered":"Beaded D Green Small Necklace"},"content":{"rendered":"","protected":false},"excerpt":{"rendered":"<p>Acest colier face parte din colec\u021bia &#8222;Sur-Faces&#8221; \u0219i este realizat din m\u0103rgele de jasp canadian cu un pandant \u00een form\u0103 de diamant, realizat din abanos.<\/p>\n<p>Oamenii \u00ee\u0219i arat\u0103 lumii, multiple fa\u021bete ale personalit\u0103\u021bii lor. Adev\u0103rul \u00eens\u0103 este unic, acela al inimii. Omul fiin\u021beaza de multe ori doar la suprafa\u021ba lucrurilor ca s\u0103 i\u0219i protejeze un interior mult mai fragil. Dac\u0103 uneori un z\u00e2mbet, o privire dur\u0103 sau o expresie de seriozitate pot fi citite pe fa\u021ba noastr\u0103, de cele mai multe ori acestea le manifest\u0103m pentru ca adevaratele noastre emo\u021bii sa nu fie v\u0103zute.<\/p>\n","protected":false},"featured_media":99543,"template":"","meta":[],"product_brand":[],"product_cat":[319],"product_tag":[639,701,700,535,321,359],"class_list":{"0":"post-99541","1":"product","2":"type-product","3":"status-publish","4":"has-post-thumbnail","6":"product_cat-coliere","7":"product_tag-blackwood-ro","8":"product_tag-green-ro","9":"product_tag-jasp-ro","10":"product_tag-necklace-ro","11":"product_tag-sur-faces-ro","12":"product_tag-wooden-diamond-ro","14":"first","15":"instock","16":"shipping-taxable","17":"purchasable","18":"product-type-simple"},"yoast_head":"<!-- This site is optimized with the Yoast SEO plugin v27.4 - https:\/\/yoast.com\/product\/yoast-seo-wordpress\/ -->\n<title>Beaded D Green Small Necklace | Carla Szabo<\/title>\n<meta name=\"description\" content=\"Acest colier face parte din colec\u021bia &quot;Sur-Faces&quot; \u0219i este realizat din m\u0103rgele de jasp canadian cu un pandant \u00een form\u0103 de diamant, realizat din abanos.\u00a0\" \/>\n<meta name=\"robots\" content=\"index, follow, max-snippet:-1, max-image-preview:large, max-video-preview:-1\" \/>\n<link rel=\"canonical\" href=\"https:\/\/carlaszabo.com\/ro\/produs\/beaded-d-green-small-necklace\/\" \/>\n<meta property=\"og:locale\" content=\"ro_RO\" \/>\n<meta property=\"og:type\" content=\"article\" \/>\n<meta property=\"og:title\" content=\"Beaded D Green Small Necklace | Carla Szabo\" \/>\n<meta property=\"og:description\" content=\"Unique necklace made from mate onyx gemstones with wooden pendant shaped as a diamond, made from dark stained oak. It&#039;s part of the &quot;Sur-Faces&quot; collection. The \u201cSur-Faces\u201d collection tells the story of the modern human, adapting himself and his life in a citadel; struggling not to forget his pure essence, deeply humane, delicate and sensitive. Each and every day, people show multiple facets of their personality. But the truth is unique. The truth lies in the heart. One creates facets as a protection, a surface shield to protect a more fragile inner side. If smile, anger or seriousness might be read on ones face, they sometimes act as a protection to prevent true emotions to come to the surface. Through the variety of the materials used the accessories in the \u201cSur-faces\u201d collection express this complementarity. With rigid facets, shiny or silky surfaces, they decorate the body and feed the soul.\" \/>\n<meta property=\"og:url\" content=\"https:\/\/carlaszabo.com\/ro\/produs\/beaded-d-green-small-necklace\/\" \/>\n<meta property=\"og:site_name\" content=\"Carla Szabo\" \/>\n<meta property=\"article:modified_time\" content=\"2021-04-09T16:29:20+00:00\" \/>\n<meta property=\"og:image\" content=\"http:\/\/carlaszabo.com\/store\/wordpress\/wp-content\/uploads\/2015\/05\/Beaded-Diamond-Necklace.jpg\" \/>\n<meta name=\"twitter:card\" content=\"summary_large_image\" \/>\n<meta name=\"twitter:description\" content=\"Unique necklace made from mate onyx gemstones with wooden pendant shaped as a diamond, made from dark stained oak. It&#039;s part of the &quot;Sur-Faces&quot; collection. The \u201cSur-Faces\u201d collection tells the story of the modern human, adapting himself and his life in a citadel; struggling not to forget his pure essence, deeply humane, delicate and sensitive. Each and every day, people show multiple facets of their personality. But the truth is unique. The truth lies in the heart. One creates facets as a protection, a surface shield to protect a more fragile inner side. If smile, anger or seriousness might be read on ones face, they sometimes act as a protection to prevent true emotions to come to the surface. Through the variety of the materials used the accessories in the \u201cSur-faces\u201d collection express this complementarity. With rigid facets, shiny or silky surfaces, they decorate the body and feed the soul.\" \/>\n<meta name=\"twitter:image\" content=\"http:\/\/carlaszabo.com\/store\/wordpress\/wp-content\/uploads\/2015\/05\/Beaded-Diamond-Necklace.jpg\" \/>\n<script type=\"application\/ld+json\" class=\"yoast-schema-graph\">{\"@context\":\"https:\\\/\\\/schema.org\",\"@graph\":[{\"@type\":\"WebPage\",\"@id\":\"https:\\\/\\\/carlaszabo.com\\\/ro\\\/produs\\\/beaded-d-green-small-necklace\\\/\",\"url\":\"https:\\\/\\\/carlaszabo.com\\\/ro\\\/produs\\\/beaded-d-green-small-necklace\\\/\",\"name\":\"Beaded D Green Small Necklace | Carla Szabo\",\"isPartOf\":{\"@id\":\"https:\\\/\\\/carlaszabo.com\\\/ro\\\/#website\"},\"primaryImageOfPage\":{\"@id\":\"https:\\\/\\\/carlaszabo.com\\\/ro\\\/produs\\\/beaded-d-green-small-necklace\\\/#primaryimage\"},\"image\":{\"@id\":\"https:\\\/\\\/carlaszabo.com\\\/ro\\\/produs\\\/beaded-d-green-small-necklace\\\/#primaryimage\"},\"thumbnailUrl\":\"https:\\\/\\\/carlaszabo.com\\\/wp-content\\\/uploads\\\/2021\\\/04\\\/Beaded-D-Green-Small-1.jpg\",\"datePublished\":\"2021-04-09T13:31:01+00:00\",\"dateModified\":\"2021-04-09T16:29:20+00:00\",\"description\":\"Acest colier face parte din colec\u021bia \\\"Sur-Faces\\\" \u0219i este realizat din m\u0103rgele de jasp canadian cu un pandant \u00een form\u0103 de diamant, realizat din abanos.\u00a0\",\"breadcrumb\":{\"@id\":\"https:\\\/\\\/carlaszabo.com\\\/ro\\\/produs\\\/beaded-d-green-small-necklace\\\/#breadcrumb\"},\"inLanguage\":\"ro-RO\",\"potentialAction\":[{\"@type\":\"ReadAction\",\"target\":[\"https:\\\/\\\/carlaszabo.com\\\/ro\\\/produs\\\/beaded-d-green-small-necklace\\\/\"]}]},{\"@type\":\"ImageObject\",\"inLanguage\":\"ro-RO\",\"@id\":\"https:\\\/\\\/carlaszabo.com\\\/ro\\\/produs\\\/beaded-d-green-small-necklace\\\/#primaryimage\",\"url\":\"https:\\\/\\\/carlaszabo.com\\\/wp-content\\\/uploads\\\/2021\\\/04\\\/Beaded-D-Green-Small-1.jpg\",\"contentUrl\":\"https:\\\/\\\/carlaszabo.com\\\/wp-content\\\/uploads\\\/2021\\\/04\\\/Beaded-D-Green-Small-1.jpg\",\"width\":800,\"height\":1067},{\"@type\":\"BreadcrumbList\",\"@id\":\"https:\\\/\\\/carlaszabo.com\\\/ro\\\/produs\\\/beaded-d-green-small-necklace\\\/#breadcrumb\",\"itemListElement\":[{\"@type\":\"ListItem\",\"position\":1,\"name\":\"Home\",\"item\":\"https:\\\/\\\/carlaszabo.com\\\/ro\\\/\"},{\"@type\":\"ListItem\",\"position\":2,\"name\":\"Shop\",\"item\":\"https:\\\/\\\/carlaszabo.com\\\/ro\\\/shop\\\/\"},{\"@type\":\"ListItem\",\"position\":3,\"name\":\"Beaded D Green Small Necklace\"}]},{\"@type\":\"WebSite\",\"@id\":\"https:\\\/\\\/carlaszabo.com\\\/ro\\\/#website\",\"url\":\"https:\\\/\\\/carlaszabo.com\\\/ro\\\/\",\"name\":\"Carla Szabo\",\"description\":\"\",\"publisher\":{\"@id\":\"https:\\\/\\\/carlaszabo.com\\\/ro\\\/#organization\"},\"potentialAction\":[{\"@type\":\"SearchAction\",\"target\":{\"@type\":\"EntryPoint\",\"urlTemplate\":\"https:\\\/\\\/carlaszabo.com\\\/ro\\\/?s={search_term_string}\"},\"query-input\":{\"@type\":\"PropertyValueSpecification\",\"valueRequired\":true,\"valueName\":\"search_term_string\"}}],\"inLanguage\":\"ro-RO\"},{\"@type\":\"Organization\",\"@id\":\"https:\\\/\\\/carlaszabo.com\\\/ro\\\/#organization\",\"name\":\"Carla Szabo\",\"url\":\"https:\\\/\\\/carlaszabo.com\\\/ro\\\/\",\"logo\":{\"@type\":\"ImageObject\",\"inLanguage\":\"ro-RO\",\"@id\":\"https:\\\/\\\/carlaszabo.com\\\/ro\\\/#\\\/schema\\\/logo\\\/image\\\/\",\"url\":\"https:\\\/\\\/carlaszabo.com\\\/wp-content\\\/uploads\\\/2017\\\/09\\\/carla-logo.png\",\"contentUrl\":\"https:\\\/\\\/carlaszabo.com\\\/wp-content\\\/uploads\\\/2017\\\/09\\\/carla-logo.png\",\"width\":370,\"height\":49,\"caption\":\"Carla Szabo\"},\"image\":{\"@id\":\"https:\\\/\\\/carlaszabo.com\\\/ro\\\/#\\\/schema\\\/logo\\\/image\\\/\"}}]}<\/script>\n<!-- \/ Yoast SEO plugin. -->","yoast_head_json":{"title":"Beaded D Green Small Necklace | Carla Szabo","description":"Acest colier face parte din colec\u021bia \"Sur-Faces\" \u0219i este realizat din m\u0103rgele de jasp canadian cu un pandant \u00een form\u0103 de diamant, realizat din abanos.\u00a0","robots":{"index":"index","follow":"follow","max-snippet":"max-snippet:-1","max-image-preview":"max-image-preview:large","max-video-preview":"max-video-preview:-1"},"canonical":"https:\/\/carlaszabo.com\/ro\/produs\/beaded-d-green-small-necklace\/","og_locale":"ro_RO","og_type":"article","og_title":"Beaded D Green Small Necklace | Carla Szabo","og_description":"Unique necklace made from mate onyx gemstones with wooden pendant shaped as a diamond, made from dark stained oak. It's part of the \"Sur-Faces\" collection. The \u201cSur-Faces\u201d collection tells the story of the modern human, adapting himself and his life in a citadel; struggling not to forget his pure essence, deeply humane, delicate and sensitive. Each and every day, people show multiple facets of their personality. But the truth is unique. The truth lies in the heart. One creates facets as a protection, a surface shield to protect a more fragile inner side. If smile, anger or seriousness might be read on ones face, they sometimes act as a protection to prevent true emotions to come to the surface. Through the variety of the materials used the accessories in the \u201cSur-faces\u201d collection express this complementarity. With rigid facets, shiny or silky surfaces, they decorate the body and feed the soul.","og_url":"https:\/\/carlaszabo.com\/ro\/produs\/beaded-d-green-small-necklace\/","og_site_name":"Carla Szabo","article_modified_time":"2021-04-09T16:29:20+00:00","og_image":[{"url":"http:\/\/carlaszabo.com\/store\/wordpress\/wp-content\/uploads\/2015\/05\/Beaded-Diamond-Necklace.jpg","type":"","width":"","height":""}],"twitter_card":"summary_large_image","twitter_description":"Unique necklace made from mate onyx gemstones with wooden pendant shaped as a diamond, made from dark stained oak. It's part of the \"Sur-Faces\" collection. The \u201cSur-Faces\u201d collection tells the story of the modern human, adapting himself and his life in a citadel; struggling not to forget his pure essence, deeply humane, delicate and sensitive. Each and every day, people show multiple facets of their personality. But the truth is unique. The truth lies in the heart. One creates facets as a protection, a surface shield to protect a more fragile inner side. If smile, anger or seriousness might be read on ones face, they sometimes act as a protection to prevent true emotions to come to the surface. Through the variety of the materials used the accessories in the \u201cSur-faces\u201d collection express this complementarity. With rigid facets, shiny or silky surfaces, they decorate the body and feed the soul.","twitter_image":"http:\/\/carlaszabo.com\/store\/wordpress\/wp-content\/uploads\/2015\/05\/Beaded-Diamond-Necklace.jpg","schema":{"@context":"https:\/\/schema.org","@graph":[{"@type":"WebPage","@id":"https:\/\/carlaszabo.com\/ro\/produs\/beaded-d-green-small-necklace\/","url":"https:\/\/carlaszabo.com\/ro\/produs\/beaded-d-green-small-necklace\/","name":"Beaded D Green Small Necklace | Carla Szabo","isPartOf":{"@id":"https:\/\/carlaszabo.com\/ro\/#website"},"primaryImageOfPage":{"@id":"https:\/\/carlaszabo.com\/ro\/produs\/beaded-d-green-small-necklace\/#primaryimage"},"image":{"@id":"https:\/\/carlaszabo.com\/ro\/produs\/beaded-d-green-small-necklace\/#primaryimage"},"thumbnailUrl":"https:\/\/carlaszabo.com\/wp-content\/uploads\/2021\/04\/Beaded-D-Green-Small-1.jpg","datePublished":"2021-04-09T13:31:01+00:00","dateModified":"2021-04-09T16:29:20+00:00","description":"Acest colier face parte din colec\u021bia \"Sur-Faces\" \u0219i este realizat din m\u0103rgele de jasp canadian cu un pandant \u00een form\u0103 de diamant, realizat din abanos.\u00a0","breadcrumb":{"@id":"https:\/\/carlaszabo.com\/ro\/produs\/beaded-d-green-small-necklace\/#breadcrumb"},"inLanguage":"ro-RO","potentialAction":[{"@type":"ReadAction","target":["https:\/\/carlaszabo.com\/ro\/produs\/beaded-d-green-small-necklace\/"]}]},{"@type":"ImageObject","inLanguage":"ro-RO","@id":"https:\/\/carlaszabo.com\/ro\/produs\/beaded-d-green-small-necklace\/#primaryimage","url":"https:\/\/carlaszabo.com\/wp-content\/uploads\/2021\/04\/Beaded-D-Green-Small-1.jpg","contentUrl":"https:\/\/carlaszabo.com\/wp-content\/uploads\/2021\/04\/Beaded-D-Green-Small-1.jpg","width":800,"height":1067},{"@type":"BreadcrumbList","@id":"https:\/\/carlaszabo.com\/ro\/produs\/beaded-d-green-small-necklace\/#breadcrumb","itemListElement":[{"@type":"ListItem","position":1,"name":"Home","item":"https:\/\/carlaszabo.com\/ro\/"},{"@type":"ListItem","position":2,"name":"Shop","item":"https:\/\/carlaszabo.com\/ro\/shop\/"},{"@type":"ListItem","position":3,"name":"Beaded D Green Small Necklace"}]},{"@type":"WebSite","@id":"https:\/\/carlaszabo.com\/ro\/#website","url":"https:\/\/carlaszabo.com\/ro\/","name":"Carla Szabo","description":"","publisher":{"@id":"https:\/\/carlaszabo.com\/ro\/#organization"},"potentialAction":[{"@type":"SearchAction","target":{"@type":"EntryPoint","urlTemplate":"https:\/\/carlaszabo.com\/ro\/?s={search_term_string}"},"query-input":{"@type":"PropertyValueSpecification","valueRequired":true,"valueName":"search_term_string"}}],"inLanguage":"ro-RO"},{"@type":"Organization","@id":"https:\/\/carlaszabo.com\/ro\/#organization","name":"Carla Szabo","url":"https:\/\/carlaszabo.com\/ro\/","logo":{"@type":"ImageObject","inLanguage":"ro-RO","@id":"https:\/\/carlaszabo.com\/ro\/#\/schema\/logo\/image\/","url":"https:\/\/carlaszabo.com\/wp-content\/uploads\/2017\/09\/carla-logo.png","contentUrl":"https:\/\/carlaszabo.com\/wp-content\/uploads\/2017\/09\/carla-logo.png","width":370,"height":49,"caption":"Carla Szabo"},"image":{"@id":"https:\/\/carlaszabo.com\/ro\/#\/schema\/logo\/image\/"}}]}},"_links":{"self":[{"href":"https:\/\/carlaszabo.com\/ro\/wp-json\/wp\/v2\/product\/99541","targetHints":{"allow":["GET"]}}],"collection":[{"href":"https:\/\/carlaszabo.com\/ro\/wp-json\/wp\/v2\/product"}],"about":[{"href":"https:\/\/carlaszabo.com\/ro\/wp-json\/wp\/v2\/types\/product"}],"wp:featuredmedia":[{"embeddable":true,"href":"https:\/\/carlaszabo.com\/ro\/wp-json\/wp\/v2\/media\/99543"}],"wp:attachment":[{"href":"https:\/\/carlaszabo.com\/ro\/wp-json\/wp\/v2\/media?parent=99541"}],"wp:term":[{"taxonomy":"product_brand","embeddable":true,"href":"https:\/\/carlaszabo.com\/ro\/wp-json\/wp\/v2\/product_brand?post=99541"},{"taxonomy":"product_cat","embeddable":true,"href":"https:\/\/carlaszabo.com\/ro\/wp-json\/wp\/v2\/product_cat?post=99541"},{"taxonomy":"product_tag","embeddable":true,"href":"https:\/\/carlaszabo.com\/ro\/wp-json\/wp\/v2\/product_tag?post=99541"}],"curies":[{"name":"wp","href":"https:\/\/api.w.org\/{rel}","templated":true}]}}