{"id":99562,"date":"2021-04-09T17:09:59","date_gmt":"2021-04-09T17:09:59","guid":{"rendered":"https:\/\/carlaszabo.com\/?post_type=product&#038;p=99562"},"modified":"2021-04-11T19:51:06","modified_gmt":"2021-04-11T19:51:06","slug":"sporty-pearls-necklace","status":"publish","type":"product","link":"https:\/\/carlaszabo.com\/ro\/produs\/sporty-pearls-necklace\/","title":{"rendered":"Sporty Pearls Necklace"},"content":{"rendered":"","protected":false},"excerpt":{"rendered":"<p>Acest colier este realizat din perle ceramice cu o decora\u021bie din lemn fa\u021betat, montate pe un \u0219nur negru culisant. Parte din colec\u021bia &#8222;Sur-Faces&#8221;.<\/p>\n<p>Oamenii \u00ee\u0219i arat\u0103 lumii, multiple fa\u021bete ale personalit\u0103\u021bii lor. Adev\u0103rul \u00eens\u0103 este unic, acela al inimii. Omul fiin\u021beaza de multe ori doar la suprafa\u021ba lucrurilor ca s\u0103 i\u0219i protejeze un interior mult mai fragil. Dac\u0103 uneori un z\u00e2mbet, o privire dur\u0103 sau o expresie de seriozitate pot fi citite pe fa\u021ba noastr\u0103, de cele mai multe ori acestea le manifest\u0103m pentru ca adevaratele noastre emo\u021bii s\u0103 nu fie v\u0103zute.<\/p>\n","protected":false},"featured_media":99570,"template":"","meta":[],"product_brand":[],"product_cat":[319],"product_tag":[708,538,321,709],"class_list":{"0":"post-99562","1":"product","2":"type-product","3":"status-publish","4":"has-post-thumbnail","6":"product_cat-coliere","7":"product_tag-ceramic-pearls-ro","8":"product_tag-pearls-ro","9":"product_tag-sur-faces-ro","10":"product_tag-synthetic-thread-ro","12":"first","13":"instock","14":"sold-individually","15":"shipping-taxable","16":"purchasable","17":"product-type-simple"},"yoast_head":"<!-- This site is optimized with the Yoast SEO plugin v27.5 - https:\/\/yoast.com\/product\/yoast-seo-wordpress\/ -->\n<title>Sporty Pearls Necklace | Carla Szabo<\/title>\n<meta name=\"description\" content=\"Acest colier este realizat din perle ceramice cu o decora\u021bie din lemn fa\u021betat, montate pe un \u0219nur negru culisant. Parte din colec\u021bia &quot;Sur-Faces&quot;.\" \/>\n<meta name=\"robots\" content=\"index, follow, max-snippet:-1, max-image-preview:large, max-video-preview:-1\" \/>\n<link rel=\"canonical\" href=\"https:\/\/carlaszabo.com\/ro\/produs\/sporty-pearls-necklace\/\" \/>\n<meta property=\"og:locale\" content=\"ro_RO\" \/>\n<meta property=\"og:type\" content=\"article\" \/>\n<meta property=\"og:title\" content=\"Sporty Pearls Necklace | Carla Szabo\" \/>\n<meta property=\"og:description\" content=\"Acest colier este realizat din perle ceramice cu o decora\u021bie din lemn fa\u021betat, montate pe un \u0219nur negru culisant. Parte din colec\u021bia &quot;Sur-Faces&quot;.\" \/>\n<meta property=\"og:url\" content=\"https:\/\/carlaszabo.com\/ro\/produs\/sporty-pearls-necklace\/\" \/>\n<meta property=\"og:site_name\" content=\"Carla Szabo\" \/>\n<meta property=\"article:modified_time\" content=\"2021-04-11T19:51:06+00:00\" \/>\n<meta property=\"og:image\" content=\"https:\/\/carlaszabo.com\/wp-content\/uploads\/2021\/04\/Sporty-Pearls-4.jpg\" \/>\n\t<meta property=\"og:image:width\" content=\"800\" \/>\n\t<meta property=\"og:image:height\" content=\"1067\" \/>\n\t<meta property=\"og:image:type\" content=\"image\/jpeg\" \/>\n<meta name=\"twitter:card\" content=\"summary_large_image\" \/>\n<script type=\"application\/ld+json\" class=\"yoast-schema-graph\">{\"@context\":\"https:\\\/\\\/schema.org\",\"@graph\":[{\"@type\":\"WebPage\",\"@id\":\"https:\\\/\\\/carlaszabo.com\\\/ro\\\/produs\\\/sporty-pearls-necklace\\\/\",\"url\":\"https:\\\/\\\/carlaszabo.com\\\/ro\\\/produs\\\/sporty-pearls-necklace\\\/\",\"name\":\"Sporty Pearls Necklace | Carla Szabo\",\"isPartOf\":{\"@id\":\"https:\\\/\\\/carlaszabo.com\\\/ro\\\/#website\"},\"primaryImageOfPage\":{\"@id\":\"https:\\\/\\\/carlaszabo.com\\\/ro\\\/produs\\\/sporty-pearls-necklace\\\/#primaryimage\"},\"image\":{\"@id\":\"https:\\\/\\\/carlaszabo.com\\\/ro\\\/produs\\\/sporty-pearls-necklace\\\/#primaryimage\"},\"thumbnailUrl\":\"https:\\\/\\\/carlaszabo.com\\\/wp-content\\\/uploads\\\/2021\\\/04\\\/Sporty-Pearls-4.jpg\",\"datePublished\":\"2021-04-09T17:09:59+00:00\",\"dateModified\":\"2021-04-11T19:51:06+00:00\",\"description\":\"Acest colier este realizat din perle ceramice cu o decora\u021bie din lemn fa\u021betat, montate pe un \u0219nur negru culisant. Parte din colec\u021bia \\\"Sur-Faces\\\".\",\"breadcrumb\":{\"@id\":\"https:\\\/\\\/carlaszabo.com\\\/ro\\\/produs\\\/sporty-pearls-necklace\\\/#breadcrumb\"},\"inLanguage\":\"ro-RO\",\"potentialAction\":[{\"@type\":\"ReadAction\",\"target\":[\"https:\\\/\\\/carlaszabo.com\\\/ro\\\/produs\\\/sporty-pearls-necklace\\\/\"]}]},{\"@type\":\"ImageObject\",\"inLanguage\":\"ro-RO\",\"@id\":\"https:\\\/\\\/carlaszabo.com\\\/ro\\\/produs\\\/sporty-pearls-necklace\\\/#primaryimage\",\"url\":\"https:\\\/\\\/carlaszabo.com\\\/wp-content\\\/uploads\\\/2021\\\/04\\\/Sporty-Pearls-4.jpg\",\"contentUrl\":\"https:\\\/\\\/carlaszabo.com\\\/wp-content\\\/uploads\\\/2021\\\/04\\\/Sporty-Pearls-4.jpg\",\"width\":800,\"height\":1067},{\"@type\":\"BreadcrumbList\",\"@id\":\"https:\\\/\\\/carlaszabo.com\\\/ro\\\/produs\\\/sporty-pearls-necklace\\\/#breadcrumb\",\"itemListElement\":[{\"@type\":\"ListItem\",\"position\":1,\"name\":\"Home\",\"item\":\"https:\\\/\\\/carlaszabo.com\\\/ro\\\/\"},{\"@type\":\"ListItem\",\"position\":2,\"name\":\"Shop\",\"item\":\"https:\\\/\\\/carlaszabo.com\\\/ro\\\/shop\\\/\"},{\"@type\":\"ListItem\",\"position\":3,\"name\":\"Sporty Pearls Necklace\"}]},{\"@type\":\"WebSite\",\"@id\":\"https:\\\/\\\/carlaszabo.com\\\/ro\\\/#website\",\"url\":\"https:\\\/\\\/carlaszabo.com\\\/ro\\\/\",\"name\":\"Carla Szabo\",\"description\":\"\",\"publisher\":{\"@id\":\"https:\\\/\\\/carlaszabo.com\\\/ro\\\/#organization\"},\"potentialAction\":[{\"@type\":\"SearchAction\",\"target\":{\"@type\":\"EntryPoint\",\"urlTemplate\":\"https:\\\/\\\/carlaszabo.com\\\/ro\\\/?s={search_term_string}\"},\"query-input\":{\"@type\":\"PropertyValueSpecification\",\"valueRequired\":true,\"valueName\":\"search_term_string\"}}],\"inLanguage\":\"ro-RO\"},{\"@type\":\"Organization\",\"@id\":\"https:\\\/\\\/carlaszabo.com\\\/ro\\\/#organization\",\"name\":\"Carla Szabo\",\"url\":\"https:\\\/\\\/carlaszabo.com\\\/ro\\\/\",\"logo\":{\"@type\":\"ImageObject\",\"inLanguage\":\"ro-RO\",\"@id\":\"https:\\\/\\\/carlaszabo.com\\\/ro\\\/#\\\/schema\\\/logo\\\/image\\\/\",\"url\":\"https:\\\/\\\/carlaszabo.com\\\/wp-content\\\/uploads\\\/2017\\\/09\\\/carla-logo.png\",\"contentUrl\":\"https:\\\/\\\/carlaszabo.com\\\/wp-content\\\/uploads\\\/2017\\\/09\\\/carla-logo.png\",\"width\":370,\"height\":49,\"caption\":\"Carla Szabo\"},\"image\":{\"@id\":\"https:\\\/\\\/carlaszabo.com\\\/ro\\\/#\\\/schema\\\/logo\\\/image\\\/\"}}]}<\/script>\n<!-- \/ Yoast SEO plugin. -->","yoast_head_json":{"title":"Sporty Pearls Necklace | Carla Szabo","description":"Acest colier este realizat din perle ceramice cu o decora\u021bie din lemn fa\u021betat, montate pe un \u0219nur negru culisant. Parte din colec\u021bia \"Sur-Faces\".","robots":{"index":"index","follow":"follow","max-snippet":"max-snippet:-1","max-image-preview":"max-image-preview:large","max-video-preview":"max-video-preview:-1"},"canonical":"https:\/\/carlaszabo.com\/ro\/produs\/sporty-pearls-necklace\/","og_locale":"ro_RO","og_type":"article","og_title":"Sporty Pearls Necklace | Carla Szabo","og_description":"Acest colier este realizat din perle ceramice cu o decora\u021bie din lemn fa\u021betat, montate pe un \u0219nur negru culisant. Parte din colec\u021bia \"Sur-Faces\".","og_url":"https:\/\/carlaszabo.com\/ro\/produs\/sporty-pearls-necklace\/","og_site_name":"Carla Szabo","article_modified_time":"2021-04-11T19:51:06+00:00","og_image":[{"width":800,"height":1067,"url":"https:\/\/carlaszabo.com\/wp-content\/uploads\/2021\/04\/Sporty-Pearls-4.jpg","type":"image\/jpeg"}],"twitter_card":"summary_large_image","schema":{"@context":"https:\/\/schema.org","@graph":[{"@type":"WebPage","@id":"https:\/\/carlaszabo.com\/ro\/produs\/sporty-pearls-necklace\/","url":"https:\/\/carlaszabo.com\/ro\/produs\/sporty-pearls-necklace\/","name":"Sporty Pearls Necklace | Carla Szabo","isPartOf":{"@id":"https:\/\/carlaszabo.com\/ro\/#website"},"primaryImageOfPage":{"@id":"https:\/\/carlaszabo.com\/ro\/produs\/sporty-pearls-necklace\/#primaryimage"},"image":{"@id":"https:\/\/carlaszabo.com\/ro\/produs\/sporty-pearls-necklace\/#primaryimage"},"thumbnailUrl":"https:\/\/carlaszabo.com\/wp-content\/uploads\/2021\/04\/Sporty-Pearls-4.jpg","datePublished":"2021-04-09T17:09:59+00:00","dateModified":"2021-04-11T19:51:06+00:00","description":"Acest colier este realizat din perle ceramice cu o decora\u021bie din lemn fa\u021betat, montate pe un \u0219nur negru culisant. Parte din colec\u021bia \"Sur-Faces\".","breadcrumb":{"@id":"https:\/\/carlaszabo.com\/ro\/produs\/sporty-pearls-necklace\/#breadcrumb"},"inLanguage":"ro-RO","potentialAction":[{"@type":"ReadAction","target":["https:\/\/carlaszabo.com\/ro\/produs\/sporty-pearls-necklace\/"]}]},{"@type":"ImageObject","inLanguage":"ro-RO","@id":"https:\/\/carlaszabo.com\/ro\/produs\/sporty-pearls-necklace\/#primaryimage","url":"https:\/\/carlaszabo.com\/wp-content\/uploads\/2021\/04\/Sporty-Pearls-4.jpg","contentUrl":"https:\/\/carlaszabo.com\/wp-content\/uploads\/2021\/04\/Sporty-Pearls-4.jpg","width":800,"height":1067},{"@type":"BreadcrumbList","@id":"https:\/\/carlaszabo.com\/ro\/produs\/sporty-pearls-necklace\/#breadcrumb","itemListElement":[{"@type":"ListItem","position":1,"name":"Home","item":"https:\/\/carlaszabo.com\/ro\/"},{"@type":"ListItem","position":2,"name":"Shop","item":"https:\/\/carlaszabo.com\/ro\/shop\/"},{"@type":"ListItem","position":3,"name":"Sporty Pearls Necklace"}]},{"@type":"WebSite","@id":"https:\/\/carlaszabo.com\/ro\/#website","url":"https:\/\/carlaszabo.com\/ro\/","name":"Carla Szabo","description":"","publisher":{"@id":"https:\/\/carlaszabo.com\/ro\/#organization"},"potentialAction":[{"@type":"SearchAction","target":{"@type":"EntryPoint","urlTemplate":"https:\/\/carlaszabo.com\/ro\/?s={search_term_string}"},"query-input":{"@type":"PropertyValueSpecification","valueRequired":true,"valueName":"search_term_string"}}],"inLanguage":"ro-RO"},{"@type":"Organization","@id":"https:\/\/carlaszabo.com\/ro\/#organization","name":"Carla Szabo","url":"https:\/\/carlaszabo.com\/ro\/","logo":{"@type":"ImageObject","inLanguage":"ro-RO","@id":"https:\/\/carlaszabo.com\/ro\/#\/schema\/logo\/image\/","url":"https:\/\/carlaszabo.com\/wp-content\/uploads\/2017\/09\/carla-logo.png","contentUrl":"https:\/\/carlaszabo.com\/wp-content\/uploads\/2017\/09\/carla-logo.png","width":370,"height":49,"caption":"Carla Szabo"},"image":{"@id":"https:\/\/carlaszabo.com\/ro\/#\/schema\/logo\/image\/"}}]}},"_links":{"self":[{"href":"https:\/\/carlaszabo.com\/ro\/wp-json\/wp\/v2\/product\/99562","targetHints":{"allow":["GET"]}}],"collection":[{"href":"https:\/\/carlaszabo.com\/ro\/wp-json\/wp\/v2\/product"}],"about":[{"href":"https:\/\/carlaszabo.com\/ro\/wp-json\/wp\/v2\/types\/product"}],"wp:featuredmedia":[{"embeddable":true,"href":"https:\/\/carlaszabo.com\/ro\/wp-json\/wp\/v2\/media\/99570"}],"wp:attachment":[{"href":"https:\/\/carlaszabo.com\/ro\/wp-json\/wp\/v2\/media?parent=99562"}],"wp:term":[{"taxonomy":"product_brand","embeddable":true,"href":"https:\/\/carlaszabo.com\/ro\/wp-json\/wp\/v2\/product_brand?post=99562"},{"taxonomy":"product_cat","embeddable":true,"href":"https:\/\/carlaszabo.com\/ro\/wp-json\/wp\/v2\/product_cat?post=99562"},{"taxonomy":"product_tag","embeddable":true,"href":"https:\/\/carlaszabo.com\/ro\/wp-json\/wp\/v2\/product_tag?post=99562"}],"curies":[{"name":"wp","href":"https:\/\/api.w.org\/{rel}","templated":true}]}}