{"id":99572,"date":"2021-04-09T18:08:43","date_gmt":"2021-04-09T18:08:43","guid":{"rendered":"https:\/\/carlaszabo.com\/?post_type=product&#038;p=99572"},"modified":"2023-02-01T09:09:07","modified_gmt":"2023-02-01T09:09:07","slug":"straight-grass-earrings","status":"publish","type":"product","link":"https:\/\/carlaszabo.com\/ro\/produs\/straight-grass-earrings\/","title":{"rendered":"Straight Grass Earrings (la comand\u0103)"},"content":{"rendered":"","protected":false},"excerpt":{"rendered":"<p>Cercei ce reprezint\u0103 un fir de iarb\u0103, realiza\u021bi din lemn ro\u0219u. Parte din colec\u021bia Mixi\u0219or \u2013 Etnic Etic.<\/p>\n<p>Mixi\u0219or este terenul de joac\u0103 din fiecare prim\u0103var\u0103. Acest moment magic ne aduce din nou bucurie \u0219i speran\u021b\u0103. Sufletul se deschide u\u0219urat, ca u\u0219a de pod a casei de la \u021bar\u0103. Ora\u0219ul, obosit de agita\u021bia sa interioar\u0103 viseaz\u0103 la satul ce ascunde \u00eenc\u0103 prospe\u021bimea sufletului \u00eemp\u0103rt\u0103\u0219it cu puritatea. Peisajele alb negru ale p\u0103m\u00e2nturilor desz\u0103pezite, se zv\u00e2nt\u0103 sub cerul clar de prim\u0103var\u0103. Melcii ies din cochiliile ferecate de peste iarn\u0103 \u0219i \u00eencep s\u0103 se mi\u0219te lent prin iarba proasp\u0103t\u0103 ce acoper\u0103 lunca. Izvorul care \u0219i-a f\u0103cut c\u0103rare prin z\u0103pad\u0103, descrie subtil linia dealului \u0219i marginea p\u0103durii \u00eenc\u0103 pline cu ap\u0103. \u00cen colec\u021bia din acest an, materia neprih\u0103nit\u0103 de tehnologizare \u00ee\u0219i g\u0103se\u0219te calea \u00een obiecte realizate manual din p\u0103m\u00e2nt ars.<\/p>\n","protected":false},"featured_media":99574,"template":"","meta":[],"product_brand":[],"product_cat":[353],"product_tag":[566,317,681,315,599],"class_list":{"0":"post-99572","1":"product","2":"type-product","3":"status-publish","4":"has-post-thumbnail","6":"product_cat-cercei","7":"product_tag-earrings-ro","8":"product_tag-etnic-etic-ro","9":"product_tag-grass-ro-2","10":"product_tag-mixisor-ro","11":"product_tag-wood-ro","13":"first","14":"instock","15":"shipping-taxable","16":"purchasable","17":"product-type-simple"},"yoast_head":"<!-- This site is optimized with the Yoast SEO plugin v27.4 - https:\/\/yoast.com\/product\/yoast-seo-wordpress\/ -->\n<title>Straight Grass Earrings (la comand\u0103) | Carla Szabo<\/title>\n<meta name=\"description\" content=\"Br\u0103\u021bar\u0103 ajustabil\u0103 realizat\u0103 din fir sintetic, cu un element decorativ central realizat din lemn ce reprezint\u0103 un fir de iarb\u0103. Parte din colec\u021bia Mixi\u0219or - Etnic Etic.\" \/>\n<meta name=\"robots\" content=\"index, follow, max-snippet:-1, max-image-preview:large, max-video-preview:-1\" \/>\n<link rel=\"canonical\" href=\"https:\/\/carlaszabo.com\/ro\/produs\/straight-grass-earrings\/\" \/>\n<meta property=\"og:locale\" content=\"ro_RO\" \/>\n<meta property=\"og:type\" content=\"article\" \/>\n<meta property=\"og:title\" content=\"Straight Grass Earrings (la comand\u0103) | Carla Szabo\" \/>\n<meta property=\"og:description\" content=\"Br\u0103\u021bar\u0103 ajustabil\u0103 realizat\u0103 din fir sintetic, cu un element decorativ central realizat din lemn ce reprezint\u0103 un fir de iarb\u0103. Parte din colec\u021bia Mixi\u0219or - Etnic Etic.\" \/>\n<meta property=\"og:url\" content=\"https:\/\/carlaszabo.com\/ro\/produs\/straight-grass-earrings\/\" \/>\n<meta property=\"og:site_name\" content=\"Carla Szabo\" \/>\n<meta property=\"article:modified_time\" content=\"2023-02-01T09:09:07+00:00\" \/>\n<meta property=\"og:image\" content=\"https:\/\/carlaszabo.com\/wp-content\/uploads\/2021\/04\/Straight-Grass-Earrings-1.jpg\" \/>\n\t<meta property=\"og:image:width\" content=\"800\" \/>\n\t<meta property=\"og:image:height\" content=\"1067\" \/>\n\t<meta property=\"og:image:type\" content=\"image\/jpeg\" \/>\n<meta name=\"twitter:card\" content=\"summary_large_image\" \/>\n<script type=\"application\/ld+json\" class=\"yoast-schema-graph\">{\"@context\":\"https:\\\/\\\/schema.org\",\"@graph\":[{\"@type\":\"WebPage\",\"@id\":\"https:\\\/\\\/carlaszabo.com\\\/ro\\\/produs\\\/straight-grass-earrings\\\/\",\"url\":\"https:\\\/\\\/carlaszabo.com\\\/ro\\\/produs\\\/straight-grass-earrings\\\/\",\"name\":\"Straight Grass Earrings (la comand\u0103) | Carla Szabo\",\"isPartOf\":{\"@id\":\"https:\\\/\\\/carlaszabo.com\\\/ro\\\/#website\"},\"primaryImageOfPage\":{\"@id\":\"https:\\\/\\\/carlaszabo.com\\\/ro\\\/produs\\\/straight-grass-earrings\\\/#primaryimage\"},\"image\":{\"@id\":\"https:\\\/\\\/carlaszabo.com\\\/ro\\\/produs\\\/straight-grass-earrings\\\/#primaryimage\"},\"thumbnailUrl\":\"https:\\\/\\\/carlaszabo.com\\\/wp-content\\\/uploads\\\/2021\\\/04\\\/Straight-Grass-Earrings-1.jpg\",\"datePublished\":\"2021-04-09T18:08:43+00:00\",\"dateModified\":\"2023-02-01T09:09:07+00:00\",\"description\":\"Br\u0103\u021bar\u0103 ajustabil\u0103 realizat\u0103 din fir sintetic, cu un element decorativ central realizat din lemn ce reprezint\u0103 un fir de iarb\u0103. Parte din colec\u021bia Mixi\u0219or - Etnic Etic.\",\"breadcrumb\":{\"@id\":\"https:\\\/\\\/carlaszabo.com\\\/ro\\\/produs\\\/straight-grass-earrings\\\/#breadcrumb\"},\"inLanguage\":\"ro-RO\",\"potentialAction\":[{\"@type\":\"ReadAction\",\"target\":[\"https:\\\/\\\/carlaszabo.com\\\/ro\\\/produs\\\/straight-grass-earrings\\\/\"]}]},{\"@type\":\"ImageObject\",\"inLanguage\":\"ro-RO\",\"@id\":\"https:\\\/\\\/carlaszabo.com\\\/ro\\\/produs\\\/straight-grass-earrings\\\/#primaryimage\",\"url\":\"https:\\\/\\\/carlaszabo.com\\\/wp-content\\\/uploads\\\/2021\\\/04\\\/Straight-Grass-Earrings-1.jpg\",\"contentUrl\":\"https:\\\/\\\/carlaszabo.com\\\/wp-content\\\/uploads\\\/2021\\\/04\\\/Straight-Grass-Earrings-1.jpg\",\"width\":800,\"height\":1067},{\"@type\":\"BreadcrumbList\",\"@id\":\"https:\\\/\\\/carlaszabo.com\\\/ro\\\/produs\\\/straight-grass-earrings\\\/#breadcrumb\",\"itemListElement\":[{\"@type\":\"ListItem\",\"position\":1,\"name\":\"Home\",\"item\":\"https:\\\/\\\/carlaszabo.com\\\/ro\\\/\"},{\"@type\":\"ListItem\",\"position\":2,\"name\":\"Shop\",\"item\":\"https:\\\/\\\/carlaszabo.com\\\/ro\\\/shop\\\/\"},{\"@type\":\"ListItem\",\"position\":3,\"name\":\"Straight Grass Earrings (la comand\u0103)\"}]},{\"@type\":\"WebSite\",\"@id\":\"https:\\\/\\\/carlaszabo.com\\\/ro\\\/#website\",\"url\":\"https:\\\/\\\/carlaszabo.com\\\/ro\\\/\",\"name\":\"Carla Szabo\",\"description\":\"\",\"publisher\":{\"@id\":\"https:\\\/\\\/carlaszabo.com\\\/ro\\\/#organization\"},\"potentialAction\":[{\"@type\":\"SearchAction\",\"target\":{\"@type\":\"EntryPoint\",\"urlTemplate\":\"https:\\\/\\\/carlaszabo.com\\\/ro\\\/?s={search_term_string}\"},\"query-input\":{\"@type\":\"PropertyValueSpecification\",\"valueRequired\":true,\"valueName\":\"search_term_string\"}}],\"inLanguage\":\"ro-RO\"},{\"@type\":\"Organization\",\"@id\":\"https:\\\/\\\/carlaszabo.com\\\/ro\\\/#organization\",\"name\":\"Carla Szabo\",\"url\":\"https:\\\/\\\/carlaszabo.com\\\/ro\\\/\",\"logo\":{\"@type\":\"ImageObject\",\"inLanguage\":\"ro-RO\",\"@id\":\"https:\\\/\\\/carlaszabo.com\\\/ro\\\/#\\\/schema\\\/logo\\\/image\\\/\",\"url\":\"https:\\\/\\\/carlaszabo.com\\\/wp-content\\\/uploads\\\/2017\\\/09\\\/carla-logo.png\",\"contentUrl\":\"https:\\\/\\\/carlaszabo.com\\\/wp-content\\\/uploads\\\/2017\\\/09\\\/carla-logo.png\",\"width\":370,\"height\":49,\"caption\":\"Carla Szabo\"},\"image\":{\"@id\":\"https:\\\/\\\/carlaszabo.com\\\/ro\\\/#\\\/schema\\\/logo\\\/image\\\/\"}}]}<\/script>\n<!-- \/ Yoast SEO plugin. -->","yoast_head_json":{"title":"Straight Grass Earrings (la comand\u0103) | Carla Szabo","description":"Br\u0103\u021bar\u0103 ajustabil\u0103 realizat\u0103 din fir sintetic, cu un element decorativ central realizat din lemn ce reprezint\u0103 un fir de iarb\u0103. Parte din colec\u021bia Mixi\u0219or - Etnic Etic.","robots":{"index":"index","follow":"follow","max-snippet":"max-snippet:-1","max-image-preview":"max-image-preview:large","max-video-preview":"max-video-preview:-1"},"canonical":"https:\/\/carlaszabo.com\/ro\/produs\/straight-grass-earrings\/","og_locale":"ro_RO","og_type":"article","og_title":"Straight Grass Earrings (la comand\u0103) | Carla Szabo","og_description":"Br\u0103\u021bar\u0103 ajustabil\u0103 realizat\u0103 din fir sintetic, cu un element decorativ central realizat din lemn ce reprezint\u0103 un fir de iarb\u0103. Parte din colec\u021bia Mixi\u0219or - Etnic Etic.","og_url":"https:\/\/carlaszabo.com\/ro\/produs\/straight-grass-earrings\/","og_site_name":"Carla Szabo","article_modified_time":"2023-02-01T09:09:07+00:00","og_image":[{"width":800,"height":1067,"url":"https:\/\/carlaszabo.com\/wp-content\/uploads\/2021\/04\/Straight-Grass-Earrings-1.jpg","type":"image\/jpeg"}],"twitter_card":"summary_large_image","schema":{"@context":"https:\/\/schema.org","@graph":[{"@type":"WebPage","@id":"https:\/\/carlaszabo.com\/ro\/produs\/straight-grass-earrings\/","url":"https:\/\/carlaszabo.com\/ro\/produs\/straight-grass-earrings\/","name":"Straight Grass Earrings (la comand\u0103) | Carla Szabo","isPartOf":{"@id":"https:\/\/carlaszabo.com\/ro\/#website"},"primaryImageOfPage":{"@id":"https:\/\/carlaszabo.com\/ro\/produs\/straight-grass-earrings\/#primaryimage"},"image":{"@id":"https:\/\/carlaszabo.com\/ro\/produs\/straight-grass-earrings\/#primaryimage"},"thumbnailUrl":"https:\/\/carlaszabo.com\/wp-content\/uploads\/2021\/04\/Straight-Grass-Earrings-1.jpg","datePublished":"2021-04-09T18:08:43+00:00","dateModified":"2023-02-01T09:09:07+00:00","description":"Br\u0103\u021bar\u0103 ajustabil\u0103 realizat\u0103 din fir sintetic, cu un element decorativ central realizat din lemn ce reprezint\u0103 un fir de iarb\u0103. Parte din colec\u021bia Mixi\u0219or - Etnic Etic.","breadcrumb":{"@id":"https:\/\/carlaszabo.com\/ro\/produs\/straight-grass-earrings\/#breadcrumb"},"inLanguage":"ro-RO","potentialAction":[{"@type":"ReadAction","target":["https:\/\/carlaszabo.com\/ro\/produs\/straight-grass-earrings\/"]}]},{"@type":"ImageObject","inLanguage":"ro-RO","@id":"https:\/\/carlaszabo.com\/ro\/produs\/straight-grass-earrings\/#primaryimage","url":"https:\/\/carlaszabo.com\/wp-content\/uploads\/2021\/04\/Straight-Grass-Earrings-1.jpg","contentUrl":"https:\/\/carlaszabo.com\/wp-content\/uploads\/2021\/04\/Straight-Grass-Earrings-1.jpg","width":800,"height":1067},{"@type":"BreadcrumbList","@id":"https:\/\/carlaszabo.com\/ro\/produs\/straight-grass-earrings\/#breadcrumb","itemListElement":[{"@type":"ListItem","position":1,"name":"Home","item":"https:\/\/carlaszabo.com\/ro\/"},{"@type":"ListItem","position":2,"name":"Shop","item":"https:\/\/carlaszabo.com\/ro\/shop\/"},{"@type":"ListItem","position":3,"name":"Straight Grass Earrings (la comand\u0103)"}]},{"@type":"WebSite","@id":"https:\/\/carlaszabo.com\/ro\/#website","url":"https:\/\/carlaszabo.com\/ro\/","name":"Carla Szabo","description":"","publisher":{"@id":"https:\/\/carlaszabo.com\/ro\/#organization"},"potentialAction":[{"@type":"SearchAction","target":{"@type":"EntryPoint","urlTemplate":"https:\/\/carlaszabo.com\/ro\/?s={search_term_string}"},"query-input":{"@type":"PropertyValueSpecification","valueRequired":true,"valueName":"search_term_string"}}],"inLanguage":"ro-RO"},{"@type":"Organization","@id":"https:\/\/carlaszabo.com\/ro\/#organization","name":"Carla Szabo","url":"https:\/\/carlaszabo.com\/ro\/","logo":{"@type":"ImageObject","inLanguage":"ro-RO","@id":"https:\/\/carlaszabo.com\/ro\/#\/schema\/logo\/image\/","url":"https:\/\/carlaszabo.com\/wp-content\/uploads\/2017\/09\/carla-logo.png","contentUrl":"https:\/\/carlaszabo.com\/wp-content\/uploads\/2017\/09\/carla-logo.png","width":370,"height":49,"caption":"Carla Szabo"},"image":{"@id":"https:\/\/carlaszabo.com\/ro\/#\/schema\/logo\/image\/"}}]}},"_links":{"self":[{"href":"https:\/\/carlaszabo.com\/ro\/wp-json\/wp\/v2\/product\/99572","targetHints":{"allow":["GET"]}}],"collection":[{"href":"https:\/\/carlaszabo.com\/ro\/wp-json\/wp\/v2\/product"}],"about":[{"href":"https:\/\/carlaszabo.com\/ro\/wp-json\/wp\/v2\/types\/product"}],"wp:featuredmedia":[{"embeddable":true,"href":"https:\/\/carlaszabo.com\/ro\/wp-json\/wp\/v2\/media\/99574"}],"wp:attachment":[{"href":"https:\/\/carlaszabo.com\/ro\/wp-json\/wp\/v2\/media?parent=99572"}],"wp:term":[{"taxonomy":"product_brand","embeddable":true,"href":"https:\/\/carlaszabo.com\/ro\/wp-json\/wp\/v2\/product_brand?post=99572"},{"taxonomy":"product_cat","embeddable":true,"href":"https:\/\/carlaszabo.com\/ro\/wp-json\/wp\/v2\/product_cat?post=99572"},{"taxonomy":"product_tag","embeddable":true,"href":"https:\/\/carlaszabo.com\/ro\/wp-json\/wp\/v2\/product_tag?post=99572"}],"curies":[{"name":"wp","href":"https:\/\/api.w.org\/{rel}","templated":true}]}}