{"id":99614,"date":"2021-04-11T19:07:04","date_gmt":"2021-04-11T19:07:04","guid":{"rendered":"https:\/\/carlaszabo.com\/?post_type=product&#038;p=99614"},"modified":"2021-04-11T19:25:58","modified_gmt":"2021-04-11T19:25:58","slug":"sporty-pearls-bracelet","status":"publish","type":"product","link":"https:\/\/carlaszabo.com\/ro\/produs\/sporty-pearls-bracelet\/","title":{"rendered":"Sporty Pearls Bracelet"},"content":{"rendered":"","protected":false},"excerpt":{"rendered":"<p>Aceasta br\u0103\u021bar\u0103 este realizat\u0103 din perle ceramice cu o decora\u021bie din lemn fa\u021betat, montate pe un \u0219nur negru culisant. Parte din colec\u021bia &#8222;Sur-Faces&#8221;.<\/p>\n<p>Oamenii \u00ee\u0219i arat\u0103 lumii, multiple fa\u021bete ale personalit\u0103\u021bii lor. Adev\u0103rul \u00eens\u0103 este unic, acela al inimii. Omul fiin\u021beaza de multe ori doar la suprafa\u021ba lucrurilor ca s\u0103 i\u0219i protejeze un interior mult mai fragil. Dac\u0103 uneori un z\u00e2mbet, o privire dur\u0103 sau o expresie de seriozitate pot fi citite pe fa\u021ba noastr\u0103, de cele mai multe ori acestea le manifest\u0103m pentru ca adevaratele noastre emo\u021bii sa nu fie v\u0103zute<\/p>\n","protected":false},"featured_media":99618,"template":"","meta":[],"product_brand":[],"product_cat":[314],"product_tag":[528,708,538,321,709],"class_list":{"0":"post-99614","1":"product","2":"type-product","3":"status-publish","4":"has-post-thumbnail","6":"product_cat-bratari","7":"product_tag-bracelet-ro","8":"product_tag-ceramic-pearls-ro","9":"product_tag-pearls-ro","10":"product_tag-sur-faces-ro","11":"product_tag-synthetic-thread-ro","13":"first","14":"instock","15":"sold-individually","16":"shipping-taxable","17":"purchasable","18":"product-type-simple"},"yoast_head":"<!-- This site is optimized with the Yoast SEO plugin v27.5 - https:\/\/yoast.com\/product\/yoast-seo-wordpress\/ -->\n<title>Sporty Pearls Bracelet | Carla Szabo<\/title>\n<meta name=\"description\" content=\"Aceasta br\u0103\u021bar\u0103 este realizat\u0103 din perle ceramice cu o decora\u021bie din lemn fa\u021betat, montate pe un \u0219nur negru culisant. Parte din colec\u021bia &quot;Sur-Faces&quot;.\" \/>\n<meta name=\"robots\" content=\"index, follow, max-snippet:-1, max-image-preview:large, max-video-preview:-1\" \/>\n<link rel=\"canonical\" href=\"https:\/\/carlaszabo.com\/ro\/produs\/sporty-pearls-bracelet\/\" \/>\n<meta property=\"og:locale\" content=\"ro_RO\" \/>\n<meta property=\"og:type\" content=\"article\" \/>\n<meta property=\"og:title\" content=\"Sporty Pearls Bracelet | Carla Szabo\" \/>\n<meta property=\"og:description\" content=\"Aceasta br\u0103\u021bar\u0103 este realizat\u0103 din perle ceramice cu o decora\u021bie din lemn fa\u021betat, montate pe un \u0219nur negru culisant. Parte din colec\u021bia &quot;Sur-Faces&quot;.\" \/>\n<meta property=\"og:url\" content=\"https:\/\/carlaszabo.com\/ro\/produs\/sporty-pearls-bracelet\/\" \/>\n<meta property=\"og:site_name\" content=\"Carla Szabo\" \/>\n<meta property=\"article:modified_time\" content=\"2021-04-11T19:25:58+00:00\" \/>\n<meta property=\"og:image\" content=\"https:\/\/carlaszabo.com\/wp-content\/uploads\/2021\/04\/Sporty-Bracelet-2.jpg\" \/>\n\t<meta property=\"og:image:width\" content=\"800\" \/>\n\t<meta property=\"og:image:height\" content=\"1067\" \/>\n\t<meta property=\"og:image:type\" content=\"image\/jpeg\" \/>\n<meta name=\"twitter:card\" content=\"summary_large_image\" \/>\n<script type=\"application\/ld+json\" class=\"yoast-schema-graph\">{\"@context\":\"https:\\\/\\\/schema.org\",\"@graph\":[{\"@type\":\"WebPage\",\"@id\":\"https:\\\/\\\/carlaszabo.com\\\/ro\\\/produs\\\/sporty-pearls-bracelet\\\/\",\"url\":\"https:\\\/\\\/carlaszabo.com\\\/ro\\\/produs\\\/sporty-pearls-bracelet\\\/\",\"name\":\"Sporty Pearls Bracelet | Carla Szabo\",\"isPartOf\":{\"@id\":\"https:\\\/\\\/carlaszabo.com\\\/ro\\\/#website\"},\"primaryImageOfPage\":{\"@id\":\"https:\\\/\\\/carlaszabo.com\\\/ro\\\/produs\\\/sporty-pearls-bracelet\\\/#primaryimage\"},\"image\":{\"@id\":\"https:\\\/\\\/carlaszabo.com\\\/ro\\\/produs\\\/sporty-pearls-bracelet\\\/#primaryimage\"},\"thumbnailUrl\":\"https:\\\/\\\/carlaszabo.com\\\/wp-content\\\/uploads\\\/2021\\\/04\\\/Sporty-Bracelet-2.jpg\",\"datePublished\":\"2021-04-11T19:07:04+00:00\",\"dateModified\":\"2021-04-11T19:25:58+00:00\",\"description\":\"Aceasta br\u0103\u021bar\u0103 este realizat\u0103 din perle ceramice cu o decora\u021bie din lemn fa\u021betat, montate pe un \u0219nur negru culisant. Parte din colec\u021bia \\\"Sur-Faces\\\".\",\"breadcrumb\":{\"@id\":\"https:\\\/\\\/carlaszabo.com\\\/ro\\\/produs\\\/sporty-pearls-bracelet\\\/#breadcrumb\"},\"inLanguage\":\"ro-RO\",\"potentialAction\":[{\"@type\":\"ReadAction\",\"target\":[\"https:\\\/\\\/carlaszabo.com\\\/ro\\\/produs\\\/sporty-pearls-bracelet\\\/\"]}]},{\"@type\":\"ImageObject\",\"inLanguage\":\"ro-RO\",\"@id\":\"https:\\\/\\\/carlaszabo.com\\\/ro\\\/produs\\\/sporty-pearls-bracelet\\\/#primaryimage\",\"url\":\"https:\\\/\\\/carlaszabo.com\\\/wp-content\\\/uploads\\\/2021\\\/04\\\/Sporty-Bracelet-2.jpg\",\"contentUrl\":\"https:\\\/\\\/carlaszabo.com\\\/wp-content\\\/uploads\\\/2021\\\/04\\\/Sporty-Bracelet-2.jpg\",\"width\":800,\"height\":1067},{\"@type\":\"BreadcrumbList\",\"@id\":\"https:\\\/\\\/carlaszabo.com\\\/ro\\\/produs\\\/sporty-pearls-bracelet\\\/#breadcrumb\",\"itemListElement\":[{\"@type\":\"ListItem\",\"position\":1,\"name\":\"Home\",\"item\":\"https:\\\/\\\/carlaszabo.com\\\/ro\\\/\"},{\"@type\":\"ListItem\",\"position\":2,\"name\":\"Shop\",\"item\":\"https:\\\/\\\/carlaszabo.com\\\/ro\\\/shop\\\/\"},{\"@type\":\"ListItem\",\"position\":3,\"name\":\"Sporty Pearls Bracelet\"}]},{\"@type\":\"WebSite\",\"@id\":\"https:\\\/\\\/carlaszabo.com\\\/ro\\\/#website\",\"url\":\"https:\\\/\\\/carlaszabo.com\\\/ro\\\/\",\"name\":\"Carla Szabo\",\"description\":\"\",\"publisher\":{\"@id\":\"https:\\\/\\\/carlaszabo.com\\\/ro\\\/#organization\"},\"potentialAction\":[{\"@type\":\"SearchAction\",\"target\":{\"@type\":\"EntryPoint\",\"urlTemplate\":\"https:\\\/\\\/carlaszabo.com\\\/ro\\\/?s={search_term_string}\"},\"query-input\":{\"@type\":\"PropertyValueSpecification\",\"valueRequired\":true,\"valueName\":\"search_term_string\"}}],\"inLanguage\":\"ro-RO\"},{\"@type\":\"Organization\",\"@id\":\"https:\\\/\\\/carlaszabo.com\\\/ro\\\/#organization\",\"name\":\"Carla Szabo\",\"url\":\"https:\\\/\\\/carlaszabo.com\\\/ro\\\/\",\"logo\":{\"@type\":\"ImageObject\",\"inLanguage\":\"ro-RO\",\"@id\":\"https:\\\/\\\/carlaszabo.com\\\/ro\\\/#\\\/schema\\\/logo\\\/image\\\/\",\"url\":\"https:\\\/\\\/carlaszabo.com\\\/wp-content\\\/uploads\\\/2017\\\/09\\\/carla-logo.png\",\"contentUrl\":\"https:\\\/\\\/carlaszabo.com\\\/wp-content\\\/uploads\\\/2017\\\/09\\\/carla-logo.png\",\"width\":370,\"height\":49,\"caption\":\"Carla Szabo\"},\"image\":{\"@id\":\"https:\\\/\\\/carlaszabo.com\\\/ro\\\/#\\\/schema\\\/logo\\\/image\\\/\"}}]}<\/script>\n<!-- \/ Yoast SEO plugin. -->","yoast_head_json":{"title":"Sporty Pearls Bracelet | Carla Szabo","description":"Aceasta br\u0103\u021bar\u0103 este realizat\u0103 din perle ceramice cu o decora\u021bie din lemn fa\u021betat, montate pe un \u0219nur negru culisant. Parte din colec\u021bia \"Sur-Faces\".","robots":{"index":"index","follow":"follow","max-snippet":"max-snippet:-1","max-image-preview":"max-image-preview:large","max-video-preview":"max-video-preview:-1"},"canonical":"https:\/\/carlaszabo.com\/ro\/produs\/sporty-pearls-bracelet\/","og_locale":"ro_RO","og_type":"article","og_title":"Sporty Pearls Bracelet | Carla Szabo","og_description":"Aceasta br\u0103\u021bar\u0103 este realizat\u0103 din perle ceramice cu o decora\u021bie din lemn fa\u021betat, montate pe un \u0219nur negru culisant. Parte din colec\u021bia \"Sur-Faces\".","og_url":"https:\/\/carlaszabo.com\/ro\/produs\/sporty-pearls-bracelet\/","og_site_name":"Carla Szabo","article_modified_time":"2021-04-11T19:25:58+00:00","og_image":[{"width":800,"height":1067,"url":"https:\/\/carlaszabo.com\/wp-content\/uploads\/2021\/04\/Sporty-Bracelet-2.jpg","type":"image\/jpeg"}],"twitter_card":"summary_large_image","schema":{"@context":"https:\/\/schema.org","@graph":[{"@type":"WebPage","@id":"https:\/\/carlaszabo.com\/ro\/produs\/sporty-pearls-bracelet\/","url":"https:\/\/carlaszabo.com\/ro\/produs\/sporty-pearls-bracelet\/","name":"Sporty Pearls Bracelet | Carla Szabo","isPartOf":{"@id":"https:\/\/carlaszabo.com\/ro\/#website"},"primaryImageOfPage":{"@id":"https:\/\/carlaszabo.com\/ro\/produs\/sporty-pearls-bracelet\/#primaryimage"},"image":{"@id":"https:\/\/carlaszabo.com\/ro\/produs\/sporty-pearls-bracelet\/#primaryimage"},"thumbnailUrl":"https:\/\/carlaszabo.com\/wp-content\/uploads\/2021\/04\/Sporty-Bracelet-2.jpg","datePublished":"2021-04-11T19:07:04+00:00","dateModified":"2021-04-11T19:25:58+00:00","description":"Aceasta br\u0103\u021bar\u0103 este realizat\u0103 din perle ceramice cu o decora\u021bie din lemn fa\u021betat, montate pe un \u0219nur negru culisant. Parte din colec\u021bia \"Sur-Faces\".","breadcrumb":{"@id":"https:\/\/carlaszabo.com\/ro\/produs\/sporty-pearls-bracelet\/#breadcrumb"},"inLanguage":"ro-RO","potentialAction":[{"@type":"ReadAction","target":["https:\/\/carlaszabo.com\/ro\/produs\/sporty-pearls-bracelet\/"]}]},{"@type":"ImageObject","inLanguage":"ro-RO","@id":"https:\/\/carlaszabo.com\/ro\/produs\/sporty-pearls-bracelet\/#primaryimage","url":"https:\/\/carlaszabo.com\/wp-content\/uploads\/2021\/04\/Sporty-Bracelet-2.jpg","contentUrl":"https:\/\/carlaszabo.com\/wp-content\/uploads\/2021\/04\/Sporty-Bracelet-2.jpg","width":800,"height":1067},{"@type":"BreadcrumbList","@id":"https:\/\/carlaszabo.com\/ro\/produs\/sporty-pearls-bracelet\/#breadcrumb","itemListElement":[{"@type":"ListItem","position":1,"name":"Home","item":"https:\/\/carlaszabo.com\/ro\/"},{"@type":"ListItem","position":2,"name":"Shop","item":"https:\/\/carlaszabo.com\/ro\/shop\/"},{"@type":"ListItem","position":3,"name":"Sporty Pearls Bracelet"}]},{"@type":"WebSite","@id":"https:\/\/carlaszabo.com\/ro\/#website","url":"https:\/\/carlaszabo.com\/ro\/","name":"Carla Szabo","description":"","publisher":{"@id":"https:\/\/carlaszabo.com\/ro\/#organization"},"potentialAction":[{"@type":"SearchAction","target":{"@type":"EntryPoint","urlTemplate":"https:\/\/carlaszabo.com\/ro\/?s={search_term_string}"},"query-input":{"@type":"PropertyValueSpecification","valueRequired":true,"valueName":"search_term_string"}}],"inLanguage":"ro-RO"},{"@type":"Organization","@id":"https:\/\/carlaszabo.com\/ro\/#organization","name":"Carla Szabo","url":"https:\/\/carlaszabo.com\/ro\/","logo":{"@type":"ImageObject","inLanguage":"ro-RO","@id":"https:\/\/carlaszabo.com\/ro\/#\/schema\/logo\/image\/","url":"https:\/\/carlaszabo.com\/wp-content\/uploads\/2017\/09\/carla-logo.png","contentUrl":"https:\/\/carlaszabo.com\/wp-content\/uploads\/2017\/09\/carla-logo.png","width":370,"height":49,"caption":"Carla Szabo"},"image":{"@id":"https:\/\/carlaszabo.com\/ro\/#\/schema\/logo\/image\/"}}]}},"_links":{"self":[{"href":"https:\/\/carlaszabo.com\/ro\/wp-json\/wp\/v2\/product\/99614","targetHints":{"allow":["GET"]}}],"collection":[{"href":"https:\/\/carlaszabo.com\/ro\/wp-json\/wp\/v2\/product"}],"about":[{"href":"https:\/\/carlaszabo.com\/ro\/wp-json\/wp\/v2\/types\/product"}],"wp:featuredmedia":[{"embeddable":true,"href":"https:\/\/carlaszabo.com\/ro\/wp-json\/wp\/v2\/media\/99618"}],"wp:attachment":[{"href":"https:\/\/carlaszabo.com\/ro\/wp-json\/wp\/v2\/media?parent=99614"}],"wp:term":[{"taxonomy":"product_brand","embeddable":true,"href":"https:\/\/carlaszabo.com\/ro\/wp-json\/wp\/v2\/product_brand?post=99614"},{"taxonomy":"product_cat","embeddable":true,"href":"https:\/\/carlaszabo.com\/ro\/wp-json\/wp\/v2\/product_cat?post=99614"},{"taxonomy":"product_tag","embeddable":true,"href":"https:\/\/carlaszabo.com\/ro\/wp-json\/wp\/v2\/product_tag?post=99614"}],"curies":[{"name":"wp","href":"https:\/\/api.w.org\/{rel}","templated":true}]}}